{"id":374,"date":"2025-05-28T10:02:08","date_gmt":"2025-05-28T08:02:08","guid":{"rendered":"https:\/\/www.hsu-hh.de\/polipo\/?page_id=374"},"modified":"2026-04-14T09:32:35","modified_gmt":"2026-04-14T07:32:35","slug":"steve-biedermann","status":"publish","type":"page","link":"https:\/\/www.hsu-hh.de\/polipo\/mitarbeiter\/steve-biedermann\/","title":{"rendered":"Steve Biedermann"},"content":{"rendered":"<script type=\"application\/ld+json\">[{\"@context\": \"https:\/\/www.schema.org\",\"@type\": \"Person\",\"name\": \"Steve Biedermann\",\"worksFor\": [{\t\"@type\": \"Organization\",\t\"name\": \"Helmut-Schmidt-Universit\u00e4t\",\t\"url\": \"https:\/\/www.hsu-hh.de\"\t, \"department\": {\"@type\": \"Organization\",\t\t\t\t\t\"name\": \"H1\",\t\t\t\t\t\"location\": {\t\t\t\t\t\t\"@type\": \"PostalAddress\",\t\t\t\t\t\t\"addressLocality\": \"\",        \t\t\t\t\"postalCode\": \"22043\",        \t\t\t\t\"streetAddress\": \"Holstenhofweg 85 , H1\"\t\t\t\t\t}},\t\"location\": {\t\t\"@type\": \"PostalAddress\",    \t\"addressLocality\": \"\",    \t\"postalCode\": \"22008\",    \t\"postOfficeBoxNumber\": \"700822\"\t}   }],\"image\": \"https:\/\/www.hsu-hh.de\/polipo\/wp-content\/uploads\/sites\/865\/2025\/05\/023_4069-Kopie-1-150x150.jpg\",\"telephone\": \"+49406541-\",\"faxNumber\": \"\",\"email\": \"biederms@hsu-hh.de\"}]<\/script><div class=\"clearfix\"><\/div><div class=\"ansprechparter-container \" style=\"margin-top:1em; \"><div class=\"row ansprechpartner-item ansprechparter-header\" ><div class=\"col-xs-8 col-lg-12\" style=\"margin-bottom: 30px;\"><h3 class=\"ansprechparter-headline\">Steve Biedermann<\/h3><\/div><\/div><div class=\"col-md-4 col-lg-3 col-xs-4 ansprechpartner-item floatright img-circle center-block\" style=\"margin-bottom: 30px;\"><div class=\"img-responsive-wrapper\"><img decoding=\"async\" src=\"https:\/\/www.hsu-hh.de\/polipo\/wp-content\/uploads\/sites\/865\/2025\/05\/023_4069-Kopie-1-150x150.jpg\" alt=\"\" class=\"img-circle img-responsive center-block\" \/><\/div><\/div><div class=\"col-md-12 col-lg-3 col-xs-12 ansprechpartner-item kontakt floatright\" style=\"margin-bottom: 30px; \"><div class=\"row\"><div class=\"col-xs-12 col-sm-6 col-lg-12\"><div class=\"row\"><div class=\"col-xs-4 col-lg-4 row-text bold\" >Raum:<\/div><div class=\" row-text\">1376<\/div><\/div><\/div><div class=\"col-xs-12 col-sm-6 col-lg-12\"><div class=\"row\"><div class=\"col-xs-4 col-lg-4 row-text bold\">Telefon:<\/div><div class=\" row-text\">+49406541-<\/div><\/div><\/div><div class=\"col-xs-12 col-sm-6 col-lg-12\"><div class=\"row\"><div class=\"col-xs-4 col-lg-4 row-text bold\">E-Mail:<\/div><div class=\"row-text\" style=\"overflow:hidden; word-break: break-word\"><a href=\"mailto:biederms@hsu-hh.de\" rel=\"nofollow\">biederms@hsu-hh.de<\/a><\/div><\/div><\/div><\/div><\/div><div class=\"col-md-6 col-lg-3 col-xs-12 ansprechpartner-item anschrift floatright\" ><div class=\"row-headline\">Besucheranschrift<\/div><div class=\"dataBesucheranschrift\" style=\"\"><div class=\"row-text\">Helmut-Schmidt-Universit\u00e4t<\/div><div class=\"row-text\">H1<\/div><div class=\"row-text\">Holstenhofweg 85<\/div><div class=\"row-text\">22043 Hamburg<\/div><\/div><\/div><div class=\"col-md-6 col-lg-3 col-xs-12 ansprechpartner-item anschrift floatright\"><div class=\"row-headline\">Postanschrift<\/div><div class=\"dataPostanschrift\" style=\"\"><div class=\"row-text\">Helmut-Schmidt-Universit\u00e4t<\/div><div class=\"row-text\">H1<\/div><div class=\"row-text\">Postfach 70 08 22<\/div><div class=\"row-text\">22008 Hamburg<\/div><\/div><\/div><\/div><div class=\"clearfix\"><\/div>\n\n\n<h2 class=\"wp-block-heading\">Lebenslauf<\/h2>\n\n\n\n<p>Steve Biedermann ist wissenschaftlicher Mitarbeiter und Dozent am Lehrstuhl f\u00fcr Internationale Politische \u00d6konomie. Seine Forschungsschwerpunkte sind internationale Organisationen und Global Governance. Sein besonderes Interesse gilt den informellen zwischenstaatlichen Organisationen und informellen Formen der Regierungsf\u00fchrung. Zuvor arbeitete er an dem Projekt &#8222;Embracing Change: Overcoming Obstacles and Advancing Democracy in the European Neighbourhood&#8220; (EMBRACE) am Lehrstuhl f\u00fcr Internationale Beziehungen der Universit\u00e4t W\u00fcrzburg sowie am Lehrstuhl f\u00fcr Internationale Beziehungen der Universit\u00e4t Jena.<\/p>\n\n\n\n<p>Steve erwarb seinen BA in Politikwissenschaft und seinen MA in Internationaler Organisation und Globalisierung an der Universit\u00e4t Jena, wo er auch sein Promotionsprojekt &#8222;Unpacking Informality: Understanding Variations in the Design of Informal Intergovernmental Organizations (IIGOs)&#8220; abschlie\u00dft.<\/p>\n\n\n\n<details class=\"wp-block-details is-layout-flow wp-block-details-is-layout-flow\"><summary>Vollst\u00e4ndiger Lebenslauf<\/summary>\n<p>Seit 03\/2025 Wissenschaftlicher Mitarbeiter am Lehrstuhl f\u00fcr Internationale Politische \u00d6konomie, Helmut-Schmidt-Universit\u00e4t<\/p>\n\n\n\n<p>Seit 04\/2024 Wissenschaftlicher Mitarbeiter am Lehrstuhl f\u00fcr Internationale Beziehungen und Europastudien, Julius-Maximilians-Universit\u00e4t W\u00fcrzburg<\/p>\n\n\n\n<p>09\/2021 &#8211; 02\/2022 Gastwissenschaftler, Institut Barcelona d&#8217;Estudis Internacionals<\/p>\n\n\n\n<p>04\/2020 &#8211; 03\/2024 Wissenschaftlicher Mitarbeiter am Lehrstuhl f\u00fcr Internationale Beziehungen, Friedrich-Schiller-Universit\u00e4t Jena<\/p>\n\n\n\n<p>10\/2016 &#8211; 03\/2020 Wissenschaftlicher Mitarbeiter am Lehrstuhl f\u00fcr Internationale Organisationen, Friedrich-Schiller-Universit\u00e4t Jena<\/p>\n<\/details>\n\n\n\n<h2 class=\"wp-block-heading\">Forschung<\/h2>\n\n\n\n<ul class=\"wp-block-list\">\n<li>Informelle und formelle zwischenstaatliche Organisationen<\/li>\n\n\n\n<li>IO-Krisen- und Konfliktmanagement<\/li>\n\n\n\n<li>Globales Regieren<\/li>\n\n\n\n<li>Internationale Ordnung(en)<\/li>\n<\/ul>\n\n\n\n<h2 class=\"wp-block-heading\">Publikationen<\/h2>\n\n\n\n<p><strong>Ausgew\u00e4hlte Artikel in Fachzeitschriften mit Peer-Review<\/strong><\/p>\n\n\n\n<ul class=\"wp-block-list\">\n<li>Biedermann, Steve (2026): &#8222;Varieties of informal intergovernmental organisations: how differences in design matter for informal governance.&#8220; In: Journal of International Relations and Development, 29(7): 1-27<\/li>\n\n\n\n<li>Biedermann, Steve und Grimm, Sonja (2026): &#8222;The European Union in informal intergovernmental organizations: mapping an emerging research agenda.&#8220; In: Journal of European Integration: 1-22<\/li>\n\n\n\n<li>Biedermann, Steve und Tantow, Philip M. (2025): &#8222;Informelle Intergouvernementale Organisationen in grenz\u00fcberschreitenden Krisen.&#8220; In: Zeitschrift f\u00fcr Internationale Beziehungen, 32(2): 118-136<\/li>\n<\/ul>\n\n\n\n<p><a href=\"https:\/\/www.hsu-hh.de\/polipo\/publications-steve-biedermann\/\" data-type=\"link\" data-id=\"https:\/\/www.hsu-hh.de\/polipo\/publications-steve-biedermann\/\">Alle <\/a><a href=\"https:\/\/www.hsu-hh.de\/polipo\/publikationen-steve-biedermann\/\" data-type=\"link\" data-id=\"https:\/\/www.hsu-hh.de\/polipo\/publications-steve-biedermann\/\">Publikationen<\/a><\/p>\n","protected":false},"excerpt":{"rendered":"<p>Lebenslauf Steve Biedermann ist wissenschaftlicher Mitarbeiter und Dozent am Lehrstuhl f\u00fcr Internationale Politische \u00d6konomie. Seine Forschungsschwerpunkte sind internationale Organisationen und Global Governance. Sein besonderes Interesse gilt den informellen zwischenstaatlichen Organisationen [&hellip;]<\/p>\n","protected":false},"author":4103,"featured_media":0,"parent":106,"menu_order":0,"comment_status":"closed","ping_status":"closed","template":"","meta":{"footnotes":""},"categories":[8],"tags":[],"class_list":["post-374","page","type-page","status-publish","hentry","category-team"],"_links":{"self":[{"href":"https:\/\/www.hsu-hh.de\/polipo\/wp-json\/wp\/v2\/pages\/374","targetHints":{"allow":["GET"]}}],"collection":[{"href":"https:\/\/www.hsu-hh.de\/polipo\/wp-json\/wp\/v2\/pages"}],"about":[{"href":"https:\/\/www.hsu-hh.de\/polipo\/wp-json\/wp\/v2\/types\/page"}],"author":[{"embeddable":true,"href":"https:\/\/www.hsu-hh.de\/polipo\/wp-json\/wp\/v2\/users\/4103"}],"replies":[{"embeddable":true,"href":"https:\/\/www.hsu-hh.de\/polipo\/wp-json\/wp\/v2\/comments?post=374"}],"version-history":[{"count":7,"href":"https:\/\/www.hsu-hh.de\/polipo\/wp-json\/wp\/v2\/pages\/374\/revisions"}],"predecessor-version":[{"id":523,"href":"https:\/\/www.hsu-hh.de\/polipo\/wp-json\/wp\/v2\/pages\/374\/revisions\/523"}],"up":[{"embeddable":true,"href":"https:\/\/www.hsu-hh.de\/polipo\/wp-json\/wp\/v2\/pages\/106"}],"wp:attachment":[{"href":"https:\/\/www.hsu-hh.de\/polipo\/wp-json\/wp\/v2\/media?parent=374"}],"wp:term":[{"taxonomy":"category","embeddable":true,"href":"https:\/\/www.hsu-hh.de\/polipo\/wp-json\/wp\/v2\/categories?post=374"},{"taxonomy":"post_tag","embeddable":true,"href":"https:\/\/www.hsu-hh.de\/polipo\/wp-json\/wp\/v2\/tags?post=374"}],"curies":[{"name":"wp","href":"https:\/\/api.w.org\/{rel}","templated":true}]}}