{"id":367,"date":"2025-05-28T09:39:48","date_gmt":"2025-05-28T07:39:48","guid":{"rendered":"https:\/\/www.hsu-hh.de\/polipo\/?page_id=367"},"modified":"2025-12-16T21:28:31","modified_gmt":"2025-12-16T20:28:31","slug":"steven-langendonk","status":"publish","type":"page","link":"https:\/\/www.hsu-hh.de\/polipo\/mitarbeiter\/steven-langendonk\/","title":{"rendered":"Steven Langendonk"},"content":{"rendered":"<script type=\"application\/ld+json\">[{\"@context\": \"https:\/\/www.schema.org\",\"@type\": \"Person\",\"name\": \"Steven Langendonk\",\"worksFor\": [{\t\"@type\": \"Organization\",\t\"name\": \"Helmut-Schmidt-Universit\u00e4t\",\t\"url\": \"https:\/\/www.hsu-hh.de\"\t, \"department\": {\"@type\": \"Organization\",\t\t\t\t\t\"name\": \"H1\",\t\t\t\t\t\"location\": {\t\t\t\t\t\t\"@type\": \"PostalAddress\",\t\t\t\t\t\t\"addressLocality\": \"\",        \t\t\t\t\"postalCode\": \"22043\",        \t\t\t\t\"streetAddress\": \"Holstenhofweg 85 , H1\"\t\t\t\t\t}},\t\"location\": {\t\t\"@type\": \"PostalAddress\",    \t\"addressLocality\": \"\",    \t\"postalCode\": \"22008\",    \t\"postOfficeBoxNumber\": \"700822\"\t}   }],\"image\": \"https:\/\/www.hsu-hh.de\/polipo\/wp-content\/uploads\/sites\/865\/2025\/05\/023_4053-Kopie-1-150x150.jpg\",\"telephone\": \"+49406541-\",\"faxNumber\": \"\",\"email\": \"langends@hsu-hh.de\"}]<\/script><div class=\"clearfix\"><\/div><div class=\"ansprechparter-container \" style=\"margin-top:1em; \"><div class=\"row ansprechpartner-item ansprechparter-header\" ><div class=\"col-xs-8 col-lg-12\" style=\"margin-bottom: 30px;\"><h3 class=\"ansprechparter-headline\">Steven Langendonk<\/h3><\/div><\/div><div class=\"col-md-4 col-lg-3 col-xs-4 ansprechpartner-item floatright img-circle center-block\" style=\"margin-bottom: 30px;\"><div class=\"img-responsive-wrapper\"><img decoding=\"async\" src=\"https:\/\/www.hsu-hh.de\/polipo\/wp-content\/uploads\/sites\/865\/2025\/05\/023_4053-Kopie-1-150x150.jpg\" alt=\"\" class=\"img-circle img-responsive center-block\" \/><\/div><\/div><div class=\"col-md-12 col-lg-3 col-xs-12 ansprechpartner-item kontakt floatright\" style=\"margin-bottom: 30px; \"><div class=\"row\"><div class=\"col-xs-12 col-sm-6 col-lg-12\"><div class=\"row\"><div class=\"col-xs-4 col-lg-4 row-text bold\" >Raum:<\/div><div class=\" row-text\">1376<\/div><\/div><\/div><div class=\"col-xs-12 col-sm-6 col-lg-12\"><div class=\"row\"><div class=\"col-xs-4 col-lg-4 row-text bold\">Telefon:<\/div><div class=\" row-text\">+49406541-<\/div><\/div><\/div><div class=\"col-xs-12 col-sm-6 col-lg-12\"><div class=\"row\"><div class=\"col-xs-4 col-lg-4 row-text bold\">E-Mail:<\/div><div class=\"row-text\" style=\"overflow:hidden; word-break: break-word\"><a href=\"mailto:langends@hsu-hh.de\" rel=\"nofollow\">langends@hsu-hh.de<\/a><\/div><\/div><\/div><\/div><\/div><div class=\"col-md-6 col-lg-3 col-xs-12 ansprechpartner-item anschrift floatright\" ><div class=\"row-headline\">Besucheranschrift<\/div><div class=\"dataBesucheranschrift\" style=\"\"><div class=\"row-text\">Helmut-Schmidt-Universit\u00e4t<\/div><div class=\"row-text\">H1<\/div><div class=\"row-text\">Holstenhofweg 85<\/div><div class=\"row-text\">22043 Hamburg<\/div><\/div><\/div><div class=\"col-md-6 col-lg-3 col-xs-12 ansprechpartner-item anschrift floatright\"><div class=\"row-headline\">Postanschrift<\/div><div class=\"dataPostanschrift\" style=\"\"><div class=\"row-text\">Helmut-Schmidt-Universit\u00e4t<\/div><div class=\"row-text\">H1<\/div><div class=\"row-text\">Postfach 70 08 22<\/div><div class=\"row-text\">22008 Hamburg<\/div><\/div><\/div><\/div><div class=\"clearfix\"><\/div>\n\n\n<h2 class=\"wp-block-heading\">Lebenslauf<\/h2>\n\n\n\n<p>Steven Langendonk ist Postdoktorand am Lehrstuhl f\u00fcr Internationale Politische \u00d6konomie. Er entwickelt eine Datenbank \u00fcber die chinesische Diplomatie (seit der Gr\u00fcndung der Volksrepublik China im Jahr 1949). Er hat die Au\u00dfenministerien verschiedener EU-Mitgliedstaaten und den EAD zur Rolle Chinas in den Vereinten Nationen beraten und seine Forschungsergebnisse auf dem ISA 2024 Panel on China bei den Vereinten Nationen in San Francisco vorgestellt.<\/p>\n\n\n\n<p>Steven Langendonk studierte Geschichte (2014-2017), bevor er seinen Master in vergleichender und internationaler Politik absolvierte (2017-2018), beides an der Katholischen Universit\u00e4t Leuven. Es folgte das Doktorandenprogramm in den Sozialwissenschaften (2019-2024), ebenfalls an der KU Leuven, zum Thema \u201eDecoding Chinese diplomatic behaviour in international organisations: domestic logics of action meet multilateral order\u201c.<\/p>\n\n\n\n<details class=\"wp-block-details is-layout-flow wp-block-details-is-layout-flow\"><summary>Vollst\u00e4ndiger Lebenslauf<\/summary>\n<p>2025 &#8211; heute: Postdoktorand am Lehrstuhl f\u00fcr Internationale Politische \u00d6konomie der Helmut-Schmidt-Universit\u00e4t der Bundeswehr in Hamburg<\/p>\n\n\n\n<ul class=\"wp-block-list\">\n<li>Forschungsthemen: Praxis und Geschichte der chinesischen Diplomatie; Narrative in den internationalen Beziehungen<\/li>\n\n\n\n<li>Assoziierter Forscher am Institut f\u00fcr Internationale und Europ\u00e4ische Studien (LINES) der KU Leuven<\/li>\n<\/ul>\n\n\n\n<p>2019-2025: Doktorandenprogramm in den Sozialwissenschaften 2019-2024<br>Doktorandenschule f\u00fcr die Geistes- und Sozialwissenschaften, KU Leuven, Belgien<\/p>\n\n\n\n<ul class=\"wp-block-list\">\n<li>Forschungsthema: \u201eDecoding Chinese diplomatic behaviour in international organisations: domestic logics of action meet multilateral order\u201c.<\/li>\n\n\n\n<li>Umfang der Forschung: Eine Mischung aus Interviews, pers\u00f6nlicher Beobachtung der chinesischen multilateralen Diplomatie und historischen Fallbeispielen wird mit einer vergleichenden Analyse der inl\u00e4ndischen Rhetorik, Gesetze, Politik und Debatten kombiniert, um herauszufinden, wie die chinesische multilaterale Diplomatie verstanden, organisiert und praktiziert wird.<\/li>\n\n\n\n<li>Ergebnisse: Praktisch anwendbare Erkenntnisse dar\u00fcber, wie sich chinesische Diplomaten in multilateralen Kontexten verhalten, ein theoretisch relevantes Argument \u00fcber die chinesische Diplomatie in den internationalen Beziehungen und eine Reihe von methodologischen Innovationen in der interpretativen Analyse der internationalen Beziehungen.<\/li>\n\n\n\n<li>Finanzierung: Forschungsstiftung &#8211; Flandern (FWO) Grundlagenforschungsstipendium 2020- 2024 (11J7721N)<\/li>\n<\/ul>\n<\/details>\n\n\n\n<h2 class=\"wp-block-heading\">Forschung<\/h2>\n\n\n\n<ul class=\"wp-block-list\">\n<li>Forschungsschwerpunkte\n<ul class=\"wp-block-list\">\n<li>Praktiken und Geschichte der chinesischen Diplomatie<\/li>\n\n\n\n<li>Narrative in den internationalen Beziehungen<\/li>\n<\/ul>\n<\/li>\n<\/ul>\n\n\n\n<h2 class=\"wp-block-heading\">Publikationen<\/h2>\n\n\n\n<p><strong>Ausgew\u00e4hlte Publikationen<\/strong><\/p>\n\n\n\n<ul class=\"wp-block-list\">\n<li>Langendonk, S. und Drieskens, E. (2025). <a href=\"https:\/\/doi.org\/10.1093\/jogss\/ogaf008\" data-type=\"link\" data-id=\"https:\/\/doi.org\/10.1093\/jogss\/ogaf008\" rel='nofollow'>Securitization between narrative and practice: a praxis perspective<br>on the multilateral securitization of Orthodox heritage in Kosovo between 1999 and 2011<\/a>. Journal of<br>Global Security Studies<\/li>\n\n\n\n<li>Langendonk, S. und Drieskens, E. (2024). <a href=\"http:\/\/dx.doi.org\/10.1111\/1758-5899.13318\" rel='nofollow'>Chinese power in the World Heritage Committee: from learning<br>the game to shaping the rules<\/a>. Global Policy, 15(2).<\/li>\n\n\n\n<li>Langendonk, S. (2022). <a href=\"https:\/\/www.epc.eu\/en\/Publications\/EUChina-relations-at-a-crossroads-Vol- I-Looking-for-a-new-modus-vi~49af48\" data-type=\"page\" data-id=\"273\" rel='nofollow'>Multilateralism in China\u2019s foreign relations: A normative-rhetorical tool for suasion<br>and system reform. EU-China relations at a crossroads, Vol. I: Looking for a new modus vivendi<\/a>. European<br>Policy Centre.<\/li>\n<\/ul>\n\n\n\n<p><a href=\"https:\/\/www.hsu-hh.de\/polipo\/publikationen-steven-langendonk\" data-type=\"link\" data-id=\"https:\/\/www.hsu-hh.de\/polipo\/en\/publications-steven-langendonk\/\">Alle Publikationen<\/a><\/p>\n\n\n\n<p><\/p>\n","protected":false},"excerpt":{"rendered":"<p>Lebenslauf Steven Langendonk ist Postdoktorand am Lehrstuhl f\u00fcr Internationale Politische \u00d6konomie. Er entwickelt eine Datenbank \u00fcber die chinesische Diplomatie (seit der Gr\u00fcndung der Volksrepublik China im Jahr 1949). Er hat [&hellip;]<\/p>\n","protected":false},"author":4103,"featured_media":0,"parent":106,"menu_order":0,"comment_status":"closed","ping_status":"closed","template":"","meta":{"footnotes":""},"categories":[8],"tags":[],"class_list":["post-367","page","type-page","status-publish","hentry","category-team"],"_links":{"self":[{"href":"https:\/\/www.hsu-hh.de\/polipo\/wp-json\/wp\/v2\/pages\/367","targetHints":{"allow":["GET"]}}],"collection":[{"href":"https:\/\/www.hsu-hh.de\/polipo\/wp-json\/wp\/v2\/pages"}],"about":[{"href":"https:\/\/www.hsu-hh.de\/polipo\/wp-json\/wp\/v2\/types\/page"}],"author":[{"embeddable":true,"href":"https:\/\/www.hsu-hh.de\/polipo\/wp-json\/wp\/v2\/users\/4103"}],"replies":[{"embeddable":true,"href":"https:\/\/www.hsu-hh.de\/polipo\/wp-json\/wp\/v2\/comments?post=367"}],"version-history":[{"count":6,"href":"https:\/\/www.hsu-hh.de\/polipo\/wp-json\/wp\/v2\/pages\/367\/revisions"}],"predecessor-version":[{"id":424,"href":"https:\/\/www.hsu-hh.de\/polipo\/wp-json\/wp\/v2\/pages\/367\/revisions\/424"}],"up":[{"embeddable":true,"href":"https:\/\/www.hsu-hh.de\/polipo\/wp-json\/wp\/v2\/pages\/106"}],"wp:attachment":[{"href":"https:\/\/www.hsu-hh.de\/polipo\/wp-json\/wp\/v2\/media?parent=367"}],"wp:term":[{"taxonomy":"category","embeddable":true,"href":"https:\/\/www.hsu-hh.de\/polipo\/wp-json\/wp\/v2\/categories?post=367"},{"taxonomy":"post_tag","embeddable":true,"href":"https:\/\/www.hsu-hh.de\/polipo\/wp-json\/wp\/v2\/tags?post=367"}],"curies":[{"name":"wp","href":"https:\/\/api.w.org\/{rel}","templated":true}]}}