{"id":357,"date":"2025-05-28T09:04:33","date_gmt":"2025-05-28T07:04:33","guid":{"rendered":"https:\/\/www.hsu-hh.de\/polipo\/?page_id=357"},"modified":"2026-01-27T14:36:48","modified_gmt":"2026-01-27T13:36:48","slug":"prof-dr-matthew-d-stephen","status":"publish","type":"page","link":"https:\/\/www.hsu-hh.de\/polipo\/mitarbeiter\/prof-dr-matthew-d-stephen\/","title":{"rendered":"Prof. Dr. Matthew D. Stephen"},"content":{"rendered":"<script type=\"application\/ld+json\">[{\"@context\": \"https:\/\/www.schema.org\",\"@type\": \"Person\",\"name\": \"Matthew D. Stephen\",\"worksFor\": [{\t\"@type\": \"Organization\",\t\"name\": \"Helmut-Schmidt-Universit\u00e4t\",\t\"url\": \"https:\/\/www.hsu-hh.de\"\t, \"department\": {\"@type\": \"Organization\",\t\t\t\t\t\"name\": \"H1\",\t\t\t\t\t\"location\": {\t\t\t\t\t\t\"@type\": \"PostalAddress\",\t\t\t\t\t\t\"addressLocality\": \"\",        \t\t\t\t\"postalCode\": \"22043\",        \t\t\t\t\"streetAddress\": \"Holstenhofweg 85 , H1\"\t\t\t\t\t}},\t\"location\": {\t\t\"@type\": \"PostalAddress\",    \t\"addressLocality\": \"\",    \t\"postalCode\": \"22008\",    \t\"postOfficeBoxNumber\": \"700822\"\t}   }],\"image\": \"https:\/\/www.hsu-hh.de\/polipo\/wp-content\/uploads\/sites\/865\/2025\/05\/MAtthew-picture-1-150x150.jpg\",\"telephone\": \"+49406541-3399\",\"faxNumber\": \"\",\"email\": \"stephenm@hsu-hh.de\"}]<\/script><div class=\"clearfix\"><\/div><div class=\"ansprechparter-container \" style=\"margin-top:1em; \"><div class=\"row ansprechpartner-item ansprechparter-header\" ><div class=\"col-xs-8 col-lg-12\" style=\"margin-bottom: 30px;\"><h3 class=\"ansprechparter-headline\">Matthew D. Stephen<\/h3><\/div><\/div><div class=\"col-md-4 col-lg-3 col-xs-4 ansprechpartner-item floatright img-circle center-block\" style=\"margin-bottom: 30px;\"><div class=\"img-responsive-wrapper\"><img decoding=\"async\" src=\"https:\/\/www.hsu-hh.de\/polipo\/wp-content\/uploads\/sites\/865\/2025\/05\/MAtthew-picture-1-150x150.jpg\" alt=\"\" class=\"img-circle img-responsive center-block\" \/><\/div><\/div><div class=\"col-md-12 col-lg-3 col-xs-12 ansprechpartner-item kontakt floatright\" style=\"margin-bottom: 30px; \"><div class=\"row\"><div class=\"col-xs-12 col-sm-6 col-lg-12\"><div class=\"row\"><div class=\"col-xs-4 col-lg-4 row-text bold\" >Raum:<\/div><div class=\" row-text\">1377<\/div><\/div><\/div><div class=\"col-xs-12 col-sm-6 col-lg-12\"><div class=\"row\"><div class=\"col-xs-4 col-lg-4 row-text bold\">Telefon:<\/div><div class=\" row-text\">+49406541-3399<\/div><\/div><\/div><div class=\"col-xs-12 col-sm-6 col-lg-12\"><div class=\"row\"><div class=\"col-xs-4 col-lg-4 row-text bold\">E-Mail:<\/div><div class=\"row-text\" style=\"overflow:hidden; word-break: break-word\"><a href=\"mailto:stephenm@hsu-hh.de\" rel=\"nofollow\">stephenm@hsu-hh.de<\/a><\/div><\/div><\/div><\/div><\/div><div class=\"col-md-6 col-lg-3 col-xs-12 ansprechpartner-item anschrift floatright\" ><div class=\"row-headline\">Besucheranschrift<\/div><div class=\"dataBesucheranschrift\" style=\"\"><div class=\"row-text\">Helmut-Schmidt-Universit\u00e4t<\/div><div class=\"row-text\">H1<\/div><div class=\"row-text\">Holstenhofweg 85<\/div><div class=\"row-text\">22043 Hamburg<\/div><\/div><\/div><div class=\"col-md-6 col-lg-3 col-xs-12 ansprechpartner-item anschrift floatright\"><div class=\"row-headline\">Postanschrift<\/div><div class=\"dataPostanschrift\" style=\"\"><div class=\"row-text\">Helmut-Schmidt-Universit\u00e4t<\/div><div class=\"row-text\">H1<\/div><div class=\"row-text\">Postfach 70 08 22<\/div><div class=\"row-text\">22008 Hamburg<\/div><\/div><\/div><\/div><div class=\"clearfix\"><\/div>\n\n\n<h2 class=\"wp-block-heading\">Lebenslauf<\/h2>\n\n\n\n<p>Matthew Stephen ist seit 2024 Inhaber des Lehrstuhls f\u00fcr Politikwissenschaft, insbesondere Internationale Politische \u00d6konomie, an der <abbr title=\"Helmut Schmidt Universit\u00e4t\">HSU<\/abbr>. Vor seiner Ernennung zum Professor arbeitete Matthew Stephen als Senior Researcher in der Forschungseinheit <a href=\"https:\/\/www.wzb.eu\/en\/research\/international-politics-and-law\/global-governance\" data-type=\"link\" data-id=\"https:\/\/www.wzb.eu\/en\/research\/international-politics-and-law\/global-governance\" rel='nofollow'>Global Governance<\/a> am <a href=\"https:\/\/www.wzb.eu\/en\/\" data-type=\"link\" data-id=\"https:\/\/www.wzb.eu\/en\/\" rel='nofollow'>WZB Berlin Social Science Center<\/a> (2013-2024). Au\u00dferdem war er wissenschaftlicher Mitarbeiter am DFG-gef\u00f6rderten Forschungszentrum (KFG) <a href=\"https:\/\/www.kfg-intlaw.de\/\" data-type=\"link\" data-id=\"https:\/\/www.kfg-intlaw.de\/\" rel='nofollow'>\u201eInternational Rule of Law\u201c<\/a> (2016), Interims-Professor an der <abbr title=\"Helmut Schmidt Universit\u00e4t\">HSU<\/abbr> (2018-2019, 2021-2022) und Senior Research Fellow am <a href=\"https:\/\/www.giga-hamburg.de\/en\" data-type=\"link\" data-id=\"https:\/\/www.giga-hamburg.de\/en\" rel='nofollow'>German Institute for Global and Area Studies<\/a> (2018-2019).<\/p>\n\n\n\n<p>Matthew Stephen absolvierte seinen Bachelor (2003-2006) und Master (2007-2008) in Politikwissenschaften an der University of Otago in Neuseeland. Seine Promotion schloss er 2013 an der Freien Universit\u00e4t Berlin mit summa cum laude ab.<\/p>\n\n\n\n<details class=\"wp-block-details is-layout-flow wp-block-details-is-layout-flow\"><summary>Vollst\u00e4ndiger Lebenslauf<\/summary>\n<p><strong>seit 05\/2024<\/strong><br>Professor f\u00fcr Internationale Politische \u00d6konomie, Helmut-Schmidt-Universit\u00e4t\/Universit\u00e4t der Bundeswehr Hamburg<\/p>\n\n\n\n<p><strong>seit 04\/2022<\/strong><br>Principal Investigator des DFG-Heisenberg-Projekts &#8222;China&#8217;s Bid for Hegemony? China-led Multilateral Institutions and Social Purpose in Global Governance&#8220;<\/p>\n\n\n\n<p><strong>01\/2013-04\/2024<\/strong><br>Wissenschaftlicher Mitarbeiter in der Forschungseinheit Global Governance<\/p>\n\n\n\n<p><strong>01\/2021-12\/2021<\/strong><br>Interimsprofessor f\u00fcr Internationale Politische \u00d6konomie, Helmut-Schmidt-Universit\u00e4t\/Universit\u00e4t der Bundeswehr Hamburg<\/p>\n\n\n\n<p><strong>10\/2018-09\/2019<\/strong><br>Interimsprofessor f\u00fcr Internationale Beziehungen und Regional Governance, Helmut-Schmidt-Universit\u00e4t\/Universit\u00e4t der Bundeswehr Hamburg, und Senior Research Fellow, GIGA German Institute of Global and Area Studies Hamburg.<\/p>\n\n\n\n<p><strong>01-12\/2016<\/strong><br>Wissenschaftlicher Mitarbeiter in der DFG-Forschergruppe &#8222;International Rule of Law: Rise or Decline?&#8220;<\/p>\n\n\n\n<p><strong>10-11\/2014<\/strong><br>Gastwissenschaftler am GIGA German Institute of Global and Area Studies<\/p>\n\n\n\n<p><strong>09-11\/2013<\/strong><br>WZB-Gastwissenschaftler an der Universit\u00e4t von Sydney<\/p>\n\n\n\n<p><strong>07\/2013<\/strong><br>Promotion, Fachbereich Politikwissenschaft, Freie Universit\u00e4t Berlin; Dissertation: &#8222;Pivotal Rising Powers: India, Brazil, South Africa and Contestation in Global Governance&#8220; (summa cum laude)<\/p>\n<\/details>\n\n\n\n<h2 class=\"wp-block-heading\">Forschung<\/h2>\n\n\n\n<ul class=\"wp-block-list\">\n<li>Internationale Beziehungen<\/li>\n\n\n\n<li>Internationale Institutionen<\/li>\n\n\n\n<li>Aufstrebende M\u00e4chte<\/li>\n\n\n\n<li>Globale politische Wirtschaft<\/li>\n<\/ul>\n\n\n\n<p><a href=\"https:\/\/scholar.google.com\/citations?user=k0d0H2QAAAAJ&amp;hl=en\" data-type=\"link\" data-id=\"https:\/\/scholar.google.com\/citations?user=k0d0H2QAAAAJ&amp;hl=en\" rel='nofollow'>Google Scholar<\/a><\/p>\n\n\n\n<h2 class=\"wp-block-heading\">Publikationen<\/h2>\n\n\n\n<p><strong>Ausgew\u00e4hlte Publikationen:<\/strong><\/p>\n\n\n\n<ul class=\"wp-block-list\">\n<li>Stephanie Hofmann, Yuqian Cai, Matias Margulis, Laura Gomez-Mera, Tamar Gutner, Diana Panke, Berthold Rittberger, S\u00f6ren Stapel, <strong>Matthew D. Stephen<\/strong>, Moritz Weiss (2025) <a href=\"https:\/\/doi.org\/10.1093\/isr\/viaf002\" rel='nofollow'>Introducing Organizational (Dis)Entanglements: How Scholarship on Regime Complexity and Power Dynamics Helps Make Sense of International Order-Making<\/a>. <em>International Studies Review<\/em>, 27(1): viaf002.<\/li>\n\n\n\n<li><strong>Matthew D. Stephen<\/strong> (2024) <a href=\"https:\/\/doi.org\/10.1080\/09636412.2023.2259801\" rel='nofollow'>China and the Limits of Hypothetical Hegemony<\/a>. <em>Security Studies, <\/em>33(1): 152-159.<\/li>\n\n\n\n<li><strong>Matthew D. Stephen<\/strong> (2021) <a href=\"https:\/\/doi.org\/10.1093\/isr\/viaa076\" rel='nofollow'>China\u2019s New Multilateral Institutions: A Framework and Research Agenda<\/a>. <em>International Studies Review, <\/em>23(3): 807\u2013834.<\/li>\n\n\n\n<li>Michal Parizek and <strong>Matthew D. Stephen<\/strong> (2021) <a href=\"https:\/\/doi.org\/10.1093\/isq\/sqaa088\" rel='nofollow'>The Increasing Representativeness of International Organizations\u2019 Secretariats: Evidence from the United Nations System, 1997-2015<\/a>. <em>International Studies Quarterly<\/em>, 65(1): 197-209.<\/li>\n\n\n\n<li><strong>Matthew D. Stephen<\/strong> and David Skidmore (2019) <a href=\"https:\/\/doi.org\/10.1093\/cjip\/poy021\" rel='nofollow'>The AIIB in the Liberal International Order<\/a>. <em>Chinese Journal of International Politics<\/em>, 12(1): 61-91.<\/li>\n\n\n\n<li><strong>Matthew D. Stephen<\/strong> and Michal Par\u00edzek (2019) <a href=\"https:\/\/doi.org\/10.1080\/13563467.2018.1509065\" rel='nofollow'>New Powers and the Distribution of Preferences in Global Trade Governance: From Deadlock and Drift to Fragmentation<\/a>. <em>New Political Economy<\/em>, 24(6): 735-758.<\/li>\n\n\n\n<li><strong>Matthew D. Stephen<\/strong> (2017) <a href=\"https:\/\/www.jstor.org\/stable\/44861138\" rel='nofollow'>Emerging Powers and Emerging Trends in Global Governance<\/a>. <em>Global Governance<\/em>, 23(3): 483-502.<\/li>\n\n\n\n<li><strong>Matthew D. Stephen<\/strong> (2014) <a href=\"https:\/\/doi.org\/10.1177\/1354066114523655\" rel='nofollow'>Rising Powers, Global Capitalism, and Liberal Global Governance: A Historical Materialist Account of the BRICS Challenge<\/a>. <em>European Journal of International Relations<\/em>, 20(4): 912\u2013938.<\/li>\n<\/ul>\n\n\n\n<p><a href=\"https:\/\/www.hsu-hh.de\/polipo\/publikationen-prof-dr-matthew-d-stephen\/\" data-type=\"link\" data-id=\"https:\/\/www.hsu-hh.de\/polipo\/en\/publications-prof-dr-matthew-d-stephen\/\">Alle Publikationen<\/a><\/p>\n","protected":false},"excerpt":{"rendered":"<p>Lebenslauf Matthew Stephen ist seit 2024 Inhaber des Lehrstuhls f\u00fcr Politikwissenschaft, insbesondere Internationale Politische \u00d6konomie, an der HSU. Vor seiner Ernennung zum Professor arbeitete Matthew Stephen als Senior Researcher in [&hellip;]<\/p>\n","protected":false},"author":4103,"featured_media":0,"parent":106,"menu_order":0,"comment_status":"closed","ping_status":"closed","template":"","meta":{"footnotes":""},"categories":[8],"tags":[],"class_list":["post-357","page","type-page","status-publish","hentry","category-team"],"_links":{"self":[{"href":"https:\/\/www.hsu-hh.de\/polipo\/wp-json\/wp\/v2\/pages\/357","targetHints":{"allow":["GET"]}}],"collection":[{"href":"https:\/\/www.hsu-hh.de\/polipo\/wp-json\/wp\/v2\/pages"}],"about":[{"href":"https:\/\/www.hsu-hh.de\/polipo\/wp-json\/wp\/v2\/types\/page"}],"author":[{"embeddable":true,"href":"https:\/\/www.hsu-hh.de\/polipo\/wp-json\/wp\/v2\/users\/4103"}],"replies":[{"embeddable":true,"href":"https:\/\/www.hsu-hh.de\/polipo\/wp-json\/wp\/v2\/comments?post=357"}],"version-history":[{"count":4,"href":"https:\/\/www.hsu-hh.de\/polipo\/wp-json\/wp\/v2\/pages\/357\/revisions"}],"predecessor-version":[{"id":510,"href":"https:\/\/www.hsu-hh.de\/polipo\/wp-json\/wp\/v2\/pages\/357\/revisions\/510"}],"up":[{"embeddable":true,"href":"https:\/\/www.hsu-hh.de\/polipo\/wp-json\/wp\/v2\/pages\/106"}],"wp:attachment":[{"href":"https:\/\/www.hsu-hh.de\/polipo\/wp-json\/wp\/v2\/media?parent=357"}],"wp:term":[{"taxonomy":"category","embeddable":true,"href":"https:\/\/www.hsu-hh.de\/polipo\/wp-json\/wp\/v2\/categories?post=357"},{"taxonomy":"post_tag","embeddable":true,"href":"https:\/\/www.hsu-hh.de\/polipo\/wp-json\/wp\/v2\/tags?post=357"}],"curies":[{"name":"wp","href":"https:\/\/api.w.org\/{rel}","templated":true}]}}