{"id":112,"date":"2018-01-17T14:06:36","date_gmt":"2018-01-17T13:06:36","guid":{"rendered":"https:\/\/www.hsu-hh.de\/vorlage\/?page_id=112"},"modified":"2025-05-31T23:51:55","modified_gmt":"2025-05-31T21:51:55","slug":"forschung","status":"publish","type":"page","link":"https:\/\/www.hsu-hh.de\/polipo\/forschung\/","title":{"rendered":"Forschung"},"content":{"rendered":"\n<hr class=\"wp-block-separator has-alpha-channel-opacity\" \/>\n\n\n\n<h2 class=\"wp-block-heading\">Chinas Streben nach Hegemonie? Chinas neue multilaterale Institutionen und sozialer Zweck in der Global Governance<\/h2>\n\n\n\n<p><strong>Laufzeit<\/strong>: 01.04.2022 &#8211; 31.03.2027<\/p>\n\n\n\n<p>In den letzten drei Jahrzehnten hat sich China zu einem wichtigen Initiator multilateraler Institutionen entwickelt und seit 1990 mindestens 21 verschiedene Initiativen gegr\u00fcndet oder mitbegr\u00fcndet. Diese reichen von Entwicklungsbanken und Sicherheitsorganisationen bis hin zu Menschenrechtsforen und politischen Dialogen. Dieses Projekt untersucht systematisch Chinas institutionelles Unternehmertum und seine Auswirkungen auf die globale Ordnung. Es geht der Frage nach, wie sich die von China geleiteten Initiativen von den bestehenden Institutionen unterscheiden, ob sie Normen und Autorit\u00e4t in der Weltordnungspolitik verschieben und wie sie sich zu den Herausforderungen der internationalen Hegemonie verhalten. Das Projekt kombiniert interpretivistische und quantitative Textanalyse, um den \u201esozialen Zweck\u201c dieser Institutionen zu kartieren, und leistet damit einen Beitrag zu breiteren Debatten \u00fcber Chinas Aufstieg, die Verbreitung von Institutionen und die Anfechtung von Hegemonien.<\/p>\n\n\n\n<p><strong>Forscher<\/strong>: <abbr title=\"Doktor\">Dr.<\/abbr> Matthew D. Stephen mit <abbr title=\"Doktor\">Dr.<\/abbr> Yuqian Cai (Tsinghua Universit\u00e4t), \u00a0<a href=\"https:\/\/www.gla.ac.uk\/schools\/socialpolitical\/staff\/benjaminfaude\/\" target=\"_blank\" rel=\"noreferrer noopener\"><abbr title=\"Doktor\">Dr.<\/abbr> Benjamin Faude<\/a>\u00a0(Universit\u00e4t von Glasgow)\u00a0<a href=\"https:\/\/hri.ad.hit-u.ac.jp\/html\/100001780_profile_en.html\" target=\"_blank\" rel=\"noreferrer noopener\"><abbr title=\"Doktor\">Dr.<\/abbr> Danielle Flonk<\/a>\u00a0(Hitotsubashi Universit\u00e4t) und\u00a0<a href=\"https:\/\/www.ipz.uzh.ch\/de\/personen\/mitarbeitende\/jscherz.html\" target=\"_blank\" rel=\"noreferrer noopener\"><abbr title=\"Doktor\">Dr.<\/abbr> Johannes Scherzinger<\/a>\u00a0(University von Z\u00fcrich)<\/p>\n\n\n\n<p><strong>Finanzierung<\/strong>: Heisenberg-Programm der Deutschen Forschungsgemeinschaft (DFG)<\/p>\n\n\n\n<p><strong>Projekt-Website:<\/strong> <a href=\"https:\/\/www.china-hegemony.com\/\" rel='nofollow'>https:\/\/www.china-hegemony.com\/<\/a><\/p>\n\n\n\n<hr class=\"wp-block-separator has-alpha-channel-opacity\" \/>\n\n\n\n<h2 class=\"wp-block-heading\">Die Auswirkungen der chinesischen Praxis auf die Theorie und das Narrativ der internationalen Beziehungen.<\/h2>\n\n\n\n<p><strong>Laufzeit:<\/strong> 2025-2028<\/p>\n\n\n\n<p>Die Theorien der Internationalen Beziehungen wird zunehmend wegen ihrer mangelnden Relevanz f\u00fcr die internationale Praxis kritisiert, nicht zuletzt wegen der fehlenden Darstellung nicht-westlicher Praktiken. In diesem Projekt vergleiche ich Grundannahmen und Konzepte verschiedener Theorien und Teildisziplinen mit der chinesischen Praxis, um ihre blinden Flecken zu bewerten und die Frage zu beantworten, was uns die chinesische Praxis \u00fcber die IR-Theorie lehren kann. Neben der Befragung verschiedener Str\u00e4nge der wichtigsten Theorietraditionen wie Realismus, Liberalismus, Konstruktivismus und der Englischen Schule untersuche ich auch die Relevanz der chinesischen Praxis f\u00fcr die Teildisziplinen der diplomatischen Studien und der Analyse der Au\u00dfenpolitik. Das Ziel dieses Projekts ist es nicht, diese Perspektiven auf die Weltpolitik zu \u201ekorrigieren\u201c, sondern vielmehr die Behauptungen \u00fcber ihre Unzul\u00e4nglichkeit zu konkretisieren und dadurch die wachsende Bewegung f\u00fcr ein \u201eGlobales IR\u201c zu informieren.<\/p>\n\n\n\n<p><strong>Forscher<\/strong>: Steven Langendonk, mit verschiedenen Kooperationspartnern<\/p>\n\n\n\n<p><strong>Finanzierung<\/strong>: <abbr title=\"Helmut Schmidt Universit\u00e4t\">HSU<\/abbr><\/p>\n","protected":false},"excerpt":{"rendered":"<p>Chinas Streben nach Hegemonie? Chinas neue multilaterale Institutionen und sozialer Zweck in der Global Governance Laufzeit: 01.04.2022 &#8211; 31.03.2027 In den letzten drei Jahrzehnten hat sich China zu einem wichtigen [&hellip;]<\/p>\n","protected":false},"author":26,"featured_media":0,"parent":0,"menu_order":0,"comment_status":"closed","ping_status":"closed","template":"","meta":{"footnotes":""},"categories":[4],"tags":[],"class_list":["post-112","page","type-page","status-publish","hentry","category-forschung"],"_links":{"self":[{"href":"https:\/\/www.hsu-hh.de\/polipo\/wp-json\/wp\/v2\/pages\/112","targetHints":{"allow":["GET"]}}],"collection":[{"href":"https:\/\/www.hsu-hh.de\/polipo\/wp-json\/wp\/v2\/pages"}],"about":[{"href":"https:\/\/www.hsu-hh.de\/polipo\/wp-json\/wp\/v2\/types\/page"}],"author":[{"embeddable":true,"href":"https:\/\/www.hsu-hh.de\/polipo\/wp-json\/wp\/v2\/users\/26"}],"replies":[{"embeddable":true,"href":"https:\/\/www.hsu-hh.de\/polipo\/wp-json\/wp\/v2\/comments?post=112"}],"version-history":[{"count":3,"href":"https:\/\/www.hsu-hh.de\/polipo\/wp-json\/wp\/v2\/pages\/112\/revisions"}],"predecessor-version":[{"id":412,"href":"https:\/\/www.hsu-hh.de\/polipo\/wp-json\/wp\/v2\/pages\/112\/revisions\/412"}],"wp:attachment":[{"href":"https:\/\/www.hsu-hh.de\/polipo\/wp-json\/wp\/v2\/media?parent=112"}],"wp:term":[{"taxonomy":"category","embeddable":true,"href":"https:\/\/www.hsu-hh.de\/polipo\/wp-json\/wp\/v2\/categories?post=112"},{"taxonomy":"post_tag","embeddable":true,"href":"https:\/\/www.hsu-hh.de\/polipo\/wp-json\/wp\/v2\/tags?post=112"}],"curies":[{"name":"wp","href":"https:\/\/api.w.org\/{rel}","templated":true}]}}