{"id":73,"date":"2017-07-03T15:52:08","date_gmt":"2017-07-03T13:52:08","guid":{"rendered":"https:\/\/www.hsu-hh.de\/vorlage\/?page_id=73"},"modified":"2026-01-20T11:10:16","modified_gmt":"2026-01-20T10:10:16","slug":"startseite","status":"publish","type":"page","link":"https:\/\/www.hsu-hh.de\/polbrd\/","title":{"rendered":"Professur f\u00fcr Politikwissenschaft, insbesondere das politische System der Bundesrepublik Deutschland &#8211; Univ.-Prof. Dr. Roland Lhotta"},"content":{"rendered":"<p><img loading=\"lazy\" decoding=\"async\" class=\"alignnone wp-image-842\" src=\"https:\/\/www.hsu-hh.de\/polbrd\/wp-content\/uploads\/sites\/742\/2019\/03\/Reichstag_zugeschnitten-1024x524.jpg\" alt=\"Deutscher Reichstag\" width=\"1085\" height=\"555\" data-credit=\"Deutscher Bundestag \/ Simone M. Neumann\" srcset=\"https:\/\/www.hsu-hh.de\/polbrd\/wp-content\/uploads\/sites\/742\/2019\/03\/Reichstag_zugeschnitten-1024x524.jpg 1024w, https:\/\/www.hsu-hh.de\/polbrd\/wp-content\/uploads\/sites\/742\/2019\/03\/Reichstag_zugeschnitten-300x154.jpg 300w, https:\/\/www.hsu-hh.de\/polbrd\/wp-content\/uploads\/sites\/742\/2019\/03\/Reichstag_zugeschnitten-768x393.jpg 768w, https:\/\/www.hsu-hh.de\/polbrd\/wp-content\/uploads\/sites\/742\/2019\/03\/Reichstag_zugeschnitten.jpg 2043w\" sizes=\"auto, (max-width: 1085px) 100vw, 1085px\" \/><\/p>\n<div class=\"content-block2\">\n<p><img loading=\"lazy\" decoding=\"async\" class=\"alignnone size-large wp-image-840\" src=\"https:\/\/www.hsu-hh.de\/polbrd\/wp-content\/uploads\/sites\/742\/2019\/03\/4012920-1024x720.jpg\" alt=\"Deutscher Bundestag\" width=\"1024\" height=\"720\" data-credit=\"Deutscher Bundestag \/ Simone M. Neumann\" srcset=\"https:\/\/www.hsu-hh.de\/polbrd\/wp-content\/uploads\/sites\/742\/2019\/03\/4012920-1024x720.jpg 1024w, https:\/\/www.hsu-hh.de\/polbrd\/wp-content\/uploads\/sites\/742\/2019\/03\/4012920-300x211.jpg 300w, https:\/\/www.hsu-hh.de\/polbrd\/wp-content\/uploads\/sites\/742\/2019\/03\/4012920-768x540.jpg 768w, https:\/\/www.hsu-hh.de\/polbrd\/wp-content\/uploads\/sites\/742\/2019\/03\/4012920.jpg 2048w\" sizes=\"auto, (max-width: 1024px) 100vw, 1024px\" \/><\/p>\n<\/div>\n<div class=\"content-block2\">\n<h3>Aktuelles<\/h3>\n<p>01.03.2024<\/p>\n<p>Ebenfalls begr\u00fc\u00dfen wir ganz herzlichen am Lehrstuhl unsere drei neuen soldatischen Hilfskr\u00e4fte Frau Barbara Lohmaier, Frau Luise Rothe und Herrn Martin Naumann!<\/p>\n<h3>Neueste Ver\u00f6ffentlichungen:<\/h3>\n<p>Lhotta, Roland (2025): Aleatorische Demokratietheorie als normatives Projekt. Von der Schwierigkeit der der Reanimation des Citoyen in der regressiven Moderne, Zeitschrift f\u00fcr Politik (ZfP), in Ver\u00f6ffentlichung.<\/p>\n<p>Lhotta, Roland (2025): Auf die Pl\u00e4tze! Fertig! Los? Ein paar lose Anmerkungen zum Los und anderen Zuf\u00e4llen, INDES &#8211; Zeitschrift f\u00fcr Politik und Gesellschaft, online unter: <a href=\"https:\/\/indes-online.de\/auf-die-plaetze-fertig-los\" target=\"_blank\" rel=\"noopener\">https:\/\/indes-online.de\/auf-die-plaetze-fertig-los<\/a>, zuletzt abgerufen: 10.02.2025.<\/p>\n<p>Lhotta, Roland, Ketelhut, J\u00f6rn (2024): <a href=\"https:\/\/link.springer.com\/content\/pdf\/10.1007\/978-3-658-37532-4_64-1.pdf?pdf=inline%20link\" target=\"_blank\" rel=\"noopener\">Das Bundesverfassungsgericht und die Europ\u00e4ische Integration<\/a>, in: Robert Chr. van Ooyen, Martin H.W. M\u00f6llers (<abbr title=\"Herausgeber\">Hrsg.<\/abbr>), <a href=\"https:\/\/link.springer.com\/referencework\/10.1007\/978-3-658-37532-4\" target=\"_blank\" rel=\"noopener\">Handbuch Bundesverfassungsgericht im politischen System<\/a>, Wiesbaden: Springer VS.<\/p>\n<p>Lhotta, Roland (2024): <a href=\"https:\/\/rdcu.be\/dqJtj\" target=\"_blank\" rel=\"noopener\">Dysfunctional Constitutionalism or Dysfunctional Politics: A Matter of Law, Politics, and Institutional Design<\/a>. Politische Vierteljahresschrift (2024). <a href=\"https:\/\/doi.org\/10.1007\/s11615-023-00505-y\" rel='nofollow'>https:\/\/doi.org\/10.1007\/s11615-023-00505-y <\/a><a><img decoding=\"async\" class=\"citavipicker\" style=\"border: 0px none!important;width: 16px!important;height: 16px!important;margin-left: 1px !important;margin-right: 1px !important\" title=\"Titel anhand dieser DOI in Citavi-Projekt \u00fcbernehmen\" src=\"image\/svg+xml;base64,PD94bWwgdmVyc2lvbj0iMS4wIiBlbmNvZGluZz0idXRmLTgiPz48IURPQ1RZUEUgc3ZnIFBVQkxJQyAiLS8vVzNDLy9EVEQgU1ZHIDEuMS8vRU4iICJodHRwOi8vd3d3LnczLm9yZy9HcmFwaGljcy9TVkcvMS4xL0RURC9zdmcxMS5kdGQiPjxzdmcgdmVyc2lvbj0iMS4xIiBpZD0iRWJlbmVfMSIgeG1sbnM9Imh0dHA6Ly93d3cudzMub3JnLzIwMDAvc3ZnIiB4bWxuczp4bGluaz0iaHR0cDovL3d3dy53My5vcmcvMTk5OS94bGluayIgeD0iMHB4IiB5PSIwcHgiIHdpZHRoPSIxNnB4IiBoZWlnaHQ9IjE2cHgiIHZpZXdCb3g9IjAgMCAxNiAxNiIgZW5hYmxlLWJhY2tncm91bmQ9Im5ldyAwIDAgMTYgMTYiIHhtbDpzcGFjZT0icHJlc2VydmUiPjxnPjxnPjxwYXRoIGZpbGw9IiNGRkZGRkYiIGQ9Ik04LjAwMSwxNS41QzMuODY0LDE1LjUsMC41LDEyLjEzNiwwLjUsOGMwLTQuMTM1LDMuMzY1LTcuNSw3LjUwMS03LjVTMTUuNSwzLjg2NCwxNS41LDhTMTIuMTM3LDE1LjUsOC4wMDEsMTUuNXoiLz48cGF0aCBmaWxsPSIjRDUyQjFFIiBkPSJNOC4wMDEsMUMxMS44NiwxLDE1LDQuMTQxLDE1LDhzLTMuMTM5LDctNi45OTksN0M0LjE0LDE1LDEsMTEuODU5LDEsOFM0LjE0LDEsOC4wMDEsMSBNOC4wMDEsMEMzLjU4MiwwLDAsMy41ODIsMCw4czMuNTgyLDgsOC4wMDEsOEMxMi40MTgsMTYsMTYsMTIuNDE4LDE2LDhTMTIuNDE4LDAsOC4wMDEsMEw4LjAwMSwweiIvPjwvZz48cGF0aCBmaWxsPSIjRDUyQjFFIiBkPSJNNi43NDUsMTIuNTg5Yy0wLjIyNywwLjEyMi0wLjQ5NywwLjI0Ny0wLjY4NCwwLjI0N2MtMC4zMTgsMC0wLjUwMS0wLjE2NC0wLjUwMS0wLjQ1MmMwLTAuMjA3LDAuMTQtMC4zNzUsMC41OTUtMC42MjJjMS41NDktMC45MDQsMi41OTQtMi4yNzIsMi41OTQtMy43MjFjMC0wLjgyNS0wLjIyNy0xLjExOS0wLjY4MS0xLjExOWMtMC4xMzUsMC0wLjMyLDAuMjE5LTAuNjM2LDAuMjE5SDcuMTU3QzYuMTAyLDcuMTQzLDUuMzMzLDYuMjY0LDUuMzMzLDUuMjNjMC0xLjE1MiwwLjk1OC0yLjAwNiwyLjI4LTIuMDA2YzEuNzc3LDAsMy4wNTMsMS4zNzMsMy4wNTMsMy40M0MxMC42NjYsOS4yMTUsOS4yMDMsMTEuMjcsNi43NDUsMTIuNTg5Ii8+PC9nPjwvc3ZnPg\" \/><\/a><a><img decoding=\"async\" class=\"citavipicker\" style=\"border: 0px none!important;width: 16px!important;height: 16px!important;margin-left: 1px !important;margin-right: 1px !important\" title=\"Titel anhand dieser DOI in Citavi-Projekt \u00fcbernehmen\" src=\"image\/svg+xml;base64,PD94bWwgdmVyc2lvbj0iMS4wIiBlbmNvZGluZz0idXRmLTgiPz48IURPQ1RZUEUgc3ZnIFBVQkxJQyAiLS8vVzNDLy9EVEQgU1ZHIDEuMS8vRU4iICJodHRwOi8vd3d3LnczLm9yZy9HcmFwaGljcy9TVkcvMS4xL0RURC9zdmcxMS5kdGQiPjxzdmcgdmVyc2lvbj0iMS4xIiBpZD0iRWJlbmVfMSIgeG1sbnM9Imh0dHA6Ly93d3cudzMub3JnLzIwMDAvc3ZnIiB4bWxuczp4bGluaz0iaHR0cDovL3d3dy53My5vcmcvMTk5OS94bGluayIgeD0iMHB4IiB5PSIwcHgiIHdpZHRoPSIxNnB4IiBoZWlnaHQ9IjE2cHgiIHZpZXdCb3g9IjAgMCAxNiAxNiIgZW5hYmxlLWJhY2tncm91bmQ9Im5ldyAwIDAgMTYgMTYiIHhtbDpzcGFjZT0icHJlc2VydmUiPjxnPjxnPjxwYXRoIGZpbGw9IiNGRkZGRkYiIGQ9Ik04LjAwMSwxNS41QzMuODY0LDE1LjUsMC41LDEyLjEzNiwwLjUsOGMwLTQuMTM1LDMuMzY1LTcuNSw3LjUwMS03LjVTMTUuNSwzLjg2NCwxNS41LDhTMTIuMTM3LDE1LjUsOC4wMDEsMTUuNXoiLz48cGF0aCBmaWxsPSIjRDUyQjFFIiBkPSJNOC4wMDEsMUMxMS44NiwxLDE1LDQuMTQxLDE1LDhzLTMuMTM5LDctNi45OTksN0M0LjE0LDE1LDEsMTEuODU5LDEsOFM0LjE0LDEsOC4wMDEsMSBNOC4wMDEsMEMzLjU4MiwwLDAsMy41ODIsMCw4czMuNTgyLDgsOC4wMDEsOEMxMi40MTgsMTYsMTYsMTIuNDE4LDE2LDhTMTIuNDE4LDAsOC4wMDEsMEw4LjAwMSwweiIvPjwvZz48cGF0aCBmaWxsPSIjRDUyQjFFIiBkPSJNNi43NDUsMTIuNTg5Yy0wLjIyNywwLjEyMi0wLjQ5NywwLjI0Ny0wLjY4NCwwLjI0N2MtMC4zMTgsMC0wLjUwMS0wLjE2NC0wLjUwMS0wLjQ1MmMwLTAuMjA3LDAuMTQtMC4zNzUsMC41OTUtMC42MjJjMS41NDktMC45MDQsMi41OTQtMi4yNzIsMi41OTQtMy43MjFjMC0wLjgyNS0wLjIyNy0xLjExOS0wLjY4MS0xLjExOWMtMC4xMzUsMC0wLjMyLDAuMjE5LTAuNjM2LDAuMjE5SDcuMTU3QzYuMTAyLDcuMTQzLDUuMzMzLDYuMjY0LDUuMzMzLDUuMjNjMC0xLjE1MiwwLjk1OC0yLjAwNiwyLjI4LTIuMDA2YzEuNzc3LDAsMy4wNTMsMS4zNzMsMy4wNTMsMy40M0MxMC42NjYsOS4yMTUsOS4yMDMsMTEuMjcsNi43NDUsMTIuNTg5Ii8+PC9nPjwvc3ZnPg\" \/><\/a><a><img decoding=\"async\" class=\"citavipicker\" style=\"border: 0px none!important;width: 16px!important;height: 16px!important;margin-left: 1px !important;margin-right: 1px !important\" title=\"Titel anhand dieser DOI in Citavi-Projekt \u00fcbernehmen\" src=\"image\/svg+xml;base64,PD94bWwgdmVyc2lvbj0iMS4wIiBlbmNvZGluZz0idXRmLTgiPz48IURPQ1RZUEUgc3ZnIFBVQkxJQyAiLS8vVzNDLy9EVEQgU1ZHIDEuMS8vRU4iICJodHRwOi8vd3d3LnczLm9yZy9HcmFwaGljcy9TVkcvMS4xL0RURC9zdmcxMS5kdGQiPjxzdmcgdmVyc2lvbj0iMS4xIiBpZD0iRWJlbmVfMSIgeG1sbnM9Imh0dHA6Ly93d3cudzMub3JnLzIwMDAvc3ZnIiB4bWxuczp4bGluaz0iaHR0cDovL3d3dy53My5vcmcvMTk5OS94bGluayIgeD0iMHB4IiB5PSIwcHgiIHdpZHRoPSIxNnB4IiBoZWlnaHQ9IjE2cHgiIHZpZXdCb3g9IjAgMCAxNiAxNiIgZW5hYmxlLWJhY2tncm91bmQ9Im5ldyAwIDAgMTYgMTYiIHhtbDpzcGFjZT0icHJlc2VydmUiPjxnPjxnPjxwYXRoIGZpbGw9IiNGRkZGRkYiIGQ9Ik04LjAwMSwxNS41QzMuODY0LDE1LjUsMC41LDEyLjEzNiwwLjUsOGMwLTQuMTM1LDMuMzY1LTcuNSw3LjUwMS03LjVTMTUuNSwzLjg2NCwxNS41LDhTMTIuMTM3LDE1LjUsOC4wMDEsMTUuNXoiLz48cGF0aCBmaWxsPSIjRDUyQjFFIiBkPSJNOC4wMDEsMUMxMS44NiwxLDE1LDQuMTQxLDE1LDhzLTMuMTM5LDctNi45OTksN0M0LjE0LDE1LDEsMTEuODU5LDEsOFM0LjE0LDEsOC4wMDEsMSBNOC4wMDEsMEMzLjU4MiwwLDAsMy41ODIsMCw4czMuNTgyLDgsOC4wMDEsOEMxMi40MTgsMTYsMTYsMTIuNDE4LDE2LDhTMTIuNDE4LDAsOC4wMDEsMEw4LjAwMSwweiIvPjwvZz48cGF0aCBmaWxsPSIjRDUyQjFFIiBkPSJNNi43NDUsMTIuNTg5Yy0wLjIyNywwLjEyMi0wLjQ5NywwLjI0Ny0wLjY4NCwwLjI0N2MtMC4zMTgsMC0wLjUwMS0wLjE2NC0wLjUwMS0wLjQ1MmMwLTAuMjA3LDAuMTQtMC4zNzUsMC41OTUtMC42MjJjMS41NDktMC45MDQsMi41OTQtMi4yNzIsMi41OTQtMy43MjFjMC0wLjgyNS0wLjIyNy0xLjExOS0wLjY4MS0xLjExOWMtMC4xMzUsMC0wLjMyLDAuMjE5LTAuNjM2LDAuMjE5SDcuMTU3QzYuMTAyLDcuMTQzLDUuMzMzLDYuMjY0LDUuMzMzLDUuMjNjMC0xLjE1MiwwLjk1OC0yLjAwNiwyLjI4LTIuMDA2YzEuNzc3LDAsMy4wNTMsMS4zNzMsMy4wNTMsMy40M0MxMC42NjYsOS4yMTUsOS4yMDMsMTEuMjcsNi43NDUsMTIuNTg5Ii8+PC9nPjwvc3ZnPg\" \/><\/a><\/p>\n<p>Lhotta, Roland (2023): Institutionelle Grenzen des Mehrheitsprinzips. Konsensdemokratische Integration und Differenzenrepr\u00e4sentation als Aporien des Verfassungs(organisations)rechts, in: Julian Kr\u00fcper und Arne Pilniok (<abbr title=\"Herausgeber\">Hrsg.<\/abbr>), <a href=\"https:\/\/www.mohrsiebeck.com\/buch\/mehrheitminderheit-9783161622144?no_cache=1\" target=\"_blank\" rel=\"noopener\">Mehrheit\/Minderheit. \u00dcber ein notwendiges Strukturmerkmal des demokratischen Verfassungsstaats<\/a>, T\u00fcbingen: Mohr Siebeck, S. 49-72.<\/p>\n<\/div>\n<div class=\"content-block2\">\n<h3>Forschungsschwerpunkt<\/h3>\n<ul>\n<li>Politisches System der Bundesrepublik Deutschland<\/li>\n<li>Staats-, Verfassungs- und Rechtstheorie<\/li>\n<li>Staatsrechtslehre des 19. und 20. Jahrhunderts<\/li>\n<li>Politische Theorie und Ideengeschichte Theorie und Empirie institutioneller Regime, insbes. Parlamentarismus, Regierung und Gewaltenteilung<\/li>\n<li>Verfassungsgerichtsbarkeit im Vergleich<\/li>\n<li>American Political Development<\/li>\n<\/ul>\n<h3>Lehre<\/h3>\n<div id=\"category_content_E6owJb9Z\" class=\"hsu_category archive-page\"><article  id=\"post-731\" class=\"category-list-item post-731 post type-post status-publish format-standard hentry \"><a href=\"https:\/\/www.hsu-hh.de\/polbrd\/seminar-demokratie-recht-und-governance-in-transnationalen-raeumen\" title=\"Seminar: Demokratie, Recht und Governance in transnationalen R\u00e4umen II\" ><div class=\"hsu_category_article-content-wrap\"><div class=\"hsu_category_article-content-wrap-inner\"><div>\t<header class=\"entry-header\">\t\t<h3 class=\"entry-title\">Seminar: Demokratie, Recht und Governance in transnationalen R\u00e4umen II\t\t<\/h3>\t<\/header><div class=\"entry-content-excerpt\">Seminar (WS23P28), 2 st. Veranstaltungszeitraum: 14. Jan 2026 \u2013 18. Mrz 2026, Mi., 14:00 bis 15:30 Uhr. Raum: Geb. H1, SR 0108 Dozent: Uni.-Prof. Dr. Roland Lhotta<\/div> <\/div><\/div><\/div><\/a><\/article><article  id=\"post-501\" class=\"category-list-item post-501 post type-post status-publish format-standard hentry \"><a href=\"https:\/\/www.hsu-hh.de\/polbrd\/seminar-staatsbildung-in-der-westlichen-welt\" title=\"Seminar: Staatsbildungsprozesse: Staatsbildung in der westlichen Welt I\" ><div class=\"hsu_category_article-content-wrap\"><div class=\"hsu_category_article-content-wrap-inner\"><div>\t<header class=\"entry-header\">\t\t<h3 class=\"entry-title\">Seminar: Staatsbildungsprozesse: Staatsbildung in der westlichen Welt I\t\t<\/h3>\t<\/header><div class=\"entry-content-excerpt\">Seminar (WS21P27), 2 st. Veranstaltungszeitraum: 14. Jan 2026 \u2013 13. Mrz 2026, Mi., 11:30 bis 13:00 Uhr. Raum: Geb. H1, SR 0108 Dozent: Uni.-Prof. Dr. Roland Lhotta<\/div> <\/div><\/div><\/div><\/a><\/article><\/div>\n<p><strong><em>Sprechstundentermine<\/em><\/strong><br \/>\n<abbr title=\"Professor\">Prof.<\/abbr> <abbr title=\"Doktor\">Dr.<\/abbr> Roland Lhotta:\u00a0\u00a0 \u00a0 \u00a0 \u00a0 \u00a0\u00a0 Dienstag 13:00 Uhr &#8211; 14:00 Uhr<\/p>\n<p><abbr title=\"Doktor\">Dr.<\/abbr> Sabrina Zucca-Soest: \u00a0 \u00a0 \u00a0 \u00a0 nach Vereinbarung per E-Mail<\/p>\n<p><abbr title=\"Doktor\">Dr.<\/abbr> Henning Sch\u00e4ckelhoff: \u00a0 \u00a0\u00a0 nach Vereinbarung per E-Mail<\/p>\n<p>Sarah Witte, M.A.:\u00a0 \u00a0 \u00a0 \u00a0 \u00a0 \u00a0 \u00a0 \u00a0 \u00a0 \u00a0 \u00a0 Dienstag 14:00 Uhr &#8211; 16:00 Uhr<\/p>\n<\/div>\n","protected":false},"excerpt":{"rendered":"<p>Aktuelles 01.03.2024 Ebenfalls begr\u00fc\u00dfen wir ganz herzlichen am Lehrstuhl unsere drei neuen soldatischen Hilfskr\u00e4fte Frau Barbara Lohmaier, Frau Luise Rothe und Herrn Martin Naumann! Neueste Ver\u00f6ffentlichungen: Lhotta, Roland (2025): Aleatorische [&hellip;]<\/p>\n","protected":false},"author":1,"featured_media":0,"parent":0,"menu_order":0,"comment_status":"closed","ping_status":"closed","template":"","meta":{"footnotes":""},"categories":[35],"tags":[45,43,47,41,49],"class_list":["post-73","page","type-page","status-publish","hentry","category-startseite","tag-brd","tag-lhotta","tag-politisches","tag-professor","tag-system"],"_links":{"self":[{"href":"https:\/\/www.hsu-hh.de\/polbrd\/wp-json\/wp\/v2\/pages\/73","targetHints":{"allow":["GET"]}}],"collection":[{"href":"https:\/\/www.hsu-hh.de\/polbrd\/wp-json\/wp\/v2\/pages"}],"about":[{"href":"https:\/\/www.hsu-hh.de\/polbrd\/wp-json\/wp\/v2\/types\/page"}],"author":[{"embeddable":true,"href":"https:\/\/www.hsu-hh.de\/polbrd\/wp-json\/wp\/v2\/users\/1"}],"replies":[{"embeddable":true,"href":"https:\/\/www.hsu-hh.de\/polbrd\/wp-json\/wp\/v2\/comments?post=73"}],"version-history":[{"count":118,"href":"https:\/\/www.hsu-hh.de\/polbrd\/wp-json\/wp\/v2\/pages\/73\/revisions"}],"predecessor-version":[{"id":1880,"href":"https:\/\/www.hsu-hh.de\/polbrd\/wp-json\/wp\/v2\/pages\/73\/revisions\/1880"}],"wp:attachment":[{"href":"https:\/\/www.hsu-hh.de\/polbrd\/wp-json\/wp\/v2\/media?parent=73"}],"wp:term":[{"taxonomy":"category","embeddable":true,"href":"https:\/\/www.hsu-hh.de\/polbrd\/wp-json\/wp\/v2\/categories?post=73"},{"taxonomy":"post_tag","embeddable":true,"href":"https:\/\/www.hsu-hh.de\/polbrd\/wp-json\/wp\/v2\/tags?post=73"}],"curies":[{"name":"wp","href":"https:\/\/api.w.org\/{rel}","templated":true}]}}