{"id":726,"date":"2018-09-21T15:03:09","date_gmt":"2018-09-21T13:03:09","guid":{"rendered":"https:\/\/www.hsu-hh.de\/polbrd\/?page_id=726"},"modified":"2024-09-20T13:21:08","modified_gmt":"2024-09-20T11:21:08","slug":"barbara-lohmaier","status":"publish","type":"page","link":"https:\/\/www.hsu-hh.de\/polbrd\/mitarbeiter-lehrstuhl-professor-lhotta\/barbara-lohmaier","title":{"rendered":"Barbara Lohmaier"},"content":{"rendered":"<div class=\"clearfix\">\u00a0<\/div>\n<div class=\"ansprechparter-container\">\n<div class=\"row ansprechpartner-item ansprechparter-header\">\n<div class=\"col-xs-8 col-lg-12\" style=\"margin-bottom: 30px\">\n<h3 class=\"ansprechparter-headline\">\u00a0<\/h3>\n<div class=\"mobile-small\">\u00a0<\/div>\n<\/div>\n<div class=\"col-md-4 col-lg-3 col-xs-4 ansprechpartner-item floatright img-circle center-block\" style=\"margin-bottom: 30px\">\n<div class=\"img-responsive-wrapper\">\n<p><a href=\"https:\/\/www.hsu-hh.de\/polbrd\/wp-content\/uploads\/sites\/742\/2024\/02\/Lohmaier-scaled.jpeg\"><img loading=\"lazy\" decoding=\"async\" class=\"img-circle img-responsive center-block wp-image-1661 size-thumbnail\" src=\"https:\/\/www.hsu-hh.de\/polbrd\/wp-content\/uploads\/sites\/742\/2024\/02\/Lohmaier-150x150.jpeg\" alt=\"Barbara Lohmaier\" width=\"150\" height=\"150\" data-credit=\"Erik Neugebauer\" srcset=\"https:\/\/www.hsu-hh.de\/polbrd\/wp-content\/uploads\/sites\/742\/2024\/02\/Lohmaier-150x150.jpeg 150w, https:\/\/www.hsu-hh.de\/polbrd\/wp-content\/uploads\/sites\/742\/2024\/02\/Lohmaier-100x100.jpeg 100w\" sizes=\"auto, (max-width: 150px) 100vw, 150px\" \/><\/a><\/p>\n<\/div>\n<\/div>\n<div class=\"col-md-12 col-lg-3 col-xs-12 ansprechpartner-item kontakt floatright\" style=\"margin-bottom: 30px\">\n<div class=\"row\">\n<div class=\"col-xs-12 col-sm-6 col-lg-12\">\n<div class=\"row\">\n<div class=\"col-xs-12 col-lg-4 row-text bold\">Raum:<\/div>\n<\/div>\n<\/div>\n<div class=\"col-xs-12 col-sm-6 col-lg-12\">\n<div class=\"row\">\n<div class=\"col-xs-12 col-lg-4 row-text bold\">Telefon:<\/div>\n<\/div>\n<\/div>\n<div class=\"col-xs-12 col-sm-6 col-lg-12\">\n<div class=\"row\">\n<div class=\"col-xs-12 col-lg-4 row-text bold\">Fax:<\/div>\n<\/div>\n<\/div>\n<div class=\"col-xs-12 col-sm-6 col-lg-12\">\n<div class=\"row\">\n<div class=\"col-xs-12 col-md-12 row-text bold\">E-Mail:<\/div>\n<div class=\"col-xs-12 col-md-12 row-text\"><a href=\"w879859@hsu-hh.de\" rel='nofollow'>w879859@hsu-hh.de<\/a><\/div>\n<\/div>\n<\/div>\n<\/div>\n<\/div>\n<div class=\"col-md-6 col-lg-3 col-xs-12 ansprechpartner-item anschrift floatright\">\n<div class=\"row-headline\">Besucheranschrift<\/div>\n<div class=\"row-text\">Helmut-Schmidt-Universit\u00e4t<\/div>\n<div class=\"row-text\">Geb\u00e4ude H1<\/div>\n<div class=\"row-text\">Holstenhofweg 85<\/div>\n<div class=\"row-text\">22043 Hamburg<\/div>\n<\/div>\n<div class=\"col-md-6 col-lg-3 col-xs-12 ansprechpartner-item anschrift floatright\">\n<div class=\"row-headline\">Postanschrift<\/div>\n<div class=\"row-text\">Helmut-Schmidt-Universit\u00e4t<\/div>\n<div class=\"row-text\"><abbr title=\"Wirtschafts- und Sozialwissenschaften\">WiSo<\/abbr>-Fakult\u00e4t<\/div>\n<div class=\"row-text\">Postfach 70 08 22<\/div>\n<div class=\"row-text\">22008 Hamburg<\/div>\n<\/div>\n<\/div>\n<\/div>\n<div class=\"clearfix\">\u00a0<\/div>\n\n\n<p><\/p>\n\n\n\n<p><\/p>\n","protected":false},"excerpt":{"rendered":"<p>\u00a0 \u00a0 \u00a0 Raum: Telefon: Fax: E-Mail: w879859@hsu-hh.de Besucheranschrift Helmut-Schmidt-Universit\u00e4t Geb\u00e4ude H1 Holstenhofweg 85 22043 Hamburg Postanschrift Helmut-Schmidt-Universit\u00e4t WiSo-Fakult\u00e4t Postfach 70 08 22 22008 Hamburg \u00a0<\/p>\n","protected":false},"author":115,"featured_media":0,"parent":198,"menu_order":0,"comment_status":"closed","ping_status":"closed","template":"","meta":{"footnotes":""},"categories":[8],"tags":[],"class_list":["post-726","page","type-page","status-publish","hentry","category-team"],"_links":{"self":[{"href":"https:\/\/www.hsu-hh.de\/polbrd\/wp-json\/wp\/v2\/pages\/726","targetHints":{"allow":["GET"]}}],"collection":[{"href":"https:\/\/www.hsu-hh.de\/polbrd\/wp-json\/wp\/v2\/pages"}],"about":[{"href":"https:\/\/www.hsu-hh.de\/polbrd\/wp-json\/wp\/v2\/types\/page"}],"author":[{"embeddable":true,"href":"https:\/\/www.hsu-hh.de\/polbrd\/wp-json\/wp\/v2\/users\/115"}],"replies":[{"embeddable":true,"href":"https:\/\/www.hsu-hh.de\/polbrd\/wp-json\/wp\/v2\/comments?post=726"}],"version-history":[{"count":7,"href":"https:\/\/www.hsu-hh.de\/polbrd\/wp-json\/wp\/v2\/pages\/726\/revisions"}],"predecessor-version":[{"id":1736,"href":"https:\/\/www.hsu-hh.de\/polbrd\/wp-json\/wp\/v2\/pages\/726\/revisions\/1736"}],"up":[{"embeddable":true,"href":"https:\/\/www.hsu-hh.de\/polbrd\/wp-json\/wp\/v2\/pages\/198"}],"wp:attachment":[{"href":"https:\/\/www.hsu-hh.de\/polbrd\/wp-json\/wp\/v2\/media?parent=726"}],"wp:term":[{"taxonomy":"category","embeddable":true,"href":"https:\/\/www.hsu-hh.de\/polbrd\/wp-json\/wp\/v2\/categories?post=726"},{"taxonomy":"post_tag","embeddable":true,"href":"https:\/\/www.hsu-hh.de\/polbrd\/wp-json\/wp\/v2\/tags?post=726"}],"curies":[{"name":"wp","href":"https:\/\/api.w.org\/{rel}","templated":true}]}}