{"id":586,"date":"2018-03-05T15:49:13","date_gmt":"2018-03-05T14:49:13","guid":{"rendered":"https:\/\/www.hsu-hh.de\/polbrd\/?page_id=586"},"modified":"2018-03-05T16:04:10","modified_gmt":"2018-03-05T15:04:10","slug":"das-politische-system-der-bundesrepublik-deutschland","status":"publish","type":"page","link":"https:\/\/www.hsu-hh.de\/polbrd\/mitarbeiter-lehrstuhl-professor-lhotta\/univ-prof-dr-roland-lhotta\/das-politische-system-der-bundesrepublik-deutschland","title":{"rendered":"Das politische System der Bundesrepublik Deutschland"},"content":{"rendered":"<h3><strong>Das politische System der Bundesrepublik Deutschland<\/strong><\/h3>\n<p>&nbsp;<\/p>\n<p><strong>1. Der analytische Rahmen: Strukturen, Akteure, Institutionen<\/strong><\/p>\n<p>Abromeit, Heidrun\/Stoiber, Michael, 2006: Demokratien im Vergleich. Einf\u00fchrung in die vergleichende Analyse politischer Systeme, Wiesbaden.<\/p>\n<p>Benz, Arthur (<abbr title=\"Herausgeber\">Hrsg.<\/abbr>), 2004: Governance \u2013 Regieren im komplexen Regelsystem. Eine Einf\u00fchrung, Wiesbaden.<\/p>\n<p>Benz, Arthur, 2008: Der moderne Staat. Grundlagen der politologischen Analyse, 2. <abbr title=\"Auflage\">Aufl.<\/abbr>, M\u00fcnchen.<\/p>\n<p>Gellner, Winand\/Glatzmeier, Armin, 2004: Macht und Gegenmacht. Einf\u00fchrung in die Regierungslehre, Baden-Baden.<\/p>\n<p>Kaiser, Andr\u00e9, 1998: Vetopunkte der Demokratie. Eine Kritik neuerer Ans\u00e4tze der Demokratietypologie und ein Alternativvorschlag, in: Zeitschrift f\u00fcr Parlamentsfragen 29 (3): 525-541.<\/p>\n<p>Lijphart, Arend, 1999: Patterns of Democracy. Government Forms and Performance in Thirty-Six Countries, New Haven\/London.<\/p>\n<p>Lowndes, Vivien, 2010: Institutionalism, in: David Marsh\/Gerry Stoker (<abbr title=\"Herausgeber\">Hrsg.<\/abbr>), Theory and Methods in Political Science, 3. <abbr title=\"Auflage\">Aufl.<\/abbr>, Houndmills.<\/p>\n<p>Peters, B. Guy, 2005: Institutional Theory in Political Science. The \u00bbNew Institutionalism\u00ab, 2nd ed. London\/New York.<\/p>\n<p>Rhode, Roderick A. W.\/Binder, Sarah A.\/Rockman, Bert A. (<abbr title=\"Herausgeber\">Hrsg.<\/abbr>), 2008: The Oxford Handbook of Political Institutions, Oxford.<\/p>\n<p>&nbsp;<\/p>\n<p><strong>2. Das politische System der Bundesrepublik Deutschland<\/strong><\/p>\n<p>&nbsp;<\/p>\n<p><strong>a) Einf\u00fchrungen und Gesamtdarstellungen<\/strong><\/p>\n<p>Beyme, Klaus von, 2010: Das politische System der Bundesrepublik Deutschland. Eine Einf\u00fchrung, 11., vollst\u00e4ndig \u00fcberarb. <abbr title=\"Auflage\">Aufl.<\/abbr>, Wiesbaden.<\/p>\n<p>Decker, Frank, 2011: Regieren im Parteienbundesstaat. Zur Architektur der deutschen Politik, Wiesbaden.<\/p>\n<p>Glae\u00dfner, Gert-Joachim, 2006: Politik in Deutschland, 2., aktual. <abbr title=\"Auflage\">Aufl.<\/abbr>, Wiesbaden.<\/p>\n<p>Hesse, Joachim Jens\/Ellwein, Thomas, 2012: Das Regierungssystem der Bundesrepublik Deutschland, 10., vollst. neu bearb. <abbr title=\"Auflage\">Aufl.<\/abbr>,\u00a0 Berlin.<\/p>\n<p>Marschall, Stefan, 2011: Das politische System Deutschlands, 2. <abbr title=\"Auflage\">Aufl.<\/abbr>, Konstanz.<\/p>\n<p>Rudzio, Wolfgang, 2011: Das politische System der Bundesrepublik Deutschland, 8. <abbr title=\"Auflage\">Aufl.<\/abbr>, Wiesbaden.<\/p>\n<p>Schmidt, Manfred G., 2011: Das politische System Deutschlands. Institutionen, Willensbildung und Politikfelder, 2. <abbr title=\"Auflage\">Aufl.<\/abbr>, Bonn\/M\u00fcnchen.<\/p>\n<p>Sturm, Roland\/Pehle, Heinrich, 2005: Das neue deutsche Regierungssystem, 2. <abbr title=\"Auflage\">Aufl.<\/abbr>, Opladen.<\/p>\n<p>&nbsp;<\/p>\n<p><strong>b) Einzelne Aspekte des politischen Systems: Institutionen und Akteure<\/strong><\/p>\n<p>Alemann, Ulrich von, 2010: Das Parteiensystem der Bundesrepublik Deutschland, 4. <abbr title=\"Auflage\">Aufl.<\/abbr>, Opladen.<\/p>\n<p>Battis, Ulrich\/Gusy, Christoph, 2011: Einf\u00fchrung in das Staatsrecht, 5. <abbr title=\"Auflage\">Aufl.<\/abbr>, Heidelberg.<\/p>\n<p>Beyme, Klaus von, 1997: Der Gesetzgeber, Opladen.<\/p>\n<p>Beyme, Klaus von, 1999: Die parlamentarische Demokratie. Entstehung und Funktionsweise, 1789-1999, 3. <abbr title=\"Auflage\">Aufl.<\/abbr>, Opladen.<\/p>\n<p>Beyme, Klaus von, 2002: Parteien im Wandel. Von den Volksparteien zu den professionalisierten W\u00e4hlerparteien, Wiesbaden.<\/p>\n<p>Decker, Frank, 2011: Regieren im &#8222;Parteienbundesstaat&#8220;. Zur Architektur der deutschen Politik, Wiesbaden.<\/p>\n<p>Decker, Frank, 2011: Parteien und Parteiensysteme in Deutschland, Stuttgart.<\/p>\n<p>Detterbeck, Klaus, 2011: Parteien und Parteiensystem, Konstanz.<\/p>\n<p>Grimm, Dieter, 2001: Das Grundgesetz nach 50 Jahren, in: ders., Die Verfassung und die Politik, M\u00fcnchen, 295-326.<\/p>\n<p>Helms, Ludger, 2005: Regierungsorganisation und politische F\u00fchrung in Deutschland, Wiesbaden.<\/p>\n<p>Hesse, Konrad, 1999: Grundz\u00fcge des Verfassungsrechts der Bundesrepublik Deutschland, Neudr. der 20. <abbr title=\"Auflage\">Aufl.<\/abbr>, Heidelberg.<\/p>\n<p>H\u00f6mig, Dieter (<abbr title=\"Herausgeber\">Hrsg.<\/abbr>), 2010: Grundgesetz f\u00fcr die Bundesrepublik Deutschland [Kommentar], 9. <abbr title=\"Auflage\">Aufl.<\/abbr>, Baden-Baden.<\/p>\n<p>Ismayr, Wolfgang, 2006: Der deutsche Bundestag im politischen System der Bundesrepublik Deutschland, 2. <abbr title=\"Auflage\">Aufl.<\/abbr>, Wiesbaden.<\/p>\n<p>Jun, Uwe\/Leunig, Sven (<abbr title=\"Herausgeber\">Hrsg.<\/abbr>), 2011: 60 Jahre Bundesrat, Baden-Baden.<\/p>\n<p>Lehmbruch, Gerhard, 2000: Parteienwettbewerb im Bundesstaat, 3. <abbr title=\"Auflage\">Aufl.<\/abbr>, Wiesbaden.<\/p>\n<p>Lehmbruch, Gerhard, 2002: Der unitarische Bundesstaat in Deutschland: Pfadabh\u00e4ngigkeit und Wandel, in: Arthur Benz\/Gerhard Lehmbruch (<abbr title=\"Herausgeber\">Hrsg.<\/abbr>), F\u00f6deralismus. Analysen in entwicklungsgeschichtlicher und vergleichender Perspektive (PVS-Sonderheft 32), Wiesbaden, 53-110.<\/p>\n<p>Leunig, Sven, 2007: Die Regierungssysteme der deutschen L\u00e4nder im Vergleich, Opladen.<\/p>\n<p>Lhotta, Roland, 2003: Zwischen Kontrolle und Mitregierung. Der Bundesrat als Oppositionskammer?, in: Aus Politik und Zeitgeschichte B 43\/03, 16-22.<\/p>\n<p>Lhotta, Roland, 2004: F\u00f6deralismus in der Bundesrepublik Deutschland. Studienbrief der Fernuniversit\u00e4t Hagen, Hagen.<\/p>\n<p>Niclau\u00df, Karlheinz, 1998: Der Weg zum Grundgesetz. Demokratiegr\u00fcndung in Westdeutschland 1945-1949, Paderborn.<\/p>\n<p>Niclau\u00df, Karlheinz, 2004: Kanzlerdemokratie, T\u00fcbingen.<\/p>\n<p>Nohlen, Dieter, 2009: Wahlrecht und Parteiensystem, 6. <abbr title=\"Auflage\">Aufl.<\/abbr>, Stuttgart.<\/p>\n<p>Schlaich, Klaus\/Korioth, Stefan, 2012: Das Bundesverfassungsgericht. Stellung, Verfahren, Entscheidungen, 9. <abbr title=\"Auflage\">Aufl.<\/abbr>, M\u00fcnchen.<\/p>\n<p>Schmidt, Manfred G., 2002: Germany: The Grand Coalition State, in: Colomer, Josep M. (<abbr title=\"Herausgeber\">Hrsg.<\/abbr>), Political Institutions in Europe, 2. <abbr title=\"Auflage\">Aufl.<\/abbr>, London, 55-93.<\/p>\n<p>Schmidt, Manfred G.\/Zohlnh\u00f6fer, Raimut (<abbr title=\"Herausgeber\">Hrsg.<\/abbr>), 2006: Regieren in der Bundesrepublik Deutschland. Innen-und Au\u00dfenpolitik seit 1949, Wiesbaden.<\/p>\n<p>Sebaldt, Martin\/Stra\u00dfner, Alexander, 2004: Verb\u00e4nde in der Bundesrepublik Deutschland. Eine Einf\u00fchrung, Wiesbaden.<\/p>\n<p>Mielke, Siegfried\/Reutter, Werner (<abbr title=\"Herausgeber\">Hrsg.<\/abbr>), 2012: L\u00e4nderparlamentarismus in Deutschland. Geschichte \u2013 Struktur \u2013 Funktionen, 2., durchgesehene und aktualisierte <abbr title=\"Auflage\">Aufl.<\/abbr>, Wiesbaden.<\/p>\n<p>Van Ooyen, Robert\/M\u00f6llers, Martin H. W. (<abbr title=\"Herausgeber\">Hrsg.<\/abbr>), 2006: Das Bundesverfassungsgericht im politischen System, Wiesbaden.<\/p>\n<p>Van Ooyen, Robert Chr.\/M\u00f6llers, Martin H. W. (<abbr title=\"Herausgeber\">Hrsg.<\/abbr>), 2012: Der Bundespr\u00e4sident im politischen System, Wiesbaden.<\/p>\n<p>&nbsp;<\/p>\n<p><strong>3. Das politische System der Bundesrepublik im Kontext der europ\u00e4ischen Integration<\/strong><\/p>\n<p>Beichelt, Timm, 2009: Deutschland und Europa. Die Europ\u00e4isierung des politischen Systems, Wiesbaden.<\/p>\n<p>Bieling, Hans-J\u00fcrgen\/Lerch, Monika (<abbr title=\"Herausgeber\">Hrsg.<\/abbr>), 2005: Theorien der europ\u00e4ischen Integration, Wiesbaden.<\/p>\n<p>Haltern, Ulrich, 2007: Europarecht. Dogmatik im Kontext, T\u00fcbingen.<\/p>\n<p>Hartmann, J\u00fcrgen, 2004: Das politische System der Bundesrepublik Deutschland im Kontext. Eine Einf\u00fchrung, Wiesbaden.<\/p>\n<p>Herdegen, Matthias, 2012: Europarecht, 14. <abbr title=\"Auflage\">Aufl.<\/abbr>, M\u00fcnchen.<\/p>\n<p>Jachtenfuchs, Markus\/Kohler-Koch, Beate (<abbr title=\"Herausgeber\">Hrsg.<\/abbr>), 2006: Europ\u00e4ische Integration, 2. <abbr title=\"Auflage\">Aufl.<\/abbr>, Opladen.<\/p>\n<p>Koenig, Christian\/Haratsch, Andreas, 2012: Europarecht, 8. <abbr title=\"Auflage\">Aufl.<\/abbr>, T\u00fcbingen.<\/p>\n<p>Kohler-Koch, Beate\/Conzelmann, Thomas\/Knodt, Mich\u00e8le, 2004: Europ\u00e4ische Integration Europ\u00e4isches Regieren, Wiesbaden.<\/p>\n<p>Oppermann, Thomas\/Classen, Claus-Dieter\/Nettesheim, Martin, 2011: Europarecht: ein Studienbuch, 5. vollst. neu bearb. <abbr title=\"Auflage\">Aufl.<\/abbr>, M\u00fcnchen.<\/p>\n<p>Sandholtz, Wayne\/Stone Sweet, Alec (<abbr title=\"Herausgeber\">Hrsg.<\/abbr>), 1998: European Integration and Supranational Governance, Oxford.<\/p>\n<p>Stone Sweet, Alec\/Sandholtz, Wayne\/Fligstein, Neil (<abbr title=\"Herausgeber\">Hrsg.<\/abbr>), 2001: The Institutionalization of Europe, Oxford.<\/p>\n<p>Sturm, Roland\/Pehle, Heinrich, 2012: Das neue deutsche Regierungssystem. Die Europ\u00e4isierung von Institutionen, Entscheidungsprozessen und Politikfeldern in der Bundesrepublik Deutschland, 3. <abbr title=\"Auflage\">Aufl.<\/abbr>, Wiesbaden.<\/p>\n<p>Wallace, Hellen\/Wallace, William, 2010: Policy-Making in the European Union, 6. <abbr title=\"Auflage\">Aufl.<\/abbr>, Oxford.<\/p>\n<p>&nbsp;<\/p>\n<p><strong>4. Nachschlagewerke und Handb\u00fccher<\/strong><\/p>\n<p>Andersen, Uwe\/Woyke, Wichard, 2012: Handw\u00f6rterbuch des politischen Systems der Bundesrepublik Deutschland, 7. <abbr title=\"Auflage\">Aufl.<\/abbr>, Opladen.<\/p>\n<p>Boix, Carles\/Goodin, Robert E. (<abbr title=\"Herausgeber\">Hrsg.<\/abbr>), 2009: The Oxford Handbook of Comparative Politics, Oxford.<\/p>\n<p>Box-Steffensmeier, Janet M.\/Goodin, Robert E., 2008: The Oxford Handbook of Political Methodology, Oxford.<\/p>\n<p>Estlund, David (<abbr title=\"Herausgeber\">Hrsg.<\/abbr>), 2012: The Oxford Handbook of Political Philosophy, Oxford.<\/p>\n<p>Goodin, Robert E. (<abbr title=\"Herausgeber\">Hrsg.<\/abbr>), 2011.: The Oxford Handbook of Political Science, Oxford.<\/p>\n<p>Goodin, Robert E.\/Klingemann (<abbr title=\"Herausgeber\">Hrsg.<\/abbr>), 1998: A New Handbook of Political Science, Oxford.<\/p>\n<p>Klosko, George (<abbr title=\"Herausgeber\">Hrsg.<\/abbr>), 2011: The Oxford Handbook of the History of Political Philosophy, Oxford.<\/p>\n<p>Levi-Faur, David (<abbr title=\"Herausgeber\">Hrsg.<\/abbr>), 2011: The Oxford Handbook of Governance, Oxford.<\/p>\n<p>Nohlen, Dieter\/Schultze, Rainer-Olaf (<abbr title=\"Herausgeber\">Hrsg.<\/abbr>), 2010: Lexikon der Politikwissenschaft. Theorien -Methoden -Begriffe, 2 Bde., 4. <abbr title=\"Auflage\">Aufl.<\/abbr>, M\u00fcnchen.<\/p>\n<p>Schmidt, Manfred G., 2004: W\u00f6rterbuch zur Politik, 2. <abbr title=\"Auflage\">Aufl.<\/abbr>, Stuttgart.<\/p>\n<p>Whittington, Keith E (<abbr title=\"Herausgeber\">Hrsg.<\/abbr>), 2008: The Oxford Handbook of Law and Politics, Oxford.<\/p>\n<p>&nbsp;<\/p>\n<p><strong>5. Wissenschaftliches Arbeiten und Methoden der Politikwissenschaft<\/strong><\/p>\n<p>Alemann, Ulrich von (<abbr title=\"Herausgeber\">Hrsg.<\/abbr>), 1995: Politikwissenschaftliche Methoden. Grundriss f\u00fcr Studium und Forschung, Opladen.<\/p>\n<p>Bellers, J\u00fcrgen\/Kipke, R\u00fcdiger, 2006: Einf\u00fchrung in die Politikwissenschaft, 4. \u00fcberarb. <abbr title=\"Auflage\">Aufl.<\/abbr>, M\u00fcnchen.<\/p>\n<p>Bernauer, Thomas, 2009: Einf\u00fchrung in die Politikwissenschaft, Baden-Baden.<\/p>\n<p>Blum, Sonja\/Schubert, Klaus, 2009: Politikfeldanalyse, Wiesbaden.<\/p>\n<p>Bleek, Wilhelm, 2002: Geschichte der Politikwissenschaft in Deutschland, M\u00fcnchen.<\/p>\n<p>Burnham, Peter u. a., 2004: Research Methods in Politics, Houndmills.<\/p>\n<p>Eco, Umberto, 2010: Wie man eine wissenschaftliche Abschlussarbeit schreibt, 13. <abbr title=\"Auflage\">Aufl.<\/abbr>, Heidelberg.<\/p>\n<p>Knoepfel, Peter\/Larrue, Corinne\/Varone, Fr\u00e9d\u00e9ric\/Veit, Sylvia (<abbr title=\"Herausgeber\">Hrsg.<\/abbr>), 2011: Politikanalyse, Opladen\/Farmington Hills.<\/p>\n<p>Lauth, Hans-Joachim\/Wagner, Christian (<abbr title=\"Herausgeber\">Hrsg.<\/abbr>), 2009: Politikwissenschaft: Eine Einf\u00fchrung, 6. <abbr title=\"Auflage\">Aufl.<\/abbr>, Paderborn.<\/p>\n<p>Na\u00dfmacher, Hiltrud, 2010: Politikwissenschaft, 6., \u00fcberarb. und aktual. <abbr title=\"Auflage\">Aufl.<\/abbr>, M\u00fcnchen.<\/p>\n<p>Patzelt, Werner J., 2003: Einf\u00fchrung in die Politikwissenschaft: Grundri\u00df des Faches und studiumbegleitende Orientierung, 5., erneut \u00fcberarb. und wesentlich erw. <abbr title=\"Auflage\">Aufl.<\/abbr>, Passau.<\/p>\n<p>Schlichte, Klaus, 2006: Einf\u00fchrung in die Arbeitstechniken der Politikwissenschaft, 2. <abbr title=\"Auflage\">Aufl.<\/abbr>, Wiesbaden.<\/p>\n<p>Simonis, Georg\/ Elbers, Helmut, 2006: Studium und Arbeitstechniken der Politikwissenschaft, Wiesbaden.<\/p>\n<p>Sytykow,Petra u. a., 2010: Politikwissenschaftliche Arbeitstechniken, Opladen.<\/p>\n<p>Westle, Bettina (<abbr title=\"Herausgeber\">Hrsg.<\/abbr>), 2009: Methoden der Politikwissenschaft. Baden-Baden.<\/p>\n<p>&nbsp;<\/p>\n<p><strong>6. Auswahl wichtiger deutscher Fachzeitschriften<\/strong><\/p>\n<p>Archiv des \u00f6ffentlichen Rechts<\/p>\n<p>Aus Politik und Zeitgeschichte<\/p>\n<p>Bl\u00e4tter f\u00fcr deutsche und internationale Politik<\/p>\n<p>Deutschland-Archiv<\/p>\n<p>Integration<\/p>\n<p>Jahrbuch des \u00f6ffentlichen Rechts der Gegenwart. Neue Folge<\/p>\n<p>JuristenZeitung (JZ)<\/p>\n<p>Neue Gesellschaft\/Frankfurter Hefte<\/p>\n<p>\u00d6sterreichische Zeitschrift f\u00fcr Politikwissenschaft<\/p>\n<p>Politische Vierteljahresschrift<\/p>\n<p>Schweizerische Zeitschrift f\u00fcr Politikwissenschaft<\/p>\n<p>Der Staat<\/p>\n<p>Die Verwaltung<\/p>\n<p>Zeitschrift f\u00fcr Internationale Beziehungen<\/p>\n<p>Zeitschrift f\u00fcr Parlamentsfragen<\/p>\n<p>Zeitschrift f\u00fcr Politik<\/p>\n<p>Zeitschrift f\u00fcr Politikwissenschaft<\/p>\n<p>Zeitschrift f\u00fcr vergleichende Politikwissenschaft<\/p>\n","protected":false},"excerpt":{"rendered":"<p>Das politische System der Bundesrepublik Deutschland &nbsp; 1. Der analytische Rahmen: Strukturen, Akteure, Institutionen Abromeit, Heidrun\/Stoiber, Michael, 2006: Demokratien im Vergleich. Einf\u00fchrung in die vergleichende Analyse politischer Systeme, Wiesbaden. Benz, [&hellip;]<\/p>\n","protected":false},"author":115,"featured_media":0,"parent":261,"menu_order":0,"comment_status":"closed","ping_status":"closed","template":"","meta":{"footnotes":""},"categories":[],"tags":[],"class_list":["post-586","page","type-page","status-publish","hentry"],"_links":{"self":[{"href":"https:\/\/www.hsu-hh.de\/polbrd\/wp-json\/wp\/v2\/pages\/586","targetHints":{"allow":["GET"]}}],"collection":[{"href":"https:\/\/www.hsu-hh.de\/polbrd\/wp-json\/wp\/v2\/pages"}],"about":[{"href":"https:\/\/www.hsu-hh.de\/polbrd\/wp-json\/wp\/v2\/types\/page"}],"author":[{"embeddable":true,"href":"https:\/\/www.hsu-hh.de\/polbrd\/wp-json\/wp\/v2\/users\/115"}],"replies":[{"embeddable":true,"href":"https:\/\/www.hsu-hh.de\/polbrd\/wp-json\/wp\/v2\/comments?post=586"}],"version-history":[{"count":5,"href":"https:\/\/www.hsu-hh.de\/polbrd\/wp-json\/wp\/v2\/pages\/586\/revisions"}],"predecessor-version":[{"id":596,"href":"https:\/\/www.hsu-hh.de\/polbrd\/wp-json\/wp\/v2\/pages\/586\/revisions\/596"}],"up":[{"embeddable":true,"href":"https:\/\/www.hsu-hh.de\/polbrd\/wp-json\/wp\/v2\/pages\/261"}],"wp:attachment":[{"href":"https:\/\/www.hsu-hh.de\/polbrd\/wp-json\/wp\/v2\/media?parent=586"}],"wp:term":[{"taxonomy":"category","embeddable":true,"href":"https:\/\/www.hsu-hh.de\/polbrd\/wp-json\/wp\/v2\/categories?post=586"},{"taxonomy":"post_tag","embeddable":true,"href":"https:\/\/www.hsu-hh.de\/polbrd\/wp-json\/wp\/v2\/tags?post=586"}],"curies":[{"name":"wp","href":"https:\/\/api.w.org\/{rel}","templated":true}]}}