{"id":189,"date":"2017-10-11T14:19:19","date_gmt":"2017-10-11T12:19:19","guid":{"rendered":"https:\/\/www.hsu-hh.de\/polbrd\/?page_id=189"},"modified":"2026-03-12T11:19:02","modified_gmt":"2026-03-12T10:19:02","slug":"schaeck","status":"publish","type":"page","link":"https:\/\/www.hsu-hh.de\/polbrd\/mitarbeiter-lehrstuhl-professor-lhotta\/schaeck","title":{"rendered":"Dr. Henning Sch\u00e4ckelhoff"},"content":{"rendered":"<h3>Kontakt<\/h3>\n<div class=\"ansprechparter-container\">\n<div class=\"row ansprechpartner-item ansprechparter-header\">\n<div class=\"col-xs-8 col-lg-12\" style=\"margin-bottom: 30px\">\n<h3 class=\"ansprechparter-headline\"><\/h3>\n<\/div>\n<div class=\"col-md-4 col-lg-3 col-xs-4 ansprechpartner-item floatright img-circle center-block\" style=\"margin-bottom: 30px\">\n<div class=\"img-responsive-wrapper\"><a href=\"https:\/\/www.hsu-hh.de\/polbrd\/wp-content\/uploads\/sites\/742\/2024\/10\/Profil_Schaeckelhoff_2.jpg\"><img loading=\"lazy\" decoding=\"async\" class=\"img-circle img-responsive center-block aligncenter wp-image-1762 size-medium\" src=\"https:\/\/www.hsu-hh.de\/polbrd\/wp-content\/uploads\/sites\/742\/2024\/10\/Profil_Schaeckelhoff_2-225x300.jpg\" alt=\"\" width=\"225\" height=\"300\" srcset=\"https:\/\/www.hsu-hh.de\/polbrd\/wp-content\/uploads\/sites\/742\/2024\/10\/Profil_Schaeckelhoff_2-225x300.jpg 225w, https:\/\/www.hsu-hh.de\/polbrd\/wp-content\/uploads\/sites\/742\/2024\/10\/Profil_Schaeckelhoff_2.jpg 432w\" sizes=\"auto, (max-width: 225px) 100vw, 225px\" \/><\/a><\/div>\n<\/div>\n<div class=\"col-md-12 col-lg-3 col-xs-12 ansprechpartner-item kontakt floatright\" style=\"margin-bottom: 30px\">\n<div class=\"row\">\n<div class=\"col-xs-12 col-sm-6 col-lg-12\">\n<div class=\"row\">\n<div class=\"col-xs-12 col-lg-4 row-text bold\">Raum<\/div>\n<div class=\"col-xs-12 col-lg-8 row-text\">2163<\/div>\n<\/div>\n<\/div>\n<div class=\"col-xs-12 col-sm-6 col-lg-12\">\n<div class=\"row\">\n<div class=\"col-xs-12 col-lg-4 row-text bold\">Telefon<\/div>\n<div class=\"col-xs-12 col-lg-8 row-text\">+49-40-6541-2563<\/div>\n<\/div>\n<\/div>\n<div class=\"col-xs-12 col-sm-6 col-lg-12\">\n<div class=\"row\">\n<div class=\"col-xs-12 col-lg-4 row-text bold\">Fax<\/div>\n<div class=\"col-xs-12 col-lg-8 row-text\">+49-40-6541-2834<\/div>\n<\/div>\n<\/div>\n<div class=\"col-xs-12 col-sm-6 col-lg-12\">\n<div class=\"row\">\n<div class=\"col-xs-12 col-md-12 row-text bold\">Email<\/div>\n<div class=\"col-xs-12 col-md-12 row-text\"><a href=\"mailto:schaeckh@hsu-hh.de\" rel='nofollow'>schaeckh[at]hsu-hh.de<\/a><\/div>\n<\/div>\n<\/div>\n<\/div>\n<\/div>\n<div class=\"col-md-6 col-lg-3 col-xs-12 ansprechpartner-item anschrift floatright\">\n<div class=\"row-headline\">Besucheranschrift<\/div>\n<div class=\"row-text\">Helmut-Schmidt-Universit\u00e4t<\/div>\n<div class=\"row-text\">Geb\u00e4ude H1<\/div>\n<div class=\"row-text\">Holstenhofweg 85<\/div>\n<div class=\"row-text\">22043 Hamburg<\/div>\n<\/div>\n<div class=\"col-md-6 col-lg-3 col-xs-12 ansprechpartner-item anschrift floatright\">\n<div class=\"row-headline\">Postanschrift<\/div>\n<div class=\"row-text\">Helmut-Schmidt-Universit\u00e4t<\/div>\n<div class=\"row-text\"><abbr title=\"Wirtschafts- und Sozialwissenschaften\">WiSo<\/abbr>-Fakult\u00e4t<\/div>\n<div class=\"row-text\">Postfach 70 08 22<\/div>\n<div class=\"row-text\">22008 Hamburg<\/div>\n<\/div>\n<\/div>\n<div class=\"clearfix\"><\/div>\n<\/div>\n<h3>Lebenslauf<\/h3>\n<p><strong>M\u00e4rz 2024<\/strong><\/p>\n<p>Promotion zum <abbr title=\"Doktor\">Dr.<\/abbr> phil mit der Dissertation &#8222;Zwischen politischer und rechtlicher Verfassung: Der institutionelle (Selbst-)Findungsprozess des Supreme Court of the United Kingdom und sein Beitrag zur Hybridisierung der britischen Verfassung&#8220;<\/p>\n<p><strong>Seit 2018<\/strong><\/p>\n<p>Wissenschaftlicher Mitarbeiter und Promotionsstudent am Institut f\u00fcr Politikwissenschaft, Lehrstuhl <abbr title=\"Professor\">Prof.<\/abbr> <abbr title=\"Doktor\">Dr.<\/abbr> Roland Lhotta, Helmut Schmidt-Universit\u00e4t\/Universit\u00e4t der Bundeswehr Hamburg.<\/p>\n<p><strong>2017<\/strong><\/p>\n<p>Graduierte Wissenschaftliche Hilfskaft am Institut f\u00fcr Politikwissenschaft, Lehrstuhl <abbr title=\"Professor\">Prof.<\/abbr> <abbr title=\"Doktor\">Dr.<\/abbr> Roland Lhotta, Helmut Schmidt-Universit\u00e4t\/Universit\u00e4t der Bundeswehr Hamburg.<\/p>\n<p>Abschluss des Studiums der Politikwissenschaft an der Universit\u00e4t Hamburg (und an der Universidade de Coimbra) mit einer Masterarbeit zum Thema &#8222;Zur Erkl\u00e4rungskraft von Samuel P. Huntingtons \u00bbClash of Civilizations\u00ab&#8220;<\/p>\n<p><strong>2013<\/strong><\/p>\n<p>Abschluss des Zwei-Fach-Bachelorstudiums der Germanistik und Politikwissenschaft an der Universit\u00e4t M\u00fcnster (und der Universitat Aut\u00f2noma de Barcelona) mit einer Abschlussarbeit im Bereich der Lingustik.<\/p>\n<p><strong>2007<\/strong><\/p>\n<p>Abitur am Gymnasium Wolbeck, M\u00fcnster<\/p>\n<h3>Lehre<\/h3>\n<h3>Aktuelle Veranstaltungen<\/h3>\n<p><strong><abbr title=\"Fr\u00fchjahrstrimester\">FT<\/abbr> 2025<\/strong><\/p>\n<ul>\n<li>Europ\u00e4ische Integration: Politik und Recht im europ\u00e4ischen Mehrebenensystem &#8211; Europ\u00e4ische Integration und Governance, Seminar,\u00a0 Bachelor-Politikwissenschaft<\/li>\n<\/ul>\n<h3>Veranstaltungen &#8211; Archiv<\/h3>\n<p><strong><abbr title=\"Herbsttrimester\">HT<\/abbr> 2024<\/strong><\/p>\n<ul>\n<li>&#8222;Politik im parlamentarischen Bundesstaat: Institutionen, Akteure und Prozesse&#8220;, Seminar, Bachelor-Politikwissenschaft<\/li>\n<\/ul>\n<p><strong><abbr title=\"Fr\u00fchjahrstrimester\">FT<\/abbr> 2024<\/strong><\/p>\n<ul>\n<li>Europ\u00e4ische Integration: Politik und Recht im europ\u00e4ischen Mehrebenensystem &#8211; Europ\u00e4ische Integration und Governance, Seminar,\u00a0 Bachelor-Politikwissenschaft<\/li>\n<li>Betreuung der Praxismodule, Bachelor-Politikwissenschaft<\/li>\n<li>Pers\u00f6nlichkeitsbildungs-Seminar f\u00fcr den Tag der Bundeswehr, in Zusammenarbeit mit <abbr title=\"Professor\">Prof.<\/abbr> <abbr title=\"Doktor\">Dr.<\/abbr> Roland Lhotta<\/li>\n<\/ul>\n<p><strong><abbr title=\"Herbsttrimester\">HT<\/abbr> 2023<\/strong><\/p>\n<ul>\n<li>&#8222;Politik im parlamentarischen Bundesstaat: Institutionen, Akteure und Prozesse&#8220;, 2 Seminare, Bachelor-Politikwissenschaft<\/li>\n<\/ul>\n<p><strong><abbr title=\"Fr\u00fchjahrstrimester\">FT<\/abbr> 2023<\/strong><\/p>\n<ul>\n<li>Europ\u00e4ische Integration in Zeiten der Poly-Krise &#8211; Wie viel Erkl\u00e4rungskraft steckt noch in den Theorien?&#8220;, Seminar,\u00a0 Bachelor-Politikwissenschaft<\/li>\n<li>&#8222;Vergleichende Politikwissenschaft: Vergleichende Politikforschung&#8220;, Seminar, Bachelor-Politikwissenschaft<\/li>\n<li>Betreuung der Praxismodule<\/li>\n<\/ul>\n<p><strong><abbr title=\"Herbsttrimester\">HT<\/abbr> 2022<\/strong><\/p>\n<ul>\n<li>&#8222;Politik im parlamentarischen Bundesstaat: Institutionen, Akteure und Prozesse&#8220;, 2 Seminare, Bachelor-Politikwissenschaft<\/li>\n<\/ul>\n<p><strong><abbr title=\"Fr\u00fchjahrstrimester\">FT<\/abbr> 2022<\/strong><\/p>\n<ul>\n<li>&#8222;Europ\u00e4ische Integration und Governance&#8220;, 2 Seminare, Bachelor-Politikwissenschaft<\/li>\n<li>Betreuung der Praxismodule<\/li>\n<li>Kolloquium BA<\/li>\n<\/ul>\n<p><strong><abbr title=\"Herbsttrimester\">HT<\/abbr> 2021<\/strong><\/p>\n<ul>\n<li>&#8222;Politik im parlamentarischen Bundesstaat: Institutionen, Akteure und Prozesse&#8220;, 2 Seminare, Bachelor-Politikwissenschaft<\/li>\n<\/ul>\n<p><strong><abbr title=\"Fr\u00fchjahrstrimester\">FT<\/abbr> 2021<\/strong><\/p>\n<ul>\n<li>&#8222;Europ\u00e4ische Integration und Governance&#8220;, Seminar, Bachelor-Politikwissenschaft<\/li>\n<\/ul>\n<p><strong><abbr title=\"Herbsttrimester\">HT<\/abbr> 2020<\/strong><\/p>\n<ul>\n<li>&#8222;Politik im parlamentarischen Bundesstaat: Institutionen, Akteure und Prozesse&#8220;, 2 Seminare, Bachelor-Politikwissenschaft<\/li>\n<\/ul>\n<p><strong><abbr title=\"Fr\u00fchjahrstrimester\">FT<\/abbr> 2020<\/strong><\/p>\n<ul>\n<li>Betreuung der Praxismodule<\/li>\n<\/ul>\n<p><strong><abbr title=\"Herbsttrimester\">HT<\/abbr> 2019<\/strong><\/p>\n<ul>\n<li>&#8222;Politik im parlamentarischen Bundesstaat: Institutionen, Akteure und Prozesse&#8220;, 2 Seminare, Bachelor-Politikwissenschaft<\/li>\n<\/ul>\n<p><strong><abbr title=\"Fr\u00fchjahrstrimester\">FT<\/abbr> 2019<\/strong><\/p>\n<ul>\n<li>&#8222;Europ\u00e4ische Integration: Analyse europapolitischer und integrationstheoretischer Fragestellungen&#8220;, 3 \u00dcbungen, Bachelor-Politikwissenschaft<\/li>\n<li>Betreuung der Praxismodule<\/li>\n<\/ul>\n<p><strong><abbr title=\"Herbsttrimester\">HT<\/abbr> 2018<\/strong><\/p>\n<ul>\n<li>&#8222;Das politische System der Bundesrepublik Deutschland: Regieren in der BRD&#8220;, 2 \u00dcbungen, Bachelor-Politikwissenschaft<\/li>\n<\/ul>\n<p><strong><abbr title=\"Fr\u00fchjahrstrimester\">FT<\/abbr> 2018<\/strong><\/p>\n<ul>\n<li>&#8222;Europ\u00e4ische Integration: Analyse europapolitischer und integrationstheoretischer Fragestellungen&#8220;, 2 \u00dcbungen, Bachelor-Politikwissenschaft<\/li>\n<li>Betreuung der Praxismodule<\/li>\n<\/ul>\n<p><strong><abbr title=\"Wintertrimester\">WT<\/abbr> 2018<\/strong><\/p>\n<ul>\n<li>&#8222;Schreibwerkstatt&#8220;, 2 \u00dcbungen, Bachelor-Politikwissenschaft<\/li>\n<\/ul>\n<h3>Publikationen und Vortr\u00e4ge<\/h3>\n<p><strong>Aktuelle Projekte<\/strong><\/p>\n<ul>\n<li>Freies Mandat oder Koalitionsdisziplin. Wem sind die Abgeordneten im Zweifel verpflichtet? &#8211; in Bearbeitung<\/li>\n<li>Wirkmeachnismus kultureller Narrative &#8211; in Bearbeitung<\/li>\n<li>Sezession oder Annexion? Die Problematik der Krim und ein neuer Zugang zu Sezessionsbestrebungen zwischen Legalit\u00e4t und Legitimit\u00e4t &#8211; in Bearbeitung<\/li>\n<li>Staatsziel Gesundheit? Implikationen aus der politischen Reaktion auf die Corona-Krise &#8211; in Bearbeitung<\/li>\n<\/ul>\n<hr \/>\n<p><strong>M\u00e4rz 2026<\/strong><\/p>\n<ul>\n<li>Blog-Beitrag &#8222;<a href=\"_wp_link_placeholder\" data-wplink-edit=\"true\" rel='nofollow'>AfD and the politics extremism classification in Germany<\/a>&#8222;, theLoop, ECPR&#8217;s Political Sciene Blog, 12.03.2026.<\/li>\n<\/ul>\n<p><strong>Juli 2025<\/strong><\/p>\n<ul>\n<li>Vortrag &#8222;Cartel Party Theory in Contemporary German Politics&#8220;, 9th ECPR Parliaments Group Conference, Barcelona, 02.-04.07.2025, Universidad de Barcelona.<\/li>\n<\/ul>\n<p><strong>Mai 2025<\/strong><\/p>\n<ul>\n<li>Vortrag &#8222;D\u00e4mmerung der Mehrheitskoalition. Regieren in Zeiten komplexer Mehrheitsverh\u00e4ltnisse&#8220;, Konferenz der Schader-Stiftung &#8222;Wie wird jetzt regiert?&#8220;, Darmstadt 22.-23.05.2025, Schader-Stiftung.<\/li>\n<li>Vortrag &#8222;Judikative Repr\u00e4sentation&#8220;, Workshop &#8222;Deskriptive Repr\u00e4sentation und ungleiche Rekrutierungschancen f\u00fcr Eliten- und F\u00fchrungspositionen&#8220;, Leipzig 15.-16.05.2025, Elitenmonitor.<\/li>\n<\/ul>\n<p><strong>Jan 2025<\/strong><\/p>\n<ul>\n<li>Sch\u00e4ckelhoff, Henning, <a href=\"https:\/\/www.nomos-elibrary.de\/10.5771\/9783748946090\/zwischen-politischer-und-rechtlicher-verfassung?hitid=04&amp;search-click\" target=\"_blank\" rel=\"noopener\">Zwischen politischer und rechtlicher Verfassung. Hybridisierung der britischen Verfassung durch den UK Supreme Court?<\/a>, 2025, Nomos.<\/li>\n<\/ul>\n<p><strong>Nov 2024<\/strong><\/p>\n<ul>\n<li>Kongressbericht vom 24. DVPW Kongress in G\u00f6ttingen, Klagen in der Krise, 26.09.2024, online unter: <a href=\"https:\/\/www.pw-portal.de\/das-fach-politikwissenschaft\/schlaglichter-vom-dvpw-kongress-2024-politik-und-recht\" target=\"_blank\" rel=\"noopener\">Klagen in der Krise<\/a><\/li>\n<\/ul>\n<p><strong>Sept 2023<\/strong><\/p>\n<ul>\n<li>Vortrag beim ICON-S Works-In-Progress Workshop am ZIV an der Universit\u00e4t Bielefeld zum Thema &#8222;Der UKSC: Institutionelle Identit\u00e4tssuche in Zeiten der &#8218;Global Expansion of Judicial Power'&#8220;.<\/li>\n<\/ul>\n<p><strong>Okt 2022<\/strong><\/p>\n<ul>\n<li>Sch\u00e4ckelhoff, Henning, <a href=\"https:\/\/doi.org\/10.5771\/0340-1758-2022-4-884\" target=\"_blank\" rel=\"noopener\">Koalitionstheorie in der \u00c4ra Merkel<\/a>, in: Zeitschrift f\u00fcr Parlamentsfragen (ZParl), Vol. 53 (4), 2022, S. 884-900.<\/li>\n<\/ul>\n<p><strong>Sept 2019<\/strong><\/p>\n<ul>\n<li>Vortrag an der Westf\u00e4lischen-Wilhelms Universit\u00e4t in M\u00fcnster im Rahmen der Tagung &#8222;Eine Rechtsordnung entsteht &#8230;&#8220; mit dem Titel &#8222;V\u00f6lkerrechtswidrig oder der Wille des Volkes &#8211; Rechtspolitische \u00dcberlegungen zur Eingliederung der Krim in die Russische F\u00f6deration&#8220;<\/li>\n<\/ul>\n<hr \/>\n<p><strong><abbr title=\"Herbsttrimester\">HT<\/abbr> 2017<\/strong><\/p>\n<ul>\n<li>Gastvortrag zum Thema &#8222;Migrationsbewegungen in Zentralamerika&#8220; im interdisziplin\u00e4ren Seminar &#8222;Migration und Fluchtursachen&#8220;<\/li>\n<\/ul>\n<h3>Forschung<\/h3>\n<h3>Forschungsinteresse<\/h3>\n<ul>\n<li>Kulturelle Narrative<\/li>\n<li>Process Tracing<\/li>\n<li>Neo Institutionalism<\/li>\n<li>Europ\u00e4ische W\u00e4hrungspolitik und europ\u00e4ische Institutionen<\/li>\n<li>UK Supreme Court<\/li>\n<li>Common Law Studies<\/li>\n<\/ul>\n<h3>Aktuelle Projekte<\/h3>\n<ul>\n<li>Wirkmechanismen kultureller Narrative in Theorie und Praxis<\/li>\n<li>Europ\u00e4ische (Des-)Integration<\/li>\n<li>Common Law after Brexit<\/li>\n<li>Court Agency and Institutional Change in the UK<\/li>\n<\/ul>\n<h3>Stipendien und Auszeichnungen<\/h3>\n<p><strong><abbr title=\"Herbsttrimester\">HT<\/abbr>2024<\/strong><\/p>\n<p>F\u00f6rderung und Druckkostenzuschuss f\u00fcr die Dissertation in H\u00f6he von 500 \u20ac<\/p>\n<p><strong><abbr title=\"Fr\u00fchjahrstrimester\">FT<\/abbr>2022<\/strong><\/p>\n<p>Lehrpr\u00e4mie f\u00fcr besondere Leistungen in der Lehre (900,- \u20ac)<\/p>\n<p><strong>SoSe 2015<\/strong><\/p>\n<p>Erasmus+ -Stipendium f\u00fcr ein Auslandssemester in Portugal an der Universidade de Coimbra.<\/p>\n<p><strong>WS 2011\/2012<\/strong><\/p>\n<p>Erasmus-Stipendium f\u00fcr ein Auslandssemester in Spanien an der Universitat Aut\u00f2noma de Barcelona<\/p>\n","protected":false},"excerpt":{"rendered":"<p>Kontakt Raum 2163 Telefon +49-40-6541-2563 Fax +49-40-6541-2834 Email schaeckh[at]hsu-hh.de Besucheranschrift Helmut-Schmidt-Universit\u00e4t Geb\u00e4ude H1 Holstenhofweg 85 22043 Hamburg Postanschrift Helmut-Schmidt-Universit\u00e4t WiSo-Fakult\u00e4t Postfach 70 08 22 22008 Hamburg Lebenslauf M\u00e4rz 2024 Promotion [&hellip;]<\/p>\n","protected":false},"author":115,"featured_media":0,"parent":198,"menu_order":0,"comment_status":"closed","ping_status":"closed","template":"","meta":{"footnotes":""},"categories":[8],"tags":[59,61],"class_list":["post-189","page","type-page","status-publish","hentry","category-team","tag-henning","tag-schaeckelhoff"],"_links":{"self":[{"href":"https:\/\/www.hsu-hh.de\/polbrd\/wp-json\/wp\/v2\/pages\/189","targetHints":{"allow":["GET"]}}],"collection":[{"href":"https:\/\/www.hsu-hh.de\/polbrd\/wp-json\/wp\/v2\/pages"}],"about":[{"href":"https:\/\/www.hsu-hh.de\/polbrd\/wp-json\/wp\/v2\/types\/page"}],"author":[{"embeddable":true,"href":"https:\/\/www.hsu-hh.de\/polbrd\/wp-json\/wp\/v2\/users\/115"}],"replies":[{"embeddable":true,"href":"https:\/\/www.hsu-hh.de\/polbrd\/wp-json\/wp\/v2\/comments?post=189"}],"version-history":[{"count":57,"href":"https:\/\/www.hsu-hh.de\/polbrd\/wp-json\/wp\/v2\/pages\/189\/revisions"}],"predecessor-version":[{"id":1887,"href":"https:\/\/www.hsu-hh.de\/polbrd\/wp-json\/wp\/v2\/pages\/189\/revisions\/1887"}],"up":[{"embeddable":true,"href":"https:\/\/www.hsu-hh.de\/polbrd\/wp-json\/wp\/v2\/pages\/198"}],"wp:attachment":[{"href":"https:\/\/www.hsu-hh.de\/polbrd\/wp-json\/wp\/v2\/media?parent=189"}],"wp:term":[{"taxonomy":"category","embeddable":true,"href":"https:\/\/www.hsu-hh.de\/polbrd\/wp-json\/wp\/v2\/categories?post=189"},{"taxonomy":"post_tag","embeddable":true,"href":"https:\/\/www.hsu-hh.de\/polbrd\/wp-json\/wp\/v2\/tags?post=189"}],"curies":[{"name":"wp","href":"https:\/\/api.w.org\/{rel}","templated":true}]}}