{"id":180,"date":"2017-10-11T11:51:23","date_gmt":"2017-10-11T09:51:23","guid":{"rendered":"https:\/\/www.hsu-hh.de\/polbrd\/?page_id=180"},"modified":"2025-04-10T12:57:13","modified_gmt":"2025-04-10T10:57:13","slug":"zucca","status":"publish","type":"page","link":"https:\/\/www.hsu-hh.de\/polbrd\/mitarbeiter-lehrstuhl-professor-lhotta\/zucca","title":{"rendered":"Dr. Sabrina Zucca-Soest"},"content":{"rendered":"<div>\n<h3>Kontakt<\/h3>\n<div class=\"ansprechparter-container\">\n<div class=\"row ansprechpartner-item ansprechparter-header\">\n<div class=\"col-md-4 col-lg-3 col-xs-4 ansprechpartner-item floatright img-circle center-block\" style=\"margin-bottom: 30px\">\n<div class=\"img-responsive-wrapper\">\n<p><a href=\"https:\/\/www.hsu-hh.de\/polbrd\/wp-content\/uploads\/sites\/742\/2025\/03\/Sabrina_Zucca-Soest_klein.jpg\"><img loading=\"lazy\" decoding=\"async\" class=\"img-circle img-responsive center-block  wp-image-1803 size-medium\" src=\"https:\/\/www.hsu-hh.de\/polbrd\/wp-content\/uploads\/sites\/742\/2025\/03\/Sabrina_Zucca-Soest_klein-245x300.jpg\" alt=\"Dr. Sabrina Zucca-Soest\" width=\"245\" height=\"300\" srcset=\"https:\/\/www.hsu-hh.de\/polbrd\/wp-content\/uploads\/sites\/742\/2025\/03\/Sabrina_Zucca-Soest_klein-245x300.jpg 245w, https:\/\/www.hsu-hh.de\/polbrd\/wp-content\/uploads\/sites\/742\/2025\/03\/Sabrina_Zucca-Soest_klein-835x1024.jpg 835w, https:\/\/www.hsu-hh.de\/polbrd\/wp-content\/uploads\/sites\/742\/2025\/03\/Sabrina_Zucca-Soest_klein-768x942.jpg 768w, https:\/\/www.hsu-hh.de\/polbrd\/wp-content\/uploads\/sites\/742\/2025\/03\/Sabrina_Zucca-Soest_klein-1252x1536.jpg 1252w, https:\/\/www.hsu-hh.de\/polbrd\/wp-content\/uploads\/sites\/742\/2025\/03\/Sabrina_Zucca-Soest_klein-1100x1350.jpg 1100w, https:\/\/www.hsu-hh.de\/polbrd\/wp-content\/uploads\/sites\/742\/2025\/03\/Sabrina_Zucca-Soest_klein.jpg 1327w\" sizes=\"auto, (max-width: 245px) 100vw, 245px\" \/><\/a><\/p>\n<\/div>\n<\/div>\n<div class=\"col-md-12 col-lg-3 col-xs-12 ansprechpartner-item kontakt floatright\" style=\"margin-bottom: 30px\">\n<div class=\"row\">\n<div class=\"col-xs-12 col-sm-6 col-lg-12\">\n<div class=\"row\">\n<div class=\"col-xs-12 col-lg-4 row-text bold\">Raum:<\/div>\n<div class=\"col-xs-12 col-lg-8 row-text\">2166<\/div>\n<\/div>\n<\/div>\n<div class=\"col-xs-12 col-sm-6 col-lg-12\">\n<div class=\"row\">\n<div class=\"col-xs-12 col-lg-4 row-text bold\">Telefon:<\/div>\n<div class=\"col-xs-12 col-lg-8 row-text\">+49-40-6541-2923<\/div>\n<\/div>\n<\/div>\n<div class=\"col-xs-12 col-sm-6 col-lg-12\">\n<div class=\"row\">\n<div class=\"col-xs-12 col-lg-4 row-text bold\">Fax:<\/div>\n<div class=\"col-xs-12 col-lg-8 row-text\">+49-40-6541-3370<\/div>\n<\/div>\n<\/div>\n<div class=\"col-xs-12 col-sm-6 col-lg-12\">\n<div class=\"row\">\n<div class=\"col-xs-12 col-md-12 row-text bold\">Email:<\/div>\n<div class=\"col-xs-12 col-md-12 row-text\"><a href=\"mailto:zucca@hsu-hh.de\" rel='nofollow'>zucca[@]hsu-hh.de<\/a><\/div>\n<div><\/div>\n<\/div>\n<\/div>\n<\/div>\n<\/div>\n<div class=\"col-md-6 col-lg-3 col-xs-12 ansprechpartner-item anschrift floatright\">\n<div class=\"row-headline\">Besucheranschrift<\/div>\n<div class=\"row-text\">Helmut-Schmidt-Universit\u00e4t<\/div>\n<div class=\"row-text\">Geb\u00e4ude H1<\/div>\n<div class=\"row-text\">Holstenhofweg 85<\/div>\n<div class=\"row-text\">22043 Hamburg<\/div>\n<\/div>\n<div class=\"col-md-6 col-lg-3 col-xs-12 ansprechpartner-item anschrift floatright\">\n<div class=\"row-headline\">Postanschrift<\/div>\n<div class=\"row-text\">Helmut-Schmidt-Universit\u00e4t<\/div>\n<div class=\"row-text\"><abbr title=\"Wirtschafts- und Sozialwissenschaften\">WiSo<\/abbr>-Fakult\u00e4t<\/div>\n<div class=\"row-text\">Postfach 70 08 22<\/div>\n<div class=\"row-text\">22008 Hamburg<\/div>\n<\/div>\n<\/div>\n<div class=\"clearfix\"><\/div>\n<div><\/div>\n<\/div>\n<\/div>\n<div>\n<div>\n<p>F\u00fcr weitere Informationen besuchen Sie bitte meine Homepage: <a href=\"https:\/\/www.sazuso.net\/\" rel='nofollow'>https:\/\/www.sazuso.net\/<\/a><\/p>\n<\/div>\n<\/div>\n<div>\n<div><\/div>\n<\/div>\n","protected":false},"excerpt":{"rendered":"<p>Kontakt Raum: 2166 Telefon: +49-40-6541-2923 Fax: +49-40-6541-3370 Email: zucca[@]hsu-hh.de Besucheranschrift Helmut-Schmidt-Universit\u00e4t Geb\u00e4ude H1 Holstenhofweg 85 22043 Hamburg Postanschrift Helmut-Schmidt-Universit\u00e4t WiSo-Fakult\u00e4t Postfach 70 08 22 22008 Hamburg F\u00fcr weitere Informationen besuchen [&hellip;]<\/p>\n","protected":false},"author":115,"featured_media":0,"parent":198,"menu_order":0,"comment_status":"closed","ping_status":"closed","template":"","meta":{"footnotes":""},"categories":[8],"tags":[51,55,53,57],"class_list":["post-180","page","type-page","status-publish","hentry","category-team","tag-sabrina","tag-soest","tag-zucca","tag-zucca-soest"],"_links":{"self":[{"href":"https:\/\/www.hsu-hh.de\/polbrd\/wp-json\/wp\/v2\/pages\/180","targetHints":{"allow":["GET"]}}],"collection":[{"href":"https:\/\/www.hsu-hh.de\/polbrd\/wp-json\/wp\/v2\/pages"}],"about":[{"href":"https:\/\/www.hsu-hh.de\/polbrd\/wp-json\/wp\/v2\/types\/page"}],"author":[{"embeddable":true,"href":"https:\/\/www.hsu-hh.de\/polbrd\/wp-json\/wp\/v2\/users\/115"}],"replies":[{"embeddable":true,"href":"https:\/\/www.hsu-hh.de\/polbrd\/wp-json\/wp\/v2\/comments?post=180"}],"version-history":[{"count":149,"href":"https:\/\/www.hsu-hh.de\/polbrd\/wp-json\/wp\/v2\/pages\/180\/revisions"}],"predecessor-version":[{"id":1822,"href":"https:\/\/www.hsu-hh.de\/polbrd\/wp-json\/wp\/v2\/pages\/180\/revisions\/1822"}],"up":[{"embeddable":true,"href":"https:\/\/www.hsu-hh.de\/polbrd\/wp-json\/wp\/v2\/pages\/198"}],"wp:attachment":[{"href":"https:\/\/www.hsu-hh.de\/polbrd\/wp-json\/wp\/v2\/media?parent=180"}],"wp:term":[{"taxonomy":"category","embeddable":true,"href":"https:\/\/www.hsu-hh.de\/polbrd\/wp-json\/wp\/v2\/categories?post=180"},{"taxonomy":"post_tag","embeddable":true,"href":"https:\/\/www.hsu-hh.de\/polbrd\/wp-json\/wp\/v2\/tags?post=180"}],"curies":[{"name":"wp","href":"https:\/\/api.w.org\/{rel}","templated":true}]}}