{"id":1681,"date":"2024-04-15T09:09:04","date_gmt":"2024-04-15T07:09:04","guid":{"rendered":"https:\/\/www.hsu-hh.de\/polbrd\/?page_id=1681"},"modified":"2024-09-20T13:22:12","modified_gmt":"2024-09-20T11:22:12","slug":"luise-rothe-profil-2","status":"publish","type":"page","link":"https:\/\/www.hsu-hh.de\/polbrd\/mitarbeiter-lehrstuhl-professor-lhotta\/luise-rothe-profil-2","title":{"rendered":"Luise Rothe"},"content":{"rendered":"<div class=\"clearfix\">\u00a0<\/div>\n<div class=\"ansprechparter-container\">\n<div class=\"row ansprechpartner-item ansprechparter-header\">\n<div class=\"col-xs-8 col-lg-12\" style=\"margin-bottom: 30px\">\n<h3 class=\"ansprechparter-headline\">\u00a0<\/h3>\n<div class=\"mobile-small\">\u00a0<\/div>\n<\/div>\n<div class=\"col-md-4 col-lg-3 col-xs-4 ansprechpartner-item floatright img-circle center-block\" style=\"margin-bottom: 30px\">\n<div class=\"img-responsive-wrapper\">\n<p><a href=\"https:\/\/www.hsu-hh.de\/polbrd\/wp-content\/uploads\/sites\/742\/2024\/04\/Luise-Rothe-Profil.jpg\"><img loading=\"lazy\" decoding=\"async\" class=\"img-circle img-responsive center-block aligncenter wp-image-1680 \" src=\"https:\/\/www.hsu-hh.de\/polbrd\/wp-content\/uploads\/sites\/742\/2024\/04\/Luise-Rothe-Profil-277x300.jpg\" alt=\"\" width=\"167\" height=\"181\" data-credit=\"Erik Neugebauer\" srcset=\"https:\/\/www.hsu-hh.de\/polbrd\/wp-content\/uploads\/sites\/742\/2024\/04\/Luise-Rothe-Profil-277x300.jpg 277w, https:\/\/www.hsu-hh.de\/polbrd\/wp-content\/uploads\/sites\/742\/2024\/04\/Luise-Rothe-Profil-946x1024.jpg 946w, https:\/\/www.hsu-hh.de\/polbrd\/wp-content\/uploads\/sites\/742\/2024\/04\/Luise-Rothe-Profil-768x831.jpg 768w, https:\/\/www.hsu-hh.de\/polbrd\/wp-content\/uploads\/sites\/742\/2024\/04\/Luise-Rothe-Profil-1419x1536.jpg 1419w, https:\/\/www.hsu-hh.de\/polbrd\/wp-content\/uploads\/sites\/742\/2024\/04\/Luise-Rothe-Profil-1892x2048.jpg 1892w, https:\/\/www.hsu-hh.de\/polbrd\/wp-content\/uploads\/sites\/742\/2024\/04\/Luise-Rothe-Profil-1100x1191.jpg 1100w\" sizes=\"auto, (max-width: 167px) 100vw, 167px\" \/><\/a><\/p>\n<\/div>\n<\/div>\n<div class=\"col-md-12 col-lg-3 col-xs-12 ansprechpartner-item kontakt floatright\" style=\"margin-bottom: 30px\">\n<div class=\"row\">\n<div class=\"col-xs-12 col-sm-6 col-lg-12\">\n<div class=\"row\">\n<div class=\"col-xs-12 col-lg-4 row-text bold\">Raum:<\/div>\n<\/div>\n<\/div>\n<div class=\"col-xs-12 col-sm-6 col-lg-12\">\n<div class=\"row\">\n<div class=\"col-xs-12 col-lg-4 row-text bold\">Telefon:<\/div>\n<\/div>\n<\/div>\n<div class=\"col-xs-12 col-sm-6 col-lg-12\">\n<div class=\"row\">\n<div class=\"col-xs-12 col-lg-4 row-text bold\">Fax:<\/div>\n<\/div>\n<\/div>\n<div class=\"col-xs-12 col-sm-6 col-lg-12\">\n<div class=\"row\">\n<div class=\"col-xs-12 col-md-12 row-text bold\">E-Mail:<\/div>\n<div class=\"col-xs-12 col-md-12 row-text\"><a href=\"mailto:Luise.Rothe@hsu-hh.de\" rel='nofollow'>luise.rothe@hsu-hh.de<\/a><\/div>\n<\/div>\n<\/div>\n<\/div>\n<\/div>\n<div class=\"col-md-6 col-lg-3 col-xs-12 ansprechpartner-item anschrift floatright\">\n<div class=\"row-headline\">Besucheranschrift<\/div>\n<div class=\"row-text\">Helmut-Schmidt-Universit\u00e4t<\/div>\n<div class=\"row-text\">Geb\u00e4ude H1<\/div>\n<div class=\"row-text\">Holstenhofweg 85<\/div>\n<div class=\"row-text\">22043 Hamburg<\/div>\n<\/div>\n<div class=\"col-md-6 col-lg-3 col-xs-12 ansprechpartner-item anschrift floatright\">\n<div class=\"row-headline\">Postanschrift<\/div>\n<div class=\"row-text\">Helmut-Schmidt-Universit\u00e4t<\/div>\n<div class=\"row-text\"><abbr title=\"Wirtschafts- und Sozialwissenschaften\">WiSo<\/abbr>-Fakult\u00e4t<\/div>\n<div class=\"row-text\">Postfach 70 08 22<\/div>\n<div class=\"row-text\">22008 Hamburg<\/div>\n<\/div>\n<\/div>\n<\/div>\n<div class=\"clearfix\">\u00a0<\/div>\n\n\n<p><\/p>\n\n\n\n<p><\/p>\n","protected":false},"excerpt":{"rendered":"<p>\u00a0 \u00a0 \u00a0 Raum: Telefon: Fax: E-Mail: luise.rothe@hsu-hh.de Besucheranschrift Helmut-Schmidt-Universit\u00e4t Geb\u00e4ude H1 Holstenhofweg 85 22043 Hamburg Postanschrift Helmut-Schmidt-Universit\u00e4t WiSo-Fakult\u00e4t Postfach 70 08 22 22008 Hamburg \u00a0<\/p>\n","protected":false},"author":115,"featured_media":0,"parent":198,"menu_order":0,"comment_status":"closed","ping_status":"closed","template":"","meta":{"footnotes":""},"categories":[8],"tags":[],"class_list":["post-1681","page","type-page","status-publish","hentry","category-team"],"_links":{"self":[{"href":"https:\/\/www.hsu-hh.de\/polbrd\/wp-json\/wp\/v2\/pages\/1681","targetHints":{"allow":["GET"]}}],"collection":[{"href":"https:\/\/www.hsu-hh.de\/polbrd\/wp-json\/wp\/v2\/pages"}],"about":[{"href":"https:\/\/www.hsu-hh.de\/polbrd\/wp-json\/wp\/v2\/types\/page"}],"author":[{"embeddable":true,"href":"https:\/\/www.hsu-hh.de\/polbrd\/wp-json\/wp\/v2\/users\/115"}],"replies":[{"embeddable":true,"href":"https:\/\/www.hsu-hh.de\/polbrd\/wp-json\/wp\/v2\/comments?post=1681"}],"version-history":[{"count":3,"href":"https:\/\/www.hsu-hh.de\/polbrd\/wp-json\/wp\/v2\/pages\/1681\/revisions"}],"predecessor-version":[{"id":1740,"href":"https:\/\/www.hsu-hh.de\/polbrd\/wp-json\/wp\/v2\/pages\/1681\/revisions\/1740"}],"up":[{"embeddable":true,"href":"https:\/\/www.hsu-hh.de\/polbrd\/wp-json\/wp\/v2\/pages\/198"}],"wp:attachment":[{"href":"https:\/\/www.hsu-hh.de\/polbrd\/wp-json\/wp\/v2\/media?parent=1681"}],"wp:term":[{"taxonomy":"category","embeddable":true,"href":"https:\/\/www.hsu-hh.de\/polbrd\/wp-json\/wp\/v2\/categories?post=1681"},{"taxonomy":"post_tag","embeddable":true,"href":"https:\/\/www.hsu-hh.de\/polbrd\/wp-json\/wp\/v2\/tags?post=1681"}],"curies":[{"name":"wp","href":"https:\/\/api.w.org\/{rel}","templated":true}]}}