{"id":154,"date":"2017-10-11T11:46:24","date_gmt":"2017-10-11T09:46:24","guid":{"rendered":"https:\/\/www.hsu-hh.de\/polbrd\/?page_id=154"},"modified":"2017-10-11T11:46:24","modified_gmt":"2017-10-11T09:46:24","slug":"lebenslauf-lhotta","status":"publish","type":"page","link":"https:\/\/www.hsu-hh.de\/polbrd\/lebenslauf-lhotta","title":{"rendered":"Lebenslauf Lhotta"},"content":{"rendered":"<div class=\"content-block3\">\n<p style=\"text-align: right\">1981<\/p>\n<p style=\"text-align: right\">1987<\/p>\n<p style=\"text-align: right\">\n<p style=\"text-align: right\">\n<p style=\"text-align: right\">\n<p style=\"text-align: right\">1988<\/p>\n<\/div>\n<div class=\"content-block3\">\n<p>Allgemeine Hochschulreife in Ratingen<\/p>\n<p>Studium der Politikwissenschaft, Soziologie und Germanistik an der HHU D\u00fcsseldorf; Nebenstudium der Rechtswissenschaften an der Universit\u00e4t K\u00f6ln<\/p>\n<p>Magister Artium (HHU D\u00fcsseldorf)<\/p>\n<p>Wissenschaftlicher Mitarbeiter an der HHU D\u00fcsseldorf<br \/>\n(Lehrstuhl Prof. <abbr title=\"Doktor\">Dr.<\/abbr> Hans Boldt)<\/p>\n<\/div>\n","protected":false},"excerpt":{"rendered":"<p>1981 1987 1988 Allgemeine Hochschulreife in Ratingen Studium der Politikwissenschaft, Soziologie und Germanistik an der HHU D\u00fcsseldorf; Nebenstudium der Rechtswissenschaften an der Universit\u00e4t K\u00f6ln Magister Artium (HHU D\u00fcsseldorf) Wissenschaftlicher Mitarbeiter [&hellip;]<\/p>\n","protected":false},"author":115,"featured_media":0,"parent":0,"menu_order":0,"comment_status":"closed","ping_status":"closed","template":"","meta":{"footnotes":""},"categories":[],"tags":[],"class_list":["post-154","page","type-page","status-publish","hentry"],"_links":{"self":[{"href":"https:\/\/www.hsu-hh.de\/polbrd\/wp-json\/wp\/v2\/pages\/154","targetHints":{"allow":["GET"]}}],"collection":[{"href":"https:\/\/www.hsu-hh.de\/polbrd\/wp-json\/wp\/v2\/pages"}],"about":[{"href":"https:\/\/www.hsu-hh.de\/polbrd\/wp-json\/wp\/v2\/types\/page"}],"author":[{"embeddable":true,"href":"https:\/\/www.hsu-hh.de\/polbrd\/wp-json\/wp\/v2\/users\/115"}],"replies":[{"embeddable":true,"href":"https:\/\/www.hsu-hh.de\/polbrd\/wp-json\/wp\/v2\/comments?post=154"}],"version-history":[{"count":24,"href":"https:\/\/www.hsu-hh.de\/polbrd\/wp-json\/wp\/v2\/pages\/154\/revisions"}],"predecessor-version":[{"id":178,"href":"https:\/\/www.hsu-hh.de\/polbrd\/wp-json\/wp\/v2\/pages\/154\/revisions\/178"}],"wp:attachment":[{"href":"https:\/\/www.hsu-hh.de\/polbrd\/wp-json\/wp\/v2\/media?parent=154"}],"wp:term":[{"taxonomy":"category","embeddable":true,"href":"https:\/\/www.hsu-hh.de\/polbrd\/wp-json\/wp\/v2\/categories?post=154"},{"taxonomy":"post_tag","embeddable":true,"href":"https:\/\/www.hsu-hh.de\/polbrd\/wp-json\/wp\/v2\/tags?post=154"}],"curies":[{"name":"wp","href":"https:\/\/api.w.org\/{rel}","templated":true}]}}