{"id":944,"date":"2017-10-12T13:34:31","date_gmt":"2017-10-12T11:34:31","guid":{"rendered":"https:\/\/www.hsu-hh.de\/pfs\/?page_id=944"},"modified":"2022-09-27T13:00:38","modified_gmt":"2022-09-27T11:00:38","slug":"externe-doktoranden","status":"publish","type":"page","link":"https:\/\/www.hsu-hh.de\/pfs\/externe-doktoranden","title":{"rendered":"Externe Doktorand(inn)en"},"content":{"rendered":"\n<div class=\"wp-block-media-text alignwide is-stacked-on-mobile is-vertically-aligned-center\" style=\"grid-template-columns:21% auto\"><figure class=\"wp-block-media-text__media\"><img loading=\"lazy\" decoding=\"async\" width=\"768\" height=\"1024\" src=\"https:\/\/www.hsu-hh.de\/pfs\/wp-content\/uploads\/sites\/564\/2018\/07\/Brandon-Lobo-768x1024.jpg\" data-credit=\"Brandon Lobo\" alt=\"Brandon Lobo\" class=\"wp-image-1612 size-full\" srcset=\"https:\/\/www.hsu-hh.de\/pfs\/wp-content\/uploads\/sites\/564\/2018\/07\/Brandon-Lobo-768x1024.jpg 768w, https:\/\/www.hsu-hh.de\/pfs\/wp-content\/uploads\/sites\/564\/2018\/07\/Brandon-Lobo-225x300.jpg 225w, https:\/\/www.hsu-hh.de\/pfs\/wp-content\/uploads\/sites\/564\/2018\/07\/Brandon-Lobo.jpg 1500w\" sizes=\"auto, (max-width: 768px) 100vw, 768px\" \/><\/figure><div class=\"wp-block-media-text__content\">\n<h3 class=\"wp-block-heading\"><abbr title=\"Master of Science\">M.Sc.<\/abbr> Brandon Arthur Lobo<\/h3>\n\n\n\n<p><strong>Postanschrift: <\/strong>FH Kiel<br><strong>Besuchsanschrift : <\/strong>Grenzstrasse 3 \/ 24149 Kiel<strong><br>Telefon: <\/strong>0431 \/ 210 2610<strong><br>E-Mail:<\/strong> brandon.a.lobo@fh-kiel.de<br><strong>Projekt:<\/strong> Optimierung von aerodynamischen Profilen f\u00fcr Windturbinenfl\u00fcgel mittels numerischer Simulation bei nat\u00fcrlicher Einstr\u00f6mturbulenz.<br>Gef\u00f6rdert \u00fcber EKSH-Promotionsstipendium Energie und Klimaschutz (Gesellschaft f\u00fcr Energie und Klimaschutz Schleswig-Holstein <abbr title=\"Gesellschaft mit beschr\u00e4nkter Haftung\">GmbH<\/abbr>)<br>Kooperation mit FH Kiel, <abbr title=\"Professor\">Prof.<\/abbr> <abbr title=\"Doktor\">Dr.<\/abbr> <abbr title=\"rerum\">rer.<\/abbr> nat. Alois Schaffarczyk.<\/p>\n<\/div><\/div>\n\n\n\n<div style=\"height:30px\" aria-hidden=\"true\" class=\"wp-block-spacer\"><\/div>\n\n\n\n<div style=\"height:30px\" aria-hidden=\"true\" class=\"wp-block-spacer\"><\/div>\n\n\n\n<div class=\"wp-block-media-text alignwide is-stacked-on-mobile is-vertically-aligned-center\" style=\"grid-template-columns:21% auto\"><figure class=\"wp-block-media-text__media\"><img loading=\"lazy\" decoding=\"async\" width=\"683\" height=\"1024\" src=\"https:\/\/www.hsu-hh.de\/pfs\/wp-content\/uploads\/sites\/564\/2020\/11\/sebastian_michalski-683x1024.jpg\" data-credit=\"Sebastian Michalski\" alt=\"Sebastian Michalski\" class=\"wp-image-2002 size-full\" srcset=\"https:\/\/www.hsu-hh.de\/pfs\/wp-content\/uploads\/sites\/564\/2020\/11\/sebastian_michalski-683x1024.jpg 683w, https:\/\/www.hsu-hh.de\/pfs\/wp-content\/uploads\/sites\/564\/2020\/11\/sebastian_michalski-200x300.jpg 200w, https:\/\/www.hsu-hh.de\/pfs\/wp-content\/uploads\/sites\/564\/2020\/11\/sebastian_michalski-768x1152.jpg 768w, https:\/\/www.hsu-hh.de\/pfs\/wp-content\/uploads\/sites\/564\/2020\/11\/sebastian_michalski-1024x1536.jpg 1024w, https:\/\/www.hsu-hh.de\/pfs\/wp-content\/uploads\/sites\/564\/2020\/11\/sebastian_michalski-1366x2048.jpg 1366w, https:\/\/www.hsu-hh.de\/pfs\/wp-content\/uploads\/sites\/564\/2020\/11\/sebastian_michalski-1100x1650.jpg 1100w, https:\/\/www.hsu-hh.de\/pfs\/wp-content\/uploads\/sites\/564\/2020\/11\/sebastian_michalski-scaled.jpg 1707w\" sizes=\"auto, (max-width: 683px) 100vw, 683px\" \/><\/figure><div class=\"wp-block-media-text__content\">\n<h3 class=\"wp-block-heading\"><abbr title=\"Master of Science\">M.Sc.<\/abbr> Sebastian Michalski<\/h3>\n\n\n\n<p class=\"has-text-align-left\"><strong>Postanschrift:<\/strong> Deutsch-Franz\u00f6sisches Forschungsinstitut Saint-Louis (ISL) \/ Postfach 1260 \/ 79547 Weil am Rhein \/ Deutschland<br><strong>Besuchsanschrift<\/strong> : 5 rue du G\u00e9n\u00e9ral Cassagnou \/ 68300 Saint-Louis \/ Frankreich<br><strong>Telefon:<\/strong> +33 (0)3 89 69 57 10<br><strong>E-Mail:<\/strong> sebastian.michalski@isl.eu<br><strong>Project:<\/strong> Aerodynamic and Aerothermal Heating Behavior of a Hypersonic Projectile \u2013 Experimental and Numerical Investigation<br><strong>Projekt:<\/strong> Aerodynamisches und aerothermales Aufheizungsverhalten eines hypersonischen Projektils \u2013 Numerische und experimentelle Untersuchung<\/p>\n<\/div><\/div>\n\n\n\n<div style=\"height:30px\" aria-hidden=\"true\" class=\"wp-block-spacer\"><\/div>\n\n\n\n<div style=\"height:30px\" aria-hidden=\"true\" class=\"wp-block-spacer\"><\/div>\n","protected":false},"excerpt":{"rendered":"<p>M.Sc. Brandon Arthur Lobo Postanschrift: FH KielBesuchsanschrift : Grenzstrasse 3 \/ 24149 KielTelefon: 0431 \/ 210 2610E-Mail: brandon.a.lobo@fh-kiel.deProjekt: Optimierung von aerodynamischen Profilen f\u00fcr Windturbinenfl\u00fcgel mittels numerischer Simulation bei nat\u00fcrlicher Einstr\u00f6mturbulenz.Gef\u00f6rdert [&hellip;]<\/p>\n","protected":false},"author":50,"featured_media":0,"parent":0,"menu_order":0,"comment_status":"closed","ping_status":"closed","template":"","meta":{"footnotes":""},"categories":[8],"tags":[],"class_list":["post-944","page","type-page","status-publish","hentry","category-team"],"_links":{"self":[{"href":"https:\/\/www.hsu-hh.de\/pfs\/wp-json\/wp\/v2\/pages\/944","targetHints":{"allow":["GET"]}}],"collection":[{"href":"https:\/\/www.hsu-hh.de\/pfs\/wp-json\/wp\/v2\/pages"}],"about":[{"href":"https:\/\/www.hsu-hh.de\/pfs\/wp-json\/wp\/v2\/types\/page"}],"author":[{"embeddable":true,"href":"https:\/\/www.hsu-hh.de\/pfs\/wp-json\/wp\/v2\/users\/50"}],"replies":[{"embeddable":true,"href":"https:\/\/www.hsu-hh.de\/pfs\/wp-json\/wp\/v2\/comments?post=944"}],"version-history":[{"count":47,"href":"https:\/\/www.hsu-hh.de\/pfs\/wp-json\/wp\/v2\/pages\/944\/revisions"}],"predecessor-version":[{"id":3224,"href":"https:\/\/www.hsu-hh.de\/pfs\/wp-json\/wp\/v2\/pages\/944\/revisions\/3224"}],"wp:attachment":[{"href":"https:\/\/www.hsu-hh.de\/pfs\/wp-json\/wp\/v2\/media?parent=944"}],"wp:term":[{"taxonomy":"category","embeddable":true,"href":"https:\/\/www.hsu-hh.de\/pfs\/wp-json\/wp\/v2\/categories?post=944"},{"taxonomy":"post_tag","embeddable":true,"href":"https:\/\/www.hsu-hh.de\/pfs\/wp-json\/wp\/v2\/tags?post=944"}],"curies":[{"name":"wp","href":"https:\/\/api.w.org\/{rel}","templated":true}]}}