{"id":928,"date":"2017-10-12T10:12:04","date_gmt":"2017-10-12T08:12:04","guid":{"rendered":"https:\/\/www.hsu-hh.de\/pfs\/?page_id=928"},"modified":"2017-10-14T11:56:30","modified_gmt":"2017-10-14T09:56:30","slug":"alexandra-harless","status":"publish","type":"page","link":"https:\/\/www.hsu-hh.de\/pfs\/wmaalt\/alexandra-harless","title":{"rendered":"Alexandra Harle\u00df"},"content":{"rendered":"<p><img loading=\"lazy\" decoding=\"async\" class=\"wp-image-931 size-full\" src=\"https:\/\/www.hsu-hh.de\/pfs\/wp-content\/uploads\/sites\/564\/2017\/10\/alexandra_harless.jpg\" alt=\"Alexandra Harle\u00df\" width=\"100\" height=\"146\" \/><\/p>\n<p>Promoviert am 17.02.2017<\/p>\n<p>Titel der Dissertation<br \/>\n<a href=\"http:\/\/edoc.sub.uni-hamburg.de\/hsu\/volltexte\/2017\/3154\/\" rel='nofollow'>Steigerung der Energie- und Kosteneffizienz bei der Abw\u00e4rmenutzung durch Optimierung von Strukturrohren in Rohrb\u00fcndelw\u00e4rme\u00fcbertragern<\/a><\/p>\n<p>Kontakt: alexandra.harless@siemens.com<\/p>\n<p>&nbsp;<\/p>\n<script>\tvar sosereDefaults = {\"allowfullscreen\":true,\"fit\":\"contain\",\"transition\":\"crossfade\",\"loop\":true,\"autoplay\":\"3000\",\"stopautoplayontouch\":true,\"keyboard\":true,\"nav\":\"thumbs\"}<\/script><div class='sosere--wp' data-ids='937,938,940,939,936,941,934,935'data-link='file'data-itemtag='dl'data-icontag='dt'data-captiontag='dd'data-columns='0'data-size='large'data-width='1024'data-auto='false'data-max-width='100%'data-ratio='1.4992679355783'><div id='gallery-1' class='gallery galleryid-928 gallery-columns-0 gallery-size-thumbnail'><dl class='gallery-item'>\n\t\t\t<dt class='gallery-icon landscape'>\n\t\t\t\t<a href='https:\/\/www.hsu-hh.de\/pfs\/wp-content\/uploads\/sites\/564\/2017\/10\/harless_pro_04-1024x683.jpg' data-full='https:\/\/www.hsu-hh.de\/pfs\/wp-content\/uploads\/sites\/564\/2017\/10\/harless_pro_04.jpg' data-credit=\"\"><img loading=\"lazy\" decoding=\"async\" width=\"150\" height=\"150\" src=\"https:\/\/www.hsu-hh.de\/pfs\/wp-content\/uploads\/sites\/564\/2017\/10\/harless_pro_04-150x150.jpg\" class=\"attachment-thumbnail size-thumbnail\" alt=\"Promotionskomitee\" aria-describedby=\"gallery-1-937\" srcset=\"https:\/\/www.hsu-hh.de\/pfs\/wp-content\/uploads\/sites\/564\/2017\/10\/harless_pro_04-150x150.jpg 150w, https:\/\/www.hsu-hh.de\/pfs\/wp-content\/uploads\/sites\/564\/2017\/10\/harless_pro_04-100x100.jpg 100w\" sizes=\"auto, (max-width: 150px) 100vw, 150px\" \/><\/a>\n\t\t\t<\/dt>\n\t\t\t\t<dd class='wp-caption-text gallery-caption' id='gallery-1-937'>\n\t\t\t\tPromotionskomitee von Frau Harle\u00df\n(v.l.n.r Herr Breuer, Frau Harle\u00df, Herr Franz, Herr Bause)\n\t\t\t\t<\/dd><\/dl><dl class='gallery-item'>\n\t\t\t<dt class='gallery-icon portrait'>\n\t\t\t\t<a href='https:\/\/www.hsu-hh.de\/pfs\/wp-content\/uploads\/sites\/564\/2017\/10\/harless_pro_03-768x1024.jpg' data-full='https:\/\/www.hsu-hh.de\/pfs\/wp-content\/uploads\/sites\/564\/2017\/10\/harless_pro_03.jpg' data-credit=\"\"><img loading=\"lazy\" decoding=\"async\" width=\"150\" height=\"150\" src=\"https:\/\/www.hsu-hh.de\/pfs\/wp-content\/uploads\/sites\/564\/2017\/10\/harless_pro_03-150x150.jpg\" class=\"attachment-thumbnail size-thumbnail\" alt=\"Herr Professor Franz, N\u00fcrnberg mit Doktorhut Frau Harle\u00df\" aria-describedby=\"gallery-1-938\" srcset=\"https:\/\/www.hsu-hh.de\/pfs\/wp-content\/uploads\/sites\/564\/2017\/10\/harless_pro_03-150x150.jpg 150w, https:\/\/www.hsu-hh.de\/pfs\/wp-content\/uploads\/sites\/564\/2017\/10\/harless_pro_03-100x100.jpg 100w\" sizes=\"auto, (max-width: 150px) 100vw, 150px\" \/><\/a>\n\t\t\t<\/dt>\n\t\t\t\t<dd class='wp-caption-text gallery-caption' id='gallery-1-938'>\n\t\t\t\tHerr Professor Franz, N\u00fcrnberg mit Doktorhut Frau Harle\u00df\n\t\t\t\t<\/dd><\/dl><dl class='gallery-item'>\n\t\t\t<dt class='gallery-icon landscape'>\n\t\t\t\t<a href='https:\/\/www.hsu-hh.de\/pfs\/wp-content\/uploads\/sites\/564\/2017\/10\/harless_pro_01-1024x683.jpg' data-full='https:\/\/www.hsu-hh.de\/pfs\/wp-content\/uploads\/sites\/564\/2017\/10\/harless_pro_01.jpg' data-credit=\"\"><img loading=\"lazy\" decoding=\"async\" width=\"150\" height=\"150\" src=\"https:\/\/www.hsu-hh.de\/pfs\/wp-content\/uploads\/sites\/564\/2017\/10\/harless_pro_01-150x150.jpg\" class=\"attachment-thumbnail size-thumbnail\" alt=\"Frau Harle\u00df mit Doktorhut\" aria-describedby=\"gallery-1-940\" srcset=\"https:\/\/www.hsu-hh.de\/pfs\/wp-content\/uploads\/sites\/564\/2017\/10\/harless_pro_01-150x150.jpg 150w, https:\/\/www.hsu-hh.de\/pfs\/wp-content\/uploads\/sites\/564\/2017\/10\/harless_pro_01-100x100.jpg 100w\" sizes=\"auto, (max-width: 150px) 100vw, 150px\" \/><\/a>\n\t\t\t<\/dt>\n\t\t\t\t<dd class='wp-caption-text gallery-caption' id='gallery-1-940'>\n\t\t\t\tDoktorhutportrait Frau Harle\u00df\n\t\t\t\t<\/dd><\/dl><dl class='gallery-item'>\n\t\t\t<dt class='gallery-icon landscape'>\n\t\t\t\t<a href='https:\/\/www.hsu-hh.de\/pfs\/wp-content\/uploads\/sites\/564\/2017\/10\/harless_pro_02-1024x683.jpg' data-full='https:\/\/www.hsu-hh.de\/pfs\/wp-content\/uploads\/sites\/564\/2017\/10\/harless_pro_02.jpg' data-credit=\"\"><img loading=\"lazy\" decoding=\"async\" width=\"150\" height=\"150\" src=\"https:\/\/www.hsu-hh.de\/pfs\/wp-content\/uploads\/sites\/564\/2017\/10\/harless_pro_02-150x150.jpg\" class=\"attachment-thumbnail size-thumbnail\" alt=\"Frau Harle\u00df mit Doktorhut\" aria-describedby=\"gallery-1-939\" srcset=\"https:\/\/www.hsu-hh.de\/pfs\/wp-content\/uploads\/sites\/564\/2017\/10\/harless_pro_02-150x150.jpg 150w, https:\/\/www.hsu-hh.de\/pfs\/wp-content\/uploads\/sites\/564\/2017\/10\/harless_pro_02-100x100.jpg 100w\" sizes=\"auto, (max-width: 150px) 100vw, 150px\" \/><\/a>\n\t\t\t<\/dt>\n\t\t\t\t<dd class='wp-caption-text gallery-caption' id='gallery-1-939'>\n\t\t\t\tFrau Harle\u00df mit Doktorhut\n\t\t\t\t<\/dd><\/dl><dl class='gallery-item'>\n\t\t\t<dt class='gallery-icon landscape'>\n\t\t\t\t<a href='https:\/\/www.hsu-hh.de\/pfs\/wp-content\/uploads\/sites\/564\/2017\/10\/harless_pro_05-1024x683.jpg' data-full='https:\/\/www.hsu-hh.de\/pfs\/wp-content\/uploads\/sites\/564\/2017\/10\/harless_pro_05.jpg' data-credit=\"\"><img loading=\"lazy\" decoding=\"async\" width=\"150\" height=\"150\" src=\"https:\/\/www.hsu-hh.de\/pfs\/wp-content\/uploads\/sites\/564\/2017\/10\/harless_pro_05-150x150.jpg\" class=\"attachment-thumbnail size-thumbnail\" alt=\"Frau Dr. Harle\u00df mit Partner\" aria-describedby=\"gallery-1-936\" srcset=\"https:\/\/www.hsu-hh.de\/pfs\/wp-content\/uploads\/sites\/564\/2017\/10\/harless_pro_05-150x150.jpg 150w, https:\/\/www.hsu-hh.de\/pfs\/wp-content\/uploads\/sites\/564\/2017\/10\/harless_pro_05-100x100.jpg 100w\" sizes=\"auto, (max-width: 150px) 100vw, 150px\" \/><\/a>\n\t\t\t<\/dt>\n\t\t\t\t<dd class='wp-caption-text gallery-caption' id='gallery-1-936'>\n\t\t\t\tFrau Dr. Harle\u00df mit Partner\n\t\t\t\t<\/dd><\/dl><dl class='gallery-item'>\n\t\t\t<dt class='gallery-icon landscape'>\n\t\t\t\t<a href='https:\/\/www.hsu-hh.de\/pfs\/wp-content\/uploads\/sites\/564\/2017\/10\/harless_pro_08-1024x768.jpg' data-full='https:\/\/www.hsu-hh.de\/pfs\/wp-content\/uploads\/sites\/564\/2017\/10\/harless_pro_08.jpg' data-credit=\"\"><img loading=\"lazy\" decoding=\"async\" width=\"150\" height=\"150\" src=\"https:\/\/www.hsu-hh.de\/pfs\/wp-content\/uploads\/sites\/564\/2017\/10\/harless_pro_08-150x150.jpg\" class=\"attachment-thumbnail size-thumbnail\" alt=\"Umtrunk Harless\" aria-describedby=\"gallery-1-941\" srcset=\"https:\/\/www.hsu-hh.de\/pfs\/wp-content\/uploads\/sites\/564\/2017\/10\/harless_pro_08-150x150.jpg 150w, https:\/\/www.hsu-hh.de\/pfs\/wp-content\/uploads\/sites\/564\/2017\/10\/harless_pro_08-100x100.jpg 100w\" sizes=\"auto, (max-width: 150px) 100vw, 150px\" \/><\/a>\n\t\t\t<\/dt>\n\t\t\t\t<dd class='wp-caption-text gallery-caption' id='gallery-1-941'>\n\t\t\t\tUmtrunk im Rahmen der Promotion Frau Harle\u00df\n\t\t\t\t<\/dd><\/dl><dl class='gallery-item'>\n\t\t\t<dt class='gallery-icon landscape'>\n\t\t\t\t<a href='https:\/\/www.hsu-hh.de\/pfs\/wp-content\/uploads\/sites\/564\/2017\/10\/harless_pro_07-1024x768.jpg' data-full='https:\/\/www.hsu-hh.de\/pfs\/wp-content\/uploads\/sites\/564\/2017\/10\/harless_pro_07.jpg' data-credit=\"\"><img loading=\"lazy\" decoding=\"async\" width=\"150\" height=\"150\" src=\"https:\/\/www.hsu-hh.de\/pfs\/wp-content\/uploads\/sites\/564\/2017\/10\/harless_pro_07-150x150.jpg\" class=\"attachment-thumbnail size-thumbnail\" alt=\"Doktorhut Frau Harle\u00df\" aria-describedby=\"gallery-1-934\" srcset=\"https:\/\/www.hsu-hh.de\/pfs\/wp-content\/uploads\/sites\/564\/2017\/10\/harless_pro_07-150x150.jpg 150w, https:\/\/www.hsu-hh.de\/pfs\/wp-content\/uploads\/sites\/564\/2017\/10\/harless_pro_07-100x100.jpg 100w\" sizes=\"auto, (max-width: 150px) 100vw, 150px\" \/><\/a>\n\t\t\t<\/dt>\n\t\t\t\t<dd class='wp-caption-text gallery-caption' id='gallery-1-934'>\n\t\t\t\tDoktorhut Frau Harle\u00df\n\t\t\t\t<\/dd><\/dl><dl class='gallery-item'>\n\t\t\t<dt class='gallery-icon landscape'>\n\t\t\t\t<a href='https:\/\/www.hsu-hh.de\/pfs\/wp-content\/uploads\/sites\/564\/2017\/10\/harless_pro_06-1024x683.jpg' data-full='https:\/\/www.hsu-hh.de\/pfs\/wp-content\/uploads\/sites\/564\/2017\/10\/harless_pro_06.jpg' data-credit=\"\"><img loading=\"lazy\" decoding=\"async\" width=\"150\" height=\"150\" src=\"https:\/\/www.hsu-hh.de\/pfs\/wp-content\/uploads\/sites\/564\/2017\/10\/harless_pro_06-150x150.jpg\" class=\"attachment-thumbnail size-thumbnail\" alt=\"Doktorhut Frau Harle\u00df\" aria-describedby=\"gallery-1-935\" srcset=\"https:\/\/www.hsu-hh.de\/pfs\/wp-content\/uploads\/sites\/564\/2017\/10\/harless_pro_06-150x150.jpg 150w, https:\/\/www.hsu-hh.de\/pfs\/wp-content\/uploads\/sites\/564\/2017\/10\/harless_pro_06-100x100.jpg 100w\" sizes=\"auto, (max-width: 150px) 100vw, 150px\" \/><\/a>\n\t\t\t<\/dt>\n\t\t\t\t<dd class='wp-caption-text gallery-caption' id='gallery-1-935'>\n\t\t\t\tDoktorhut Frau Harle\u00df\n\t\t\t\t<\/dd><\/dl>\n\t\t<\/div>\n<\/div>\n<p>&nbsp;<\/p>\n","protected":false},"excerpt":{"rendered":"<p>Promoviert am 17.02.2017 Titel der Dissertation Steigerung der Energie- und Kosteneffizienz bei der Abw\u00e4rmenutzung durch Optimierung von Strukturrohren in Rohrb\u00fcndelw\u00e4rme\u00fcbertragern Kontakt: alexandra.harless@siemens.com &nbsp; &nbsp;<\/p>\n","protected":false},"author":50,"featured_media":0,"parent":414,"menu_order":0,"comment_status":"closed","ping_status":"closed","template":"","meta":{"footnotes":""},"categories":[],"tags":[],"class_list":["post-928","page","type-page","status-publish","hentry"],"_links":{"self":[{"href":"https:\/\/www.hsu-hh.de\/pfs\/wp-json\/wp\/v2\/pages\/928","targetHints":{"allow":["GET"]}}],"collection":[{"href":"https:\/\/www.hsu-hh.de\/pfs\/wp-json\/wp\/v2\/pages"}],"about":[{"href":"https:\/\/www.hsu-hh.de\/pfs\/wp-json\/wp\/v2\/types\/page"}],"author":[{"embeddable":true,"href":"https:\/\/www.hsu-hh.de\/pfs\/wp-json\/wp\/v2\/users\/50"}],"replies":[{"embeddable":true,"href":"https:\/\/www.hsu-hh.de\/pfs\/wp-json\/wp\/v2\/comments?post=928"}],"version-history":[{"count":7,"href":"https:\/\/www.hsu-hh.de\/pfs\/wp-json\/wp\/v2\/pages\/928\/revisions"}],"predecessor-version":[{"id":1068,"href":"https:\/\/www.hsu-hh.de\/pfs\/wp-json\/wp\/v2\/pages\/928\/revisions\/1068"}],"up":[{"embeddable":true,"href":"https:\/\/www.hsu-hh.de\/pfs\/wp-json\/wp\/v2\/pages\/414"}],"wp:attachment":[{"href":"https:\/\/www.hsu-hh.de\/pfs\/wp-json\/wp\/v2\/media?parent=928"}],"wp:term":[{"taxonomy":"category","embeddable":true,"href":"https:\/\/www.hsu-hh.de\/pfs\/wp-json\/wp\/v2\/categories?post=928"},{"taxonomy":"post_tag","embeddable":true,"href":"https:\/\/www.hsu-hh.de\/pfs\/wp-json\/wp\/v2\/tags?post=928"}],"curies":[{"name":"wp","href":"https:\/\/api.w.org\/{rel}","templated":true}]}}