{"id":832,"date":"2017-10-11T13:37:27","date_gmt":"2017-10-11T11:37:27","guid":{"rendered":"https:\/\/www.hsu-hh.de\/pfs\/?page_id=832"},"modified":"2017-10-14T11:53:36","modified_gmt":"2017-10-14T09:53:36","slug":"patrick-diffo","status":"publish","type":"page","link":"https:\/\/www.hsu-hh.de\/pfs\/wmaalt\/patrick-diffo","title":{"rendered":"Patrick Diffo"},"content":{"rendered":"<p><img loading=\"lazy\" decoding=\"async\" class=\"size-medium wp-image-834\" src=\"https:\/\/www.hsu-hh.de\/pfs\/wp-content\/uploads\/sites\/564\/2017\/10\/patrick_diffo-218x300.jpg\" alt=\"Patrick Diffo \" width=\"218\" height=\"300\" srcset=\"https:\/\/www.hsu-hh.de\/pfs\/wp-content\/uploads\/sites\/564\/2017\/10\/patrick_diffo-218x300.jpg 218w, https:\/\/www.hsu-hh.de\/pfs\/wp-content\/uploads\/sites\/564\/2017\/10\/patrick_diffo.jpg 572w\" sizes=\"auto, (max-width: 218px) 100vw, 218px\" \/><\/p>\n<p>Promotion am 11.04.2014<\/p>\n<p>Thema der Dissertation:<br \/>\n<a href=\"http:\/\/edoc.sub.uni-hamburg.de\/hsu\/volltexte\/2014\/3085\/\" rel='nofollow'>Entwicklung und Anwendung einer Simulationstechnik f\u00fcr das Polyurethan-Faser-Spr\u00fchverfahren<\/a><\/p>\n<p>Kontakt: patrick.diffo@gardnerdenver.com , Telefon 09771-6888-2575<\/p>\n<script>\tvar sosereDefaults = {\"allowfullscreen\":true,\"fit\":\"contain\",\"transition\":\"crossfade\",\"loop\":true,\"autoplay\":\"3000\",\"stopautoplayontouch\":true,\"keyboard\":true,\"nav\":\"thumbs\"}<\/script><div class='sosere--wp' data-ids='842,843,839,837,840,838'data-link='file'data-itemtag='dl'data-icontag='dt'data-captiontag='dd'data-columns='0'data-size='large'data-width='1024'data-auto='false'data-max-width='100%'data-ratio='1.6410256410256'><div id='gallery-1' class='gallery galleryid-832 gallery-columns-0 gallery-size-thumbnail'><dl class='gallery-item'>\n\t\t\t<dt class='gallery-icon landscape'>\n\t\t\t\t<a href='https:\/\/www.hsu-hh.de\/pfs\/wp-content\/uploads\/sites\/564\/2017\/10\/diffo_pro_01-1024x624.jpg' data-full='https:\/\/www.hsu-hh.de\/pfs\/wp-content\/uploads\/sites\/564\/2017\/10\/diffo_pro_01.jpg' data-credit=\"\"><img loading=\"lazy\" decoding=\"async\" width=\"150\" height=\"150\" src=\"https:\/\/www.hsu-hh.de\/pfs\/wp-content\/uploads\/sites\/564\/2017\/10\/diffo_pro_01-150x150.jpg\" class=\"attachment-thumbnail size-thumbnail\" alt=\"Pr\u00fcfungskomitee Diffo\" aria-describedby=\"gallery-1-842\" srcset=\"https:\/\/www.hsu-hh.de\/pfs\/wp-content\/uploads\/sites\/564\/2017\/10\/diffo_pro_01-150x150.jpg 150w, https:\/\/www.hsu-hh.de\/pfs\/wp-content\/uploads\/sites\/564\/2017\/10\/diffo_pro_01-100x100.jpg 100w\" sizes=\"auto, (max-width: 150px) 100vw, 150px\" \/><\/a>\n\t\t\t<\/dt>\n\t\t\t\t<dd class='wp-caption-text gallery-caption' id='gallery-1-842'>\n\t\t\t\tZensurenbekanntgabe Diffo\n\t\t\t\t<\/dd><\/dl><dl class='gallery-item'>\n\t\t\t<dt class='gallery-icon landscape'>\n\t\t\t\t<a href='https:\/\/www.hsu-hh.de\/pfs\/wp-content\/uploads\/sites\/564\/2017\/10\/diffo_pro_02-1024x678.jpg' data-full='https:\/\/www.hsu-hh.de\/pfs\/wp-content\/uploads\/sites\/564\/2017\/10\/diffo_pro_02.jpg' data-credit=\"\"><img loading=\"lazy\" decoding=\"async\" width=\"150\" height=\"150\" src=\"https:\/\/www.hsu-hh.de\/pfs\/wp-content\/uploads\/sites\/564\/2017\/10\/diffo_pro_02-150x150.jpg\" class=\"attachment-thumbnail size-thumbnail\" alt=\"Patrick Diffo mit Doktorhut\" aria-describedby=\"gallery-1-843\" srcset=\"https:\/\/www.hsu-hh.de\/pfs\/wp-content\/uploads\/sites\/564\/2017\/10\/diffo_pro_02-150x150.jpg 150w, https:\/\/www.hsu-hh.de\/pfs\/wp-content\/uploads\/sites\/564\/2017\/10\/diffo_pro_02-100x100.jpg 100w\" sizes=\"auto, (max-width: 150px) 100vw, 150px\" \/><\/a>\n\t\t\t<\/dt>\n\t\t\t\t<dd class='wp-caption-text gallery-caption' id='gallery-1-843'>\n\t\t\t\tPatrick Diffo mit Doktorhut\n\t\t\t\t<\/dd><\/dl><dl class='gallery-item'>\n\t\t\t<dt class='gallery-icon landscape'>\n\t\t\t\t<a href='https:\/\/www.hsu-hh.de\/pfs\/wp-content\/uploads\/sites\/564\/2017\/10\/diffo_pro_05-1024x768.jpg' data-full='https:\/\/www.hsu-hh.de\/pfs\/wp-content\/uploads\/sites\/564\/2017\/10\/diffo_pro_05.jpg' data-credit=\"\"><img loading=\"lazy\" decoding=\"async\" width=\"150\" height=\"150\" src=\"https:\/\/www.hsu-hh.de\/pfs\/wp-content\/uploads\/sites\/564\/2017\/10\/diffo_pro_05-150x150.jpg\" class=\"attachment-thumbnail size-thumbnail\" alt=\"Auditorium\" aria-describedby=\"gallery-1-839\" srcset=\"https:\/\/www.hsu-hh.de\/pfs\/wp-content\/uploads\/sites\/564\/2017\/10\/diffo_pro_05-150x150.jpg 150w, https:\/\/www.hsu-hh.de\/pfs\/wp-content\/uploads\/sites\/564\/2017\/10\/diffo_pro_05-100x100.jpg 100w\" sizes=\"auto, (max-width: 150px) 100vw, 150px\" \/><\/a>\n\t\t\t<\/dt>\n\t\t\t\t<dd class='wp-caption-text gallery-caption' id='gallery-1-839'>\n\t\t\t\tAuditorium zur Doktorpr\u00fcfung Herr Diffo\n\t\t\t\t<\/dd><\/dl><dl class='gallery-item'>\n\t\t\t<dt class='gallery-icon landscape'>\n\t\t\t\t<a href='https:\/\/www.hsu-hh.de\/pfs\/wp-content\/uploads\/sites\/564\/2017\/10\/diffo_pro_03-1024x678.jpg' data-full='https:\/\/www.hsu-hh.de\/pfs\/wp-content\/uploads\/sites\/564\/2017\/10\/diffo_pro_03.jpg' data-credit=\"\"><img loading=\"lazy\" decoding=\"async\" width=\"150\" height=\"150\" src=\"https:\/\/www.hsu-hh.de\/pfs\/wp-content\/uploads\/sites\/564\/2017\/10\/diffo_pro_03-150x150.jpg\" class=\"attachment-thumbnail size-thumbnail\" alt=\"Doktorhut\" aria-describedby=\"gallery-1-837\" srcset=\"https:\/\/www.hsu-hh.de\/pfs\/wp-content\/uploads\/sites\/564\/2017\/10\/diffo_pro_03-150x150.jpg 150w, https:\/\/www.hsu-hh.de\/pfs\/wp-content\/uploads\/sites\/564\/2017\/10\/diffo_pro_03-100x100.jpg 100w\" sizes=\"auto, (max-width: 150px) 100vw, 150px\" \/><\/a>\n\t\t\t<\/dt>\n\t\t\t\t<dd class='wp-caption-text gallery-caption' id='gallery-1-837'>\n\t\t\t\tDoktorhut Patrick Diffo\n\t\t\t\t<\/dd><\/dl><dl class='gallery-item'>\n\t\t\t<dt class='gallery-icon landscape'>\n\t\t\t\t<a href='https:\/\/www.hsu-hh.de\/pfs\/wp-content\/uploads\/sites\/564\/2017\/10\/diffo_pro_06-1024x678.jpg' data-full='https:\/\/www.hsu-hh.de\/pfs\/wp-content\/uploads\/sites\/564\/2017\/10\/diffo_pro_06.jpg' data-credit=\"\"><img loading=\"lazy\" decoding=\"async\" width=\"150\" height=\"150\" src=\"https:\/\/www.hsu-hh.de\/pfs\/wp-content\/uploads\/sites\/564\/2017\/10\/diffo_pro_06-150x150.jpg\" class=\"attachment-thumbnail size-thumbnail\" alt=\"Buffet Doktorfeier H. Diffo\" aria-describedby=\"gallery-1-840\" srcset=\"https:\/\/www.hsu-hh.de\/pfs\/wp-content\/uploads\/sites\/564\/2017\/10\/diffo_pro_06-150x150.jpg 150w, https:\/\/www.hsu-hh.de\/pfs\/wp-content\/uploads\/sites\/564\/2017\/10\/diffo_pro_06-100x100.jpg 100w\" sizes=\"auto, (max-width: 150px) 100vw, 150px\" \/><\/a>\n\t\t\t<\/dt>\n\t\t\t\t<dd class='wp-caption-text gallery-caption' id='gallery-1-840'>\n\t\t\t\tBuffet Doktorfeier Herr Diffo\n\t\t\t\t<\/dd><\/dl><dl class='gallery-item'>\n\t\t\t<dt class='gallery-icon landscape'>\n\t\t\t\t<a href='https:\/\/www.hsu-hh.de\/pfs\/wp-content\/uploads\/sites\/564\/2017\/10\/diffo_pro_04-1024x678.jpg' data-full='https:\/\/www.hsu-hh.de\/pfs\/wp-content\/uploads\/sites\/564\/2017\/10\/diffo_pro_04.jpg' data-credit=\"\"><img loading=\"lazy\" decoding=\"async\" width=\"150\" height=\"150\" src=\"https:\/\/www.hsu-hh.de\/pfs\/wp-content\/uploads\/sites\/564\/2017\/10\/diffo_pro_04-150x150.jpg\" class=\"attachment-thumbnail size-thumbnail\" alt=\"G\u00e4ste Diffo\" aria-describedby=\"gallery-1-838\" srcset=\"https:\/\/www.hsu-hh.de\/pfs\/wp-content\/uploads\/sites\/564\/2017\/10\/diffo_pro_04-150x150.jpg 150w, https:\/\/www.hsu-hh.de\/pfs\/wp-content\/uploads\/sites\/564\/2017\/10\/diffo_pro_04-100x100.jpg 100w\" sizes=\"auto, (max-width: 150px) 100vw, 150px\" \/><\/a>\n\t\t\t<\/dt>\n\t\t\t\t<dd class='wp-caption-text gallery-caption' id='gallery-1-838'>\n\t\t\t\tDie G\u00e4ste und das Pr\u00fcfungskomitee zur Doktorpr\u00fcfung von Herrn Patrick Diffo\n\t\t\t\t<\/dd><\/dl>\n\t\t<\/div>\n<\/div>\n<p>&nbsp;<\/p>\n","protected":false},"excerpt":{"rendered":"<p>Promotion am 11.04.2014 Thema der Dissertation: Entwicklung und Anwendung einer Simulationstechnik f\u00fcr das Polyurethan-Faser-Spr\u00fchverfahren Kontakt: patrick.diffo@gardnerdenver.com , Telefon 09771-6888-2575 &nbsp;<\/p>\n","protected":false},"author":50,"featured_media":0,"parent":414,"menu_order":0,"comment_status":"closed","ping_status":"closed","template":"","meta":{"footnotes":""},"categories":[],"tags":[],"class_list":["post-832","page","type-page","status-publish","hentry"],"_links":{"self":[{"href":"https:\/\/www.hsu-hh.de\/pfs\/wp-json\/wp\/v2\/pages\/832","targetHints":{"allow":["GET"]}}],"collection":[{"href":"https:\/\/www.hsu-hh.de\/pfs\/wp-json\/wp\/v2\/pages"}],"about":[{"href":"https:\/\/www.hsu-hh.de\/pfs\/wp-json\/wp\/v2\/types\/page"}],"author":[{"embeddable":true,"href":"https:\/\/www.hsu-hh.de\/pfs\/wp-json\/wp\/v2\/users\/50"}],"replies":[{"embeddable":true,"href":"https:\/\/www.hsu-hh.de\/pfs\/wp-json\/wp\/v2\/comments?post=832"}],"version-history":[{"count":4,"href":"https:\/\/www.hsu-hh.de\/pfs\/wp-json\/wp\/v2\/pages\/832\/revisions"}],"predecessor-version":[{"id":1064,"href":"https:\/\/www.hsu-hh.de\/pfs\/wp-json\/wp\/v2\/pages\/832\/revisions\/1064"}],"up":[{"embeddable":true,"href":"https:\/\/www.hsu-hh.de\/pfs\/wp-json\/wp\/v2\/pages\/414"}],"wp:attachment":[{"href":"https:\/\/www.hsu-hh.de\/pfs\/wp-json\/wp\/v2\/media?parent=832"}],"wp:term":[{"taxonomy":"category","embeddable":true,"href":"https:\/\/www.hsu-hh.de\/pfs\/wp-json\/wp\/v2\/categories?post=832"},{"taxonomy":"post_tag","embeddable":true,"href":"https:\/\/www.hsu-hh.de\/pfs\/wp-json\/wp\/v2\/tags?post=832"}],"curies":[{"name":"wp","href":"https:\/\/api.w.org\/{rel}","templated":true}]}}