{"id":666,"date":"2017-10-09T11:50:53","date_gmt":"2017-10-09T09:50:53","guid":{"rendered":"https:\/\/www.hsu-hh.de\/pfs\/?page_id=666"},"modified":"2017-10-11T14:09:36","modified_gmt":"2017-10-11T12:09:36","slug":"motivation","status":"publish","type":"page","link":"https:\/\/www.hsu-hh.de\/pfs\/motivation","title":{"rendered":"Motivation"},"content":{"rendered":"<p>Die Forschung dient der Untersuchung verschiedenartiger Str\u00f6mungsvorg\u00e4nge in Natur und Technik. Hierzu werden sowohl experimentelle Messtechniken im Wind- und Wasserkanal als auch numerische Str\u00f6mungssimulationen eingesetzt. Bei letzteren geht es ferner um die Entwicklung verbesserter Modellierungsans\u00e4tze und numerischer Simulationsverfahren.<\/p>\n<h4>Insbesondere interessieren<\/h4>\n<ul>\n<li>Turbulente Str\u00f6mungen besonders bei hohen Reynolds-Zahlen,<\/li>\n<li>mehrphasige turbulente Str\u00f6mungen (Partikel, Tropfen und Blasen) sowie besonders<\/li>\n<li>Multiphysics-Aufgabenstellungen wie <abbr title=\"zum Beispiel\">z.B.<\/abbr> Fluid-Struktur-Interaktionen.<\/li>\n<\/ul>\n<p>&nbsp;<\/p>\n<p>Dazu verf\u00fcgt die Professur \u00fcber ein mit modernen Str\u00f6mungsmesstechniken (<abbr title=\"unter anderem\">u.a.<\/abbr> <abbr title=\"Laser Doppler Anemometrie\">LDA<\/abbr>, <abbr title=\"Particle Image Velocymetry\">PIV<\/abbr>, CTA, DIC) ausger\u00fcstetes Labor inklusive Wasser- und Windkanal. Ferner werden eigene parallele Rechencluster zur Entwicklung und Validierung numerischer Simulationsverfahren betrieben. F\u00fcr rechenzeitintensive Simulationen beispielsweise turbulenter Str\u00f6mungen besteht\u00a0 Zugang zum HPC-Cluster der HSU sowie weiteren H\u00f6chstleistungsrechnern (<abbr title=\"zum Beispiel\">z.B.<\/abbr>\u00a0 <abbr title=\"Leibniz-Rechenzentrum\">LRZ<\/abbr> und <abbr title=\"H\u00f6chstleistungsrechner Bayern\">HLRB<\/abbr> M\u00fcnchen oder <abbr title=\"H\u00f6chstleistungsrechenzentrum Stuttgart\">HLRS<\/abbr>).<br \/>\nZusammen mit den zentralen Einrichtungen der Universit\u00e4t steht damit ein umfangreiches Equipment f\u00fcr str\u00f6mungsmechanische Experimente und f\u00fcr die numerische Simulation von Str\u00f6mungsvorg\u00e4ngen zur Verf\u00fcgung.<\/p>\n<p><img loading=\"lazy\" decoding=\"async\" class=\"wp-image-383 alignnone\" src=\"https:\/\/www.hsu-hh.de\/pfs\/wp-content\/uploads\/sites\/564\/2017\/09\/motivation_links-300x267.jpg\" alt=\"dummy\" width=\"450\" height=\"400\" srcset=\"https:\/\/www.hsu-hh.de\/pfs\/wp-content\/uploads\/sites\/564\/2017\/09\/motivation_links-300x267.jpg 300w, https:\/\/www.hsu-hh.de\/pfs\/wp-content\/uploads\/sites\/564\/2017\/09\/motivation_links.jpg 672w\" sizes=\"auto, (max-width: 450px) 100vw, 450px\" \/><img loading=\"lazy\" decoding=\"async\" class=\"wp-image-384 alignnone\" src=\"https:\/\/www.hsu-hh.de\/pfs\/wp-content\/uploads\/sites\/564\/2017\/09\/motivaton_rechts-300x264.png\" alt=\"dummy\" width=\"450\" height=\"396\" srcset=\"https:\/\/www.hsu-hh.de\/pfs\/wp-content\/uploads\/sites\/564\/2017\/09\/motivaton_rechts-300x264.png 300w, https:\/\/www.hsu-hh.de\/pfs\/wp-content\/uploads\/sites\/564\/2017\/09\/motivaton_rechts-768x675.png 768w, https:\/\/www.hsu-hh.de\/pfs\/wp-content\/uploads\/sites\/564\/2017\/09\/motivaton_rechts-1024x900.png 1024w, https:\/\/www.hsu-hh.de\/pfs\/wp-content\/uploads\/sites\/564\/2017\/09\/motivaton_rechts.png 1200w\" sizes=\"auto, (max-width: 450px) 100vw, 450px\" \/><\/p>\n","protected":false},"excerpt":{"rendered":"<p>Die Forschung dient der Untersuchung verschiedenartiger Str\u00f6mungsvorg\u00e4nge in Natur und Technik. Hierzu werden sowohl experimentelle Messtechniken im Wind- und Wasserkanal als auch numerische Str\u00f6mungssimulationen eingesetzt. Bei letzteren geht es ferner [&hellip;]<\/p>\n","protected":false},"author":50,"featured_media":0,"parent":0,"menu_order":0,"comment_status":"closed","ping_status":"closed","template":"","meta":{"footnotes":""},"categories":[],"tags":[],"class_list":["post-666","page","type-page","status-publish","hentry"],"_links":{"self":[{"href":"https:\/\/www.hsu-hh.de\/pfs\/wp-json\/wp\/v2\/pages\/666","targetHints":{"allow":["GET"]}}],"collection":[{"href":"https:\/\/www.hsu-hh.de\/pfs\/wp-json\/wp\/v2\/pages"}],"about":[{"href":"https:\/\/www.hsu-hh.de\/pfs\/wp-json\/wp\/v2\/types\/page"}],"author":[{"embeddable":true,"href":"https:\/\/www.hsu-hh.de\/pfs\/wp-json\/wp\/v2\/users\/50"}],"replies":[{"embeddable":true,"href":"https:\/\/www.hsu-hh.de\/pfs\/wp-json\/wp\/v2\/comments?post=666"}],"version-history":[{"count":6,"href":"https:\/\/www.hsu-hh.de\/pfs\/wp-json\/wp\/v2\/pages\/666\/revisions"}],"predecessor-version":[{"id":1712,"href":"https:\/\/www.hsu-hh.de\/pfs\/wp-json\/wp\/v2\/pages\/666\/revisions\/1712"}],"wp:attachment":[{"href":"https:\/\/www.hsu-hh.de\/pfs\/wp-json\/wp\/v2\/media?parent=666"}],"wp:term":[{"taxonomy":"category","embeddable":true,"href":"https:\/\/www.hsu-hh.de\/pfs\/wp-json\/wp\/v2\/categories?post=666"},{"taxonomy":"post_tag","embeddable":true,"href":"https:\/\/www.hsu-hh.de\/pfs\/wp-json\/wp\/v2\/tags?post=666"}],"curies":[{"name":"wp","href":"https:\/\/api.w.org\/{rel}","templated":true}]}}