{"id":635,"date":"2017-10-11T14:54:52","date_gmt":"2017-10-11T12:54:52","guid":{"rendered":"https:\/\/www.hsu-hh.de\/pfs\/?page_id=635"},"modified":"2017-10-11T15:14:18","modified_gmt":"2017-10-11T13:14:18","slug":"kurse-und-lehrgaenge-breuer-et-al","status":"publish","type":"page","link":"https:\/\/www.hsu-hh.de\/pfs\/kurse-und-lehrgaenge-breuer-et-al","title":{"rendered":"Kurse und Lehrg\u00e4nge (Breuer et al.)"},"content":{"rendered":"<div id=\"contentblock\" class=\"background-grey\">\n<ol>\n<li>Breuer, M.: <em>Finite-Volumen-Verfahren f\u00fcr inkompressible Str\u00f6mungen,<\/em> Vorlesung 9 des Hochschulkurses: Numerische Berechnung turbulenter Str\u00f6mungen in Forschung und Praxis, Institut f\u00fcr Hydromechanik, Universit\u00e4t Karlsruhe, Sept., (1994, 1996 und 1998).<\/li>\n<li>Breuer, M.: <em>Large-Eddy Simulation,<\/em> Vorlesung 15 des Hochschulkurses: Numerische Berechnung turbulenter Str\u00f6mungen in Forschung und Praxis, Institut f\u00fcr Hydromechanik, Universit\u00e4t Karlsruhe, Sept., (1994, 1996 und 1998).<\/li>\n<li>Breuer, M.: <em>Grundlagen der Large-Eddy Simulation,<\/em> Vorlesung beim Kurzlehrgang NUMET &#8217;96, &#8217;98, 2000, 2002, 2004, 2006 <abbr title=\"beziehungsweise\">bzw.<\/abbr> 2008: Numerische Methoden zur Berechnung von Str\u00f6mungs- und W\u00e4rme\u00fcbertragungsproblemen, Lehrstuhl f\u00fcr Str\u00f6mungsmechanik\/FORTWIHR, Universit\u00e4t Erlangen-N\u00fcrnberg, M\u00e4rz\/April, (1996, 1998, 2000, 2002, 2004, 2006 und 2008).<\/li>\n<li>Breuer, M.: <em>Anwendungsbeispiele f\u00fcr die Large-Eddy Simulation,<\/em> Vorlesung beim Kurzlehrgang NUMET &#8217;96, &#8217;98, 2000, 2002 <abbr title=\"beziehungsweise\">bzw.<\/abbr> 2004: Numerische Methoden zur Berechnung von Str\u00f6mungs- und W\u00e4rme\u00fcbertragungsproblemen, Lehrstuhl f\u00fcr Str\u00f6mungsmechanik\/FORTWIHR, Universit\u00e4t Erlangen-N\u00fcrnberg, M\u00e4rz\/April, (1996, 1998, 2000, 2002 und 2004).<\/li>\n<li>Breuer, M.: <em>LES und hybride LES-RANS Verfahren,<\/em> Vorlesung beim Kurzlehrgang NUMET 2006 <abbr title=\"beziehungsweise\">bzw.<\/abbr> 2008: Numerische Methoden zur Berechnung von Str\u00f6mungs- und W\u00e4rme\u00fcbertragungsproblemen, Lehrstuhl f\u00fcr Str\u00f6mungsmechanik, Universit\u00e4t Erlangen-N\u00fcrnberg, M\u00e4rz, (2006 und 2008).<\/li>\n<li>Breuer, M.: <em>Direkte numerische Simulationen und Large-Eddy Simulationen, Theorie,<\/em> Vorlesung beim Kurzlehrgang Turbulenz &#8217;97, &#8217;99, 2001, 2003, 2005 <abbr title=\"beziehungsweise\">bzw.<\/abbr> 2007: Grundlagen der Turbulenzmodellierung, Lehrstuhl f\u00fcr Str\u00f6mungsmechanik, Universit\u00e4t Erlangen-N\u00fcrnberg, M\u00e4rz\/April, (1997, 1999, 2001, 2003, 2005 und 2007).<\/li>\n<li>Breuer, M.: <em>Direkte numerische Simulationen und Large-Eddy Simulationen, Anwendungen,<\/em> Vorlesung beim Kurzlehrgang Turbulenz &#8217;97, &#8217;99, 2001, 2003, 2005 <abbr title=\"beziehungsweise\">bzw.<\/abbr> 2007: Grundlagen der Turbulenzmodellierung, Lehrstuhl f\u00fcr Str\u00f6mungsmechanik, Universit\u00e4t Erlangen-N\u00fcrnberg, M\u00e4rz\/April, (1997, 1999, 2001, 2003, 2005 und 2007).<\/li>\n<li>Breuer, M.: <em>Numerische Str\u00f6mungsberechnungen<\/em>, Vorlesung beim Kurzlehrgang ,,Einf\u00fchrung in die Str\u00f6mungsmechanik 2001&#8243;, Lehrstuhl f\u00fcr Str\u00f6mungsmechanik, Universit\u00e4t Erlangen-N\u00fcrnberg, 5.-9. M\u00e4rz, (2001).<\/li>\n<li>Breuer, M.: <em>Beispiele f\u00fcr Str\u00f6mungsberechnungen<\/em>, Vorlesung beim Kurzlehrgang ,,Einf\u00fchrung in die Str\u00f6mungsmechanik 2001&#8243;, Lehrstuhl f\u00fcr Str\u00f6mungsmechanik, Universit\u00e4t Erlangen-N\u00fcrnberg, 5.-9. M\u00e4rz, (2001).<\/li>\n<li>Breuer, M.: <em>Finite-Volumen-Verfahren: Grundgleichungen, Diskretisierung und Implementierung in CFD-Codes<\/em>, Vorlesung beim KONWIHR-Kurzlehrgang ,,Numerische Methoden zur L\u00f6sung von Ingenieurproblemen in der Str\u00f6mungs- und Strukturmechanik&#8220;, Lehrstuhl f\u00fcr Informatik V, Technische Universit\u00e4t M\u00fcnchen, 18.-21. Februar, (2002) und 06.-09. Oktober (2003).<\/li>\n<li>Breuer, M.: <em>Grundlagen der Large-Eddy Simulation<\/em>, Vorlesung beim KONWIHR-Kurzlehrgang ,,Numerische Methoden zur L\u00f6sung von Ingenieurproblemen in der Str\u00f6mungs- und Strukturmechanik&#8220;, Lehrstuhl f\u00fcr Informatik V, Technische Universit\u00e4t M\u00fcnchen, 18.-21. Februar, (2002) und 06.-09. Oktober, (2003).<\/li>\n<li>Breuer, M.: <em>Einf\u00fchrung in die Turbulenzmodellierung,<\/em> Vorlesung beim Kurzlehrgang NUMET 2002, 2004, 2006 <abbr title=\"beziehungsweise\">bzw.<\/abbr> 2008: Numerische Methoden zur Berechnung von Str\u00f6mungs- und W\u00e4rme\u00fcbertragungsproblemen, Lehrstuhl f\u00fcr Str\u00f6mungsmechanik, Universit\u00e4t Erlangen-N\u00fcrnberg, M\u00e4rz, (2002, 2004, 2006 <abbr title=\"beziehungsweise\">bzw.<\/abbr> 2008).<\/li>\n<li>Breuer, M.: <em>Grundlagen und Anwendungen der Fluid-Struktur-Wechselwirkung,<\/em> Vorlesung beim Kurzlehrgang NUMET 2004, 2006 <abbr title=\"beziehungsweise\">bzw.<\/abbr> 2008: Numerische Methoden zur Berechnung von Str\u00f6mungs- und W\u00e4rme\u00fcbertragungsproblemen, Lehrstuhl f\u00fcr Str\u00f6mungsmechanik, Universit\u00e4t Erlangen-N\u00fcrnberg, M\u00e4rz, (2004, 2006 <abbr title=\"beziehungsweise\">bzw.<\/abbr> 2008).<\/li>\n<li>Breuer, M.: <em>Grundlagen der Turbulenzmodellierung<\/em>, Vorlesung beim Kurzlehrgang ,,Einf\u00fchrung in die Str\u00f6mungsmechanik 2002, 2005, 2007 <abbr title=\"beziehungsweise\">bzw.<\/abbr> 2009&#8222;, Lehrstuhl f\u00fcr Str\u00f6mungsmechanik, Universit\u00e4t Erlangen-N\u00fcrnberg, Okt. (2002) und Febr. (2005, 2007 <abbr title=\"beziehungsweise\">bzw.<\/abbr> 2009).<\/li>\n<li>Breuer, M.: <em>Grundlagen numerischer Str\u00f6mungsberechnungen (CFD)<\/em>, Vorlesung beim Kurzlehrgang ,,Einf\u00fchrung in die Str\u00f6mungsmechanik 2007 <abbr title=\"beziehungsweise\">bzw.<\/abbr> 2009&#8222;, Lehrstuhl f\u00fcr Str\u00f6mungsmechanik, Universit\u00e4t Erlangen-N\u00fcrnberg, Febr. (2007 <abbr title=\"beziehungsweise\">bzw.<\/abbr> 2009).<\/li>\n<li>Breuer, M.: <em>Grundlagen der Turbulenzmodellierung mittels Reynolds gemittelter Navier-Stokes-Gleichungen<\/em>, Vorlesung beim Int. Kurs der Deutschen Sommerakademie ,,Mathematical Modelling and Validation of Technical Processes in Mechanical Engineering, Materials Science &amp; Process and Chemical Engineering&#8220;, Technische Universit\u00e4t Freiberg, 25.8.-5.9., (2003).<\/li>\n<li>Breuer, M.: <em>Direkte Numerische Simulation und Large-Eddy Simulation, Theorie und Anwendungen<\/em>, Vorlesung beim Int. Kurs der Deutschen Sommerakademie ,,Mathematical Modelling and Validation of Technical Processes in Mechanical Engineering, Materials Science &amp; Process and Chemical Engineering&#8220;, Technische Universit\u00e4t Freiberg, 25.8.-5.9., (2003).<\/li>\n<li>Breuer, M.: <em>Grundlagen der Computational Fluid Dynamics (CFD)<\/em>, Vorlesung beim Kurzlehrgang ,,Grundlagen und moderne Anwendungen der Verbrennungstechnik&#8220;, Lehrstuhl f\u00fcr Technische Thermodynamik, Universit\u00e4t Erlangen-N\u00fcrnberg, 16.-19. Febr., (2004), 20.-23. M\u00e4rz, (2006) und 25.-28. Febr., (2008).<\/li>\n<li>Breuer, M.: <em>DNS-, LES- und RANS-Methoden zur Bestimmung des Str\u00f6mungsfeldes f\u00fcr CAA<\/em>, Vorlesung beim Kurzlehrgang ,,Str\u00f6mungsinduzierter L\u00e4rm\/Schall: Theoretische und experimentelle Grundlagen und deren Anwendungen f\u00fcr Probleml\u00f6sungen&#8220;, Lehrstuhl f\u00fcr Str\u00f6mungsmechanik und Lehrstuhl f\u00fcr Sensorik, Universit\u00e4t Erlangen-N\u00fcrnberg, 12.-14. Okt., (2004), 21.-23. Febr., (2006) und 19.-21. Febr., (2008).<\/li>\n<li>Breuer, M.: <em>Hybride LES-RANS Ans\u00e4tze,<\/em> Vorlesung beim Kurzlehrgang Turbulenz 2005 und 2007: Grundlagen der Turbulenzmodellierung, Lehrstuhl f\u00fcr Str\u00f6mungsmechanik, Universit\u00e4t Erlangen-N\u00fcrnberg, April, (2005) und M\u00e4rz, (2007).<\/li>\n<li>Breuer, M.: <em>Direct Numerical and Large-Eddy Simulation &#8212; Fundamentals, Challenges and Applications<\/em>, Vorlesung bei der Wilhelm und Else Heraeus Sommerschule ,,Turbulente Str\u00f6mungen im Fokus von Technik und Physik&#8220;, Universit\u00e4t Potsdam, 11.-23. September, (2005).<\/li>\n<li>Breuer, M.: <em>Hybrid LES-RANS Techniques &#8212; Coupled Zonal and Non-zonal Hybrid Simulation Techniques<\/em>, Vorlesung bei der Wilhelm und Else Heraeus Sommerschule ,,Turbulente Str\u00f6mungen im Fokus von Technik und Physik&#8220;, Universit\u00e4t Potsdam, 11.-23. September, (2005).<\/li>\n<li>Breuer, M.: <em>Introduction into Numerical Treatments of Fluid Flow Equations and Finite-Difference Methods<\/em>, Vorlesung beim Kurzlehrgang ,,Advanced Introduction into Special Fields of Modern Fluid Mechanics&#8220;, Lehrstuhl f\u00fcr Str\u00f6mungsmechanik, Universit\u00e4t Erlangen-N\u00fcrnberg, 20.-24. Febr., (2006).<\/li>\n<li>Breuer, M.: <em>Introduction to Finite-Volume Methods<\/em>, Vorlesung beim Kurzlehrgang ,,Advanced Introduction into Special Fields of Modern Fluid Mechanics&#8220;, Lehrstuhl f\u00fcr Str\u00f6mungsmechanik, Universit\u00e4t Erlangen-N\u00fcrnberg, 20.-24. Febr., (2006).<\/li>\n<li>Breuer, M.: <em>Time Marching Schemes and Linear Equation Solvers<\/em>, Vorlesung beim Kurzlehrgang ,,Advanced Introduction into Special Fields of Modern Fluid Mechanics&#8220;, Lehrstuhl f\u00fcr Str\u00f6mungsmechanik, Universit\u00e4t Erlangen-N\u00fcrnberg, 20.-24. Febr., (2006).<\/li>\n<li>Breuer, M.: <em>Direct Numerical Simulation and Large-Eddy Simulation<\/em>, Vorlesungen bei der ,,10th School on Computational Fluid Dynamics&#8220;, Roscoff, France, June 3-9, (2007).<\/li>\n<li>Breuer, M.: <em>Numerische Simulation turbulenter disperser Mehrphasenstr\u00f6mungen am Beispiel der Aerosol-Ablagerung von Medikamenten<\/em>, Vorlesung beim Kurzlehrgang ,,Medizinische und biotechnologische Str\u00f6mungen&#8220;, Lehrstuhl f\u00fcr Str\u00f6mungsmechanik, Campus f\u00fcr wissenschaftliche Weiterbildung und Medical Valley Bayern, Universit\u00e4t Erlangen-N\u00fcrnberg, 25.-27. Sept., (2007).<\/li>\n<li>Breuer, M.: <em>Menschliche Stimmbildung: Grundlagen, Fluid-Struktur-Akustik-Kopplung, Phonation, Numerische Simulation<\/em>, Vorlesung beim Kurzlehrgang ,,Medizinische und biotechnologische Str\u00f6mungen&#8220;, Lehrstuhl f\u00fcr Str\u00f6mungsmechanik, Campus f\u00fcr wissenschaftliche Weiterbildung und Medical Valley Bayern, Universit\u00e4t Erlangen-N\u00fcrnberg, 25.-27. Sept., (2007).<\/li>\n<li>Breuer, M.: <em>Grundlagen der Large-Eddy Simulation und hybride LES-RANS-Verfahren,<\/em> Vorlesung beim Kurzlehrgang NUMET 2010: Numerische Methoden zur Berechnung von Str\u00f6mungs- und W\u00e4rme\u00fcbertragungsproblemen, Lehrstuhl f\u00fcr Str\u00f6mungsmechanik, Universit\u00e4t Erlangen-N\u00fcrnberg, 22.-25. Febr., (2010).<\/li>\n<li>Breuer, M.: <em>Direkte numerische Simulationen und Large-Eddy Simulation,<\/em> Vorlesung beim Kurzlehrgang Turbulenz 2010: Grundlagen der Turbulenzmodellierung, Lehrstuhl f\u00fcr Str\u00f6mungsmechanik, Universit\u00e4t Erlangen-N\u00fcrnberg, 1.-4. M\u00e4rz, (2010).<\/li>\n<li>Breuer, M.: <em>Large-Eddy Simulation und hybride LES\u2013RANS-Verfahren,<\/em> Vorlesung beim Kurzlehrgang Turbulenz 2010: Grundlagen der Turbulenzmodellierung, Lehrstuhl f\u00fcr Str\u00f6mungsmechanik, Universit\u00e4t Erlangen-N\u00fcrnberg, 1.-4. M\u00e4rz, (2010).<\/li>\n<li>Breuer, M.: <em>Grundlagen der Large-Eddy Simulation,<\/em> Vorlesung beim Kurzlehrgang NUMET 2013 und 2016: Numerische Methoden zur Berechnung von Str\u00f6mungs- und W\u00e4rme\u00fcbertragungsproblemen, Lehrstuhl f\u00fcr Str\u00f6mungsmechanik, Universit\u00e4t Erlangen-N\u00fcrnberg, 18.-21. Febr., (2013) und 29. Febr. &#8211; 3. M\u00e4rz, (2016).<\/li>\n<li>Breuer, M.: <em>Simulation turbulenter Mehrphasenstr\u00f6mungen mittels Euler-Lagrange-Ansatz,<\/em> Vorlesung beim Kurzlehrgang NUMET 2013 und 2016: Numerische Methoden zur Berechnung von Str\u00f6mungs- und W\u00e4rme\u00fcbertragungsproblemen, Lehrstuhl f\u00fcr Str\u00f6mungsmechanik, Universit\u00e4t Erlangen-N\u00fcrnberg, 18.-21. Febr., (2013) und 29. Febr. &#8211; 3. M\u00e4rz, (2016).<\/li>\n<li>Breuer, M.: \u00a0<em>Grundgleichungen zur Berechnung turbulenter Str\u00f6mungen<\/em>, Vorlesung 2 beim Hochschulkurs: Numerische Berechnung turbulenter Str\u00f6mungen in Forschung und Praxis, <abbr title=\"Technische Universit\u00e4t\">TU<\/abbr> Dresden, 10.-12. Sept., (2014) und 14.-16. Sept., (2016).<\/li>\n<li>Breuer, M.: <em>Grundlagen numerischer Diskretisierung durch Finite-Volumen-Methoden<\/em>, Vorlesung 7 beim Hochschulkurs: Numerische Berechnung turbulenter Str\u00f6mungen in Forschung und Praxis, <abbr title=\"Technische Universit\u00e4t\">TU<\/abbr> Dresden, 10.-12. Sept., (2014) und 14.-16. Sept., (2016).<\/li>\n<li>Breuer, M.: <em>Hybride Turbulenzmodellierung mittels LES und RANS<\/em>, Vorlesung 12 beim Hochschulkurs: Numerische Berechnung turbulenter Str\u00f6mungen in Forschung und Praxis, <abbr title=\"Technische Universit\u00e4t\">TU<\/abbr> Dresden, 10.-12. Sept., (2014) und 14.-16. Sept., (2016).<\/li>\n<\/ol>\n<\/div>\n","protected":false},"excerpt":{"rendered":"<p>Breuer, M.: Finite-Volumen-Verfahren f\u00fcr inkompressible Str\u00f6mungen, Vorlesung 9 des Hochschulkurses: Numerische Berechnung turbulenter Str\u00f6mungen in Forschung und Praxis, Institut f\u00fcr Hydromechanik, Universit\u00e4t Karlsruhe, Sept., (1994, 1996 und 1998). Breuer, M.: [&hellip;]<\/p>\n","protected":false},"author":50,"featured_media":0,"parent":0,"menu_order":0,"comment_status":"closed","ping_status":"closed","template":"","meta":{"footnotes":""},"categories":[],"tags":[],"class_list":["post-635","page","type-page","status-publish","hentry"],"_links":{"self":[{"href":"https:\/\/www.hsu-hh.de\/pfs\/wp-json\/wp\/v2\/pages\/635","targetHints":{"allow":["GET"]}}],"collection":[{"href":"https:\/\/www.hsu-hh.de\/pfs\/wp-json\/wp\/v2\/pages"}],"about":[{"href":"https:\/\/www.hsu-hh.de\/pfs\/wp-json\/wp\/v2\/types\/page"}],"author":[{"embeddable":true,"href":"https:\/\/www.hsu-hh.de\/pfs\/wp-json\/wp\/v2\/users\/50"}],"replies":[{"embeddable":true,"href":"https:\/\/www.hsu-hh.de\/pfs\/wp-json\/wp\/v2\/comments?post=635"}],"version-history":[{"count":8,"href":"https:\/\/www.hsu-hh.de\/pfs\/wp-json\/wp\/v2\/pages\/635\/revisions"}],"predecessor-version":[{"id":895,"href":"https:\/\/www.hsu-hh.de\/pfs\/wp-json\/wp\/v2\/pages\/635\/revisions\/895"}],"wp:attachment":[{"href":"https:\/\/www.hsu-hh.de\/pfs\/wp-json\/wp\/v2\/media?parent=635"}],"wp:term":[{"taxonomy":"category","embeddable":true,"href":"https:\/\/www.hsu-hh.de\/pfs\/wp-json\/wp\/v2\/categories?post=635"},{"taxonomy":"post_tag","embeddable":true,"href":"https:\/\/www.hsu-hh.de\/pfs\/wp-json\/wp\/v2\/tags?post=635"}],"curies":[{"name":"wp","href":"https:\/\/api.w.org\/{rel}","templated":true}]}}