{"id":597,"date":"2017-09-27T15:03:06","date_gmt":"2017-09-27T13:03:06","guid":{"rendered":"https:\/\/www.hsu-hh.de\/pfs\/?page_id=597"},"modified":"2020-02-03T14:03:05","modified_gmt":"2020-02-03T13:03:05","slug":"galllery-of-fluid-movies","status":"publish","type":"page","link":"https:\/\/www.hsu-hh.de\/pfs\/galllery-of-fluid-movies","title":{"rendered":"Auswahl von Str\u00f6mungsfilmen"},"content":{"rendered":"<h2>Filme zur Fluid-Struktur-Interaktion<\/h2>\n<ul>\n<li><a title=\"Startseite \u00bb Gallery of Movies \u00bb Movies \u00bb Movie001\" href=\"https:\/\/www.hsu-hh.de\/pfs\/wp-content\/uploads\/sites\/564\/2017\/10\/FSI-PfS-1_subsetcase_LES_1360_E16_nodamping_U_fast_without_initial_phase.avi\" target=\"_blank\" rel=\"noopener noreferrer\"><strong>FSI-PfS-1a<\/strong> Testfall (Re=30,470): Turbulente Str\u00f6mung, Instation\u00e4re Geschwindigkeitsverteilung aus gekoppelter LES<\/a><\/li>\n<li><a title=\"Startseite \u00bb Gallery of Movies \u00bb Movies \u00bb Movie002\" href=\"https:\/\/www.hsu-hh.de\/pfs\/wp-content\/uploads\/sites\/564\/2017\/10\/FSI-PfS-1a_exp_high_speed_record_kalmbach.avi\"><strong>FSI-PfS-1a<\/strong> Testfall (Re=30,470): Turbulente Str\u00f6mung, Experiment<\/a><\/li>\n<li><a title=\"Startseite \u00bb Gallery of Movies \u00bb Movies \u00bb Movie003\" href=\"https:\/\/www.hsu-hh.de\/pfs\/wp-content\/uploads\/sites\/564\/2017\/10\/FSI-PfS-1a_output_left_right.avi\"><strong>FSI-PfS-1a<\/strong> Testfall (Re=30,470): Turbulente Str\u00f6mung, Vergleich der phasengemittelten Geschwindigkeiten Exp. vs. Sim.<\/a><\/li>\n<li><a title=\"Startseite \u00bb Gallery of Movies \u00bb Movies \u00bb Movie004\" href=\"https:\/\/www.hsu-hh.de\/pfs\/wp-content\/uploads\/sites\/564\/2017\/10\/FSI-PfS-2a_comp_phase-resolved_U_10periods_denayer.avi\"><strong>FSI-PfS-2a<\/strong> Testfall (Re=30,470): Turbulente Str\u00f6mung, Instation\u00e4rer Wirbelst\u00e4rkebetrag aus gekoppelter LES<\/a><\/li>\n<li><a title=\"Startseite \u00bb Gallery of Movies \u00bb Movies \u00bb Movie005\" href=\"https:\/\/www.hsu-hh.de\/pfs\/wp-content\/uploads\/sites\/564\/2017\/10\/FSI-PfS-2a_exp_high_speed_record_kalmbach.avi\"><strong>FSI-PfS-2a<\/strong> Testfall (Re=30,470): Turbulente Str\u00f6mung, Experiment<\/a><\/li>\n<li><a title=\"Startseite \u00bb Gallery of Movies \u00bb Movies \u00bb Movie006\" href=\"https:\/\/www.hsu-hh.de\/pfs\/wp-content\/uploads\/sites\/564\/2017\/10\/FSI-PfS-2a_comp_phase-resolved_U_10periods_denayer-1.avi\"><strong>FSI-PfS-2a<\/strong> Testfall (Re=30,470): Turbulente Str\u00f6mung, Vergleich der phasengemittelten Geschwindigkeiten Exp. vs. Sim. <\/a><\/li>\n<li><a title=\"Startseite \u00bb Gallery of Movies \u00bb Movies \u00bb Movie007\" href=\"https:\/\/www.hsu-hh.de\/pfs\/wp-content\/uploads\/sites\/564\/2017\/10\/FSI_LES_NLN_1slice_P_real.avi\"><strong>FSI-LES<\/strong> Testfall (Re=10,000): Turbulente Str\u00f6mung, Druckverteilung<\/a><\/li>\n<li><a title=\"Startseite \u00bb Gallery of Fluid Movies \u00bb Movies \u00bb Movie008\" href=\"https:\/\/www.hsu-hh.de\/pfs\/wp-content\/uploads\/sites\/564\/2017\/10\/FSI_LES_NLN_1slice_vitx_real.avi\"><strong>FSI-LES<\/strong> Testfall (Re=10,000): Turbulente Str\u00f6mung, Geschwindigkeitsverteilung<\/a><\/li>\n<li><a title=\"Startseite \u00bb Gallery of Movies \u00bb Movies \u00bb Movie009\" href=\"https:\/\/www.hsu-hh.de\/pfs\/wp-content\/uploads\/sites\/564\/2017\/10\/free_cylinder_re3911_from_hell.avi\"><strong>FSI-LES<\/strong> Turbulente Str\u00f6mung\u00a0(Re=3900) um elastisch aufgeh\u00e4ngten Zylinder<\/a><\/li>\n<li><a title=\"Startseite \u00bb Gallery of Movies \u00bb Movies \u00bb Movie010\" href=\"https:\/\/www.hsu-hh.de\/pfs\/wp-content\/uploads\/sites\/564\/2017\/10\/FSI3_Ux_new.avi\"><strong>FSI3<\/strong> Testfall: Laminare Str\u00f6mung, Geschwindigkeitsverteilung<\/a><\/li>\n<\/ul>\n<hr \/>\n<h2>Filme zu Partikel-beladenen Str\u00f6mungen<\/h2>\n<ul>\n<li><a title=\"Startseite \u00bb Gallery of Fluid Movies \u00bb Movies \u00bb Movie011\" href=\"https:\/\/www.hsu-hh.de\/pfs\/wp-content\/uploads\/sites\/564\/2017\/10\/throat_1.avi\">Inhalation eines Medikaments im Mund-Rachenraum<\/a><\/li>\n<li><a title=\"Startseite \u00bb Gallery of Fluid Movies \u00bb Movies \u00bb Movie012\" href=\"https:\/\/www.hsu-hh.de\/pfs\/wp-content\/uploads\/sites\/564\/2017\/10\/throat_2.avi\">Inhalation eines Medikaments im Mund-Rachenraum (Detail)<\/a><\/li>\n<li><a title=\"Startseite \u00bb Gallery of Fluid Movies \u00bb Movies \u00bb Movie013\" href=\"https:\/\/www.hsu-hh.de\/pfs\/wp-content\/uploads\/sites\/564\/2017\/10\/particle_chamber_phi20_4way.avi\">Brennkammerstr\u00f6mung bei geringer Massenbeladung von 22%<\/a><\/li>\n<li><a title=\"Startseite \u00bb Gallery of Fluid Movies \u00bb Movies \u00bb Movie014\" href=\"https:\/\/www.hsu-hh.de\/pfs\/wp-content\/uploads\/sites\/564\/2017\/10\/particle_chamber_phi110_4way.avi\">Brennkammerstr\u00f6mung bei hoher Massenbeladung von 110%<\/a><\/li>\n<li><a title=\"Startseite \u00bb Gallery of Fluid Movies \u00bb Movies \u00bb Movie015\" href=\"https:\/\/www.hsu-hh.de\/pfs\/wp-content\/uploads\/sites\/564\/2017\/10\/zyclon_up_bottom_small.avi\">Partikel-beladene Str\u00f6mung in einem Gaszyklon<\/a><\/li>\n<li><a href=\"https:\/\/www.hsu-hh.de\/pfs\/wp-content\/uploads\/sites\/564\/2018\/01\/airfoil_partic_small_2D_b.avi\">Umstr\u00f6mung eines Tragfl\u00fcgels (kleine Partikel)<\/a><\/li>\n<li><a href=\"https:\/\/www.hsu-hh.de\/pfs\/wp-content\/uploads\/sites\/564\/2018\/01\/airfoil_partic_large_2D_b.avi\">Umstr\u00f6mung eines Tragfl\u00fcgels (gro\u00dfe Partikel)<\/a><\/li>\n<\/ul>\n<hr \/>\n<div class=\"clearfix\">\n<h2>Filme zu Tropfen-beladenen Str\u00f6mungen<\/h2>\n<ul>\n<li><a href=\"https:\/\/www.hsu-hh.de\/pfs\/wp-content\/uploads\/sites\/564\/2018\/01\/2D_water_sprays.avi\">Zwei sich kreuzende Wasserstrahlen<\/a><\/li>\n<li><a href=\"https:\/\/www.hsu-hh.de\/pfs\/wp-content\/uploads\/sites\/564\/2018\/01\/2D_diesel_spray.avi\">Diesel-Spraystrahl (2D-Darstellung)<\/a><\/li>\n<li><a href=\"https:\/\/www.hsu-hh.de\/pfs\/wp-content\/uploads\/sites\/564\/2018\/01\/3D_diesel_spray.avi\">Diesel-Spray (3D-Darstellung)<\/a><\/li>\n<\/ul>\n<\/div>\n<hr \/>\n<h2>Filme zu Tragfl\u00fcgelumstr\u00f6mungen<\/h2>\n<ul>\n<li><a title=\"Startseite \u00bb Gallery of Fluid Movies \u00bb Movies \u00bb Movie016\" href=\"https:\/\/www.hsu-hh.de\/pfs\/wp-content\/uploads\/sites\/564\/2017\/10\/airfoil_combined3.avi\">SD 7003, Re = 60,000, Anstellwinkel 4 Grad (Druck \/ Geschw.)<\/a><\/li>\n<li><a title=\"Startseite \u00bb Gallery of Fluid Movies \u00bb Movies \u00bb Movie017\" href=\"https:\/\/www.hsu-hh.de\/pfs\/wp-content\/uploads\/sites\/564\/2017\/10\/airfoil_omega_Reference.avi\">SD 7003, Re = 60,000, Anstellwinkel 4 Grad (Wirbelstrukturen)<\/a><\/li>\n<li><a href=\"https:\/\/www.hsu-hh.de\/pfs\/wp-content\/uploads\/sites\/564\/2018\/01\/iso-double-view_fine_TU_000.avi\">Einfluss des Turbulenzgrads (TI = 0.0 %)<\/a><\/li>\n<li><a href=\"https:\/\/www.hsu-hh.de\/pfs\/wp-content\/uploads\/sites\/564\/2018\/01\/iso-double-view_fine_TU_070.avi\">Einfluss des Turbulenzgrads (TI = 0.7 %)<\/a><\/li>\n<li><a href=\"https:\/\/www.hsu-hh.de\/pfs\/wp-content\/uploads\/sites\/564\/2018\/01\/iso-double-view_fine_TU_140.avi\">Einfluss des Turbulenzgrads (TI = 1.4 %)<\/a><\/li>\n<li><a href=\"https:\/\/www.hsu-hh.de\/pfs\/wp-content\/uploads\/sites\/564\/2018\/01\/iso-double-view_fine_TU_280.avi\">Einfluss des Turbulenzgrads (TI = 2.8 %)<\/a><\/li>\n<li><a href=\"https:\/\/www.hsu-hh.de\/pfs\/wp-content\/uploads\/sites\/564\/2018\/01\/iso-double-view_fine_TU_560.avi\">Einfluss des Turbulenzgrads (TI = 5.6 %)<\/a><\/li>\n<li><a href=\"https:\/\/www.hsu-hh.de\/pfs\/wp-content\/uploads\/sites\/564\/2018\/01\/iso-double-view_fine_TU_1120.avi\">Einfluss des Turbulenzgrads (TI = 11.2 %)<\/a><\/li>\n<\/ul>\n<hr \/>\n<h2>Filme zu starren Halbkugelumstr\u00f6mungen<\/h2>\n<ul>\n<li><a title=\"Startseite \u00bb Gallery of Fluid Movies \u00bb Movies \u00bb Movie018\" href=\"https:\/\/www.hsu-hh.de\/pfs\/wp-content\/uploads\/sites\/564\/2017\/10\/hemisphere_vorticity_mag_from_hell.avi\">Die dunkle Seite des Wirbelst\u00e4rkenbetrags (Ebene z\/D=0.045)<\/a><\/li>\n<li><a title=\"Startseite \u00bb Gallery of Fluid Movies \u00bb Movies \u00bb Movie019\" href=\"https:\/\/www.hsu-hh.de\/pfs\/wp-content\/uploads\/sites\/564\/2017\/10\/hemisphere_vorticity_mag_from_hell_xyz.avi\">Die dunkle Seite des Wirbelst\u00e4rkenbetrags (3 Ebenen)<\/a><\/li>\n<li><a title=\"Startseite \u00bb Gallery of Fluid Movies \u00bb Movies \u00bb Movie020\" href=\"https:\/\/www.hsu-hh.de\/pfs\/wp-content\/uploads\/sites\/564\/2017\/10\/hemisphere_vorticity_mag_yo_z02_blend09_website_2.avi\">Wirbelst\u00e4rkebetrag (Ebene z\/D=0.02, flux blending 0.9)<\/a><\/li>\n<li><a title=\"Startseite \u00bb Gallery of Fluid Movies \u00bb Movies \u00bb Movie021\" href=\"https:\/\/www.hsu-hh.de\/pfs\/wp-content\/uploads\/sites\/564\/2017\/10\/hemisphere_velx_nondim_initial_phase_z004_blend09_website.avi\">Dimensionslose Geschwindigkeit in Hauptstr\u00f6mungrichtung (Ebene z\/D=0.004, flux blending 0.9)<\/a><\/li>\n<li><a title=\"Startseite \u00bb Gallery of Fluid Movies \u00bb Movies \u00bb Movie022\" href=\"https:\/\/www.hsu-hh.de\/pfs\/wp-content\/uploads\/sites\/564\/2017\/10\/hemisphere_velx_nondim_initial_phase_z025_blend09_website.avi\">Dimensionslose Geschwindigkeit in Hauptstr\u00f6mungrichtung (Ebene z\/D=0.025, flux blending 0.9)<\/a><\/li>\n<li><a title=\"Startseite \u00bb Gallery of Fluid Movies \u00bb Movies \u00bb Movie023\" href=\"https:\/\/www.hsu-hh.de\/pfs\/wp-content\/uploads\/sites\/564\/2017\/10\/hemisphere_velx_plane_y0_z020_blend09.avi\">Dimensionslose Geschwindigkeit in Hauptstr\u00f6mungrichtung (Ebene y\/D=0, flux blending 0.9)<\/a><\/li>\n<li><a title=\"Startseite \u00bb Gallery of Fluid Movies \u00bb Movies \u00bb Movie024\" href=\"https:\/\/www.hsu-hh.de\/pfs\/wp-content\/uploads\/sites\/564\/2017\/10\/hemisphere_velx_plane_y0_z020_blend09-1.avi\">Dimensionslose Geschwindigkeit in Hauptstr\u00f6mungrichtung (Ebene y\/D=0, Ebene z\/D=0.02, flux blending 0.9)<\/a><\/li>\n<li><a title=\"Startseite \u00bb Gallery of Fluid Movies \u00bb Movies \u00bb Movie025\" href=\"https:\/\/www.hsu-hh.de\/pfs\/wp-content\/uploads\/sites\/564\/2017\/10\/hemisphere_isosurface_lambda2_near_wake_vortex_structures.avi\">Lambda 2 Isofl\u00e4chen im Nahfeld der Halbkugel (Wirbelstrukturen Hufeisen\/Rezirkulation)<\/a><\/li>\n<\/ul>\n<hr \/>\n<h2>Filme zu flexiblen Halbkugelstr\u00f6mungen<\/h2>\n<ul>\n<li><a href=\"https:\/\/www.hsu-hh.de\/pfs\/wp-content\/uploads\/sites\/564\/2020\/02\/flexible_hemisphere_exp_Rigid_Flex_Lissabon_Real_Time_Deformations.mp4\">Experiment mit einer flexiblen Halbkugel in verschiedenen turbulenten Grenzschichen<\/a><\/li>\n<li><a href=\"https:\/\/www.hsu-hh.de\/pfs\/wp-content\/uploads\/sites\/564\/2020\/02\/flexible_hemisphere_exp_3D_digital_image_correlation_measurement.mp4\">Experimentelle Messungen der Verformung einer flexiblen Halbkugel mittels 3D digital image correlation<\/a><\/li>\n<li><a href=\"https:\/\/www.hsu-hh.de\/pfs\/wp-content\/uploads\/sites\/564\/2020\/02\/flexible_hemisphere_comparison_exp_num_deformation_rear_50000.avi\">Deformation der R\u00fcckseite einer flexiblen Halbkugel mit einer Umstr\u00f6mung Re=50000:<br \/>\nVergleich zwischen High-Speed video aus dem Experiment (links) und einer Simulation (Mitte)<\/a><\/li>\n<li><a href=\"https:\/\/www.hsu-hh.de\/pfs\/wp-content\/uploads\/sites\/564\/2020\/02\/flexible_hemisphere_comparison_exp_num_deformation_rear_75000.avi\">Deformation der R\u00fcckseite einer flexiblen Halbkugel mit einer Umstr\u00f6mung Re=75000:<br \/>\nVergleich zwischen High-Speed video aus dem Experiment (links) und einer Simulation (Mitte)<\/a><\/li>\n<li><a href=\"https:\/\/www.hsu-hh.de\/pfs\/wp-content\/uploads\/sites\/564\/2020\/02\/flexible_hemisphere_comparison_exp_num_deformation_rear_100000.avi\">Deformation der R\u00fcckseite einer flexiblen Halbkugel mit einer Umstr\u00f6mung Re=100000:<br \/>\nVergleich zwischen High-Speed video aus dem Experiment (links) und einer Simulation (Mitte)<\/a><\/li>\n<li><a href=\"https:\/\/www.hsu-hh.de\/pfs\/wp-content\/uploads\/sites\/564\/2020\/02\/flexible_hemisphere_LES_FSI_FEM_deformation_magnified_by_10_vorticity_mag_from_hell_Re75000.avi\">Turbulente Str\u00f6mung bei Re=75000 um eine flexible Halbkugel visualisiert durch den Wirbelst\u00e4rkenbetrag<br \/>\n(voll gekoppelte Simulation zwischen LES L\u00f6ser und FEM Membrane L\u00f6ser, Verformung vergr\u00f6\u00dfert um Faktor 10)<\/a><\/li>\n<li><a href=\"https:\/\/www.hsu-hh.de\/pfs\/wp-content\/uploads\/sites\/564\/2020\/02\/flexible_hemisphere_LES_FSI_FEM_pressure_coefficient_Re75000.avi\">Turbulente Str\u00f6mung bei Re=75000 um eine flexible Halbkugel visualisiert dank des Druckkoeffizienten<br \/>\n(voll gekoppelte Simulation zwischen LES L\u00f6ser und FEM Membrane L\u00f6ser, Verformung vergr\u00f6\u00dfert um Faktor 10)<\/a><\/li>\n<li><a href=\"https:\/\/www.hsu-hh.de\/pfs\/wp-content\/uploads\/sites\/564\/2020\/02\/flexible_hemisphere_LES_FSI_IGA_real_scale_deformation_and_flow_rear_Re100000.avi\">Turbulente Str\u00f6mung bei Re=100000 um eine flexible Halbkugel visualisiert durch den Geschwindigkeitsbetrag<br \/>\n(voll gekoppelte Simulation zwischen LES L\u00f6ser und IGA Membrane L\u00f6ser, reale Verformung)<\/a><\/li>\n<\/ul>\n","protected":false},"excerpt":{"rendered":"<p>Filme zur Fluid-Struktur-Interaktion FSI-PfS-1a Testfall (Re=30,470): Turbulente Str\u00f6mung, Instation\u00e4re Geschwindigkeitsverteilung aus gekoppelter LES FSI-PfS-1a Testfall (Re=30,470): Turbulente Str\u00f6mung, Experiment FSI-PfS-1a Testfall (Re=30,470): Turbulente Str\u00f6mung, Vergleich der phasengemittelten Geschwindigkeiten Exp. vs. [&hellip;]<\/p>\n","protected":false},"author":50,"featured_media":0,"parent":0,"menu_order":0,"comment_status":"closed","ping_status":"closed","template":"","meta":{"footnotes":""},"categories":[],"tags":[],"class_list":["post-597","page","type-page","status-publish","hentry"],"_links":{"self":[{"href":"https:\/\/www.hsu-hh.de\/pfs\/wp-json\/wp\/v2\/pages\/597","targetHints":{"allow":["GET"]}}],"collection":[{"href":"https:\/\/www.hsu-hh.de\/pfs\/wp-json\/wp\/v2\/pages"}],"about":[{"href":"https:\/\/www.hsu-hh.de\/pfs\/wp-json\/wp\/v2\/types\/page"}],"author":[{"embeddable":true,"href":"https:\/\/www.hsu-hh.de\/pfs\/wp-json\/wp\/v2\/users\/50"}],"replies":[{"embeddable":true,"href":"https:\/\/www.hsu-hh.de\/pfs\/wp-json\/wp\/v2\/comments?post=597"}],"version-history":[{"count":65,"href":"https:\/\/www.hsu-hh.de\/pfs\/wp-json\/wp\/v2\/pages\/597\/revisions"}],"predecessor-version":[{"id":1909,"href":"https:\/\/www.hsu-hh.de\/pfs\/wp-json\/wp\/v2\/pages\/597\/revisions\/1909"}],"wp:attachment":[{"href":"https:\/\/www.hsu-hh.de\/pfs\/wp-json\/wp\/v2\/media?parent=597"}],"wp:term":[{"taxonomy":"category","embeddable":true,"href":"https:\/\/www.hsu-hh.de\/pfs\/wp-json\/wp\/v2\/categories?post=597"},{"taxonomy":"post_tag","embeddable":true,"href":"https:\/\/www.hsu-hh.de\/pfs\/wp-json\/wp\/v2\/tags?post=597"}],"curies":[{"name":"wp","href":"https:\/\/api.w.org\/{rel}","templated":true}]}}