{"id":2480,"date":"2021-07-23T13:08:44","date_gmt":"2021-07-23T11:08:44","guid":{"rendered":"https:\/\/www.hsu-hh.de\/pfs\/?page_id=2480"},"modified":"2024-11-22T10:31:42","modified_gmt":"2024-11-22T09:31:42","slug":"a001","status":"publish","type":"page","link":"https:\/\/www.hsu-hh.de\/pfs\/a001","title":{"rendered":"a001"},"content":{"rendered":"\n<p>h\u00e4tte nicht gedacht das der Text als erstes erscheint<\/p>\n\n\n\n<div class=\"wp-block-media-text alignwide is-stacked-on-mobile\"><figure class=\"wp-block-media-text__media\"><img loading=\"lazy\" decoding=\"async\" width=\"768\" height=\"1024\" src=\"https:\/\/www.hsu-hh.de\/pfs\/wp-content\/uploads\/sites\/564\/2018\/02\/R0012161-768x1024.jpg\" data-credit=\"hsu\" alt=\"Der Doktorhut\" class=\"wp-image-1418 size-full\" srcset=\"https:\/\/www.hsu-hh.de\/pfs\/wp-content\/uploads\/sites\/564\/2018\/02\/R0012161-768x1024.jpg 768w, https:\/\/www.hsu-hh.de\/pfs\/wp-content\/uploads\/sites\/564\/2018\/02\/R0012161-225x300.jpg 225w\" sizes=\"auto, (max-width: 768px) 100vw, 768px\" \/><\/figure><div class=\"wp-block-media-text__content\">\n<p class=\"has-large-font-size\">Dies soll nur mal die m\u00f6glichkeiten demonstrieren<\/p>\n\n\n\n<p><\/p>\n<\/div><\/div>\n\n\n<p><a href=\"https:\/\/authors.elsevier.com\/sd\/article\/S0167-6105%2822%2900266-5\" rel='nofollow'>Dieser Link f\u00fchrt auf eine Internetseite<\/a><\/p>\n<\/p>\n\n\n<ul class=\"wp-block-list\">\n<li>Mitarbeiter A<\/li>\n\n\n\n<li>Mitarbeiter B<\/li>\n\n\n\n<li>Mitarbeiter C<\/li>\n<\/ul>\n\n\n\n<details class=\"wp-block-details is-layout-flow wp-block-details-is-layout-flow\"><summary>Guillaume<br><\/summary>\n<p><\/p>\n\n\n<script type=\"application\/ld+json\">[{\"@context\": \"https:\/\/www.schema.org\",\"@type\": \"Person\",\"name\": \"Guillaume De Nayer\",\"worksFor\": [{\t\"@type\": \"Organization\",\t\"name\": \"Helmut-Schmidt-Universit\u00e4t\",\t\"url\": \"https:\/\/www.hsu-hh.de\"\t, \"department\": {\"@type\": \"Organization\",\t\t\t\t\t\"name\": \"Str\u00f6mungsmechanik\",\t\t\t\t\t\"location\": {\t\t\t\t\t\t\"@type\": \"PostalAddress\",\t\t\t\t\t\t\"addressLocality\": \"\",        \t\t\t\t\"postalCode\": \"22043\",        \t\t\t\t\"streetAddress\": \"Holstenhofweg 85 , Geb\u00e4ude H11\"\t\t\t\t\t}},\t\"location\": {\t\t\"@type\": \"PostalAddress\",    \t\"addressLocality\": \"\",    \t\"postalCode\": \"22008\",    \t\"postOfficeBoxNumber\": \"700822\"\t}   }],\"image\": \"https:\/\/www.hsu-hh.de\/pfs\/wp-content\/uploads\/sites\/564\/2018\/05\/denayer_2016_cut3-150x150.jpg\",\"telephone\": \"+49406541-2250\",\"faxNumber\": \"\",\"email\": \"denayer@hsu-hh.de\"}]<\/script><div class=\"clearfix\"><\/div><div class=\"ansprechparter-container \" style=\"margin-top:1em; \"><div class=\"row ansprechpartner-item ansprechparter-header\" ><div class=\"col-xs-8 col-lg-12\" style=\"margin-bottom: 30px;\"><h3 class=\"ansprechparter-headline\">Guillaume De Nayer<\/h3><\/div><\/div><div class=\"col-md-4 col-lg-3 col-xs-4 ansprechpartner-item floatright img-circle center-block\" style=\"margin-bottom: 30px;\"><div class=\"img-responsive-wrapper\"><img decoding=\"async\" src=\"https:\/\/www.hsu-hh.de\/pfs\/wp-content\/uploads\/sites\/564\/2018\/05\/denayer_2016_cut3-150x150.jpg\" alt=\"denayer\" class=\"img-circle img-responsive center-block\" \/><\/div><\/div><div class=\"col-md-12 col-lg-3 col-xs-12 ansprechpartner-item kontakt floatright\" style=\"margin-bottom: 30px; \"><div class=\"row\"><div class=\"col-xs-12 col-sm-6 col-lg-12\"><div class=\"row\"><div class=\"col-xs-4 col-lg-4 row-text bold\" >Raum:<\/div><div class=\" row-text\">0102<\/div><\/div><\/div><div class=\"col-xs-12 col-sm-6 col-lg-12\"><div class=\"row\"><div class=\"col-xs-4 col-lg-4 row-text bold\">Telefon:<\/div><div class=\" row-text\">+49406541-2250<\/div><\/div><\/div><div class=\"col-xs-12 col-sm-6 col-lg-12\"><div class=\"row\"><div class=\"col-xs-4 col-lg-4 row-text bold\">E-Mail:<\/div><div class=\"row-text\" style=\"overflow:hidden; word-break: break-word\"><a href=\"mailto:denayer@hsu-hh.de\" rel=\"nofollow\">denayer@hsu-hh.de<\/a><\/div><\/div><\/div><\/div><\/div><div class=\"col-md-6 col-lg-3 col-xs-12 ansprechpartner-item anschrift floatright\" ><div class=\"row-headline\">Besucheranschrift<\/div><div class=\"dataBesucheranschrift\" style=\"\"><div class=\"row-text\">Helmut-Schmidt-Universit\u00e4t<\/div><div class=\"row-text\">Geb\u00e4ude H11<\/div><div class=\"row-text\">Holstenhofweg 85<\/div><div class=\"row-text\">22043 Hamburg<\/div><\/div><\/div><div class=\"col-md-6 col-lg-3 col-xs-12 ansprechpartner-item anschrift floatright\"><div class=\"row-headline\">Postanschrift<\/div><div class=\"dataPostanschrift\" style=\"\"><div class=\"row-text\">Helmut-Schmidt-Universit\u00e4t<\/div><div class=\"row-text\">Str\u00f6mungsmechanik<\/div><div class=\"row-text\">Postfach 70 08 22<\/div><div class=\"row-text\">22008 Hamburg<\/div><\/div><\/div><\/div><div class=\"clearfix\"><\/div>\n\n\n<h2 class=\"wp-block-heading\">&nbsp;\u00dcbungsleiter:<\/h2>\n\n\n\n<ul class=\"wp-block-list\">\n<li>Technische Mechanik (TM) (Bachelor)<\/li>\n\n\n\n<li>Technische Str\u00f6mungslehre (TSL) (Bachelor)<\/li>\n\n\n\n<li>Str\u00f6mungsmechanik (SM) (Master)<\/li>\n\n\n\n<li>Numerische Str\u00f6mungsmechanik (CFD) (Master)<\/li>\n<\/ul>\n\n\n\n<h2 class=\"wp-block-heading\">Forschungsthema:<\/h2>\n\n\n\n<p>Numerical Simulation of Fluid-Structure Interaction using Large-Eddy Simulation<\/p>\n\n\n\n<h2 class=\"wp-block-heading\">Publikationen<\/h2>\n\n\n\n<p><a href=\"https:\/\/www.researchgate.net\/profile\/Guillaume_De_Nayer\" rel='nofollow'>Researchgate Profil<\/a><\/p>\n\n\n\n<p><a href=\"https:\/\/scholar.google.de\/citations?user=k72SLpkAAAAJ&amp;hl=de&amp;oi=ao\" rel='nofollow'>Google Scholar<\/a><\/p>\n\n\n\n<p><a href=\"http:\/\/orcid.org\/0000-0003-1208-4451\" rel='nofollow'>Orcid<\/a><\/p>\n\n\n\n<p><a href=\"https:\/\/openhsu.ub.hsu-hh.de\/cris\/rp\/rp01058?sort_byall=2&amp;orderall=DESC&amp;open=all#all\" rel='nofollow'>open <abbr title=\"Helmut Schmidt Universit\u00e4t\">HSU<\/abbr><\/a><\/p>\n\n\n\n<h2 class=\"wp-block-heading\">Artikel in begutachteten internationalen Journalen:<\/h2>\n\n\n\n<p>De Nayer, G., Breuer, M.: <a href=\"https:\/\/www.sciencedirect.com\/science\/article\/pii\/S0167610522003038\" rel='nofollow'>Assessment of discrete wind gust parameters: Towards the worst-case scenario of a FSI application in form of an inflated hemisphere.<\/a> Journal of Wind Engineering and Industrial Aerodynamics, Vol. 231, 105207, Dezember 2022<\/p>\n\n\n\n<p>De Nayer, G., Breuer, M.: <a href=\"https:\/\/doi.org\/10.1016%2Fj.jfluidstructs.2021.103462\" rel='nofollow'>FSI simulations of wind gusts impacting an air-inflated flexible membrane at Re=100,000<\/a>. Journal of Fluids and Structures, vol. 109, 103462, (2022).<\/p>\n\n\n\n<p>Boulbrachene, K., De Nayer, G., Breuer, M.: <a href=\"https:\/\/www.sciencedirect.com\/science\/article\/pii\/S0167610521002671\" rel='nofollow'>Assessment of two wind gust injection methods: Field velocity vs. split velocity method<\/a>. Journal of Wind Engineering and Industrial Aerodynamics, vol. 218, 104790, (2021).<\/p>\n\n\n\n<p>De Nayer, G., Breuer, M.: <a href=\"https:\/\/doi.org\/10.1016%2Fj.jweia.2020.104405\" rel='nofollow'>A source-term formulation for injecting wind gusts in CFD simulations<\/a>. Journal of Wind Engineering and Industrial Aerodynamics, vol. 207, 104405, (2020).<\/p>\n\n\n\n<p>De Nayer, G., Breuer, M., Wood, J.N.: <a href=\"https:\/\/doi.org\/10.1016%2Fj.ijheatfluidflow.2020.108631\" rel='nofollow'>Numerical investigations on the dynamic behavior of a 2-DOF airfoil in the transitional Re number regime based on fully coupled simulations relying on an eddy-resolving technique<\/a>. International Journal of Heat and Fluid Flow,vol. 85, 108631, (2020).<\/p>\n\n\n\n<p>Wood, J.N., Breuer, M., De Nayer, G.: <a href=\"https:\/\/doi.org\/10.1016\/j.jfluidstructs.2020.103052\" rel='nofollow'>Experimental investigations on the dynamic behavior of a 2-DOF airfoil in the transitional Re number regime based on digital-image correlation measurements<\/a>. Journal of Fluids and Structures, vol. 96, 103052, (2020).<\/p>\n\n\n\n<p>Apostolatos A, De Nayer, G., Bletzinger, K.U., Breuer, M. and W\u00fcchner, R.: <a href=\"https:\/\/doi.org\/10.1016%2Fj.jfluidstructs.2019.02.012\" rel='nofollow'>Systematic evaluation of the interface description for fluid-structure interaction simulations using the isogeometric mortar-based mapping<\/a>, Journal of Fluids and Structures, vol. 86, pp. 368-399, (2019).<\/p>\n\n\n\n<p>De Nayer, G., Apostolatos A, Wood, J.N., Bletzinger, K.U., W\u00fcchner, R. and Breuer, M.: <a href=\"https:\/\/doi.org\/10.1016%2Fj.jfluidstructs.2018.08.005\" rel='nofollow'>Numerical Studies on the Instantaneous Fluid-Structure Interaction of an Air-Inflated Flexible Membrane in Turbulent Flow<\/a>, Journal of Fluids and Structures, vol. 82, pp. 577-609, (2018).<\/p>\n\n\n\n<p>Wood, J.N., Breuer, M., De Nayer, G.: <a href=\"https:\/\/doi.org\/10.1016%2Fj.jfluidstructs.2018.02.006\" rel='nofollow'>Experimental studies on the instantaneous fluid-structure interaction of an air-inflated flexible membrane in turbulent flow<\/a>, Journal of Fluids and Structures, vol. 80, pp. 405-440, (2018).<\/p>\n\n\n\n<p>De Nayer, G., Schmidt, S., Wood, J. N. and Breuer, M.: <a href=\"https:\/\/doi.org\/10.1016%2Fj.camwa.2017.12.012\" rel='nofollow'>Enhanced injection method for synthetically generated turbulence within the flow domain of eddy-resolving simulations<\/a>, Computers &amp; Mathematics with Applications, vol. 75 (7), pp. 2338-2355, (2018).<\/p>\n\n\n\n<p>Sen, S., De Nayer, G. and Breuer, M.: <a href=\"https:\/\/doi.org\/10.1002%2Fnme.5465\" rel='nofollow'>A fast and robust hybrid method for block\u2010structured mesh deformation with emphasis on FSI\u2010LES applications<\/a>, Int. Journal for Numerical Methods in Engineering, vol. 111 (3), pp. 273-300, (2017).<\/p>\n\n\n\n<p>Wood, J. N., De Nayer, G., Schmidt, S. and Breuer, M.: <a href=\"https:\/\/doi.org\/10.1007%2Fs10494-015-9690-5\" rel='nofollow'>Experimental Investigation and Large-Eddy Simulation of the Turbulent Flow past a Smooth and Rigid Hemisphere<\/a>. Flow, Turbulence &amp; Combustion, vol. 97 (1), pp. 79-119, (2016).<\/p>\n\n\n\n<p>De Nayer, G. and Breuer, M.: <a href=\"https:\/\/doi.org\/10.1016%2Fj.ijheatfluidflow.2014.08.013\" rel='nofollow'>Numerical FSI Investigation based on LES: Flow past a cylinder with a flexible splitter plate involving large deformations (FSI-PfS-2a)<\/a>. Int. Journal of Heat and Fluid Flow, vol. 50, pp. 300-315, (2014).<\/p>\n\n\n\n<p>De Nayer, G., Kalmbach, A. Breuer, M., Sicklinger S., W\u00fcchner R.: <a href=\"https:\/\/doi.org\/10.1016%2Fj.compfluid.2014.04.020\" rel='nofollow'>Flow past a cylinder with a flexible splitter plate: a complementary experimental-numerical investigation and a new FSI test case (FSI-PfS-1a)<\/a>. Computers and Fluids, vol. 99, pp. 18-43, (2014).<\/p>\n\n\n\n<p>Breuer, M., De Nayer, G., M\u00fcnsch, M., Gallinger, T., W\u00fcchner, R.: <a href=\"https:\/\/doi.org\/10.1016%2Fj.jfluidstructs.2011.09.003\" rel='nofollow'>Fluid-Structure Interaction Using a Partitioned Coupled Predictor-Corrector Scheme for the Application of Large-Eddy Simulation<\/a>, Journal of Fluids and Structures, vol. 29, pp. 107-130, (2012).<\/p>\n\n\n\n<p>Boyer, F., De Nayer, G., Leroyer A. and Visonneau, M.: <a href=\"https:\/\/asmedigitalcollection.asme.org\/computationalnonlinear\/article-abstract\/6\/4\/041004\/385197\/Geometrically-Exact-Kirchhoff-Beam-Theory?redirectedFrom=fulltext\" rel='nofollow'>Geometrically Exact Kirchhoff Beam Theory: Application to Cable Dynamics<\/a>, J. Comput. Nonlinear Dynam. Volume 6, Issue 4, (2011).<\/p>\n\n\n\n<h2 class=\"wp-block-heading\">Konferenzen mit Konferenzb\u00e4nden:<\/h2>\n\n\n\n<p>De Nayer, G. Breuer, M.: Injection of Wind Gusts in Large-Eddy Simulations. Proceedings of the 13th International ERCOFTAC Symposium on Engineering Turbulence Modelling and Measurements (ETMM13), Rhodes\/online, Greece, Sept. 15-17 (2021).<\/p>\n\n\n\n<p>De Nayer, G., Wood, J.N., Apostolatos, A. and Breuer, M.: FSI Investigations of a flexible air-inflated thin-walled structure: An LES Study with Experimental Validation, Proceedings of the 12th International ERCOFTAC Workshop on DNS and LES: DLES-12, University of Madrid, Spain, June 5-7, (2019).<\/p>\n\n\n\n<p>De Nayer, G., Wood, J.N., Breuer, M., Apostolatos, A., W\u00fcchner, R.: Coupled Simulations Involving Light-weight Structures within Turbulent Flows: A Complementary Experimental and Numerical Application, Proceedings in Applied Mathematics and Mechanics (PAMM), 89th Annual Meeting of the International Association of Applied Mathematics and Mechanics, GAMM89, Munich, Germany, March 19-23, (2018).<\/p>\n\n\n\n<p>W\u00fcchner, R., Apostolatos, A., De Nayer, G., Breuer, M., Bletzinger, K.-U.: Coupled Simulations involving light-weight structures within turbulent flows: FSI strategy and non-matching interface treatment for isogeometric B-Rep analysis, Proceedings in Applied Mathematics and Mechanics (PAMM), 89th Annual Meeting of the International Association of Applied Mathematics and Mechanics, GAMM89, Munich, Germany, March 19-23, (2018).<\/p>\n\n\n\n<p>De Nayer, G., Breuer, M, Perali, P. and Grollmann, K.: Modeling of Wind Gusts for Large-Eddy Simulations Related to Fluid-Structure Interactions, Proceedings of the 11th Int. ERCOFTAC Workshop on DNS and LES (DLES-11), University of Pisa, Italy, May 29-31, (2017).<\/p>\n\n\n\n<p>De Nayer, G., Schmidt, S., Wood, J.N. and Breuer, M.: Investigations on the flow past a wall-mounted hemisphere based on LES and synthetically generated turbulence. Proceedings of the 11th International ERCOFTAC Symposium on Engineering Turbulence Modelling and Measurements (ETMM11), Palermo, Sicily\/Italy, Sept. 21-23, (2016).<\/p>\n\n\n\n<p>Breuer, M., De Nayer, G. and Wood, J.N.: Complementary Experimental-Numerical Investigation of the Flow past a Rigid and Flexible Hemisphere in Turbulent Flow: Part II: Numerical Simulations. GALA 2016 (Experimentelle Str\u00f6mungsmechanik), Cottbus, Germany, Sept. 6-8, (2016).<\/p>\n\n\n\n<p>Kalmbach, A., De Nayer, G. and Breuer, M.: A New Turbulent Three-dimensional FSI Benchmark FSI-PfS-3a: Definition and Measurements. Proceedings of 5th Conf. on Computational Methods in Marine Engineering (MARINE 2013), Hamburg, Germany, May 29-31, (2013).<\/p>\n\n\n\n<p>De Nayer, G., Breuer, M., Kalmbach, A.: Fluid-Structure Interaction in Turbulent Flows: LES Predictions and <abbr title=\"Particle Image Velocymetry\">PIV<\/abbr> Measurements, ECCOMAS 2012, Vienna, Austria, Sept. 10-14, (2012).<\/p>\n\n\n\n<p>Breuer, M., De Nayer, G., M\u00fcnsch, M.: Fluid-Structure Interaction of a Flexible Structure in a Turbulent Flow using LES, Proceedings of the Eighth International ERCOFTAC Workshop on DNS and LES: DLES-8, Eindhoven University of Technology, The Netherlands, July 7-9, (2010), ERCOFTAC Series, vol. 15, pp. 449-454, Direct and Large-Eddy Simulation VIII, eds. H. Kuerten, B.J. Geurts, V. Armenio, J. Fr\u00f6hlich, <abbr title=\"International Standard Book Number\">ISBN<\/abbr> 978-94-007-2481-5, SpringerScience+Business Media B.V., (2011).<\/p>\n\n\n\n<p>De Nayer, G., Visonneau, M., Leroyer, A. and Boyer, F.: Interaction Fluide-Structure pour les corps \u00e9lanc\u00e9s, 19\u00e8me Congr\u00e8s Fran\u00e7ais de M\u00e9canique, Marseille, France, Aug. 24-28, (2009).<\/p>\n\n\n\n<p>De Nayer, G., Visonneau, M., Leroyer, A. and Boyer, F.: Large Deformation on Elongated Bodies., 9th International Conference on Flow-Induced Vibrations: FIV2008, Prague, Czech Republic, June 30\u2013July 3, (2008).<\/p>\n\n\n\n<h2 class=\"wp-block-heading\">Konferenzen:<\/h2>\n\n\n\n<p>Wood, J.N., De Nayer, G. and Breuer, M.: Parry the Attack of the Simulators: Why Experiments are necessary to validate and complement Numerical Simulations: Fluid-Structure Interaction of a Membranous Structure. 8th International Conference on Computational Methods for Coupled Problems in Science and Engineering (Coupled Problems 2019), Sitges, Spain, June 3-5, (2019).<\/p>\n\n\n\n<p>W\u00fcchner, R., Apostolatos, A., De Nayer, G., Breuer, M., Rossi, R., Bletzinger, K.-U.: Enabling smooth interfaces in FSI by the Isogeometric B-Rep Analysis of shells and membranes, ECCM-ECFD 2018, Glasgow, UK, June 11-15, (2018).<\/p>\n\n\n\n<p>De Nayer, G., Apostolatos, A., Wood, J.N., Breuer, M., W\u00fcchner, R.: Fluid-Structure Interaction of an Air-inflated Membranous Hemisphere in Turbulent Flow based on Large-Eddy Simulation, 8th International Conference on Textile Composites and Inflatable Structures, Structural Membranes 2017, Munich, Germany, October 9-11, (2017).<\/p>\n\n\n\n<p>W\u00fcchner, R., Apostolatos, A., De Nayer, G. Breuer, M., Bletzinger, K.-U.: Non-matching interface treatment for isogeometric B-Rep analysis of light-weight, thin-walled structures coupled to LES, 7th Int. Conf. on Coupled Problems in Science and Engineering, Coupled Problems 2017, Rhodes Island, Greece, June 12-14, (2017).<\/p>\n\n\n\n<p>De Nayer, G., Kalmbach, A., Breuer, M.: Large-Eddy Simulation and Evaluation of the Turbulent Fluid-Structure Interaction Benchmark FSI-PfS-2A, WCCM-ECCM-ECFD 2014, Barcelona, Spain, July 20-25, (2014).<\/p>\n\n\n\n<p>De Nayer, G., Breuer, M.: Fluid-Structure Interaction of Thin Structures in Turbulent Flows, SuperMUC Review Workshop, Garching, Germany, July 8-9, (2014).<\/p>\n\n\n\n<p>Breuer M., Kalmbach, A. and De Nayer G.: New challenging turbulent FSI benchmarks \u2013 Measurements and simulations, 5th Conf. on Computational Methods for Coupled Problems in Science and Engineering (COUPLED 2013), Ibiza, Spain, June 17-19, (2013).<\/p>\n\n\n\n<p>Breuer M., De Nayer G. and Kalmbach, A.: A New Turbulent FSI Benchmark FSI-PfS-1: Simulations and Measurements, 5th Conf. on Computational Methods in Marine Engineering (MARINE 2013), Hamburg, Germany, May 29-31, (2013).<\/p>\n\n\n\n<p>De Nayer, G., Breuer, M., M\u00fcnsch, M.: Fluid-Structure Interaction Simulation of Laminar and Turbulent Flows, 4th GACM Colloquium on Computational Mechanics, Technische Universit\u00e4t Dresden, Germany, Aug. 31-Sept. 2 (2011).<\/p>\n\n\n\n<p>Breuer, M., De Nayer, G., M\u00fcnsch, M.: Numerical Simulation of Fluid-Structure Interaction using Large-Eddy Simulation, 4th Int. Conf. on Coupled Problems in Science and Engineering, Coupled Problems 2011, Kos, Greece, June 20-22, (2011).<\/p>\n\n\n\n<h2 class=\"wp-block-heading\">Andere:<\/h2>\n\n\n\n<p>Eric Gedenk: Helmut-Schmidt University Researchers Use HPC in Hopes of Restraining the Wind, Gauss Centre for Supercomputing, (2020). <a href=\"https:\/\/www.hpcwire.com\/off-the-wire\/helmut-schmidt-university-researchers-use-hpc-in-hopes-of-restraining-the-wind\/\" rel='nofollow'>Volltext auf hpcwire.com<\/a><\/p>\n\n\n\n<p>Wood, J. N., De Nayer, G., Schmidt, S., Breuer, M.: Test case on QNET ERCOFTAC database (Underlying Flow Regime 3-33): Turbulent flow past a wall-mounted hemisphere. : <a href=\"http:\/\/qnet-ercoftac.cfms.org.uk\/w\/index.php\/UFR_3-33\" target=\"_blank\" rel=\"noreferrer noopener\">ERCOFTAC <\/a>(2016)<\/p>\n\n\n\n<p>Kalmbach, A., De Nayer, G., Breuer, M.: Test case on QNET ERCOFTAC database (Underlying Flow Regime 2-14): Fluid-structure interaction in turbulent flow past cylinder\/plate configuration I (First swiveling mode). <a href=\"http:\/\/qnet-ercoftac.cfms.org.uk\/w\/index.php\/UFR_2-13\" target=\"_blank\" rel=\"noreferrer noopener\">ERCOFTAC<\/a> (2014).<\/p>\n\n\n\n<p>De Nayer, G., Kalmbach, A., Breuer, M.: Test case on QNET ERCOFTAC database (Underlying Flow Regime 2-13): Fluid-structure interaction in turbulent flow past cylinder\/plate configuration II (Second swiveling mode). <a href=\"http:\/\/qnet-ercoftac.cfms.org.uk\/w\/index.php\/UFR_2-14\" target=\"_blank\" rel=\"noreferrer noopener\">ERCOFTAC<\/a> (2014).<\/p>\n\n\n\n<h2 class=\"wp-block-heading\">Promotionsthema:<\/h2>\n\n\n\n<p>De Nayer, G., \u201eInteraction Fluide-Structure pour les corps \u00e9lanc\u00e9s\u201c. PhD thesis (in french), Ecole Centrale Nantes, France, 2008.<\/p>\n\n\n\n<p>available online:<\/p>\n\n\n\n<p><a href=\"ftp:\/\/ftpa.ec-nantes.fr\/user\/ftp-emn\/pub\/Thesis\/these_denayer.pdf\" rel='nofollow'>ftp:\/\/ftpa.ec-nantes.fr\/user\/ftp-emn\/pub\/Thesis\/these_denayer.pdf<\/a><\/p>\n\n\n\n<h2 class=\"wp-block-heading\">Betreuung von Masterarbeiten:<\/h2>\n\n\n\n<p>Hartmann, C.-E., de Montigny, P.: Study of Interpolation Errors Induced by Coupling in Fluid-Structure Interaction Simulations, (2010).<\/p>\n\n\n\n<p>Hartsuiker, J. V.: Verbesserung der Kopplung bei der Simulation der Fluid-Struktur-Interaktion mittels Subcycling, (2012).<\/p>\n\n\n\n<p>Viets, S.: Numerische Simulation der Fluid-Struktur-Interaktion eines elastisch aufgeh\u00e4ngten, starren Zylinders, (2013).<\/p>\n\n\n\n<p>Riepshoff, M.: Numerische Simulation der Fluid-Struktur-Interaktion eines Referenzfalls bestehend aus Kegelstumpf und Fahne, (2013).<\/p>\n\n\n\n<p>Wood, J. N.: Numerische Simulation der Fluid-Struktur-Interaktion bei der Umstr\u00f6mung einer Traglufthalle, (2013).<\/p>\n\n\n\n<p>Perali, P.: Synthetic Turbulence Inflow Generator: Improvements and Applications, (2015).<\/p>\n\n\n\n<p>Garay Fernandez, B.: Simulations of Turbulent Flows with Extreme Events in Form of Wind Gust, (2016).<\/p>\n\n\n\n<p>Streher, Larissa B.: Large-eddy simulations around a NACA0012 airfoil at different angles of attack, (2017).<\/p>\n\n\n\n<p>Streher, Larissa B.: Numerical investigations of the fluid-structure interaction of a NACA0012 airfoil based on large-eddy simulations, (2017).<\/p>\n\n\n\n<p>Grollmann, K.: Numerische Simulation der turbulenten Str\u00f6mung um ein w\u00fcrfelf\u00f6rmiges Hindernis, (2017).<\/p>\n\n\n\n<p>Grollmann, K.: Numerische Simulation des Effekts von turbulenten Windb\u00f6en auf ein w\u00fcrfelf\u00f6rmiges Hindernis, (2017).<\/p>\n\n\n\n<p>K\u00fcnzel, B.: Literature Review on Static and Dynamic Aeroelasticity of Airfoils, (2019).<\/p>\n\n\n\n<p>K\u00fcnzel, B.: Coupled Large-Eddy Simulations of Airfoil Flutter and Harmonic Oscillations, (2019).<\/p>\n\n\n\n<h2 class=\"wp-block-heading\">Gutachter f\u00fcr internationale Journals<\/h2>\n\n\n\n<p><a href=\"https:\/\/publons.com\/researcher\/1472374\/guillaume-de-nayer\/\" rel='nofollow'>Publons Peer Review Profile<\/a><\/p>\n\n\n\n<p><\/p>\n\n\n\n<p><\/p>\n<\/details>\n","protected":false},"excerpt":{"rendered":"<p>h\u00e4tte nicht gedacht das der Text als erstes erscheint Dies soll nur mal die m\u00f6glichkeiten demonstrieren Dieser Link f\u00fchrt auf eine Internetseite<\/p>\n","protected":false},"author":50,"featured_media":0,"parent":0,"menu_order":0,"comment_status":"closed","ping_status":"closed","template":"","meta":{"footnotes":""},"categories":[4],"tags":[],"class_list":["post-2480","page","type-page","status-publish","hentry","category-forschung"],"_links":{"self":[{"href":"https:\/\/www.hsu-hh.de\/pfs\/wp-json\/wp\/v2\/pages\/2480","targetHints":{"allow":["GET"]}}],"collection":[{"href":"https:\/\/www.hsu-hh.de\/pfs\/wp-json\/wp\/v2\/pages"}],"about":[{"href":"https:\/\/www.hsu-hh.de\/pfs\/wp-json\/wp\/v2\/types\/page"}],"author":[{"embeddable":true,"href":"https:\/\/www.hsu-hh.de\/pfs\/wp-json\/wp\/v2\/users\/50"}],"replies":[{"embeddable":true,"href":"https:\/\/www.hsu-hh.de\/pfs\/wp-json\/wp\/v2\/comments?post=2480"}],"version-history":[{"count":18,"href":"https:\/\/www.hsu-hh.de\/pfs\/wp-json\/wp\/v2\/pages\/2480\/revisions"}],"predecessor-version":[{"id":3095,"href":"https:\/\/www.hsu-hh.de\/pfs\/wp-json\/wp\/v2\/pages\/2480\/revisions\/3095"}],"wp:attachment":[{"href":"https:\/\/www.hsu-hh.de\/pfs\/wp-json\/wp\/v2\/media?parent=2480"}],"wp:term":[{"taxonomy":"category","embeddable":true,"href":"https:\/\/www.hsu-hh.de\/pfs\/wp-json\/wp\/v2\/categories?post=2480"},{"taxonomy":"post_tag","embeddable":true,"href":"https:\/\/www.hsu-hh.de\/pfs\/wp-json\/wp\/v2\/tags?post=2480"}],"curies":[{"name":"wp","href":"https:\/\/api.w.org\/{rel}","templated":true}]}}