{"id":221,"date":"2017-09-07T08:09:42","date_gmt":"2017-09-07T06:09:42","guid":{"rendered":"https:\/\/www.hsu-hh.de\/pfs\/?page_id=221"},"modified":"2022-09-26T13:47:35","modified_gmt":"2022-09-26T11:47:35","slug":"leiter-2","status":"publish","type":"page","link":"https:\/\/www.hsu-hh.de\/pfs\/leiter-2","title":{"rendered":"Leiter"},"content":{"rendered":"<div>\n<div>\n<div class=\"ansprechparter-container\">\n<div class=\"row ansprechpartner-item ansprechparter-header\">\n<div class=\"col-xs-8 col-lg-12\" style=\"margin-bottom: 30px\">\n<h3 class=\"ansprechparter-headline\"><\/h3>\n<h2 class=\"mobile-small\"><abbr title=\"Universit\u00e4tsprofessor\">Univ.-Prof.<\/abbr> <abbr title=\"Doktor\">Dr.<\/abbr>&#8211;<abbr title=\"Ingenieur\">Ing.<\/abbr> <abbr title=\"habilitatus\">habil.<\/abbr> Michael Breuer<\/h2>\n<\/div>\n<div class=\"col-md-4 col-lg-3 col-xs-4 ansprechpartner-item img-circle center-block\" style=\"margin-bottom: 30px;float: right\">\n<div class=\"img-responsive-wrapper\">\n<p><img loading=\"lazy\" decoding=\"async\" class=\"wp-image-170 size-full\" src=\"https:\/\/www.hsu-hh.de\/pfs\/wp-content\/uploads\/sites\/564\/2017\/09\/Breuer.jpg\" alt=\"Breuer\" width=\"142\" height=\"213\" \/><\/p>\n<\/div>\n<\/div>\n<div class=\"col-md-12 col-lg-3 col-xs-12 ansprechpartner-item kontakt\" style=\"margin-bottom: 30px;float: right\">\n<div class=\"row\">\n<div class=\"col-xs-6 col-lg-12\">\n<div class=\"row\">\n<div class=\"col-xs-12 col-lg-4 row-text bold\">Raum:<\/div>\n<div class=\"col-xs-12 col-lg-8 row-text\">105<\/div>\n<\/div>\n<\/div>\n<div class=\"col-xs-6 col-lg-12\">\n<div class=\"row\">\n<div class=\"col-xs-12 col-lg-4 row-text bold\">Telefon:<\/div>\n<div class=\"col-xs-12 col-lg-8 row-text\">+49-40-6541-2724<\/div>\n<\/div>\n<\/div>\n<div class=\"col-xs-6 col-lg-12\">\n<div class=\"row\">\n<div class=\"col-xs-12 col-lg-4 row-text bold\">Fax:<\/div>\n<div class=\"col-xs-12 col-lg-8 row-text\">+49-40-6541-3781<\/div>\n<\/div>\n<\/div>\n<div class=\"col-xs-6 col-lg-12\">\n<div class=\"row\">\n<div class=\"col-xs-12 col-md-12 row-text bold\">Email:<\/div>\n<div class=\"col-xs-12 col-md-12 row-text\"><a href=\"mailto:breuer@hsu-hh.de\" rel='nofollow'>breuer[at]hsu-hh.de<\/a><\/div>\n<\/div>\n<\/div>\n<\/div>\n<\/div>\n<div class=\"col-md-6 col-lg-3 col-xs-12 ansprechpartner-item anschrift \">\n<div class=\"row-headline\">Besucheranschrift<\/div>\n<div class=\"row-text\">\n<p>Helmut-Schmidt-Universit\u00e4t<br \/>\nGeb\u00e4ude H 11<\/p>\n<p>Holstenhofweg 85<br \/>\n22043 Hamburg<\/p>\n<\/div>\n<\/div>\n<div class=\"col-md-6 col-lg-3 col-xs-12 ansprechpartner-item anschrift\">\n<div class=\"row-headline\">Postanschrift<\/div>\n<div class=\"row-text\">\n<p>Helmut-Schmidt-Universit\u00e4t<br \/>\nFakult\u00e4t Maschinenbau<br \/>\nProfessur f\u00fcr Str\u00f6mungsmechanik<br \/>\nPostfach 70 08 22<br \/>\n22808 Hamburg<\/p>\n<\/div>\n<\/div>\n<\/div>\n<\/div>\n<div class=\"clearfix\"><\/div>\n<ul>\n<li>\n<h3><strong>Kurzbiografie<\/strong><\/h3>\n<ul>\n<li>Studium des Maschinenbaus (Luft- und Raumfahrttechnik an der RWTH Aachen)<\/li>\n<li>Promotion am Aerodynamischen Institut der RWTH Aachen (<abbr title=\"Professor\">Prof.<\/abbr> Krause, <abbr title=\"Professor\">Prof.<\/abbr> H\u00e4nel)<\/li>\n<li>Post-Doc am Institut f\u00fcr Hydromechanik der Universit\u00e4t Karlsruhe (TH) bei <abbr title=\"Professor\">Prof.<\/abbr> Rodi<\/li>\n<li>Gruppenleiter <em>Numerische Str\u00f6mungssimulation<\/em> am Lehrstuhl f\u00fcr Str\u00f6mungsmechanik (<abbr title=\"Professor\">Prof.<\/abbr> Durst, <abbr title=\"Professor\">Prof.<\/abbr> Delgado) der Universit\u00e4t Erlangen-N\u00fcrnberg<\/li>\n<li>Habilitation an der Universit\u00e4t Erlangen-N\u00fcrnberg<\/li>\n<li>seit November 2008 an der <abbr title=\"Helmut Schmidt Universit\u00e4t\">HSU<\/abbr> (Professur f\u00fcr Str\u00f6mungsmechanik)<\/li>\n<\/ul>\n<\/li>\n<\/ul>\n<ul>\n<li>\n<h3><strong>Hauptinteressen<\/strong><\/h3>\n<ul>\n<li>turbulente Str\u00f6mungen<\/li>\n<li>Fluid-Struktur-Interaktion<\/li>\n<li>mehrphasige Str\u00f6mungen<\/li>\n<li>Multiphysics<\/li>\n<\/ul>\n<\/li>\n<\/ul>\n<ul>\n<li>\n<h3><strong>Publikationen<\/strong><\/h3>\n<ul>\n<li><a href=\"https:\/\/openhsu.ub.hsu-hh.de\/cris\/rp\/rp01055?sort_byall=2&amp;orderall=DESC&amp;open=all#all\" rel='nofollow'>open <abbr title=\"Helmut Schmidt Universit\u00e4t\">HSU<\/abbr><\/a><\/li>\n<li><a href=\"https:\/\/www.scopus.com\/authid\/detail.uri?authorId=56216458500\" rel='nofollow'>Scopus<\/a><\/li>\n<li><a href=\"http:\/\/orcid.org\/0000-0003-4467-478X\" rel='nofollow'>Orcid<\/a><\/li>\n<li><a href=\"https:\/\/scholar.google.de\/citations?hl=en&amp;user=T2lHvOkAAAAJ\" rel='nofollow'>Google Scholar<\/a><\/li>\n<li><a href=\"https:\/\/www.researchgate.net\/profile\/Michael_Breuer3\" rel='nofollow'>Researchgate<\/a><\/li>\n<li><a href=\"http:\/\/www.researcherid.com\/rid\/B-3210-2009\" target=\"_blank\" rel=\"noopener noreferrer\">ResearcherID<\/a><\/li>\n<li><a href=\"https:\/\/www.hsu-hh.de\/pfs\/?page_id=635&amp;preview=true\">Kurse und Lehrg\u00e4nge (M. Breuer et al.)<\/a><\/li>\n<\/ul>\n<\/li>\n<\/ul>\n<ul>\n<li>\n<h3>Review-T\u00e4tigkeit<\/h3>\n<p><!-- start Publons.com widget --><a href=\"https:\/\/publons.com\/researcher\/1473138\/michael-breuer\/\" rel='nofollow'>Publons Peer Review Profile<\/a><\/p>\n<p><!-- end Publons.com widget --><\/li>\n<\/ul>\n<\/div>\n<\/div>\n","protected":false},"excerpt":{"rendered":"<p>Univ.-Prof. Dr.&#8211;Ing. habil. Michael Breuer Raum: 105 Telefon: +49-40-6541-2724 Fax: +49-40-6541-3781 Email: breuer[at]hsu-hh.de Besucheranschrift Helmut-Schmidt-Universit\u00e4t Geb\u00e4ude H 11 Holstenhofweg 85 22043 Hamburg Postanschrift Helmut-Schmidt-Universit\u00e4t Fakult\u00e4t Maschinenbau Professur f\u00fcr Str\u00f6mungsmechanik Postfach [&hellip;]<\/p>\n","protected":false},"author":50,"featured_media":0,"parent":0,"menu_order":0,"comment_status":"closed","ping_status":"closed","template":"","meta":{"footnotes":""},"categories":[8],"tags":[],"class_list":["post-221","page","type-page","status-publish","hentry","category-team"],"_links":{"self":[{"href":"https:\/\/www.hsu-hh.de\/pfs\/wp-json\/wp\/v2\/pages\/221","targetHints":{"allow":["GET"]}}],"collection":[{"href":"https:\/\/www.hsu-hh.de\/pfs\/wp-json\/wp\/v2\/pages"}],"about":[{"href":"https:\/\/www.hsu-hh.de\/pfs\/wp-json\/wp\/v2\/types\/page"}],"author":[{"embeddable":true,"href":"https:\/\/www.hsu-hh.de\/pfs\/wp-json\/wp\/v2\/users\/50"}],"replies":[{"embeddable":true,"href":"https:\/\/www.hsu-hh.de\/pfs\/wp-json\/wp\/v2\/comments?post=221"}],"version-history":[{"count":61,"href":"https:\/\/www.hsu-hh.de\/pfs\/wp-json\/wp\/v2\/pages\/221\/revisions"}],"predecessor-version":[{"id":2681,"href":"https:\/\/www.hsu-hh.de\/pfs\/wp-json\/wp\/v2\/pages\/221\/revisions\/2681"}],"wp:attachment":[{"href":"https:\/\/www.hsu-hh.de\/pfs\/wp-json\/wp\/v2\/media?parent=221"}],"wp:term":[{"taxonomy":"category","embeddable":true,"href":"https:\/\/www.hsu-hh.de\/pfs\/wp-json\/wp\/v2\/categories?post=221"},{"taxonomy":"post_tag","embeddable":true,"href":"https:\/\/www.hsu-hh.de\/pfs\/wp-json\/wp\/v2\/tags?post=221"}],"curies":[{"name":"wp","href":"https:\/\/api.w.org\/{rel}","templated":true}]}}