{"id":2021,"date":"2020-12-02T10:13:13","date_gmt":"2020-12-02T09:13:13","guid":{"rendered":"https:\/\/www.hsu-hh.de\/pfs\/?page_id=2021"},"modified":"2026-03-09T11:39:32","modified_gmt":"2026-03-09T10:39:32","slug":"externe-doktorandinnen","status":"publish","type":"page","link":"https:\/\/www.hsu-hh.de\/pfs\/externe-doktorandinnen","title":{"rendered":"Externe Doktoranden"},"content":{"rendered":"\n<div class=\"wp-block-media-text alignwide is-stacked-on-mobile is-vertically-aligned-center\" style=\"grid-template-columns:21% auto\"><figure class=\"wp-block-media-text__media\"><img loading=\"lazy\" decoding=\"async\" width=\"480\" height=\"720\" src=\"https:\/\/www.hsu-hh.de\/pfs\/wp-content\/uploads\/sites\/564\/2025\/06\/Pascal_Seifermann.jpg\" data-credit=\"Seifermann\" alt=\"\" class=\"wp-image-3220 size-full\" srcset=\"https:\/\/www.hsu-hh.de\/pfs\/wp-content\/uploads\/sites\/564\/2025\/06\/Pascal_Seifermann.jpg 480w, https:\/\/www.hsu-hh.de\/pfs\/wp-content\/uploads\/sites\/564\/2025\/06\/Pascal_Seifermann-200x300.jpg 200w\" sizes=\"auto, (max-width: 480px) 100vw, 480px\" \/><\/figure><div class=\"wp-block-media-text__content\">\n<h3 class=\"wp-block-heading\"><abbr title=\"Master of Science\">M.Sc.<\/abbr> Pascal Seifermann<\/h3>\n\n\n\n<p><strong>Postanschrift: <\/strong>Hochschule f\u00fcr Angewandte Wissenschaften (HAW)(CC4E),<br>Berliner Tor 21, Raum 528<br><strong>Telefon: <\/strong>+49 40 2190 43570 (Dienstag und Donnerstag)<br><strong>E-Mail:<\/strong> pascal.seifermann@haw-hamburg.de<br><strong>Projekt:<\/strong> Optimierung des Energieeintrags und der Lasten durch Nachlaufbeeinflussung von Windparks mit kleinen Anlagenabst\u00e4nden unter Ber\u00fccksichtigung von Schall- und Artenschutzaspekten<br><\/p>\n<\/div><\/div>\n\n\n\n<div class=\"wp-block-media-text alignwide is-stacked-on-mobile is-vertically-aligned-center\" style=\"grid-template-columns:21% auto\"><figure class=\"wp-block-media-text__media\"><img loading=\"lazy\" decoding=\"async\" width=\"683\" height=\"1024\" src=\"https:\/\/www.hsu-hh.de\/pfs\/wp-content\/uploads\/sites\/564\/2025\/06\/Lutz_Rohlfing-683x1024.jpg\" data-credit=\"Rohlfing\" alt=\"\" class=\"wp-image-3221 size-full\" srcset=\"https:\/\/www.hsu-hh.de\/pfs\/wp-content\/uploads\/sites\/564\/2025\/06\/Lutz_Rohlfing-683x1024.jpg 683w, https:\/\/www.hsu-hh.de\/pfs\/wp-content\/uploads\/sites\/564\/2025\/06\/Lutz_Rohlfing-200x300.jpg 200w, https:\/\/www.hsu-hh.de\/pfs\/wp-content\/uploads\/sites\/564\/2025\/06\/Lutz_Rohlfing-768x1152.jpg 768w, https:\/\/www.hsu-hh.de\/pfs\/wp-content\/uploads\/sites\/564\/2025\/06\/Lutz_Rohlfing-1024x1536.jpg 1024w, https:\/\/www.hsu-hh.de\/pfs\/wp-content\/uploads\/sites\/564\/2025\/06\/Lutz_Rohlfing-1365x2048.jpg 1365w, https:\/\/www.hsu-hh.de\/pfs\/wp-content\/uploads\/sites\/564\/2025\/06\/Lutz_Rohlfing-1100x1650.jpg 1100w, https:\/\/www.hsu-hh.de\/pfs\/wp-content\/uploads\/sites\/564\/2025\/06\/Lutz_Rohlfing-scaled.jpg 1707w\" sizes=\"auto, (max-width: 683px) 100vw, 683px\" \/><\/figure><div class=\"wp-block-media-text__content\">\n<h3 class=\"wp-block-heading\"><abbr title=\"Master of Science\">M.Sc.<\/abbr> Lutz Rohlfing<\/h3>\n\n\n\n<p class=\"has-text-align-left\"><strong>Postanschrift:<\/strong> Hochschule f\u00fcr Angewandte Wissenschaften (HAW)(CC4E)<br>Berliner Tor 21, Raum 528<br><strong>Telefon:<\/strong> +49 40 2190 42814 (Dienstag und Donnerstag)<br><strong>E-Mail:<\/strong> lutz.rohlfing@haw-hamburg.de<br><strong>Projekt:<\/strong> Berechnung des Near-Wakes und der Anlagenlasten in realen Windparks mittels der Actuator-Line-Methode und Large-Eddy-Simulation in einer messdatenbasierten atmosph\u00e4rischen Grenzschicht unter variierenden Stabilit\u00e4tszust\u00e4nden<\/p>\n<\/div><\/div>\n\n\n<div>\n<div>\n<div>\n<div>\n<div>\n<div>\n<div>\n<div>\n<div>\n<div><\/div>\n<\/div>\n<\/div>\n<\/div>\n<\/div>\n<\/div>\n<\/div>\n<\/div>\n<\/div>\n<\/div>","protected":false},"excerpt":{"rendered":"<p>M.Sc. Pascal Seifermann Postanschrift: Hochschule f\u00fcr Angewandte Wissenschaften (HAW)(CC4E),Berliner Tor 21, Raum 528Telefon: +49 40 2190 43570 (Dienstag und Donnerstag)E-Mail: pascal.seifermann@haw-hamburg.deProjekt: Optimierung des Energieeintrags und der Lasten durch Nachlaufbeeinflussung von [&hellip;]<\/p>\n","protected":false},"author":50,"featured_media":0,"parent":0,"menu_order":0,"comment_status":"closed","ping_status":"closed","template":"","meta":{"footnotes":""},"categories":[8],"tags":[110],"class_list":["post-2021","page","type-page","status-publish","hentry","category-team","tag-externe-de"],"_links":{"self":[{"href":"https:\/\/www.hsu-hh.de\/pfs\/wp-json\/wp\/v2\/pages\/2021","targetHints":{"allow":["GET"]}}],"collection":[{"href":"https:\/\/www.hsu-hh.de\/pfs\/wp-json\/wp\/v2\/pages"}],"about":[{"href":"https:\/\/www.hsu-hh.de\/pfs\/wp-json\/wp\/v2\/types\/page"}],"author":[{"embeddable":true,"href":"https:\/\/www.hsu-hh.de\/pfs\/wp-json\/wp\/v2\/users\/50"}],"replies":[{"embeddable":true,"href":"https:\/\/www.hsu-hh.de\/pfs\/wp-json\/wp\/v2\/comments?post=2021"}],"version-history":[{"count":41,"href":"https:\/\/www.hsu-hh.de\/pfs\/wp-json\/wp\/v2\/pages\/2021\/revisions"}],"predecessor-version":[{"id":3312,"href":"https:\/\/www.hsu-hh.de\/pfs\/wp-json\/wp\/v2\/pages\/2021\/revisions\/3312"}],"wp:attachment":[{"href":"https:\/\/www.hsu-hh.de\/pfs\/wp-json\/wp\/v2\/media?parent=2021"}],"wp:term":[{"taxonomy":"category","embeddable":true,"href":"https:\/\/www.hsu-hh.de\/pfs\/wp-json\/wp\/v2\/categories?post=2021"},{"taxonomy":"post_tag","embeddable":true,"href":"https:\/\/www.hsu-hh.de\/pfs\/wp-json\/wp\/v2\/tags?post=2021"}],"curies":[{"name":"wp","href":"https:\/\/api.w.org\/{rel}","templated":true}]}}