{"id":1776,"date":"2019-05-08T10:09:49","date_gmt":"2019-05-08T08:09:49","guid":{"rendered":"https:\/\/www.hsu-hh.de\/pfs\/?page_id=1776"},"modified":"2022-05-31T10:01:08","modified_gmt":"2022-05-31T08:01:08","slug":"external-doctoral-students","status":"publish","type":"page","link":"https:\/\/www.hsu-hh.de\/pfs\/en\/external-doctoral-students","title":{"rendered":"External doctoral students"},"content":{"rendered":"<header class=\"entry-header\">\n<h1 class=\"entry-title\"><\/h1>\n<p>translation coming soon<\/p>\n<\/header>\n<div class=\"entry-content\">\n<figure id=\"attachment_1612\" class=\"wp-caption alignleft\" aria-describedby=\"caption-attachment-1612\"><img loading=\"lazy\" decoding=\"async\" class=\"size-medium wp-image-1612\" src=\"https:\/\/www.hsu-hh.de\/pfs\/wp-content\/uploads\/sites\/564\/2018\/07\/Brandon-Lobo-225x300.jpg\" alt=\"Brandon Lobo\" width=\"225\" height=\"300\" srcset=\"https:\/\/www.hsu-hh.de\/pfs\/wp-content\/uploads\/sites\/564\/2018\/07\/Brandon-Lobo-225x300.jpg 225w, https:\/\/www.hsu-hh.de\/pfs\/wp-content\/uploads\/sites\/564\/2018\/07\/Brandon-Lobo-768x1024.jpg 768w, https:\/\/www.hsu-hh.de\/pfs\/wp-content\/uploads\/sites\/564\/2018\/07\/Brandon-Lobo.jpg 1500w\" sizes=\"auto, (max-width: 225px) 100vw, 225px\" \/><figcaption id=\"caption-attachment-1612\" class=\"wp-caption-text\">Brandon Lobo<\/figcaption><\/figure>\n<h3><\/h3>\n<h3><\/h3>\n<h3><\/h3>\n<h3><abbr title=\"Master of Science\">M.Sc.<\/abbr> Brandon Arthur Lobo<\/h3>\n<p><strong>Postanschrift: <\/strong>FH Kiel<br \/>\n<strong>Besuchsanschrift : <\/strong>Grenzstrasse 3 \/ 24149 Kiel<strong><br \/>\nTelefon: <\/strong>0431 \/ 210 2610<strong><br \/>\nE-Mail:<\/strong> brandon.a.lobo@fh-kiel.de<br \/>\n<strong>Projekt:<\/strong> Optimierung von aerodynamischen Profilen f\u00fcr Windturbinenfl\u00fcgel mittels numerischer Simulation bei nat\u00fcrlicher Einstr\u00f6mturbulenz.<br \/>\nGef\u00f6rdert \u00fcber EKSH-Promotionsstipendium Energie und Klimaschutz (Gesellschaft f\u00fcr Energie und Klimaschutz Schleswig-Holstein <abbr title=\"Gesellschaft mit beschr\u00e4nkter Haftung\">GmbH<\/abbr>)<br \/>\nKooperation mit FH Kiel, <abbr title=\"Professor\">Prof.<\/abbr> <abbr title=\"Doktor\">Dr.<\/abbr> <abbr title=\"rerum\">rer.<\/abbr> nat. Alois Schaffarczyk.<\/p>\n<h3><\/h3>\n<\/div>\n","protected":false},"excerpt":{"rendered":"<p>translation coming soon Brandon Lobo M.Sc. Brandon Arthur Lobo Postanschrift: FH Kiel Besuchsanschrift : Grenzstrasse 3 \/ 24149 Kiel Telefon: 0431 \/ 210 2610 E-Mail: brandon.a.lobo@fh-kiel.de Projekt: Optimierung von aerodynamischen [&hellip;]<\/p>\n","protected":false},"author":50,"featured_media":0,"parent":0,"menu_order":0,"comment_status":"closed","ping_status":"closed","template":"","meta":{"footnotes":""},"categories":[9],"tags":[],"class_list":["post-1776","page","type-page","status-publish","hentry","category-team-en"],"_links":{"self":[{"href":"https:\/\/www.hsu-hh.de\/pfs\/wp-json\/wp\/v2\/pages\/1776","targetHints":{"allow":["GET"]}}],"collection":[{"href":"https:\/\/www.hsu-hh.de\/pfs\/wp-json\/wp\/v2\/pages"}],"about":[{"href":"https:\/\/www.hsu-hh.de\/pfs\/wp-json\/wp\/v2\/types\/page"}],"author":[{"embeddable":true,"href":"https:\/\/www.hsu-hh.de\/pfs\/wp-json\/wp\/v2\/users\/50"}],"replies":[{"embeddable":true,"href":"https:\/\/www.hsu-hh.de\/pfs\/wp-json\/wp\/v2\/comments?post=1776"}],"version-history":[{"count":5,"href":"https:\/\/www.hsu-hh.de\/pfs\/wp-json\/wp\/v2\/pages\/1776\/revisions"}],"predecessor-version":[{"id":2612,"href":"https:\/\/www.hsu-hh.de\/pfs\/wp-json\/wp\/v2\/pages\/1776\/revisions\/2612"}],"wp:attachment":[{"href":"https:\/\/www.hsu-hh.de\/pfs\/wp-json\/wp\/v2\/media?parent=1776"}],"wp:term":[{"taxonomy":"category","embeddable":true,"href":"https:\/\/www.hsu-hh.de\/pfs\/wp-json\/wp\/v2\/categories?post=1776"},{"taxonomy":"post_tag","embeddable":true,"href":"https:\/\/www.hsu-hh.de\/pfs\/wp-json\/wp\/v2\/tags?post=1776"}],"curies":[{"name":"wp","href":"https:\/\/api.w.org\/{rel}","templated":true}]}}