{"id":1725,"date":"2019-03-25T14:11:42","date_gmt":"2019-03-25T13:11:42","guid":{"rendered":"https:\/\/www.hsu-hh.de\/pfs\/?page_id=1725"},"modified":"2019-03-25T14:11:43","modified_gmt":"2019-03-25T13:11:43","slug":"vertiefungspraktikum","status":"publish","type":"page","link":"https:\/\/www.hsu-hh.de\/pfs\/vertiefungspraktikum","title":{"rendered":"Vertiefungspraktikum"},"content":{"rendered":"<h1>Laborpraktikum im Master-Studiengang (MB 11902)<\/h1>\n<p>Im Rahmen des Master-Studiengangs bietet die Professur f\u00fcr Str\u00f6mungsmechanik zwei Laborversuche \u00a0im Umfang von jeweils 30 h (umfangreicher Versuch) an:<\/p>\n<h2>1. Particle-Image-Velocimetry<\/h2>\n<p>Hiierbei handelt es sich um ein modernes ber\u00fchrungsloses Messverfahren f\u00fcr Str\u00f6mungsgeschwindigkeiten. Die Technik wird anhand der Umstr\u00f6mung eines\u00a0Tragfl\u00fcgelprofils im Wasserkanal der PfS demonstriert.\u00a0\u00a0Details zum Versuch sind in der ausf\u00fchrlichen Versuchsbeschreibung im <span lang=\"en\" xml:lang=\"en\">Download<\/span>-Bereich zu finden.<\/p>\n<figure id=\"attachment_982\" aria-describedby=\"caption-attachment-982\" style=\"width: 300px\" class=\"wp-caption alignnone\"><img loading=\"lazy\" decoding=\"async\" class=\"wp-image-982 size-medium\" src=\"https:\/\/www.hsu-hh.de\/pfs\/wp-content\/uploads\/sites\/564\/2017\/10\/vp_01_piv-300x213.jpg\" alt=\"piv am flustruc\" width=\"300\" height=\"213\" srcset=\"https:\/\/www.hsu-hh.de\/pfs\/wp-content\/uploads\/sites\/564\/2017\/10\/vp_01_piv-300x213.jpg 300w, https:\/\/www.hsu-hh.de\/pfs\/wp-content\/uploads\/sites\/564\/2017\/10\/vp_01_piv-768x546.jpg 768w, https:\/\/www.hsu-hh.de\/pfs\/wp-content\/uploads\/sites\/564\/2017\/10\/vp_01_piv-1024x728.jpg 1024w, https:\/\/www.hsu-hh.de\/pfs\/wp-content\/uploads\/sites\/564\/2017\/10\/vp_01_piv.jpg 1200w\" sizes=\"auto, (max-width: 300px) 100vw, 300px\" \/><figcaption id=\"caption-attachment-982\" class=\"wp-caption-text\">flustruc Wasserkanal<\/figcaption><\/figure>\n<h2>2. Laser-Doppler-Anemometry<\/h2>\n<p>Ebenfalls ber\u00fchrungslos und mittels Lasertechnik arbeitet die Laser-Doppler-Anemometry, die im zweiten Laborversuch \u00a0am Windkanal der PfS demonstriert werden wird. Hierbei wird die Umstr\u00f6mung einer starren Halbkugel (als Modell f\u00fcr eine Traglufthalle) genauer untersucht werden. Weitere Details zum Versuch sind in der Versuchsbeschreibung im <span lang=\"en\" xml:lang=\"en\">Download<\/span>-Bereich zu finden.<\/p>\n<p><img loading=\"lazy\" decoding=\"async\" class=\"size-medium wp-image-981 alignnone\" src=\"https:\/\/www.hsu-hh.de\/pfs\/wp-content\/uploads\/sites\/564\/2017\/10\/Windkanal_Totale-300x200.jpg\" alt=\"Windkanal\" width=\"300\" height=\"200\" srcset=\"https:\/\/www.hsu-hh.de\/pfs\/wp-content\/uploads\/sites\/564\/2017\/10\/Windkanal_Totale-300x200.jpg 300w, https:\/\/www.hsu-hh.de\/pfs\/wp-content\/uploads\/sites\/564\/2017\/10\/Windkanal_Totale-768x512.jpg 768w, https:\/\/www.hsu-hh.de\/pfs\/wp-content\/uploads\/sites\/564\/2017\/10\/Windkanal_Totale-1024x682.jpg 1024w, https:\/\/www.hsu-hh.de\/pfs\/wp-content\/uploads\/sites\/564\/2017\/10\/Windkanal_Totale.jpg 1600w\" sizes=\"auto, (max-width: 300px) 100vw, 300px\" \/><\/p>\n<h3>Wichtig:<\/h3>\n<h3>Aufgrund der Arbeiten mit Laserstrahlen und den ben\u00f6tigten Sicherheitsvorkehrungen sind nur kleine Studentengruppen bis zu 4 Personen pro Gruppe m\u00f6glich. Daher wird um eine fr\u00fchzeitige Anmeldung gebeten!<\/h3>\n<h4>Ansprechpartner: Jens Nikolas Wood <abbr title=\"Master of Science\">M.Sc.<\/abbr>, Tel. 3768, <a href=\"mailto:kalmbach@hsu-hh.de\" rel='nofollow'>woodj@hsu-hh.de<\/a><\/h4>\n","protected":false},"excerpt":{"rendered":"<p>Laborpraktikum im Master-Studiengang (MB 11902) Im Rahmen des Master-Studiengangs bietet die Professur f\u00fcr Str\u00f6mungsmechanik zwei Laborversuche \u00a0im Umfang von jeweils 30 h (umfangreicher Versuch) an: 1. Particle-Image-Velocimetry Hiierbei handelt es [&hellip;]<\/p>\n","protected":false},"author":18,"featured_media":0,"parent":0,"menu_order":0,"comment_status":"closed","ping_status":"closed","template":"","meta":{"footnotes":""},"categories":[],"tags":[],"class_list":["post-1725","page","type-page","status-publish","hentry"],"_links":{"self":[{"href":"https:\/\/www.hsu-hh.de\/pfs\/wp-json\/wp\/v2\/pages\/1725","targetHints":{"allow":["GET"]}}],"collection":[{"href":"https:\/\/www.hsu-hh.de\/pfs\/wp-json\/wp\/v2\/pages"}],"about":[{"href":"https:\/\/www.hsu-hh.de\/pfs\/wp-json\/wp\/v2\/types\/page"}],"author":[{"embeddable":true,"href":"https:\/\/www.hsu-hh.de\/pfs\/wp-json\/wp\/v2\/users\/18"}],"replies":[{"embeddable":true,"href":"https:\/\/www.hsu-hh.de\/pfs\/wp-json\/wp\/v2\/comments?post=1725"}],"version-history":[{"count":1,"href":"https:\/\/www.hsu-hh.de\/pfs\/wp-json\/wp\/v2\/pages\/1725\/revisions"}],"predecessor-version":[{"id":1729,"href":"https:\/\/www.hsu-hh.de\/pfs\/wp-json\/wp\/v2\/pages\/1725\/revisions\/1729"}],"wp:attachment":[{"href":"https:\/\/www.hsu-hh.de\/pfs\/wp-json\/wp\/v2\/media?parent=1725"}],"wp:term":[{"taxonomy":"category","embeddable":true,"href":"https:\/\/www.hsu-hh.de\/pfs\/wp-json\/wp\/v2\/categories?post=1725"},{"taxonomy":"post_tag","embeddable":true,"href":"https:\/\/www.hsu-hh.de\/pfs\/wp-json\/wp\/v2\/tags?post=1725"}],"curies":[{"name":"wp","href":"https:\/\/api.w.org\/{rel}","templated":true}]}}