{"id":1723,"date":"2019-03-25T14:11:45","date_gmt":"2019-03-25T13:11:45","guid":{"rendered":"https:\/\/www.hsu-hh.de\/pfs\/?page_id=1723"},"modified":"2025-09-25T12:00:27","modified_gmt":"2025-09-25T10:00:27","slug":"technische-mechanik","status":"publish","type":"page","link":"https:\/\/www.hsu-hh.de\/pfs\/technische-mechanik","title":{"rendered":"Technische Mechanik"},"content":{"rendered":"<h2><strong>Technische Mechanik (3V + 1\u00dc) f\u00fcr Studenten der Elektrotechnik [EIT_TM, Bachelor]<\/strong><\/h2>\n<p>Die Technische Mechanik ist eine wichtige S\u00e4ule der Ingenieurwissenschaften. Traditionell wird sie in drei Etappen gelehrt: Statik starrer K\u00f6rper &#8211; Elastostatik &#8211; Kinematik und Kinetik. Die Behandlung der Technischen Mechanik in einer eintrimestrigen Lehrveranstaltung verlangt eine Beschr\u00e4nkung bei der Stoffauswahl und eine konzentrierte Darstellung. In der Vorlesung werden die wichtigsten Begriffe und Modellbildungen der Technischen Mechanik, ihre Grundgesetze sowie wesentliche Arbeitsmethoden behandelt und deren Anwendung anhand von Beispielen erl\u00e4utert.<\/p>\n<h3>Inhalt<\/h3>\n<ul>\n<li>Einleitung\n<ul>\n<li>Definition und Einteilung der Mechanik<\/li>\n<li>Physikalische Gr\u00f6\u00dfen und Einheiten<\/li>\n<li>Mathematische Grundlagen<\/li>\n<\/ul>\n<\/li>\n<li>Statik starrer K\u00f6rper\n<ul>\n<li>Grundoperationen mit Kr\u00e4ften<\/li>\n<li>Kr\u00e4ftepaar und Moment<\/li>\n<li>Gleichgewicht starrer K\u00f6rper<\/li>\n<li>Verteilte Kr\u00e4fte und Schwerpunkt<\/li>\n<li>Lagerreaktionen<\/li>\n<li>Haften und Gleiten<\/li>\n<\/ul>\n<\/li>\n<li>Einblick in die Elastostatik\n<ul>\n<li>Einachsiger Spannungszustand<\/li>\n<li>Statisch unbestimmte Stabsysteme<\/li>\n<li>Biegung gerader Balken<\/li>\n<li>Form\u00e4nderungsenergien<\/li>\n<\/ul>\n<\/li>\n<li>Kinematik\n<ul>\n<li>Punkt-Bewegungen<\/li>\n<li>Ebene Bewegungen starrer K\u00f6rper<\/li>\n<\/ul>\n<\/li>\n<li>Kinetik\n<ul>\n<li>Kinetische Grundbegriffe<\/li>\n<li>Kinetik des Massenpunktes<\/li>\n<li>Rotation um eine feste Achse<\/li>\n<li>Kinetik ebener Starrk\u00f6rperbewegungen<\/li>\n<\/ul>\n<\/li>\n<\/ul>\n<h3><strong>Unterlagen zur Lehrveranstaltung finden Sie <a href=\"https:\/\/intranet.hsu-hh.de\/go\/cat\/513\" rel='nofollow'>hier <\/a><\/strong><\/h3>\n<ul>\n<li>Slides<\/li>\n<li>\u00dcbungsbl\u00e4tter<\/li>\n<li>Formelsammlung<\/li>\n<li>Klausuren<\/li>\n<\/ul>\n","protected":false},"excerpt":{"rendered":"<p>Technische Mechanik (3V + 1\u00dc) f\u00fcr Studenten der Elektrotechnik [EIT_TM, Bachelor] Die Technische Mechanik ist eine wichtige S\u00e4ule der Ingenieurwissenschaften. Traditionell wird sie in drei Etappen gelehrt: Statik starrer K\u00f6rper [&hellip;]<\/p>\n","protected":false},"author":18,"featured_media":0,"parent":0,"menu_order":0,"comment_status":"closed","ping_status":"closed","template":"","meta":{"footnotes":""},"categories":[4],"tags":[],"class_list":["post-1723","page","type-page","status-publish","hentry","category-forschung"],"_links":{"self":[{"href":"https:\/\/www.hsu-hh.de\/pfs\/wp-json\/wp\/v2\/pages\/1723","targetHints":{"allow":["GET"]}}],"collection":[{"href":"https:\/\/www.hsu-hh.de\/pfs\/wp-json\/wp\/v2\/pages"}],"about":[{"href":"https:\/\/www.hsu-hh.de\/pfs\/wp-json\/wp\/v2\/types\/page"}],"author":[{"embeddable":true,"href":"https:\/\/www.hsu-hh.de\/pfs\/wp-json\/wp\/v2\/users\/18"}],"replies":[{"embeddable":true,"href":"https:\/\/www.hsu-hh.de\/pfs\/wp-json\/wp\/v2\/comments?post=1723"}],"version-history":[{"count":4,"href":"https:\/\/www.hsu-hh.de\/pfs\/wp-json\/wp\/v2\/pages\/1723\/revisions"}],"predecessor-version":[{"id":3281,"href":"https:\/\/www.hsu-hh.de\/pfs\/wp-json\/wp\/v2\/pages\/1723\/revisions\/3281"}],"wp:attachment":[{"href":"https:\/\/www.hsu-hh.de\/pfs\/wp-json\/wp\/v2\/media?parent=1723"}],"wp:term":[{"taxonomy":"category","embeddable":true,"href":"https:\/\/www.hsu-hh.de\/pfs\/wp-json\/wp\/v2\/categories?post=1723"},{"taxonomy":"post_tag","embeddable":true,"href":"https:\/\/www.hsu-hh.de\/pfs\/wp-json\/wp\/v2\/tags?post=1723"}],"curies":[{"name":"wp","href":"https:\/\/api.w.org\/{rel}","templated":true}]}}