{"id":1722,"date":"2019-03-25T14:11:47","date_gmt":"2019-03-25T13:11:47","guid":{"rendered":"https:\/\/www.hsu-hh.de\/pfs\/?page_id=1722"},"modified":"2025-09-25T12:12:02","modified_gmt":"2025-09-25T10:12:02","slug":"angewandte-fluiddynamik","status":"publish","type":"page","link":"https:\/\/www.hsu-hh.de\/pfs\/angewandte-fluiddynamik","title":{"rendered":"Angewandte Fluiddynamik"},"content":{"rendered":"<h2><strong>Angewandte Fluiddynamik: Turbulenz und Turbulenzsimulation (2V + 1\u00dc)[MB 10435, Wahlfach Master]<\/strong><\/h2>\n<div id=\"contentblock\">\n<p align=\"justify\">Die <em>Turbulenz<\/em> geh\u00f6rt zu den faszinierendsten Ph\u00e4nomenen, welche die Str\u00f6mungsmechanik zu bieten hat. Obwohl die mathematischen Grundgleichungen zur Beschreibung dieses physikalischen Ph\u00e4nomens bekannt sind, numerische Algorithmen zu deren L\u00f6sung vorhanden sind und H\u00f6chstleistungsrechner zur Verf\u00fcgung stehen, z\u00e4hlt die Turbulenz weiterhin zu den gro\u00dfen ungel\u00f6sten Problemen der klassischen Physik. In der Technik sind praktisch alle Str\u00f6mungen turbulent \u2013 laminare Str\u00f6mungen treten nur in Ausnahmef\u00e4llen auf. Turbulenz f\u00fchrt <abbr title=\"unter anderem\">u.a.<\/abbr> zur Widerstandserh\u00f6hung, zur L\u00e4rmproduktion und zu einem erh\u00f6hten W\u00e4rme- und Stoff\u00fcbergang. Die Vorlesung gibt einen Einblick in die Physik turbulenter Str\u00f6mungen und beschreibt, wie sich turbulente Str\u00f6mungen berechnen lassen, sowohl aus der Sicht der Wissenschaft, aber auch aus der Sicht der Industrie. Am Ende wird noch auch zwei Multi-Physics-Probleme eingegangen, die Fluid-Struktur-Interaktion und disperse Mehrphasenstr\u00f6mungen.<\/p>\n<h3 align=\"justify\"><strong>Inhalt:<\/strong><\/h3>\n<ul>\n<li>Einf\u00fchrung Bedeutung und Eigenschaften turbulenter Str\u00f6mungen<\/li>\n<li>Physikalische Ph\u00e4nomene und ihre technische Bedeutung<\/li>\n<li>\u00dcberblick \u00fcber Berechnungsverfahren zur Beschreibung turbulenter Str\u00f6mungen<\/li>\n<li>Direkte numerische Simulation (DNS)<\/li>\n<li>Large-Eddy Simulation (LES)<\/li>\n<li>Reynolds-gemittelte Navier-Stokes-Gleichungen (RANS) und statistische Turbulenzmodelle<\/li>\n<li>Numerische Simulation von Fluid-Struktur -Interaktionen<\/li>\n<li>Numerische Simulation von dispersen Mehrphasen-Str\u00f6mungen<\/li>\n<\/ul>\n<h3>Hinweise:<\/h3>\n<p>Kombiniert mit dem Fach <strong>&#8222;Numerische Str\u00f6mungsmechanik&#8220; (MB 09433)<\/strong>\u00a0 kann diese Lehrveranstaltung als Langfach im Master-Studiengang anerkannt werden.<br \/>\n<img loading=\"lazy\" decoding=\"async\" class=\"size-medium wp-image-971 alignnone\" src=\"https:\/\/www.hsu-hh.de\/pfs\/wp-content\/uploads\/sites\/564\/2017\/10\/af_01-300x184.jpg\" alt=\"tex\" width=\"300\" height=\"184\" srcset=\"https:\/\/www.hsu-hh.de\/pfs\/wp-content\/uploads\/sites\/564\/2017\/10\/af_01-300x184.jpg 300w, https:\/\/www.hsu-hh.de\/pfs\/wp-content\/uploads\/sites\/564\/2017\/10\/af_01.jpg 472w\" sizes=\"auto, (max-width: 300px) 100vw, 300px\" \/><img loading=\"lazy\" decoding=\"async\" class=\"size-medium wp-image-970 alignnone\" src=\"https:\/\/www.hsu-hh.de\/pfs\/wp-content\/uploads\/sites\/564\/2017\/10\/af_02-300x186.jpg\" alt=\"tex\" width=\"300\" height=\"186\" srcset=\"https:\/\/www.hsu-hh.de\/pfs\/wp-content\/uploads\/sites\/564\/2017\/10\/af_02-300x186.jpg 300w, https:\/\/www.hsu-hh.de\/pfs\/wp-content\/uploads\/sites\/564\/2017\/10\/af_02.jpg 472w\" sizes=\"auto, (max-width: 300px) 100vw, 300px\" \/><img loading=\"lazy\" decoding=\"async\" class=\"size-medium wp-image-972 alignnone\" src=\"https:\/\/www.hsu-hh.de\/pfs\/wp-content\/uploads\/sites\/564\/2017\/10\/af_03-300x183.jpg\" alt=\"tex\" width=\"300\" height=\"183\" srcset=\"https:\/\/www.hsu-hh.de\/pfs\/wp-content\/uploads\/sites\/564\/2017\/10\/af_03-300x183.jpg 300w, https:\/\/www.hsu-hh.de\/pfs\/wp-content\/uploads\/sites\/564\/2017\/10\/af_03.jpg 483w\" sizes=\"auto, (max-width: 300px) 100vw, 300px\" \/><\/p>\n<p><strong>Unterlagen zur Lehrveranstaltung finden Sie <a href=\"https:\/\/intranet.hsu-hh.de\/go\/cat\/513\" rel='nofollow'>hier <\/a><\/strong><\/p>\n<\/div>\n<ul>\n<li>Slides<\/li>\n<li>\u00dcbungsbl\u00e4tter<\/li>\n<li>Formelsammlung<\/li>\n<li>Klausuren<\/li>\n<\/ul>\n","protected":false},"excerpt":{"rendered":"<p>Angewandte Fluiddynamik: Turbulenz und Turbulenzsimulation (2V + 1\u00dc)[MB 10435, Wahlfach Master] Die Turbulenz geh\u00f6rt zu den faszinierendsten Ph\u00e4nomenen, welche die Str\u00f6mungsmechanik zu bieten hat. Obwohl die mathematischen Grundgleichungen zur Beschreibung [&hellip;]<\/p>\n","protected":false},"author":18,"featured_media":0,"parent":0,"menu_order":0,"comment_status":"closed","ping_status":"closed","template":"","meta":{"footnotes":""},"categories":[4],"tags":[],"class_list":["post-1722","page","type-page","status-publish","hentry","category-forschung"],"_links":{"self":[{"href":"https:\/\/www.hsu-hh.de\/pfs\/wp-json\/wp\/v2\/pages\/1722","targetHints":{"allow":["GET"]}}],"collection":[{"href":"https:\/\/www.hsu-hh.de\/pfs\/wp-json\/wp\/v2\/pages"}],"about":[{"href":"https:\/\/www.hsu-hh.de\/pfs\/wp-json\/wp\/v2\/types\/page"}],"author":[{"embeddable":true,"href":"https:\/\/www.hsu-hh.de\/pfs\/wp-json\/wp\/v2\/users\/18"}],"replies":[{"embeddable":true,"href":"https:\/\/www.hsu-hh.de\/pfs\/wp-json\/wp\/v2\/comments?post=1722"}],"version-history":[{"count":4,"href":"https:\/\/www.hsu-hh.de\/pfs\/wp-json\/wp\/v2\/pages\/1722\/revisions"}],"predecessor-version":[{"id":3282,"href":"https:\/\/www.hsu-hh.de\/pfs\/wp-json\/wp\/v2\/pages\/1722\/revisions\/3282"}],"wp:attachment":[{"href":"https:\/\/www.hsu-hh.de\/pfs\/wp-json\/wp\/v2\/media?parent=1722"}],"wp:term":[{"taxonomy":"category","embeddable":true,"href":"https:\/\/www.hsu-hh.de\/pfs\/wp-json\/wp\/v2\/categories?post=1722"},{"taxonomy":"post_tag","embeddable":true,"href":"https:\/\/www.hsu-hh.de\/pfs\/wp-json\/wp\/v2\/tags?post=1722"}],"curies":[{"name":"wp","href":"https:\/\/api.w.org\/{rel}","templated":true}]}}