{"id":1720,"date":"2019-03-25T14:11:50","date_gmt":"2019-03-25T13:11:50","guid":{"rendered":"https:\/\/www.hsu-hh.de\/pfs\/?page_id=1720"},"modified":"2025-09-25T11:59:01","modified_gmt":"2025-09-25T09:59:01","slug":"stroemungsmechanik","status":"publish","type":"page","link":"https:\/\/www.hsu-hh.de\/pfs\/stroemungsmechanik","title":{"rendered":"Str\u00f6mungsmechanik"},"content":{"rendered":"<h2><strong>Str\u00f6mungsmechanik (2V +1 \u00dc)[MB 08432, Pflichtfach Master]<\/strong><\/h2>\n<p>Diese Lehrveranstaltung geh\u00f6rt zum Master-Studiengang und baut auf\u00a0 der Vorlesung &#8222;<strong>Technische Str\u00f6mungslehre<\/strong>&#8220; aus dem Bachelor-Studiengang auf. Folgende wichtige Themen werden vertiefend behandelt:<\/p>\n<h3 align=\"justify\"><strong>Inhalt:<\/strong><\/h3>\n<ul>\n<li><strong>Potentialtheorie <\/strong>(Wirbelvektor, Drehungsfreiheit, Potential- und Stromfunktion, komplexes Pontential, Bestimmung des Druckfeldes, Beispiele inkompressibler Potentialstr\u00f6mungen)<\/li>\n<li><strong>Laminare Grenzschichtstr\u00f6mungen und Grenzschichttheorie\u00a0<\/strong>(Grenzschichtgleichungen, exakte L\u00f6sung der Grenzschichgleichungen, Blasius\u2013L\u00f6sung, charakteristische L\u00e4ngen, Reibungsbeiwert, Reibungswiderstand, Grenzschicht\u2013Abl\u00f6sung)<\/li>\n<li><strong>Turbulente Str\u00f6mungen \/ Turbulente Grenzschichten\u00a0\u00a0<\/strong>(laminar\u2013turbulenter\u00a0 \u00dcbergang, Reynolds-gemittelte Navier-Stokes-Gleichungen, Grenzschichtgleichungen f\u00fcr turbulente Str\u00f6mungen, Schlie\u00dfungsproblem der Turbulenz, Prandtlsches Mischungswegkonzept, Wandgesetze)<\/li>\n<li><strong>Widerstand umstr\u00f6mter K\u00f6rper<\/strong> (Widerstandsarten: Druck\u2013 und Reibungswiderstand, Berechnung des Widerstands, Widerstandsbeiwert, Umstr\u00f6mung von Kreiszylinder und Kugel, Anwendungen)<\/li>\n<li><strong>Gasdynamik<\/strong> (eindimensionale kompressible Str\u00f6mung, ph\u00e4nomenologische. Beschreibung, thermodynamische Beziehungen, Fl\u00e4chen\u2013Geschwindigkeits\u2013Beziehung, Laval\u2013D\u00fcse, senkrechter Verdichtungssto\u00df)<strong><br \/>\n<\/strong><\/li>\n<\/ul>\n<figure id=\"attachment_957\" aria-describedby=\"caption-attachment-957\" style=\"width: 300px\" class=\"wp-caption alignleft\"><img loading=\"lazy\" decoding=\"async\" class=\"wp-image-957 size-medium\" src=\"https:\/\/www.hsu-hh.de\/pfs\/wp-content\/uploads\/sites\/564\/2017\/10\/sm_links-300x267.jpg\" alt=\"sm_links\" width=\"300\" height=\"267\" srcset=\"https:\/\/www.hsu-hh.de\/pfs\/wp-content\/uploads\/sites\/564\/2017\/10\/sm_links-300x267.jpg 300w, https:\/\/www.hsu-hh.de\/pfs\/wp-content\/uploads\/sites\/564\/2017\/10\/sm_links-768x683.jpg 768w, https:\/\/www.hsu-hh.de\/pfs\/wp-content\/uploads\/sites\/564\/2017\/10\/sm_links-1024x911.jpg 1024w, https:\/\/www.hsu-hh.de\/pfs\/wp-content\/uploads\/sites\/564\/2017\/10\/sm_links.jpg 1356w\" sizes=\"auto, (max-width: 300px) 100vw, 300px\" \/><figcaption id=\"caption-attachment-957\" class=\"wp-caption-text\">Image generated by AFPL Ghostscript (device=pnmraw)<\/figcaption><\/figure>\n<figure id=\"attachment_956\" aria-describedby=\"caption-attachment-956\" style=\"width: 300px\" class=\"wp-caption alignnone\"><img loading=\"lazy\" decoding=\"async\" class=\"wp-image-956 size-medium\" src=\"https:\/\/www.hsu-hh.de\/pfs\/wp-content\/uploads\/sites\/564\/2017\/10\/sm_mitte-300x267.jpg\" alt=\"sm mitte\" width=\"300\" height=\"267\" srcset=\"https:\/\/www.hsu-hh.de\/pfs\/wp-content\/uploads\/sites\/564\/2017\/10\/sm_mitte-300x267.jpg 300w, https:\/\/www.hsu-hh.de\/pfs\/wp-content\/uploads\/sites\/564\/2017\/10\/sm_mitte-768x683.jpg 768w, https:\/\/www.hsu-hh.de\/pfs\/wp-content\/uploads\/sites\/564\/2017\/10\/sm_mitte-1024x911.jpg 1024w, https:\/\/www.hsu-hh.de\/pfs\/wp-content\/uploads\/sites\/564\/2017\/10\/sm_mitte.jpg 1356w\" sizes=\"auto, (max-width: 300px) 100vw, 300px\" \/><figcaption id=\"caption-attachment-956\" class=\"wp-caption-text\">Image generated by AFPL Ghostscript (device=pnmraw)<\/figcaption><\/figure>\n<p><img loading=\"lazy\" decoding=\"async\" class=\"alignnone wp-image-958 size-full\" src=\"https:\/\/www.hsu-hh.de\/pfs\/wp-content\/uploads\/sites\/564\/2017\/10\/sm_rechts.jpg\" alt=\"sm rechts\" width=\"483\" height=\"294\" srcset=\"https:\/\/www.hsu-hh.de\/pfs\/wp-content\/uploads\/sites\/564\/2017\/10\/sm_rechts.jpg 483w, https:\/\/www.hsu-hh.de\/pfs\/wp-content\/uploads\/sites\/564\/2017\/10\/sm_rechts-300x183.jpg 300w\" sizes=\"auto, (max-width: 483px) 100vw, 483px\" \/><\/p>\n<p><strong>Unterlagen zur Lehrveranstaltung finden Sie <a href=\"https:\/\/intranet.hsu-hh.de\/go\/cat\/513\" rel='nofollow'>hier <\/a><\/strong><\/p>\n<ul>\n<li>Slides<\/li>\n<li>\u00dcbungsbl\u00e4tter<\/li>\n<li>Formelsammlung<\/li>\n<li>Klausuren<\/li>\n<\/ul>\n","protected":false},"excerpt":{"rendered":"<p>Str\u00f6mungsmechanik (2V +1 \u00dc)[MB 08432, Pflichtfach Master] Diese Lehrveranstaltung geh\u00f6rt zum Master-Studiengang und baut auf\u00a0 der Vorlesung &#8222;Technische Str\u00f6mungslehre&#8220; aus dem Bachelor-Studiengang auf. Folgende wichtige Themen werden vertiefend behandelt: Inhalt: [&hellip;]<\/p>\n","protected":false},"author":18,"featured_media":0,"parent":0,"menu_order":0,"comment_status":"closed","ping_status":"closed","template":"","meta":{"footnotes":""},"categories":[4],"tags":[],"class_list":["post-1720","page","type-page","status-publish","hentry","category-forschung"],"_links":{"self":[{"href":"https:\/\/www.hsu-hh.de\/pfs\/wp-json\/wp\/v2\/pages\/1720","targetHints":{"allow":["GET"]}}],"collection":[{"href":"https:\/\/www.hsu-hh.de\/pfs\/wp-json\/wp\/v2\/pages"}],"about":[{"href":"https:\/\/www.hsu-hh.de\/pfs\/wp-json\/wp\/v2\/types\/page"}],"author":[{"embeddable":true,"href":"https:\/\/www.hsu-hh.de\/pfs\/wp-json\/wp\/v2\/users\/18"}],"replies":[{"embeddable":true,"href":"https:\/\/www.hsu-hh.de\/pfs\/wp-json\/wp\/v2\/comments?post=1720"}],"version-history":[{"count":4,"href":"https:\/\/www.hsu-hh.de\/pfs\/wp-json\/wp\/v2\/pages\/1720\/revisions"}],"predecessor-version":[{"id":3279,"href":"https:\/\/www.hsu-hh.de\/pfs\/wp-json\/wp\/v2\/pages\/1720\/revisions\/3279"}],"wp:attachment":[{"href":"https:\/\/www.hsu-hh.de\/pfs\/wp-json\/wp\/v2\/media?parent=1720"}],"wp:term":[{"taxonomy":"category","embeddable":true,"href":"https:\/\/www.hsu-hh.de\/pfs\/wp-json\/wp\/v2\/categories?post=1720"},{"taxonomy":"post_tag","embeddable":true,"href":"https:\/\/www.hsu-hh.de\/pfs\/wp-json\/wp\/v2\/tags?post=1720"}],"curies":[{"name":"wp","href":"https:\/\/api.w.org\/{rel}","templated":true}]}}