{"id":152,"date":"2017-09-21T15:19:02","date_gmt":"2017-09-21T13:19:02","guid":{"rendered":"https:\/\/www.hsu-hh.de\/pfs\/?page_id=152"},"modified":"2024-03-11T13:33:15","modified_gmt":"2024-03-11T12:33:15","slug":"lehrveranstaltungen","status":"publish","type":"page","link":"https:\/\/www.hsu-hh.de\/pfs\/lehrveranstaltungen","title":{"rendered":"Lehrveranstaltungen"},"content":{"rendered":"<div class=\"content-block2\">\n<div class=\"background-grey\">\n<p style=\"text-align: center\"><a href=\"https:\/\/www.hsu-hh.de\/pfs\/technische-stroemungslehre\">Technische Str\u00f6mungslehre<\/a><\/p>\n<\/div>\n<\/div>\n<div class=\"content-block2\">\n<div class=\"background-grey\">\n<p style=\"text-align: center\"><a href=\"https:\/\/www.hsu-hh.de\/pfs\/stroemungsmechanik\">Str\u00f6mungsmechanik<\/a><\/p>\n<\/div>\n<\/div>\n<div class=\"content-block2\">\n<div class=\"background-grey\">\n<p style=\"text-align: center\"><a href=\"https:\/\/www.hsu-hh.de\/pfs\/numerische-stroemungsmechanik-cfd\">Numerische Str\u00f6mungsmechanik (CFD)<\/a><\/p>\n<\/div>\n<\/div>\n<div class=\"content-block2\">\n<div class=\"background-grey\">\n<p style=\"text-align: center\"><a href=\"https:\/\/www.hsu-hh.de\/pfs\/angewandte-fluiddynamik\">Angewandte Fluiddynamik<\/a><\/p>\n<\/div>\n<\/div>\n<div class=\"content-block2\">\n<div class=\"background-grey\">\n<p style=\"text-align: center\"><a href=\"https:\/\/www.hsu-hh.de\/pfs\/technische-mechanik\">Technische Mechanik<\/a><\/p>\n<\/div>\n<\/div>\n<div class=\"content-block2\">\n<div class=\"background-grey\">\n<p style=\"text-align: center\"><a href=\"https:\/\/www.hsu-hh.de\/pfs\/fluid-mechanics\">Fluid Mechanics<\/a><\/p>\n<\/div>\n<\/div>\n<div class=\"content-block2\">\n<div class=\"background-grey\">\n<p style=\"text-align: center\"><a href=\"https:\/\/www.hsu-hh.de\/pfs\/vertiefungspraktikum\">Vertiefungspraktikum<\/a><\/p>\n<\/div>\n<\/div>\n<div class=\"content-block2\">\n<div class=\"background-grey\">\n<p style=\"text-align: center\"><a href=\"https:\/\/www.hsu-hh.de\/pfs\/themen-fuer-bachelor-und-masterarbeiten\">Themen f\u00fcr Bachelor- und Masterarbeiten<\/a><\/p>\n<\/div>\n<\/div>\n","protected":false},"excerpt":{"rendered":"<p>Technische Str\u00f6mungslehre Str\u00f6mungsmechanik Numerische Str\u00f6mungsmechanik (CFD) Angewandte Fluiddynamik Technische Mechanik Fluid Mechanics Vertiefungspraktikum Themen f\u00fcr Bachelor- und Masterarbeiten<\/p>\n","protected":false},"author":50,"featured_media":0,"parent":0,"menu_order":0,"comment_status":"closed","ping_status":"closed","template":"","meta":{"footnotes":""},"categories":[4],"tags":[],"class_list":["post-152","page","type-page","status-publish","hentry","category-forschung"],"_links":{"self":[{"href":"https:\/\/www.hsu-hh.de\/pfs\/wp-json\/wp\/v2\/pages\/152","targetHints":{"allow":["GET"]}}],"collection":[{"href":"https:\/\/www.hsu-hh.de\/pfs\/wp-json\/wp\/v2\/pages"}],"about":[{"href":"https:\/\/www.hsu-hh.de\/pfs\/wp-json\/wp\/v2\/types\/page"}],"author":[{"embeddable":true,"href":"https:\/\/www.hsu-hh.de\/pfs\/wp-json\/wp\/v2\/users\/50"}],"replies":[{"embeddable":true,"href":"https:\/\/www.hsu-hh.de\/pfs\/wp-json\/wp\/v2\/comments?post=152"}],"version-history":[{"count":114,"href":"https:\/\/www.hsu-hh.de\/pfs\/wp-json\/wp\/v2\/pages\/152\/revisions"}],"predecessor-version":[{"id":2939,"href":"https:\/\/www.hsu-hh.de\/pfs\/wp-json\/wp\/v2\/pages\/152\/revisions\/2939"}],"wp:attachment":[{"href":"https:\/\/www.hsu-hh.de\/pfs\/wp-json\/wp\/v2\/media?parent=152"}],"wp:term":[{"taxonomy":"category","embeddable":true,"href":"https:\/\/www.hsu-hh.de\/pfs\/wp-json\/wp\/v2\/categories?post=152"},{"taxonomy":"post_tag","embeddable":true,"href":"https:\/\/www.hsu-hh.de\/pfs\/wp-json\/wp\/v2\/tags?post=152"}],"curies":[{"name":"wp","href":"https:\/\/api.w.org\/{rel}","templated":true}]}}