{"id":1084,"date":"2017-10-24T13:31:03","date_gmt":"2017-10-24T11:31:03","guid":{"rendered":"https:\/\/www.hsu-hh.de\/pfs\/?page_id=1084"},"modified":"2017-11-21T09:27:13","modified_gmt":"2017-11-21T08:27:13","slug":"rheologie","status":"publish","type":"page","link":"https:\/\/www.hsu-hh.de\/pfs\/ausstattung\/rheologie","title":{"rendered":"Rheologie"},"content":{"rendered":"<p align=\"justify\">Die Rheologie ist diejenige Wissenschaft, die die Verformung materieller Stoffe unter dem Einflu\u00df \u00e4u\u00dferer Kr\u00e4fte untersucht. Rheologische Stoffgleichungen verkn\u00fcpfen den Spannungszustand im Stoff mit seinem Deformationszustand. F\u00fcr newtonsche Fluide ist dieser Zusammenhang linear. Viele in der Natur und Technik vorkommende Fluide besitzen aber nichtlineare Scher- und Dehneigenschaften. Die Rheometrie dient dem Ziel, den Zusammenhang zwischen dem Spannungs- und dem Deformationszustand experimentell zu ermitteln.<\/p>\n<p align=\"justify\">An der Professur f\u00fcr Str\u00f6mungslehre steht ein computergesteuertes Rheometer zur rheologischen Charakterisierung newtonscher und nichtnewtonscher\u00a0 Fl\u00fcssigkeiten zur Verf\u00fcgung. In Abh\u00e4ngigkeit von der Belastung (Oszillations-, Schubspannungs-, Schergeschwindigkeits-, Schersprung-,\u00a0 Kriech- und\u00a0 Normalkraftversuche) k\u00f6nnen unterschiedliche Stoffparameter und -funktionen (<abbr title=\"zum Beispiel\">z.B.<\/abbr> dynamische und komplexe Viskosit\u00e4ten, Flie\u00dfkurven, Speichermodule, Verlustmodule, Normalspannungskoeffizenten) ermittelt werden.<\/p>\n<p align=\"justify\">Zus\u00e4tzlich kann die Dichte von Fluiden in Abh\u00e4ngigkeit von der Temperatur mit einem Schwingungs-Dichtemessger\u00e4t hochgenau gemessen werden. Ein Tensiometer erlaubt die Messung von Oberfl\u00e4chenspannungen an Phasengrenzfl\u00e4chen.<\/p>\n<table border=\"0\" width=\"80{3728c0ddcf5026c65bc0b4e995c837d09025c3e7fa253cea254631dfe46bf841}\" align=\"center\">\n<tbody>\n<tr>\n<td><img loading=\"lazy\" decoding=\"async\" class=\"size-full wp-image-1126\" src=\"https:\/\/www.hsu-hh.de\/pfs\/wp-content\/uploads\/sites\/564\/2017\/11\/Rheometerkurve.jpg\" alt=\"Messergebnisse Rheometer\" width=\"900\" height=\"600\" srcset=\"https:\/\/www.hsu-hh.de\/pfs\/wp-content\/uploads\/sites\/564\/2017\/11\/Rheometerkurve.jpg 900w, https:\/\/www.hsu-hh.de\/pfs\/wp-content\/uploads\/sites\/564\/2017\/11\/Rheometerkurve-300x200.jpg 300w, https:\/\/www.hsu-hh.de\/pfs\/wp-content\/uploads\/sites\/564\/2017\/11\/Rheometerkurve-768x512.jpg 768w\" sizes=\"auto, (max-width: 900px) 100vw, 900px\" \/><\/td>\n<td><img loading=\"lazy\" decoding=\"async\" class=\"size-full wp-image-1127\" src=\"https:\/\/www.hsu-hh.de\/pfs\/wp-content\/uploads\/sites\/564\/2017\/11\/tensiometer.jpg\" alt=\"tensiometer\" width=\"640\" height=\"480\" srcset=\"https:\/\/www.hsu-hh.de\/pfs\/wp-content\/uploads\/sites\/564\/2017\/11\/tensiometer.jpg 640w, https:\/\/www.hsu-hh.de\/pfs\/wp-content\/uploads\/sites\/564\/2017\/11\/tensiometer-300x225.jpg 300w\" sizes=\"auto, (max-width: 640px) 100vw, 640px\" \/><\/td>\n<\/tr>\n<tr>\n<td>Bild 1: Ermittlung von frequenzabh\u00e4ngigen Stoffgr\u00f6\u00dfen im Oszillationsversuch<\/td>\n<td>Bild 2: Tensiometer<\/td>\n<\/tr>\n<\/tbody>\n<\/table>\n","protected":false},"excerpt":{"rendered":"<p>Die Rheologie ist diejenige Wissenschaft, die die Verformung materieller Stoffe unter dem Einflu\u00df \u00e4u\u00dferer Kr\u00e4fte untersucht. Rheologische Stoffgleichungen verkn\u00fcpfen den Spannungszustand im Stoff mit seinem Deformationszustand. F\u00fcr newtonsche Fluide ist [&hellip;]<\/p>\n","protected":false},"author":50,"featured_media":0,"parent":1035,"menu_order":0,"comment_status":"closed","ping_status":"closed","template":"","meta":{"footnotes":""},"categories":[],"tags":[],"class_list":["post-1084","page","type-page","status-publish","hentry"],"_links":{"self":[{"href":"https:\/\/www.hsu-hh.de\/pfs\/wp-json\/wp\/v2\/pages\/1084","targetHints":{"allow":["GET"]}}],"collection":[{"href":"https:\/\/www.hsu-hh.de\/pfs\/wp-json\/wp\/v2\/pages"}],"about":[{"href":"https:\/\/www.hsu-hh.de\/pfs\/wp-json\/wp\/v2\/types\/page"}],"author":[{"embeddable":true,"href":"https:\/\/www.hsu-hh.de\/pfs\/wp-json\/wp\/v2\/users\/50"}],"replies":[{"embeddable":true,"href":"https:\/\/www.hsu-hh.de\/pfs\/wp-json\/wp\/v2\/comments?post=1084"}],"version-history":[{"count":2,"href":"https:\/\/www.hsu-hh.de\/pfs\/wp-json\/wp\/v2\/pages\/1084\/revisions"}],"predecessor-version":[{"id":1128,"href":"https:\/\/www.hsu-hh.de\/pfs\/wp-json\/wp\/v2\/pages\/1084\/revisions\/1128"}],"up":[{"embeddable":true,"href":"https:\/\/www.hsu-hh.de\/pfs\/wp-json\/wp\/v2\/pages\/1035"}],"wp:attachment":[{"href":"https:\/\/www.hsu-hh.de\/pfs\/wp-json\/wp\/v2\/media?parent=1084"}],"wp:term":[{"taxonomy":"category","embeddable":true,"href":"https:\/\/www.hsu-hh.de\/pfs\/wp-json\/wp\/v2\/categories?post=1084"},{"taxonomy":"post_tag","embeddable":true,"href":"https:\/\/www.hsu-hh.de\/pfs\/wp-json\/wp\/v2\/tags?post=1084"}],"curies":[{"name":"wp","href":"https:\/\/api.w.org\/{rel}","templated":true}]}}