{"id":1081,"date":"2017-10-24T13:30:06","date_gmt":"2017-10-24T11:30:06","guid":{"rendered":"https:\/\/www.hsu-hh.de\/pfs\/?page_id=1081"},"modified":"2018-01-03T17:47:35","modified_gmt":"2018-01-03T16:47:35","slug":"laser-doppler-velocimetry","status":"publish","type":"page","link":"https:\/\/www.hsu-hh.de\/pfs\/ausstattung\/laser-doppler-velocimetry","title":{"rendered":"Laser-Doppler Velocimetry"},"content":{"rendered":"<p align=\"justify\">Die Laser-Doppler Velocimetry (LDV) ist ein lokales, optisches Geschwindigkeitsmessverfahren. Das monochromatische und koh\u00e4rente Licht eines Lasers wird als Sender genutzt. An Teilchen, die im allgemeinen k\u00fcnstlich in die Str\u00f6mung eingebracht werden m\u00fcssen, wird das eingestrahlte Licht gestreut. Sind die Teilchen hinreichend klein, so kann davon ausgegangen werden, da\u00df sie der Str\u00f6mung schlupffrei folgen. Ihre Eigengeschwindigkeit kann dann als lokale Geschwindigkeit des Fluids angesehen werden. Das Streulicht, das vom Empf\u00e4nger registriert wird, weist eine Frequenzverschiebung auf, die auf dem Doppler-Effekt beruht. Doppler-Frequenz und Geschwindigkeit sind einander proportional. Wesentliche Vorteile gegen\u00fcber herk\u00f6mmlichen Verfahren sind das ber\u00fchrungslose Messprinzip ohne St\u00f6rung der Str\u00f6mung und die hohe r\u00e4umliche und zeitliche Aufl\u00f6sung.<\/p>\n<p align=\"justify\">Durch geeigneten Messsystemaufbau besteht die M\u00f6glichkeit, die drei orthogonalen Geschwindigkeitskomponenten des Geschwindigkeitsvektors direkt und simultan zu erfassen. Mit Hilfe geeigneter Auswertungssoftware lassen sich aus dem Geschwindigkeitsfeld abgeleitete Gr\u00f6\u00dfen berechnen.<\/p>\n<p align=\"justify\">Gegenstand von Untersuchungen sind\u00a0 Um- und \u00dcberstr\u00f6mungen von K\u00f6rper in einem offenen Gerinne (siehe Bilder) <abbr title=\"beziehungsweise\">bzw.<\/abbr> waren unter anderem die experimentelle Erfassung der instation\u00e4ren Str\u00f6mungsvorg\u00e4nge beim Anfahren der Str\u00f6mung um einen kreisf\u00f6rmigen Zylinder, die Erfassung drallbehafteter Innenstr\u00f6mungen, <abbr title=\"zum Beispiel\">z.B.<\/abbr> in einem nach dem Wirbeltrennverfahren arbeitenden Staubabscheider, sowie die experimentelle Analyse der Str\u00f6mung in statischen Mischelementen.<\/p>\n<table border=\"0\" cellspacing=\"1\" cellpadding=\"1\">\n<tbody>\n<tr>\n<td><img loading=\"lazy\" decoding=\"async\" class=\"aligncenter wp-image-1106 size-medium\" src=\"https:\/\/www.hsu-hh.de\/pfs\/wp-content\/uploads\/sites\/564\/2017\/11\/LDV-300x287.jpg\" alt=\"ldv_GESAMT\" width=\"300\" height=\"287\" srcset=\"https:\/\/www.hsu-hh.de\/pfs\/wp-content\/uploads\/sites\/564\/2017\/11\/LDV-300x287.jpg 300w, https:\/\/www.hsu-hh.de\/pfs\/wp-content\/uploads\/sites\/564\/2017\/11\/LDV-768x736.jpg 768w, https:\/\/www.hsu-hh.de\/pfs\/wp-content\/uploads\/sites\/564\/2017\/11\/LDV.jpg 1000w\" sizes=\"auto, (max-width: 300px) 100vw, 300px\" \/><\/td>\n<td><img loading=\"lazy\" decoding=\"async\" class=\"aligncenter wp-image-1107 size-news1-image\" src=\"https:\/\/www.hsu-hh.de\/pfs\/wp-content\/uploads\/sites\/564\/2017\/11\/LDV_wassersprung-400x200.jpg\" alt=\"LDV Wassersprung\" width=\"400\" height=\"200\" \/><\/td>\n<td><img loading=\"lazy\" decoding=\"async\" class=\"aligncenter wp-image-1105 size-news1-image\" src=\"https:\/\/www.hsu-hh.de\/pfs\/wp-content\/uploads\/sites\/564\/2017\/11\/LDV_wassersprung_detail-400x200.jpg\" alt=\"LDV Wassersprung Detail\" width=\"400\" height=\"200\" \/><\/td>\n<\/tr>\n<tr>\n<td><\/td>\n<td><\/td>\n<td><\/td>\n<\/tr>\n<\/tbody>\n<\/table>\n","protected":false},"excerpt":{"rendered":"<p>Die Laser-Doppler Velocimetry (LDV) ist ein lokales, optisches Geschwindigkeitsmessverfahren. Das monochromatische und koh\u00e4rente Licht eines Lasers wird als Sender genutzt. An Teilchen, die im allgemeinen k\u00fcnstlich in die Str\u00f6mung eingebracht [&hellip;]<\/p>\n","protected":false},"author":50,"featured_media":0,"parent":1035,"menu_order":0,"comment_status":"closed","ping_status":"closed","template":"","meta":{"footnotes":""},"categories":[],"tags":[],"class_list":["post-1081","page","type-page","status-publish","hentry"],"_links":{"self":[{"href":"https:\/\/www.hsu-hh.de\/pfs\/wp-json\/wp\/v2\/pages\/1081","targetHints":{"allow":["GET"]}}],"collection":[{"href":"https:\/\/www.hsu-hh.de\/pfs\/wp-json\/wp\/v2\/pages"}],"about":[{"href":"https:\/\/www.hsu-hh.de\/pfs\/wp-json\/wp\/v2\/types\/page"}],"author":[{"embeddable":true,"href":"https:\/\/www.hsu-hh.de\/pfs\/wp-json\/wp\/v2\/users\/50"}],"replies":[{"embeddable":true,"href":"https:\/\/www.hsu-hh.de\/pfs\/wp-json\/wp\/v2\/comments?post=1081"}],"version-history":[{"count":6,"href":"https:\/\/www.hsu-hh.de\/pfs\/wp-json\/wp\/v2\/pages\/1081\/revisions"}],"predecessor-version":[{"id":1215,"href":"https:\/\/www.hsu-hh.de\/pfs\/wp-json\/wp\/v2\/pages\/1081\/revisions\/1215"}],"up":[{"embeddable":true,"href":"https:\/\/www.hsu-hh.de\/pfs\/wp-json\/wp\/v2\/pages\/1035"}],"wp:attachment":[{"href":"https:\/\/www.hsu-hh.de\/pfs\/wp-json\/wp\/v2\/media?parent=1081"}],"wp:term":[{"taxonomy":"category","embeddable":true,"href":"https:\/\/www.hsu-hh.de\/pfs\/wp-json\/wp\/v2\/categories?post=1081"},{"taxonomy":"post_tag","embeddable":true,"href":"https:\/\/www.hsu-hh.de\/pfs\/wp-json\/wp\/v2\/tags?post=1081"}],"curies":[{"name":"wp","href":"https:\/\/api.w.org\/{rel}","templated":true}]}}