{"id":1049,"date":"2017-10-13T09:38:59","date_gmt":"2017-10-13T07:38:59","guid":{"rendered":"https:\/\/www.hsu-hh.de\/pfs\/?page_id=1049"},"modified":"2018-01-04T09:46:00","modified_gmt":"2018-01-04T08:46:00","slug":"wasserkanal","status":"publish","type":"page","link":"https:\/\/www.hsu-hh.de\/pfs\/ausstattung\/wasserkanal","title":{"rendered":"Wasserkanal"},"content":{"rendered":"<p>Der Umlauf-Wasserkanal wurde 2005 am Lehrstuhl f\u00fcr Str\u00f6mungsmechanik der Universit\u00e4t Erlangen-N\u00fcrnberg entworfen, gebaut und in Betrieb genommen. Anfang 2010 wurde der sogenannte Fluid-Struktur-Kanal im Labor der Professur f\u00fcr Str\u00f6mungsmechanik an der HSU-<abbr title=\"Hamburg\">HH<\/abbr> wieder aufgebaut. Der Kanal wird\u00a0 als experimentelle Forschungseinrichtung f\u00fcr Untersuchungen aus dem Bereich der Fluid-Struktur-Wechselwirkungen verwendet.<\/p>\n<p>Das im Kanal enthaltene Fluid (Wasser) wird mittels einer 2.4kW starken Axialpropellerpumpe gef\u00f6rdert und erreicht eine maximale Str\u00f6mungsgeschwindigkeit in der Messstrecke von 4.5 m\/s. Die Messtrecke (B x L x H, 180 x 240 x 338 mm) wurde f\u00fcr str\u00f6mungsmesstechnische Aufbauten entworfen, sodass beispielsweise <abbr title=\"Particle Image Velocymetry\">PIV<\/abbr>&#8211; oder LDV-Messungen m\u00f6glich sind.\u00a0Neben Wasser als Fluid k\u00f6nnen auch andere Fluide (<abbr title=\"zum Beispiel\">z.B.<\/abbr> viskosere Fl\u00fcssigkeiten) eingesetzt werden.<\/p>\n<table border=\"0\" cellspacing=\"0\" cellpadding=\"0\" align=\"center\">\n<tbody>\n<tr>\n<td width=\"120\">\n<p><figure id=\"attachment_1112\" aria-describedby=\"caption-attachment-1112\" style=\"width: 800px\" class=\"wp-caption alignright\"><img loading=\"lazy\" decoding=\"async\" class=\"size-full wp-image-1112\" src=\"https:\/\/www.hsu-hh.de\/pfs\/wp-content\/uploads\/sites\/564\/2017\/11\/Zeichnung_des_Wasserkanals.png\" alt=\"Wasserkanal \u00dcbersicht\" width=\"800\" height=\"857\" srcset=\"https:\/\/www.hsu-hh.de\/pfs\/wp-content\/uploads\/sites\/564\/2017\/11\/Zeichnung_des_Wasserkanals.png 800w, https:\/\/www.hsu-hh.de\/pfs\/wp-content\/uploads\/sites\/564\/2017\/11\/Zeichnung_des_Wasserkanals-280x300.png 280w, https:\/\/www.hsu-hh.de\/pfs\/wp-content\/uploads\/sites\/564\/2017\/11\/Zeichnung_des_Wasserkanals-768x823.png 768w\" sizes=\"auto, (max-width: 800px) 100vw, 800px\" \/><figcaption id=\"caption-attachment-1112\" class=\"wp-caption-text\">Aufbau des Wasserkanals<\/figcaption><\/figure><\/td>\n<td width=\"100\"><img loading=\"lazy\" decoding=\"async\" class=\"alignright size-full wp-image-1111\" src=\"https:\/\/www.hsu-hh.de\/pfs\/wp-content\/uploads\/sites\/564\/2017\/11\/wasserkanal.jpg\" alt=\"Wasserkanal\" width=\"700\" height=\"933\" srcset=\"https:\/\/www.hsu-hh.de\/pfs\/wp-content\/uploads\/sites\/564\/2017\/11\/wasserkanal.jpg 700w, https:\/\/www.hsu-hh.de\/pfs\/wp-content\/uploads\/sites\/564\/2017\/11\/wasserkanal-225x300.jpg 225w\" sizes=\"auto, (max-width: 700px) 100vw, 700px\" \/><\/td>\n<\/tr>\n<tr>\n<td width=\"120\">Bild 1: Zeichnung des Umlaufkanals<\/td>\n<td width=\"100\">Bild 2: Wasserkanal<\/td>\n<\/tr>\n<\/tbody>\n<\/table>\n","protected":false},"excerpt":{"rendered":"<p>Der Umlauf-Wasserkanal wurde 2005 am Lehrstuhl f\u00fcr Str\u00f6mungsmechanik der Universit\u00e4t Erlangen-N\u00fcrnberg entworfen, gebaut und in Betrieb genommen. Anfang 2010 wurde der sogenannte Fluid-Struktur-Kanal im Labor der Professur f\u00fcr Str\u00f6mungsmechanik an [&hellip;]<\/p>\n","protected":false},"author":50,"featured_media":0,"parent":1035,"menu_order":0,"comment_status":"closed","ping_status":"closed","template":"","meta":{"footnotes":""},"categories":[],"tags":[],"class_list":["post-1049","page","type-page","status-publish","hentry"],"_links":{"self":[{"href":"https:\/\/www.hsu-hh.de\/pfs\/wp-json\/wp\/v2\/pages\/1049","targetHints":{"allow":["GET"]}}],"collection":[{"href":"https:\/\/www.hsu-hh.de\/pfs\/wp-json\/wp\/v2\/pages"}],"about":[{"href":"https:\/\/www.hsu-hh.de\/pfs\/wp-json\/wp\/v2\/types\/page"}],"author":[{"embeddable":true,"href":"https:\/\/www.hsu-hh.de\/pfs\/wp-json\/wp\/v2\/users\/50"}],"replies":[{"embeddable":true,"href":"https:\/\/www.hsu-hh.de\/pfs\/wp-json\/wp\/v2\/comments?post=1049"}],"version-history":[{"count":6,"href":"https:\/\/www.hsu-hh.de\/pfs\/wp-json\/wp\/v2\/pages\/1049\/revisions"}],"predecessor-version":[{"id":1223,"href":"https:\/\/www.hsu-hh.de\/pfs\/wp-json\/wp\/v2\/pages\/1049\/revisions\/1223"}],"up":[{"embeddable":true,"href":"https:\/\/www.hsu-hh.de\/pfs\/wp-json\/wp\/v2\/pages\/1035"}],"wp:attachment":[{"href":"https:\/\/www.hsu-hh.de\/pfs\/wp-json\/wp\/v2\/media?parent=1049"}],"wp:term":[{"taxonomy":"category","embeddable":true,"href":"https:\/\/www.hsu-hh.de\/pfs\/wp-json\/wp\/v2\/categories?post=1049"},{"taxonomy":"post_tag","embeddable":true,"href":"https:\/\/www.hsu-hh.de\/pfs\/wp-json\/wp\/v2\/tags?post=1049"}],"curies":[{"name":"wp","href":"https:\/\/api.w.org\/{rel}","templated":true}]}}