{"id":73,"date":"2017-07-03T15:52:08","date_gmt":"2017-07-03T13:52:08","guid":{"rendered":"https:\/\/www.hsu-hh.de\/vorlage\/?page_id=73"},"modified":"2026-03-16T13:54:32","modified_gmt":"2026-03-16T12:54:32","slug":"startseite","status":"publish","type":"page","link":"https:\/\/www.hsu-hh.de\/personalrat\/","title":{"rendered":"Der Personalrat der HSU\/UniBw Hamburg"},"content":{"rendered":"\n<p>Der Personalrat wird alle vier Jahre von den Besch\u00e4ftigen der Universit\u00e4t gew\u00e4hlt. Er stellt sich aus allen Besch\u00e4ftigungsgruppen (Arbeitnehmer, Beamte, Soldaten) zusammen und hat weitreichende Mitbestimmungs-, Informations- und Mitwirkungsrechte, beispielsweise bei Einstellungen, Versetzungen, Beurteilungen, K\u00fcndigungen und bei der Personalplanung. <\/p>\n\n\n\n<p><strong>Die Aufgaben des Personalrates sind vielf\u00e4ltig:<\/strong><br>Er steht daf\u00fcr ein, die Interessen der Besch\u00e4ftigten gegen\u00fcber der Dienststelle und der Vorgesetzten zu vertreten (z. B. bei Fragen zur Telearbeit).<\/p>\n\n\n\n<p>Auch bei anderen Belangen ist der Personalrat Ansprechpartner und Unterst\u00fctzer. Er gibt konstruktive Auskunft zu Rechten und Pflichten, Hilfestellung bei Problemen jeglicher Art (bspw. bei Mobbing, sexueller Bel\u00e4stigung <abbr title=\"et cetera\">etc.<\/abbr>).<\/p>\n\n\n\n<p>Grunds\u00e4tzlich kann sich <strong>jede\/r Besch\u00e4ftigte<\/strong> vertrauensvoll an den Personalrat wenden. Jedes Anliegen wird vertraulich behandelt.<\/p>\n\n\n\n<p>Wir helfen gern!<\/p>\n\n\n\n<p>Die Vorsitzende des Personalrates, Melanie Schnackenbeck, erreichen Sie im Geb\u00e4ude W4, Raum 27, Durchwahl 2305 oder unter<br><a href=\"mailto:personalrat@hsu.hamburg\" rel='nofollow'>personalrat@hsu.hamburg<\/a><\/p>\n\n\n\n<hr class=\"wp-block-separator has-alpha-channel-opacity\" \/>\n\n\n\n<p>Weitere Informationen auf der Intranetseite der <abbr title=\"Helmut Schmidt Universit\u00e4t\">HSU<\/abbr>\/UniBw Hamburg: <a href=\"https:\/\/intranet.hsu-hh.de\/go\/cat\/5171\" rel='nofollow'>https:\/\/intranet.hsu-hh.de\/go\/cat\/5171<\/a><\/p>\n\n\n\n<p><\/p>\n","protected":false},"excerpt":{"rendered":"<p>Der Personalrat wird alle vier Jahre von den Besch\u00e4ftigen der Universit\u00e4t gew\u00e4hlt. Er stellt sich aus allen Besch\u00e4ftigungsgruppen (Arbeitnehmer, Beamte, Soldaten) zusammen und hat weitreichende Mitbestimmungs-, Informations- und Mitwirkungsrechte, beispielsweise [&hellip;]<\/p>\n","protected":false},"author":1,"featured_media":0,"parent":0,"menu_order":0,"comment_status":"closed","ping_status":"closed","template":"","meta":{"footnotes":""},"categories":[35],"tags":[],"class_list":["post-73","page","type-page","status-publish","hentry","category-startseite"],"_links":{"self":[{"href":"https:\/\/www.hsu-hh.de\/personalrat\/wp-json\/wp\/v2\/pages\/73","targetHints":{"allow":["GET"]}}],"collection":[{"href":"https:\/\/www.hsu-hh.de\/personalrat\/wp-json\/wp\/v2\/pages"}],"about":[{"href":"https:\/\/www.hsu-hh.de\/personalrat\/wp-json\/wp\/v2\/types\/page"}],"author":[{"embeddable":true,"href":"https:\/\/www.hsu-hh.de\/personalrat\/wp-json\/wp\/v2\/users\/1"}],"replies":[{"embeddable":true,"href":"https:\/\/www.hsu-hh.de\/personalrat\/wp-json\/wp\/v2\/comments?post=73"}],"version-history":[{"count":14,"href":"https:\/\/www.hsu-hh.de\/personalrat\/wp-json\/wp\/v2\/pages\/73\/revisions"}],"predecessor-version":[{"id":236,"href":"https:\/\/www.hsu-hh.de\/personalrat\/wp-json\/wp\/v2\/pages\/73\/revisions\/236"}],"wp:attachment":[{"href":"https:\/\/www.hsu-hh.de\/personalrat\/wp-json\/wp\/v2\/media?parent=73"}],"wp:term":[{"taxonomy":"category","embeddable":true,"href":"https:\/\/www.hsu-hh.de\/personalrat\/wp-json\/wp\/v2\/categories?post=73"},{"taxonomy":"post_tag","embeddable":true,"href":"https:\/\/www.hsu-hh.de\/personalrat\/wp-json\/wp\/v2\/tags?post=73"}],"curies":[{"name":"wp","href":"https:\/\/api.w.org\/{rel}","templated":true}]}}