{"id":73,"date":"2017-07-03T15:52:08","date_gmt":"2017-07-03T13:52:08","guid":{"rendered":"https:\/\/www.hsu-hh.de\/vorlage\/?page_id=73"},"modified":"2023-09-06T23:00:02","modified_gmt":"2023-09-06T21:00:02","slug":"startseite","status":"publish","type":"page","link":"https:\/\/www.hsu-hh.de\/pamting\/","title":{"rendered":"Praktikantenamt der technischen Studieng\u00e4nge"},"content":{"rendered":"\n<div class=\"wp-block-columns is-layout-flex wp-container-core-columns-is-layout-9d6595d7 wp-block-columns-is-layout-flex\">\n<div class=\"wp-block-column is-layout-flow wp-block-column-is-layout-flow\" style=\"flex-basis:100%\">\n<div class=\"wp-block-columns is-layout-flex wp-container-core-columns-is-layout-9d6595d7 wp-block-columns-is-layout-flex\">\n<div class=\"wp-block-column is-layout-flow wp-block-column-is-layout-flow\" style=\"flex-basis:100%\">\n<h2>Praktikantenordnungen<\/h2>\n<div class=\"content-block2\">\n<p><a href=\"https:\/\/webbox.hsu-hh.de\/asv\/index_1DyEDNmsG24kxZ1W.html\" rel='nofollow'>Akademischer Selbstverwaltung PO (intern)<\/a><\/p>\n<p><a href=\"https:\/\/www.hsu-hh.de\/pamting\/po-downloads\">Pr\u00fcfungsordnungen (extern)<\/a><\/p>\n<p><a href=\"https:\/\/www.hsu-hh.de\/pamting\/praktika-angebote\">Praktika Angebote<\/a><\/p>\n<\/div>\n<h3>Abgabe der Praktikumsdokumentation<\/h3>\n<p>Die Abgabe der Praktikumsdokumentation erfolgt ausschlie\u00dflich als schriftliche Abgabe in den Briefkasten des Praktikantenamtes vor Raum 1262a.<\/p>\n<h2>Erg\u00e4nzende Information zur Praktikumsordnung Maschinenbau<\/h2>\n<ul>\n<li>F\u00fcr einschl\u00e4gige T\u00e4tigkeiten im Rahmen der Ausbildung zum Offizier werden sechs Wochen pauschal auf das Fachpraktikum angerechnet. Dementsprechend sind noch zwei Wochen Fachpraktikum zu absolvieren. In diesen zwei Wochen m\u00fcssen mindestens aus zwei der Teilbereiche des Fachpraktikums T\u00e4tigkeiten nachgewiesen werden.<\/li>\n<\/ul>\n<h2>\u00a0<\/h2>\n<h2>Richtlinien der Praktikumsdokumentation<\/h2>\n<p>T\u00e4tigkeiten w\u00e4hrend eines Grund-\/Vorpraktikums sind in einem Berichtsheft (Praktikumsdokumentation) nachzuweisen.<\/p>\n<p>Ein Berichtsheft besteht aus den folgenden Teilen<\/p>\n<p>&#8211; Deckblatt<\/p>\n<p>&#8211; Wochenberichtsbl\u00e4tter<\/p>\n<p>&#8211; Arbeitsberichte<\/p>\n<p>&#8211; Ausbildungsgang (<a href=\"https:\/\/webbox.hsu-hh.de\/pamting\/index_RSzWYcYlrLSEYxrV.html\" rel='nofollow'>Praktikantenamt<\/a> \u00bb Formulare \u00bb Ausbildungsgang \u00bb Ausbildungsgang)<\/p>\n<p>&#8211; Praktikumsbescheinigung (<a href=\"https:\/\/webbox.hsu-hh.de\/pamting\/index_RSzWYcYlrLSEYxrV.html\" rel='nofollow'>Praktikantenamt<\/a> \u00bb Berichtsheft \u00bb Musterberichte \u00bb Muster Vorlagen \u00bb Muster Praktikumsbescheinigung)<\/p>\n<p>Das Deckblatt enth\u00e4lt neben den Angaben zur Person den Zeitraum in dem das Praktikum abgeleistet wurde. Au\u00dferdem den Namen und die Anschrift des Unternehmens.<\/p>\n<p><a href=\"https:\/\/webbox.hsu-hh.de\/pamting\/index_RSzWYcYlrLSEYxrV.html\" rel='nofollow'>Praktikantenamt<\/a> \u00bb Berichtsheft \u00bb Musterberichte \u00bb Muster Vorlagen \u00bb Muster Deckblatt<\/p>\n<p>Im Wochenberichtsblatt sind tageweise die jeweils ausgef\u00fchrten T\u00e4tigkeiten und\u00a0deren Dauer in Zeitstunden anzugeben.<\/p>\n<p><a href=\"https:\/\/webbox.hsu-hh.de\/pamting\/index_RSzWYcYlrLSEYxrV.html\" rel='nofollow'>Praktikantenamt<\/a> \u00bb Berichtsheft \u00bb Musterberichte \u00bb Muster Vorlagen \u00bb Muster Wochenbericht<\/p>\n<p>F\u00fcr jede Woche des Praktikums ist ein Arbeitsbericht anzufertigen. Darin ist die ausge\u00fcbte T\u00e4tigkeit an einem oder zwei Beispielen zu beschreiben. Der Umfang eines Arbeitsberichtes soll mindestens zwei Seiten (DIN A 4) umfassen. Er kann maschinengeschrieben (In diesen Fall min. eine Seite (DIN A 4)) oder in gut lesbarer Handschrift verfasst sein. Aus dem Text muss eindeutig hervorgehen, dass der Praktikant die angegebenen und beschriebenen T\u00e4\u00adtigkeiten selbst ausgef\u00fchrt hat. Abschriften von Vorlagen sowie Prospekte, Fotokopien, Fotos <abbr title=\"und so weiter\">usw.<\/abbr> sind nicht zu verwenden.<\/p>\n<p>Die milit\u00e4rischen Geheimhaltungsvorschriften nach ZDv 2\/30 sind zu beachten.<\/p>\n<p>Berichtshefte \u00fcber ingenieurwissenschaftliche Praktika haben bestimmten formalen Anspr\u00fc\u00adchen zu gen\u00fcgen. So sind <abbr title=\"zum Beispiel\">z.B.<\/abbr> die Angaben im Deckblatt und in den Wochenberichtsbl\u00e4ttern sowie die \u00dcberschriften und Ma\u00dfzahlen in den Arbeitsberichten in <abbr title=\"Personal Computer\">PC<\/abbr> auszuf\u00fchren. Normschrift (von Hand oder mit Schablone in Bleistift\u00a0\u00a0oder Tusche) \u00a0ist nicht mehr notwendig. Arbeitsberichte sollen knappe Texte mit selbstgefertigten Skizzen\/Zeichnungen \u00fcber die ausgef\u00fchrten Arbeiten\/hergestellten Gegenst\u00e4n\u00adde enthalten. Die Wochen- und Arbeitsberichte sind von den jeweils zust\u00e4ndigen Ausbildungsleitern auf sachgerechte Darstellung zu \u00fcberpr\u00fcfen, <abbr title=\"gegebenenfalls\">ggf.<\/abbr> zu korrigieren und abzuzeichnen.<\/p>\n<p>Bei Beendigung des Praktikums ist das Deckblatt nach \u00dcberpr\u00fcfung des Berichtsheftes(Vollz\u00e4hligkeit der Wochen-\/Arbeitsberichte, Geheimhaltungsbestimmungen) vorn Leiter der Dienststelle\/F\u00fchrer des Truppenteils zu unterzeichnen.<\/p>\n<\/div>\n<\/div>\n<\/div>\n<\/div>\n\n\n\n<p><\/p>\n\n\n\n<p><\/p>\n\n\n\n<p><a href=\"https:\/\/www.hsu-hh.de\/pamting\/impressum\">Impressum<\/a><\/p>\n","protected":false},"excerpt":{"rendered":"<p>Praktikantenordnungen Akademischer Selbstverwaltung PO (intern) Pr\u00fcfungsordnungen (extern) Praktika Angebote Abgabe der Praktikumsdokumentation Die Abgabe der Praktikumsdokumentation erfolgt ausschlie\u00dflich als schriftliche Abgabe in den Briefkasten des Praktikantenamtes vor Raum 1262a. Erg\u00e4nzende [&hellip;]<\/p>\n","protected":false},"author":1,"featured_media":0,"parent":0,"menu_order":0,"comment_status":"closed","ping_status":"closed","template":"","meta":{"footnotes":""},"categories":[35],"tags":[],"class_list":["post-73","page","type-page","status-publish","hentry","category-startseite"],"_links":{"self":[{"href":"https:\/\/www.hsu-hh.de\/pamting\/wp-json\/wp\/v2\/pages\/73","targetHints":{"allow":["GET"]}}],"collection":[{"href":"https:\/\/www.hsu-hh.de\/pamting\/wp-json\/wp\/v2\/pages"}],"about":[{"href":"https:\/\/www.hsu-hh.de\/pamting\/wp-json\/wp\/v2\/types\/page"}],"author":[{"embeddable":true,"href":"https:\/\/www.hsu-hh.de\/pamting\/wp-json\/wp\/v2\/users\/1"}],"replies":[{"embeddable":true,"href":"https:\/\/www.hsu-hh.de\/pamting\/wp-json\/wp\/v2\/comments?post=73"}],"version-history":[{"count":57,"href":"https:\/\/www.hsu-hh.de\/pamting\/wp-json\/wp\/v2\/pages\/73\/revisions"}],"predecessor-version":[{"id":306,"href":"https:\/\/www.hsu-hh.de\/pamting\/wp-json\/wp\/v2\/pages\/73\/revisions\/306"}],"wp:attachment":[{"href":"https:\/\/www.hsu-hh.de\/pamting\/wp-json\/wp\/v2\/media?parent=73"}],"wp:term":[{"taxonomy":"category","embeddable":true,"href":"https:\/\/www.hsu-hh.de\/pamting\/wp-json\/wp\/v2\/categories?post=73"},{"taxonomy":"post_tag","embeddable":true,"href":"https:\/\/www.hsu-hh.de\/pamting\/wp-json\/wp\/v2\/tags?post=73"}],"curies":[{"name":"wp","href":"https:\/\/api.w.org\/{rel}","templated":true}]}}