{"id":189,"date":"2019-05-14T10:38:21","date_gmt":"2019-05-14T08:38:21","guid":{"rendered":"https:\/\/www.hsu-hh.de\/pamting\/?page_id=189"},"modified":"2019-05-14T10:49:03","modified_gmt":"2019-05-14T08:49:03","slug":"praktika-angebote","status":"publish","type":"page","link":"https:\/\/www.hsu-hh.de\/pamting\/praktika-angebote","title":{"rendered":"Praktika Angebote"},"content":{"rendered":"<p><a href=\"http:\/\/www.jobb\u00f6rse-stellenangebote.de\/praktikum\/\" target=\"_blank\" rel=\"noopener noreferrer\">Jobb\u00f6rse Praktika<\/a><\/p>\n<p>Verantwortlich f\u00fcr den Inhalt der Website:<\/p>\n<p>CareerNetwork JOBB\u00d6RSE.de <abbr title=\"Gesellschaft mit beschr\u00e4nkter Haftung\">GmbH<\/abbr> &amp; Co <abbr title=\"Kommanditgesellschaft\">KG<\/abbr><br \/>\nPhilippsbergstr. 36<br \/>\n65195 Wiesbaden<\/p>\n","protected":false},"excerpt":{"rendered":"<p>Jobb\u00f6rse Praktika Verantwortlich f\u00fcr den Inhalt der Website: CareerNetwork JOBB\u00d6RSE.de GmbH &amp; Co KG Philippsbergstr. 36 65195 Wiesbaden<\/p>\n","protected":false},"author":389,"featured_media":0,"parent":0,"menu_order":0,"comment_status":"closed","ping_status":"closed","template":"","meta":{"footnotes":""},"categories":[35],"tags":[],"class_list":["post-189","page","type-page","status-publish","hentry","category-startseite"],"_links":{"self":[{"href":"https:\/\/www.hsu-hh.de\/pamting\/wp-json\/wp\/v2\/pages\/189","targetHints":{"allow":["GET"]}}],"collection":[{"href":"https:\/\/www.hsu-hh.de\/pamting\/wp-json\/wp\/v2\/pages"}],"about":[{"href":"https:\/\/www.hsu-hh.de\/pamting\/wp-json\/wp\/v2\/types\/page"}],"author":[{"embeddable":true,"href":"https:\/\/www.hsu-hh.de\/pamting\/wp-json\/wp\/v2\/users\/389"}],"replies":[{"embeddable":true,"href":"https:\/\/www.hsu-hh.de\/pamting\/wp-json\/wp\/v2\/comments?post=189"}],"version-history":[{"count":6,"href":"https:\/\/www.hsu-hh.de\/pamting\/wp-json\/wp\/v2\/pages\/189\/revisions"}],"predecessor-version":[{"id":199,"href":"https:\/\/www.hsu-hh.de\/pamting\/wp-json\/wp\/v2\/pages\/189\/revisions\/199"}],"wp:attachment":[{"href":"https:\/\/www.hsu-hh.de\/pamting\/wp-json\/wp\/v2\/media?parent=189"}],"wp:term":[{"taxonomy":"category","embeddable":true,"href":"https:\/\/www.hsu-hh.de\/pamting\/wp-json\/wp\/v2\/categories?post=189"},{"taxonomy":"post_tag","embeddable":true,"href":"https:\/\/www.hsu-hh.de\/pamting\/wp-json\/wp\/v2\/tags?post=189"}],"curies":[{"name":"wp","href":"https:\/\/api.w.org\/{rel}","templated":true}]}}