{"id":75,"date":"2017-07-03T15:52:18","date_gmt":"2017-07-03T13:52:18","guid":{"rendered":"https:\/\/www.hsu-hh.de\/vorlage\/?page_id=75"},"modified":"2025-05-21T16:40:10","modified_gmt":"2025-05-21T14:40:10","slug":"startpage","status":"publish","type":"page","link":"https:\/\/www.hsu-hh.de\/paepsy\/en\/","title":{"rendered":"Developmental and Educational Psychology"},"content":{"rendered":"\n<div class=\"wp-block-media-text alignwide is-stacked-on-mobile\" style=\"grid-template-columns:65% auto\"><figure class=\"wp-block-media-text__media\"><img loading=\"lazy\" decoding=\"async\" width=\"1024\" height=\"526\" src=\"https:\/\/www.hsu-hh.de\/paepsy\/wp-content\/uploads\/sites\/802\/2021\/04\/PaedPsych_engl1-1024x526.png\" data-credit=\"Monika Daseking\" alt=\"Educational-Psychology\" class=\"wp-image-714 size-full\" srcset=\"https:\/\/www.hsu-hh.de\/paepsy\/wp-content\/uploads\/sites\/802\/2021\/04\/PaedPsych_engl1-1024x526.png 1024w, https:\/\/www.hsu-hh.de\/paepsy\/wp-content\/uploads\/sites\/802\/2021\/04\/PaedPsych_engl1-300x154.png 300w, https:\/\/www.hsu-hh.de\/paepsy\/wp-content\/uploads\/sites\/802\/2021\/04\/PaedPsych_engl1-768x394.png 768w, https:\/\/www.hsu-hh.de\/paepsy\/wp-content\/uploads\/sites\/802\/2021\/04\/PaedPsych_engl1-1100x565.png 1100w, https:\/\/www.hsu-hh.de\/paepsy\/wp-content\/uploads\/sites\/802\/2021\/04\/PaedPsych_engl1.png 1223w\" sizes=\"auto, (max-width: 1024px) 100vw, 1024px\" \/><\/figure><div class=\"wp-block-media-text__content\">\n<p class=\"has-large-font-size\"><\/p>\n<\/div><\/div>\n\n\n\n<p class=\"has-text-align-left\">At the department for Developmental and Educational Psychology we focus on learning in different domains and development over the life span. The Developmental and Educational Psychology is represented by <abbr title=\"Professor\">Prof.<\/abbr> Daseking and her <a href=\"https:\/\/www.hsu-hh.de\/paepsy\/en\/team\">team<\/a>.<\/p>\n\n\n\n<p class=\"has-text-align-left\">Our research focuses on the development of educational-psychological tests, intelligence tests and intelligence diagnostics,<br>learning disorders, executive functions and ADHD , moral development in adolescence and the educational biographies<br>of young people who have fled.<\/p>\n\n\n\n<p><\/p>\n\n\n\n<details class=\"wp-block-details is-layout-flow wp-block-details-is-layout-flow\"><summary>Recent Publications<\/summary>\n<p><strong>2025<\/strong><\/p>\n\n\n\n<p>Becker, A. B. C., Maurer, C., &amp; Daseking, M. (2025). The relationship between language development and behavioral problems in preschool children who experienced a stroke. <em>Zeitschrift f\u00fcr Neuropsychologie, 36<\/em>(1), 15-27. <a href=\"https:\/\/doi.org\/10.1024\/1016-264X\/a000407\" rel='nofollow'>https:\/\/doi.org\/10.1024\/1016-264X\/a000407<\/a><\/p>\n\n\n\n<p>Breit, M., Brunner, M., Preu\u00df, J., Daseking, M., Pauls, F., Walter, F., &amp; Preckel, F. (2025). The contribution of general intelligence to cognitive performance across the life span:\u00a0 A differentiation analysis of the Wechsler tests. <em>Psychology and Aging,<\/em> <em>40<\/em>(3), 237\u2013254. <a href=\"https:\/\/doi.org\/10.1037\/pag0000875\" rel='nofollow'>https:\/\/doi.org\/10.1037\/pag0000875<\/a><\/p>\n\n\n\n<p>Daseking, M. &amp; Urschitz, M. (2025). Aufgaben, Chancen und Herausforderungen der Schuleingangsuntersuchung in Deutschland. <em>Gesundheitswesen, 87<\/em>. <a href=\"https:\/\/doi.org\/10.1055\/a-2501-0295\" rel='nofollow'>https:\/\/doi.org\/10.1055\/a-2501-0295<\/a><\/p>\n\n\n\n<p>Heinze, H., Daseking, M., Gawrilow, C., Karbach, J., &amp; Kerner auch Koerner, J. (2025). Self-regulation in preschool: Are executive function and effortful control overlapping constructs? <em>Developmental Science<\/em>, <em>28<\/em>(1), e13595. <a href=\"https:\/\/doi.org\/10.1111\/desc.13595\" rel='nofollow'>https:\/\/doi.org\/10.1111\/desc.13595<\/a><\/p>\n\n\n\n<p>Ibrahim, F., M\u00fcnscher, J.-C., Daseking, M., &amp; Telle, N.-T. (2025). The Technology Acceptance Model and Adopter Type Analysis in the context of artificial intelligence. <em>Frontiers in Artificial Intelligence, 7,<\/em> 1496518. <a href=\"https:\/\/doi.org\/10.3389\/frai.2024.1496518\" rel='nofollow'>https:\/\/doi.org\/10.3389\/frai.2024.1496518<\/a>\u00a0<\/p>\n\n\n\n<p>Ja\u0161\u010denoka, J. C., Maurer, J., Sierpinski, T., Diefenbach,C., &amp; Daseking, M. (2025). Barrieren und f\u00f6rderliche Faktoren in der Schuleingangsuntersuchung mit SOPESS: Entwicklung eines Online-Fortbildungspakets zur St\u00e4rkung diagnostischer Grundkompetenzen (Projekt KOMET-SEU). <em>Gesundheitswesen, 87<\/em>. <a href=\"https:\/\/doi.org\/10.1055\/a-2550-4308\" rel='nofollow'>https:\/\/doi.org\/10.1055\/a-2550-4308<\/a><\/p>\n\n\n\n<p>Malonga Makosi, D. M., Diefenbach, C., Simon, K., Ja\u0161\u010denoka, J. C., Maurer, J., Borrmann, B., Sidhu, N. S., K\u00f6nig, J., Thyen, U., Genuneit, J., Daseking, M., &amp; Urschitz, M. S. (2025). Nachhaltige Weiterentwicklung von Kompetenzen und Methoden am Beispiel SOPESS als Teil der Schuleingangsuntersuchung\u2013Hintergrund und Ans\u00e4tze des KOMET-SEU-Projekts. <em>Das Gesundheitswesen,<\/em> <em>87<\/em>, 391\u2013397. <a href=\"https:\/\/doi.org\/10.1055\/a-2577-9620\" rel='nofollow'>https:\/\/doi.org\/10.1055\/a-2577-9620<\/a><\/p>\n\n\n\n<p>Sch\u00f6n, S.-M., &amp; Daseking, M. (2025). We\u2019re in this together: Associations between moral emotions and rule-breaking behaviour in adolescence. <em>Emotional and Behavioural Difficulties. <\/em><a href=\"https:\/\/doi.org\/10.1080\/13632752.2025.2486898\" rel='nofollow'>https:\/\/doi.org\/10.1080\/13632752.2025.2486898<\/a><\/p>\n\n\n\n<p>Ulitzka, B., Daseking, M., &amp; Kerner auch Koerner, J. (2025). The Marshmallow Test as a screening instrument: Sensitivity and specificity of a Delay of Gratification task for later ADHD and conduct problems. <em>Infant and Child Development,<\/em> <em>34:e70014.<\/em> <a href=\"https:\/\/doi.org\/10.1002\/icd.70014\" rel='nofollow'>https:\/\/doi.org\/10.1002\/icd.70014<\/a><\/p>\n\n\n\n<p><\/p>\n\n\n\n<p><strong>2024<\/strong><\/p>\n\n\n\n<p>Becker, A. B. C., Maurer, J., Daseking, M., &amp; Pauls, F. (2024). Measurement invariance of the WISC-V across a clinical sample of children and adolescents with ADHD and a matched control group<em>. Journal of Intelligence<\/em>, 12, 6. <a href=\"https:\/\/doi.org\/10.3390\/jintelligence12010006\" rel='nofollow'>https:\/\/doi.org\/10.3390\/jintelligence12010006<\/a>&nbsp;&nbsp;<\/p>\n\n\n\n<p>Hogan, M., Fischer, A., Din\u00e7er, B., Yurt, E. C., Daseking, M., Irfan, M. R., Koruga, N., Riddle, R., &amp; Quinn, S. (2024). Confirming the factor structure of the Student-Educator Negotiated Critical Thinking Dispositions Scale (SENCTDS). Preprint. <\/p>\n\n\n\n<p>Moellmann, H. L., Rana, M., Daseking, M., Petersohn, H., &amp; Rana, M. (2024). Exploring grandiose narcissism among surgeons: a comparative analysis. <em>Scientific Reports<\/em>, <em>14<\/em>(1), 11665. <a href=\"https:\/\/doi.org\/10.1038\/s41598-024-62241-6\" rel='nofollow'>https:\/\/doi.org\/10.1038\/s41598-024-62241-6<\/a><\/p>\n\n\n\n<p>Neumann, H., Daseking, M., Thiels, C., K\u00f6hler, C., &amp; L\u00fccke, T. (2024). Cognitive development in children with new-onset Rolandic epilepsy and Rolandic discharges without seizures: Focusing on intelligence, visual perception, working memory and the role of parents\u2019 education. <em>Epilepsy &amp; Behavior, <\/em>109596<em>.<\/em> <a href=\"https:\/\/doi.org\/10.1016\/j.yebeh.2023.109596\" rel='nofollow'>https:\/\/doi.org\/10.1016\/j.yebeh.2023.109596<\/a><\/p>\n\n\n\n<p>Sch\u00f6n, S.-M. &amp; Daseking, M. (2024). Externalisierendes Problemverhalten mit Freund:innen im Jugendalter: Welche Rolle spielen Faktoren der emotionalen Unbeteiligtheit? <em>Bundesgesundheitsblatt &#8211;<\/em> <em>Gesundheitsforschung &#8211; Gesundheitsschutz,<\/em> <em>67<\/em>, 392\u2013399. <a href=\"https:\/\/doi.org\/10.1007\/s00103-024-03850-4\" rel='nofollow'>https:\/\/doi.org\/10.1007\/s00103-024-03850-4<\/a><\/p>\n\n\n\n<p>Sch\u00f6n, S.-M. &amp; Daseking, M. (2024). Do moral emotions interact with self-control and unstructured socializing in explaining rule-breaking behavior committed together with friends? <em>Children<\/em>, 11, 766. <a href=\"https:\/\/doi.org\/10.3390\/children11070766\" rel='nofollow'>https:\/\/doi.org\/10.3390\/children11070766<\/a><\/p>\n\n\n\n<p>Ulitzka, B., Daseking, M., &amp; Kerner auch Koerner, J. (2024). The Marshmallow Test as screenings instrument: Sensitivity and specificity of a delay of gratification tasks as a longitudinal predictor for ADHD and Conduct Problems. <a href=\"https:\/\/d197for5662m48.cloudfront.net\/documents\/publicationstatus\/201915\/preprint_pdf\/17fc6a3452c38cde9f3becde5553376d.pdf\" rel='nofollow'>https:\/\/d197for5662m48.cloudfront.net\/documents\/publicationstatus\/201915\/preprint_pdf\/17fc6a3452c38cde9f3becde5553376d.pdf<\/a><\/p>\n\n\n\n<p>Walter, F., Daseking, M., &amp; Pauls, F. (2024). The effects of language background and parental education on measures of cognitive ability: An analysis of the WPPSI-IV cognitive profiles of monolingual, simultaneous bilingual, and successive bilingual German children aged 4 to 7 years. <em>Children, 11, <\/em>631. <a href=\"https:\/\/doi.org\/10.3390\/children11060631\" rel='nofollow'>https:\/\/doi.org\/10.3390\/children11060631<\/a><\/p>\n\n\n\n<p><\/p>\n\n\n\n<p><\/p>\n\n\n\n<p><\/p>\n\n\n\n<p><\/p>\n\n\n\n<p>&nbsp;<\/p>\n<\/details>\n\n\n\n<!--more-->\n\n\n\n<h2 class=\"wp-block-heading\"><\/h2>\n","protected":false},"excerpt":{"rendered":"<p>At the department for Developmental and Educational Psychology we focus on learning in different domains and development over the life span. The Developmental and Educational Psychology is represented by Prof. [&hellip;]<\/p>\n","protected":false},"author":582,"featured_media":0,"parent":0,"menu_order":0,"comment_status":"closed","ping_status":"closed","template":"","meta":{"footnotes":""},"categories":[37],"tags":[],"class_list":["post-75","page","type-page","status-publish","hentry","category-startpage"],"_links":{"self":[{"href":"https:\/\/www.hsu-hh.de\/paepsy\/wp-json\/wp\/v2\/pages\/75","targetHints":{"allow":["GET"]}}],"collection":[{"href":"https:\/\/www.hsu-hh.de\/paepsy\/wp-json\/wp\/v2\/pages"}],"about":[{"href":"https:\/\/www.hsu-hh.de\/paepsy\/wp-json\/wp\/v2\/types\/page"}],"author":[{"embeddable":true,"href":"https:\/\/www.hsu-hh.de\/paepsy\/wp-json\/wp\/v2\/users\/582"}],"replies":[{"embeddable":true,"href":"https:\/\/www.hsu-hh.de\/paepsy\/wp-json\/wp\/v2\/comments?post=75"}],"version-history":[{"count":19,"href":"https:\/\/www.hsu-hh.de\/paepsy\/wp-json\/wp\/v2\/pages\/75\/revisions"}],"predecessor-version":[{"id":1332,"href":"https:\/\/www.hsu-hh.de\/paepsy\/wp-json\/wp\/v2\/pages\/75\/revisions\/1332"}],"wp:attachment":[{"href":"https:\/\/www.hsu-hh.de\/paepsy\/wp-json\/wp\/v2\/media?parent=75"}],"wp:term":[{"taxonomy":"category","embeddable":true,"href":"https:\/\/www.hsu-hh.de\/paepsy\/wp-json\/wp\/v2\/categories?post=75"},{"taxonomy":"post_tag","embeddable":true,"href":"https:\/\/www.hsu-hh.de\/paepsy\/wp-json\/wp\/v2\/tags?post=75"}],"curies":[{"name":"wp","href":"https:\/\/api.w.org\/{rel}","templated":true}]}}