{"id":713,"date":"2021-11-21T12:40:56","date_gmt":"2021-11-21T11:40:56","guid":{"rendered":"https:\/\/www.hsu-hh.de\/paehis\/?page_id=713"},"modified":"2025-08-06T10:53:55","modified_gmt":"2025-08-06T08:53:55","slug":"news","status":"publish","type":"page","link":"https:\/\/www.hsu-hh.de\/paehis\/en\/news\/","title":{"rendered":"News"},"content":{"rendered":"\n<p><strong>Information<\/strong><\/p>\n\n\n\n<p>Open letter against the planned establishment of the Military Security Department at Helmut Schmidt University Hamburg (<a href=\"https:\/\/www.hsu-hh.de\/paehis\/wp-content\/uploads\/sites\/852\/2021\/12\/OffenerBriefA3_ro\u0308tlich.pdf\" data-type=\"URL\" data-id=\"https:\/\/www.hsu-hh.de\/paehis\/wp-content\/uploads\/sites\/852\/2021\/12\/OffenerBriefA3_ro\u0308tlich.pdf\">letter<\/a>)<\/p>\n\n\n\n<ul class=\"wp-block-list\">\n<li>Statement: German Historical Association (VHD) (<a href=\"https:\/\/www.hsu-hh.de\/paehis\/wp-content\/uploads\/sites\/852\/2021\/12\/Offener-Brief-Deutscher-Historikerverband-2-9-21.pdf\">letter<\/a>)<\/li>\n\n\n\n<li>Statement: German Educational Research Association, (GERA\/ DGfE) (<a href=\"https:\/\/www.hsu-hh.de\/paehis\/wp-content\/uploads\/sites\/852\/2021\/12\/Offener-Brief-DGfE-2021-09-30_HSU-MSB.pdf\">letter)<\/a><\/li>\n<\/ul>\n\n\n\n<p><\/p>\n\n\n\n<p class=\"has-medium-font-size\"><strong>Publications<\/strong><\/p>\n\n\n\n<p>Edith Glaser \/ Carola Groppe \/ J\u00fcrgen Overhoff (<abbr title=\"Herausgeber\">Hrsg.<\/abbr>): Universit\u00e4ten und Hochschulen zwischen Beharrung und Reform. Bildungshistorische Perspektiven (<a href=\"https:\/\/www.hsu-hh.de\/paehis\/wp-content\/uploads\/sites\/852\/2024\/03\/2621-1-Glaser-u.a.-Karte-mail-rot-1.pdf\">Link<\/a>)<\/p>\n\n\n\n<p>Jahrbuch f\u00fcr Historische Bildungsforschung (<a href=\"https:\/\/www.klinkhardt.de\/verlagsprogramm\/geschichte-der-paedagogik-und-schulpaedagogik\/jahrbuch-fuer-historische-bildungsforschung\/\" rel='nofollow'>Link<\/a>)<\/p>\n\n\n\n<p>Groppe, Carola\/Kurig, Julia\/Petruv, Julia: &#8218;Preu\u00dfische&#8216; Reformer? Sozialisationsprozesse, Kosmopolitismus und die Gelegenheitsstrukturen in Preu\u00dfen nach 1806. (<a href=\"https:\/\/openhsu.ub.hsu-hh.de\/handle\/10.24405\/15193\" data-type=\"link\" data-id=\"https:\/\/openhsu.ub.hsu-hh.de\/handle\/10.24405\/15193\" rel='nofollow'>Open Access<\/a>)<\/p>\n\n\n\n<p>Gerster, Daniel &amp; Groppe, Carola (<abbr title=\"Herausgeber\">Hrsg.<\/abbr>): Sch\u00fclerinnen- und Sch\u00fclerleben im 19. und fr\u00fchen 20. Jahrhundert. (<a href=\"http:\/\/www.klinkhardt.de\/verlagsprogramm\/2581.html\" rel='nofollow'>Link<\/a>)<\/p>\n\n\n\n<p>Preu\u00dfische Staatsm\u00e4nner: Herkunft, Erziehung und Ausbildung, Karrieren, Dienstalltag und Weltbilder zwischen 1740 und 1806 (<a href=\"https:\/\/www.hsu-hh.de\/paehis\/wp-content\/uploads\/sites\/852\/2023\/02\/Werbeflyer-Preussische-Staatsmaenner.pdf\" data-type=\"URL\" data-id=\"https:\/\/www.hsu-hh.de\/paehis\/wp-content\/uploads\/sites\/852\/2023\/02\/Werbeflyer-Preussische-Staatsmaenner.pdf\">Content<\/a>)<\/p>\n\n\n\n<p><\/p>\n\n\n<div class=\"wp-block-image\">\n<figure class=\"alignright size-full is-resized\"><a href=\"https:\/\/www.zfw.uni-hamburg.de\/oeffentliche-vortraege\/programm-sose\/18-paedagogik-sexualitaet-und-koerperpolitik.html\" rel='nofollow'><img loading=\"lazy\" decoding=\"async\" width=\"1012\" height=\"820\" src=\"https:\/\/www.hsu-hh.de\/paehis\/wp-content\/uploads\/sites\/852\/2025\/08\/Koerperpolitik-4.jpg\" data-credit=\"\" alt=\"\" class=\"wp-image-1433\" style=\"width:577px;height:auto\" srcset=\"https:\/\/www.hsu-hh.de\/paehis\/wp-content\/uploads\/sites\/852\/2025\/08\/Koerperpolitik-4.jpg 1012w, https:\/\/www.hsu-hh.de\/paehis\/wp-content\/uploads\/sites\/852\/2025\/08\/Koerperpolitik-4-300x243.jpg 300w, https:\/\/www.hsu-hh.de\/paehis\/wp-content\/uploads\/sites\/852\/2025\/08\/Koerperpolitik-4-768x622.jpg 768w\" sizes=\"auto, (max-width: 1012px) 100vw, 1012px\" \/><\/a><\/figure>\n<\/div>\n\n\n<p><\/p>\n\n\n\n<p class=\"has-medium-font-size\"><strong>Workshops and Conferences<\/strong><\/p>\n\n\n\n<ul class=\"wp-block-list has-normal-font-size\">\n<li>21. November 2025: Kolloquium des Netzwerks Hamburger Bildungshistorikerinnen, Universit\u00e4t Hamburg<\/li>\n<\/ul>\n\n\n\n<ul class=\"wp-block-list has-normal-font-size\">\n<li>30.-31. Januar 2026: Tagung des Arbeitskreises Historische Kindheits-, Jugend- und Familienforschung: Jugend, Bildung und Sozialisation im 19. und 20. Jahrhundert. Theoretische Konzeptionen, Methodiken und historische Analysen, Universit\u00e4t Hamburg<\/li>\n<\/ul>\n","protected":false},"excerpt":{"rendered":"<p>Information Open letter against the planned establishment of the Military Security Department at Helmut Schmidt University Hamburg (letter) Publications Edith Glaser \/ Carola Groppe \/ J\u00fcrgen Overhoff (Hrsg.): Universit\u00e4ten und [&hellip;]<\/p>\n","protected":false},"author":3203,"featured_media":0,"parent":0,"menu_order":0,"comment_status":"closed","ping_status":"closed","template":"","meta":{"footnotes":""},"categories":[7],"tags":[],"class_list":["post-713","page","type-page","status-publish","hentry","category-research"],"_links":{"self":[{"href":"https:\/\/www.hsu-hh.de\/paehis\/wp-json\/wp\/v2\/pages\/713","targetHints":{"allow":["GET"]}}],"collection":[{"href":"https:\/\/www.hsu-hh.de\/paehis\/wp-json\/wp\/v2\/pages"}],"about":[{"href":"https:\/\/www.hsu-hh.de\/paehis\/wp-json\/wp\/v2\/types\/page"}],"author":[{"embeddable":true,"href":"https:\/\/www.hsu-hh.de\/paehis\/wp-json\/wp\/v2\/users\/3203"}],"replies":[{"embeddable":true,"href":"https:\/\/www.hsu-hh.de\/paehis\/wp-json\/wp\/v2\/comments?post=713"}],"version-history":[{"count":8,"href":"https:\/\/www.hsu-hh.de\/paehis\/wp-json\/wp\/v2\/pages\/713\/revisions"}],"predecessor-version":[{"id":1435,"href":"https:\/\/www.hsu-hh.de\/paehis\/wp-json\/wp\/v2\/pages\/713\/revisions\/1435"}],"wp:attachment":[{"href":"https:\/\/www.hsu-hh.de\/paehis\/wp-json\/wp\/v2\/media?parent=713"}],"wp:term":[{"taxonomy":"category","embeddable":true,"href":"https:\/\/www.hsu-hh.de\/paehis\/wp-json\/wp\/v2\/categories?post=713"},{"taxonomy":"post_tag","embeddable":true,"href":"https:\/\/www.hsu-hh.de\/paehis\/wp-json\/wp\/v2\/tags?post=713"}],"curies":[{"name":"wp","href":"https:\/\/api.w.org\/{rel}","templated":true}]}}