{"id":656,"date":"2021-11-21T11:35:31","date_gmt":"2021-11-21T10:35:31","guid":{"rendered":"https:\/\/www.hsu-hh.de\/paehis\/?page_id=656"},"modified":"2026-02-02T15:13:20","modified_gmt":"2026-02-02T14:13:20","slug":"aktuelles","status":"publish","type":"page","link":"https:\/\/www.hsu-hh.de\/paehis\/aktuelles\/","title":{"rendered":"Aktuelles"},"content":{"rendered":"\n<div style=\"height:11px\" aria-hidden=\"true\" class=\"wp-block-spacer\"><\/div>\n\n\n<div class=\"wp-block-image\">\n<figure class=\"alignright size-full is-resized\"><a href=\"https:\/\/www.utb.de\/doi\/book\/10.36198\/9783838565958\" rel='nofollow'><img loading=\"lazy\" decoding=\"async\" width=\"602\" height=\"876\" src=\"https:\/\/www.hsu-hh.de\/paehis\/wp-content\/uploads\/sites\/852\/2026\/02\/Historische-Sozialisationsforschung-4.jpg\" data-credit=\"\" alt=\"\" class=\"wp-image-1573\" style=\"width:331px;height:auto\" srcset=\"https:\/\/www.hsu-hh.de\/paehis\/wp-content\/uploads\/sites\/852\/2026\/02\/Historische-Sozialisationsforschung-4.jpg 602w, https:\/\/www.hsu-hh.de\/paehis\/wp-content\/uploads\/sites\/852\/2026\/02\/Historische-Sozialisationsforschung-4-206x300.jpg 206w\" sizes=\"auto, (max-width: 602px) 100vw, 602px\" \/><\/a><\/figure>\n<\/div>\n\n\n<p><strong>Ver\u00f6ffentlichungen<\/strong><\/p>\n\n\n\n<p>Morvarid Dehnavi \/ Carola Groppe \/ Timm Gerd Hellmanzik \/ Dennis Mathie: Historische Sozialisationsforschung. Theorie, Analyse, Darstellung (<a href=\"https:\/\/www.utb.de\/doi\/book\/10.36198\/9783838565958\" rel='nofollow'>Link<\/a>).<\/p>\n\n\n\n<p>Edith Glaser \/ Carola Groppe \/ J\u00fcrgen Overhoff (<abbr title=\"Herausgeber\">Hrsg.<\/abbr>): Universit\u00e4ten und Hochschulen zwischen Beharrung und Reform. Bildungshistorische Perspektiven (<a href=\"https:\/\/www.hsu-hh.de\/paehis\/wp-content\/uploads\/sites\/852\/2024\/03\/2621-1-Glaser-u.a.-Karte-mail-rot-1.pdf\">Link<\/a>)<\/p>\n\n\n\n<p>Jahrbuch f\u00fcr Historische Bildungsforschung (<a href=\"https:\/\/www.klinkhardt.de\/verlagsprogramm\/geschichte-der-paedagogik-und-schulpaedagogik\/jahrbuch-fuer-historische-bildungsforschung\/\" rel='nofollow'>Link<\/a>)<\/p>\n\n\n\n<p>Groppe, Carola\/Kurig, Julia\/Petruv, Julia: &#8218;Preu\u00dfische&#8216; Reformer? Sozialisationsprozesse, Kosmopolitismus und die Gelegenheitsstrukturen in Preu\u00dfen nach 1806. (<a href=\"https:\/\/openhsu.ub.hsu-hh.de\/handle\/10.24405\/15193\" data-type=\"link\" data-id=\"https:\/\/openhsu.ub.hsu-hh.de\/handle\/10.24405\/15193\" rel='nofollow'>Open Access<\/a>)<\/p>\n\n\n<div class=\"wp-block-image\">\n<figure class=\"alignleft size-full is-resized\"><a href=\"https:\/\/www.klinkhardt.de\/verlagsprogramm\/2581.html\" rel='nofollow'><img loading=\"lazy\" decoding=\"async\" width=\"543\" height=\"773\" src=\"https:\/\/www.hsu-hh.de\/paehis\/wp-content\/uploads\/sites\/852\/2023\/07\/Schuelerinnen-und-Schuelerleben.jpg\" data-credit=\"Timm Gerd Hellmanzik\" alt=\"\" class=\"wp-image-1089\" style=\"aspect-ratio:0.7021943573667712;width:325px;height:auto\" srcset=\"https:\/\/www.hsu-hh.de\/paehis\/wp-content\/uploads\/sites\/852\/2023\/07\/Schuelerinnen-und-Schuelerleben.jpg 543w, https:\/\/www.hsu-hh.de\/paehis\/wp-content\/uploads\/sites\/852\/2023\/07\/Schuelerinnen-und-Schuelerleben-211x300.jpg 211w\" sizes=\"auto, (max-width: 543px) 100vw, 543px\" \/><\/a><\/figure>\n<\/div>\n\n\n<p><\/p>\n\n\n\n<p><\/p>\n\n\n\n<p>Gerster, Daniel &amp; Groppe, Carola (<abbr title=\"Herausgeber\">Hrsg.<\/abbr>): Sch\u00fclerinnen- und Sch\u00fclerleben im 19. und fr\u00fchen 20. Jahrhundert. (<a href=\"http:\/\/www.klinkhardt.de\/verlagsprogramm\/2581.html\" rel='nofollow'>Link zum Verlag<\/a>)<\/p>\n\n\n\n<p>Preu\u00dfische Staatsm\u00e4nner: Herkunft, Erziehung und Ausbildung, Karrieren, Dienstalltag und Weltbilder zwischen 1740 und 1806 (<a href=\"https:\/\/www.hsu-hh.de\/paehis\/wp-content\/uploads\/sites\/852\/2023\/02\/Werbeflyer-Preussische-Staatsmaenner.pdf\" data-type=\"URL\" data-id=\"https:\/\/www.hsu-hh.de\/paehis\/wp-content\/uploads\/sites\/852\/2023\/02\/Werbeflyer-Preussische-Staatsmaenner.pdf\">Inhalt<\/a>)<\/p>\n\n\n\n<div style=\"height:18px\" aria-hidden=\"true\" class=\"wp-block-spacer\"><\/div>\n\n\n\n<p><strong><strong>Informationen<\/strong><\/strong><\/p>\n\n\n\n<p>Offener Brief gegen die geplante Einrichtung des Milit\u00e4rischen Sicherheitsbereichs an der Helmut-Schmidt-Universit\u00e4t Hamburg (<a href=\"https:\/\/www.hsu-hh.de\/paehis\/wp-content\/uploads\/sites\/852\/2021\/12\/OffenerBriefA3_ro\u0308tlich.pdf\" data-type=\"URL\" data-id=\"https:\/\/www.hsu-hh.de\/paehis\/wp-content\/uploads\/sites\/852\/2021\/12\/OffenerBriefA3_ro\u0308tlich.pdf\">Brief<\/a>)<\/p>\n\n\n\n<ul class=\"wp-block-list\">\n<li>Stellungnahme: Verband der Historiker und Historikerinnen Deutschlands (VHD) (<a href=\"https:\/\/www.hsu-hh.de\/paehis\/wp-content\/uploads\/sites\/852\/2021\/12\/Offener-Brief-Deutscher-Historikerverband-2-9-21.pdf\" data-type=\"URL\" data-id=\"https:\/\/www.hsu-hh.de\/paehis\/wp-content\/uploads\/sites\/852\/2021\/12\/Offener-Brief-Deutscher-Historikerverband-2-9-21.pdf\">Brief<\/a>)<\/li>\n\n\n\n<li>Stellungnahme: Deutsche Gesellschaft f\u00fcr Erziehungswissenschaft (DGfE) (<a href=\"https:\/\/www.hsu-hh.de\/paehis\/wp-content\/uploads\/sites\/852\/2021\/12\/Offener-Brief-DGfE-2021-09-30_HSU-MSB.pdf\" data-type=\"URL\" data-id=\"https:\/\/www.hsu-hh.de\/paehis\/wp-content\/uploads\/sites\/852\/2021\/12\/Offener-Brief-DGfE-2021-09-30_HSU-MSB.pdf\">Brief<\/a>)<\/li>\n<\/ul>\n\n\n\n<div style=\"height:26px\" aria-hidden=\"true\" class=\"wp-block-spacer\"><\/div>\n\n\n\n<p><\/p>\n\n\n\n<p><\/p>\n\n\n<div class=\"wp-block-image\">\n<figure class=\"alignright size-full is-resized\"><a href=\"https:\/\/www.zfw.uni-hamburg.de\/oeffentliche-vortraege\/programm-sose\/18-paedagogik-sexualitaet-und-koerperpolitik.html\" rel='nofollow'><img loading=\"lazy\" decoding=\"async\" width=\"1012\" height=\"820\" src=\"https:\/\/www.hsu-hh.de\/paehis\/wp-content\/uploads\/sites\/852\/2025\/08\/Koerperpolitik-2.jpg\" data-credit=\"\" alt=\"\" class=\"wp-image-1423\" style=\"width:606px;height:auto\" srcset=\"https:\/\/www.hsu-hh.de\/paehis\/wp-content\/uploads\/sites\/852\/2025\/08\/Koerperpolitik-2.jpg 1012w, https:\/\/www.hsu-hh.de\/paehis\/wp-content\/uploads\/sites\/852\/2025\/08\/Koerperpolitik-2-300x243.jpg 300w, https:\/\/www.hsu-hh.de\/paehis\/wp-content\/uploads\/sites\/852\/2025\/08\/Koerperpolitik-2-768x622.jpg 768w\" sizes=\"auto, (max-width: 1012px) 100vw, 1012px\" \/><\/a><\/figure>\n<\/div>\n\n\n<p class=\"has-medium-font-size\"><strong>Workshops und Tagungen<\/strong><\/p>\n\n\n\n<ul class=\"wp-block-list\">\n<li>29. Mai 2026: Kolloquium des Netzwerks Hamburger Bildungshistorikerinnen, Universit\u00e4t Hamburg<\/li>\n\n\n\n<li>30.-31. Januar 2026: Tagung des Arbeitskreises Historische Kindheits-, Jugend- und Familienforschung: Jugend, Bildung und Sozialisation im 19. und 20. Jahrhundert. Theoretische Konzeptionen, Methodiken und historische Analysen, Universit\u00e4t Hamburg (<a href=\"https:\/\/www.hsu-hh.de\/paehis\/wp-content\/uploads\/sites\/852\/2025\/11\/Workshopprogramm_AK-Hist-Kindheit-Jugend-Familie-Workshop-2026.pdf\">Programm<\/a>)<\/li>\n<\/ul>\n\n\n\n<p><\/p>\n\n\n\n<p><\/p>\n\n\n\n<p><\/p>\n","protected":false},"excerpt":{"rendered":"<p>Ver\u00f6ffentlichungen Morvarid Dehnavi \/ Carola Groppe \/ Timm Gerd Hellmanzik \/ Dennis Mathie: Historische Sozialisationsforschung. Theorie, Analyse, Darstellung (Link). Edith Glaser \/ Carola Groppe \/ J\u00fcrgen Overhoff (Hrsg.): Universit\u00e4ten und [&hellip;]<\/p>\n","protected":false},"author":3203,"featured_media":0,"parent":0,"menu_order":0,"comment_status":"closed","ping_status":"closed","template":"","meta":{"footnotes":""},"categories":[4],"tags":[],"class_list":["post-656","page","type-page","status-publish","hentry","category-forschung"],"_links":{"self":[{"href":"https:\/\/www.hsu-hh.de\/paehis\/wp-json\/wp\/v2\/pages\/656","targetHints":{"allow":["GET"]}}],"collection":[{"href":"https:\/\/www.hsu-hh.de\/paehis\/wp-json\/wp\/v2\/pages"}],"about":[{"href":"https:\/\/www.hsu-hh.de\/paehis\/wp-json\/wp\/v2\/types\/page"}],"author":[{"embeddable":true,"href":"https:\/\/www.hsu-hh.de\/paehis\/wp-json\/wp\/v2\/users\/3203"}],"replies":[{"embeddable":true,"href":"https:\/\/www.hsu-hh.de\/paehis\/wp-json\/wp\/v2\/comments?post=656"}],"version-history":[{"count":76,"href":"https:\/\/www.hsu-hh.de\/paehis\/wp-json\/wp\/v2\/pages\/656\/revisions"}],"predecessor-version":[{"id":1575,"href":"https:\/\/www.hsu-hh.de\/paehis\/wp-json\/wp\/v2\/pages\/656\/revisions\/1575"}],"wp:attachment":[{"href":"https:\/\/www.hsu-hh.de\/paehis\/wp-json\/wp\/v2\/media?parent=656"}],"wp:term":[{"taxonomy":"category","embeddable":true,"href":"https:\/\/www.hsu-hh.de\/paehis\/wp-json\/wp\/v2\/categories?post=656"},{"taxonomy":"post_tag","embeddable":true,"href":"https:\/\/www.hsu-hh.de\/paehis\/wp-json\/wp\/v2\/tags?post=656"}],"curies":[{"name":"wp","href":"https:\/\/api.w.org\/{rel}","templated":true}]}}