{"id":463,"date":"2021-04-08T15:46:03","date_gmt":"2021-04-08T13:46:03","guid":{"rendered":"https:\/\/www.hsu-hh.de\/paehis\/?page_id=463"},"modified":"2024-01-03T14:35:21","modified_gmt":"2024-01-03T13:35:21","slug":"abgeschlossene-projekte","status":"publish","type":"page","link":"https:\/\/www.hsu-hh.de\/paehis\/abgeschlossene-projekte\/","title":{"rendered":"Abgeschlossene Projekte"},"content":{"rendered":"\n<h2 class=\"wp-block-heading\">Im deutschen Kaiserreich&nbsp;<\/h2>\n\n\n\n<h3 class=\"wp-block-heading\">Eine Bildungsgeschichte des B\u00fcrgertums von 1871 bis 1918.\u00a0\u00a0Projekt im November 2018 abgeschlossen. Laufzeit: 2013-2018.<\/h3>\n\n\n<div class=\"wp-block-image\">\n<figure class=\"alignright size-full is-resized\"><a href=\"https:\/\/www.buchhandel.de\/buch\/Im-deutschen-Kaiserreich-9783412500580\" rel='nofollow'><img loading=\"lazy\" decoding=\"async\" src=\"https:\/\/www.hsu-hh.de\/paehis\/wp-content\/uploads\/sites\/852\/2024\/01\/im-deutschen-Kaiserreich.jpg\" data-credit=\"Timm Gerd Hellmanzik\" alt=\"\" class=\"wp-image-1178\" style=\"width:318px;height:441px\" width=\"318\" height=\"441\" srcset=\"https:\/\/www.hsu-hh.de\/paehis\/wp-content\/uploads\/sites\/852\/2024\/01\/im-deutschen-Kaiserreich.jpg 604w, https:\/\/www.hsu-hh.de\/paehis\/wp-content\/uploads\/sites\/852\/2024\/01\/im-deutschen-Kaiserreich-216x300.jpg 216w\" sizes=\"auto, (max-width: 318px) 100vw, 318px\" \/><\/a><\/figure>\n<\/div>\n\n\n<p>Am Beispiel einer weitverzweigten Unternehmerfamilie geht das Buch der Bildungsgeschichte des B\u00fcrgertums im deutschen Kaiserreich zwischen der Reichsgr\u00fcndung 1871 und dem Ende des Ersten Weltkriegs 1918 nach.<\/p>\n\n\n\n<p>Kindheit und Jugend in der Familie, Schulerfahrungen und das Leben in Sch\u00fclerpensionen und M\u00e4dchenpensionaten, Jugendfreundschaften, Milit\u00e4rdienst und Kriegserfahrungen, Liebe und Ehe, Auslandsaufenthalte und der Umgang mit dem neuen Zeitalter der Technik, des Tempos und der Metropolen werden auf der Grundlage privater Briefe und aus dem Blickwinkel verschiedener Generationen und Familienmitglieder betrachtet.<\/p>\n\n\n\n<p>Das Buch entwickelt im Zuge einer Bildungsgeschichte in Fallbeispielen neue Interpretationen einer Epoche, die nach wie vor einer der Brennpunkte deutscher Geschichtsschreibung ist.<\/p>\n\n\n\n<p>Carola Groppe: Im deutschen Kaiserreich. Eine Bildungsgeschichte des B\u00fcrgertums 1871-1918, Wien, K\u00f6ln, Weimar 2018.<\/p>\n\n\n\n<p><a href=\"https:\/\/www.buchhandel.de\/buch\/Im-deutschen-Kaiserreich-9783412500580\" rel='nofollow'>Das Buch ist im B\u00f6hlau Verlag erschienen.<\/a><\/p>\n\n\n\n<h2 class=\"wp-block-heading\">Archiv \u201e\u201968\u2018 Walter R\u00fcegg\u201c&nbsp;<\/h2>\n\n\n\n<p>\u201e\u201968\u2018 an einer deutschen Universit\u00e4t. Eine archivarische Erfassung des Quellenbestandes von Walter R\u00fcegg, Rektor der Johann Wolfgang Goethe-Universit\u00e4t Frankfurt am Main 1961-1973\u201c<\/p>\n\n\n\n<p>Walter R\u00fcegg war von 1965 bis 1970 Rektor der Frankfurter Universit\u00e4t und damit eine zentrale Figur in den t\u00e4glichen Auseinandersetzungen dieser Zeitphase. Um als Soziologe die Auseinandersetzungen, die er in seinen unterschiedlichen Funktionen als Ordinarius, Institutsdirektor, Dekan und Rektor mit seinen Kollegen, den wissenschaftlichen Mitarbeitern und die Studierenden f\u00fchren musste, sp\u00e4ter m\u00f6glichst frei von den eigenen Einstellungen analysieren zu k\u00f6nnen, legte Walter R\u00fcegg seit den Anf\u00e4ngen seiner Frankfurter Zeit eine umfassende Dokumentation an, die alle Ebenen der Hochschulreform und -konflikte einbezog.<\/p>\n\n\n\n<p>Das Projekt, geleitet von Walter R\u00fcegg, Detlef K. M\u00fcller und Carola Groppe, wurde von November 2007 bis Juli 2008 von der Fritz Thyssen Stiftung gef\u00f6rdert (Projektmitarbeiterinnen: <abbr title=\"Doktor\">Dr.<\/abbr> Morvarid G\u00f6tz-Dehnavi, <abbr title=\"Doktor\">Dr.<\/abbr> Andrea Wienhaus). In dieser Zeit wurden Dokumente, die Walter R\u00fcegg in seiner Zeit als Ordinarius, Dekan und Rektor der Johann Wolfgang Goethe-Universit\u00e4t Frankfurt a.M. (1961-1973) gesammelt hatte \u2013 insgesamt rund 150 Aktenordner und -k\u00e4sten \u2013 archivarischen Ordnungsregeln entsprechend aufgearbeitet.<\/p>\n\n\n\n<p>Dieses Material steht nun f\u00fcr zuk\u00fcnftige Projekte zur Universit\u00e4tsgeschichte der 1960er und 1970er Jahre und insbesondere zu \u201a1968\u2018 zur Verf\u00fcgung. Es umfasst Akten aus Rektorat und Senat der Universit\u00e4t Frankfurt, der Fakult\u00e4t f\u00fcr Wirtschafts- und Sozialwissenschaften <abbr title=\"beziehungsweise\">bzw.<\/abbr> sp\u00e4ter des Fachbereichs Gesellschaftswissenschaften, der Westdeutschen Rektorenkonferenz, des Bundes Freiheit der Wissenschaft, aber auch pers\u00f6nliche Unterlagen von Walter R\u00fcegg, Dokumente au\u00dferuniversit\u00e4rer Institutionen und Zeitungsartikel zu Hochschul- und Bildungsfragen, zu Studienreformen und Universit\u00e4tsgesetzen und nicht zuletzt zu den Studentenunruhen.<\/p>\n\n\n\n<p>Die Quellen dokumentieren die Ver\u00e4nderungen und Umbr\u00fcche an der Universit\u00e4t Frankfurt, in Hessen sowie der gesamten Bundesrepublik ausgehend von den fr\u00fchen 1960er Jahren bis Ende der 1970er Jahre.<\/p>\n\n\n\n<p>Herzst\u00fcck der Sammlung ist der Bestand zu den Studentenunruhen in Frankfurt in der zweiten H\u00e4lfte der 1960er und in den fr\u00fchen 1970er Jahren.<\/p>\n\n\n\n<p><a rel=\"noreferrer noopener\" href=\"https:\/\/web.hsu-hh.de\/fak\/geiso\/fach\/pae-his\/forschung\/walter-ruegg\/findbuch-walter-ruegg?lang=de\" target=\"_blank\">Genaueren Aufschluss \u00fcber den Bestand bietet das zugeh\u00f6rige Findbuch.<\/a><\/p>\n","protected":false},"excerpt":{"rendered":"<p>Im deutschen Kaiserreich&nbsp; Eine Bildungsgeschichte des B\u00fcrgertums von 1871 bis 1918.\u00a0\u00a0Projekt im November 2018 abgeschlossen. Laufzeit: 2013-2018. Am Beispiel einer weitverzweigten Unternehmerfamilie geht das Buch der Bildungsgeschichte des B\u00fcrgertums im [&hellip;]<\/p>\n","protected":false},"author":693,"featured_media":0,"parent":0,"menu_order":0,"comment_status":"closed","ping_status":"closed","template":"","meta":{"footnotes":""},"categories":[4],"tags":[],"class_list":["post-463","page","type-page","status-publish","hentry","category-forschung"],"_links":{"self":[{"href":"https:\/\/www.hsu-hh.de\/paehis\/wp-json\/wp\/v2\/pages\/463","targetHints":{"allow":["GET"]}}],"collection":[{"href":"https:\/\/www.hsu-hh.de\/paehis\/wp-json\/wp\/v2\/pages"}],"about":[{"href":"https:\/\/www.hsu-hh.de\/paehis\/wp-json\/wp\/v2\/types\/page"}],"author":[{"embeddable":true,"href":"https:\/\/www.hsu-hh.de\/paehis\/wp-json\/wp\/v2\/users\/693"}],"replies":[{"embeddable":true,"href":"https:\/\/www.hsu-hh.de\/paehis\/wp-json\/wp\/v2\/comments?post=463"}],"version-history":[{"count":7,"href":"https:\/\/www.hsu-hh.de\/paehis\/wp-json\/wp\/v2\/pages\/463\/revisions"}],"predecessor-version":[{"id":1180,"href":"https:\/\/www.hsu-hh.de\/paehis\/wp-json\/wp\/v2\/pages\/463\/revisions\/1180"}],"wp:attachment":[{"href":"https:\/\/www.hsu-hh.de\/paehis\/wp-json\/wp\/v2\/media?parent=463"}],"wp:term":[{"taxonomy":"category","embeddable":true,"href":"https:\/\/www.hsu-hh.de\/paehis\/wp-json\/wp\/v2\/categories?post=463"},{"taxonomy":"post_tag","embeddable":true,"href":"https:\/\/www.hsu-hh.de\/paehis\/wp-json\/wp\/v2\/tags?post=463"}],"curies":[{"name":"wp","href":"https:\/\/api.w.org\/{rel}","templated":true}]}}