{"id":327,"date":"2021-08-13T14:32:27","date_gmt":"2021-08-13T12:32:27","guid":{"rendered":"https:\/\/www.hsu-hh.de\/paehis\/?page_id=327"},"modified":"2021-10-05T18:30:03","modified_gmt":"2021-10-05T16:30:03","slug":"akademische-selbstverwaltung","status":"publish","type":"page","link":"https:\/\/www.hsu-hh.de\/paehis\/akademische-selbstverwaltung\/","title":{"rendered":"Akademische Selbstverwaltung"},"content":{"rendered":"\n<p><strong>Mai 2005 &#8211; M\u00e4rz 2006<\/strong><\/p>\n\n\n\n<p>Mitglied der Fachbereichskommission zur Entwicklung des&nbsp;&nbsp; B.A.\/M.A.-Studiengangs Erziehungswissenschaft an der Universit\u00e4t Dortmund, Begehung und Begutachtung durch die Akkreditierungskommission M\u00e4rz 2006<\/p>\n\n\n\n<p><strong>Sommersemester 2006 &#8211; September 200<\/strong>6<\/p>\n\n\n\n<p>Mitglied des Fachbereichsrats des Fachbereichs Erziehungswissenschaft und Soziologie der Universit\u00e4t Dortmund, der Pr\u00fcfungskommission f\u00fcr den Diplomstudiengang Erziehungswissenschaft, der Pr\u00fcfungskommission f\u00fcr B.A.\/M.A.-Lehramt und der Kommission zur F\u00f6rderung des wissenschaftlichen Nachwuchses<\/p>\n\n\n\n<p><strong>Oktober 2006 &#8211; Mai 2007<\/strong><\/p>\n\n\n\n<p>Mitglied der Fakult\u00e4tskommission zur Entwicklung des B.A.\/M.A.-Studiengangs Bildungs- und Erziehungswissenschaft an der Helmut-Schmidt-Universit\u00e4t, UniBW Hamburg<\/p>\n\n\n\n<p><strong>Januar 2007 &#8211; Dezember 2008<\/strong><\/p>\n\n\n\n<p>Mitglied des Fakult\u00e4tsrats der Fakult\u00e4t f\u00fcr Geistes- und Sozialwissenschaften der Helmut-Schmidt-Universit\u00e4t, UniBW Hamburg<\/p>\n\n\n\n<p>stellvertretendes Mitglied des Akademischen Senats der Helmut-Schmidt-Universit\u00e4t<\/p>\n\n\n\n<p><strong>seit M\u00e4rz 2008<\/strong><\/p>\n\n\n\n<p>Auslandsbeauftragte der Fakult\u00e4t f\u00fcr Geistes- und Sozialwissenschaften an der Helmut-Schmidt-Universit\u00e4t<\/p>\n\n\n\n<p><strong>Januar 2009 &#8211; Dezember 2010<\/strong><\/p>\n\n\n\n<p>Mitglied des akademischen Senats der Helmut-Schmidt-Universit\u00e4t, UniBw Hamburg<\/p>\n\n\n\n<p>stellvertretendes Mitglied des Fakult\u00e4tsrats der Fakult\u00e4t f\u00fcr Geistes- und Sozialwissenschaften der Helmut-Schmidt-Universit\u00e4t<\/p>\n\n\n\n<p><strong>Januar 2011 &#8211; Dezember 2012<\/strong><\/p>\n\n\n\n<p>Mitglied des akademischen Senats der Helmut-Schmidt-Universit\u00e4t, UniBw Hamburg<\/p>\n\n\n\n<p><strong>Januar 2013 &#8211; Dezember 2014<\/strong><\/p>\n\n\n\n<p>stellvertretendes Mitglied im akademischen Senats der Helmut-Schmidt-Universit\u00e4t, UniBw Hamburg<\/p>\n\n\n\n<p><strong>Januar 2015 &#8211; Dezember 2016<\/strong><\/p>\n\n\n\n<p>Mitglied des akademischen Senats der Helmut-Schmidt-Universit\u00e4t, UniBw Hamburg<\/p>\n\n\n\n<p><strong>Januar 2017<\/strong> <strong>&#8211; Dezember 2018<\/strong><\/p>\n\n\n\n<p>stellvertretendes Mitglied des akademischen Senats der Helmut-Schmidt-Universit\u00e4t, UniBw Hamburg<\/p>\n\n\n\n<p><\/p>\n\n\n\n<p><strong>Seit Januar 2021<\/strong><\/p>\n\n\n\n<p>Dekanin der Fakult\u00e4t f\u00fcr Geistes- und Sozialwissenschaften<\/p>\n","protected":false},"excerpt":{"rendered":"<p>Mai 2005 &#8211; M\u00e4rz 2006 Mitglied der Fachbereichskommission zur Entwicklung des&nbsp;&nbsp; B.A.\/M.A.-Studiengangs Erziehungswissenschaft an der Universit\u00e4t Dortmund, Begehung und Begutachtung durch die Akkreditierungskommission M\u00e4rz 2006 Sommersemester 2006 &#8211; September 2006 [&hellip;]<\/p>\n","protected":false},"author":693,"featured_media":0,"parent":0,"menu_order":0,"comment_status":"closed","ping_status":"closed","template":"","meta":{"footnotes":""},"categories":[4],"tags":[],"class_list":["post-327","page","type-page","status-publish","hentry","category-forschung"],"_links":{"self":[{"href":"https:\/\/www.hsu-hh.de\/paehis\/wp-json\/wp\/v2\/pages\/327","targetHints":{"allow":["GET"]}}],"collection":[{"href":"https:\/\/www.hsu-hh.de\/paehis\/wp-json\/wp\/v2\/pages"}],"about":[{"href":"https:\/\/www.hsu-hh.de\/paehis\/wp-json\/wp\/v2\/types\/page"}],"author":[{"embeddable":true,"href":"https:\/\/www.hsu-hh.de\/paehis\/wp-json\/wp\/v2\/users\/693"}],"replies":[{"embeddable":true,"href":"https:\/\/www.hsu-hh.de\/paehis\/wp-json\/wp\/v2\/comments?post=327"}],"version-history":[{"count":5,"href":"https:\/\/www.hsu-hh.de\/paehis\/wp-json\/wp\/v2\/pages\/327\/revisions"}],"predecessor-version":[{"id":580,"href":"https:\/\/www.hsu-hh.de\/paehis\/wp-json\/wp\/v2\/pages\/327\/revisions\/580"}],"wp:attachment":[{"href":"https:\/\/www.hsu-hh.de\/paehis\/wp-json\/wp\/v2\/media?parent=327"}],"wp:term":[{"taxonomy":"category","embeddable":true,"href":"https:\/\/www.hsu-hh.de\/paehis\/wp-json\/wp\/v2\/categories?post=327"},{"taxonomy":"post_tag","embeddable":true,"href":"https:\/\/www.hsu-hh.de\/paehis\/wp-json\/wp\/v2\/tags?post=327"}],"curies":[{"name":"wp","href":"https:\/\/api.w.org\/{rel}","templated":true}]}}