{"id":260,"date":"2021-03-23T13:17:13","date_gmt":"2021-03-23T12:17:13","guid":{"rendered":"https:\/\/www.hsu-hh.de\/paehis\/?page_id=260"},"modified":"2021-08-15T15:09:02","modified_gmt":"2021-08-15T13:09:02","slug":"dr-andrea-wienhaus","status":"publish","type":"page","link":"https:\/\/www.hsu-hh.de\/paehis\/dr-andrea-wienhaus\/","title":{"rendered":"Dr. Andrea Wienhaus"},"content":{"rendered":"<script type=\"application\/ld+json\">[{\"@context\": \"https:\/\/www.schema.org\",\"@type\": \"Person\",\"name\": \"   \",\"worksFor\": [{\t\"@type\": \"Organization\",\t\"name\": \"\",\t\"url\": \"https:\/\/www.hsu-hh.de\"}],\"image\": \"https:\/\/www.hsu-hh.de\/wp-content\/themes\/hsu\/img\/dummy\/dummy_ansprechpartner.png\",\"telephone\": \"\",\"faxNumber\": \"\",\"email\": \"wienhaus@hsu-hh.de\"}]<\/script><div class=\"clearfix\"><\/div><div class=\"ansprechparter-container \" style=\"margin-top:1em; \"><div class=\"row ansprechpartner-item ansprechparter-header\" ><div class=\"col-xs-8 col-lg-12\" style=\"margin-bottom: 30px;\"><h3 class=\"ansprechparter-headline\">   <\/h3><\/div><\/div><div class=\"col-md-4 col-lg-3 col-xs-4 ansprechpartner-item floatright img-circle center-block\" style=\"margin-bottom: 30px;\"><div class=\"img-responsive-wrapper\"><img decoding=\"async\" src=\"\/wp-content\/themes\/hsu\/img\/dummy\/dummy_ansprechpartner.png\" alt=\"Mitarbeiter Symbol-Icon\" class=\"img-circle img-responsive center-block\" \/><\/div><\/div><div class=\"col-md-12 col-lg-3 col-xs-12 ansprechpartner-item kontakt floatright\" style=\"margin-bottom: 30px; \"><div class=\"row\"><div class=\"col-xs-12 col-sm-6 col-lg-12\"><div class=\"row\"><div class=\"col-xs-4 col-lg-4 row-text bold\">E-Mail:<\/div><div class=\"row-text\" style=\"overflow:hidden; word-break: break-word\"><a href=\"mailto:wienhaus@hsu-hh.de\" rel=\"nofollow\">wienhaus@hsu-hh.de<\/a><\/div><\/div><\/div><\/div><\/div><div class=\"col-md-6 col-lg-3 col-xs-12 ansprechpartner-item anschrift floatright\" ><div class=\"row-headline\">Besucheranschrift<\/div><div class=\"dataBesucheranschrift\" style=\"\"><div class=\"row-text\">Helmut-Schmidt-Universit\u00e4t<\/div><div class=\"row-text\">Holstenhofweg 85<\/div><div class=\"row-text\">22043 Hamburg<\/div><\/div><\/div><div class=\"col-md-6 col-lg-3 col-xs-12 ansprechpartner-item anschrift floatright\"><div class=\"row-headline\">Postanschrift<\/div><div class=\"dataPostanschrift\" style=\"\"><div class=\"row-text\">Helmut-Schmidt-Universit\u00e4t<\/div><div class=\"row-text\">Postfach 70 08 22<\/div><div class=\"row-text\">22008 Hamburg<\/div><\/div><\/div><\/div><div class=\"clearfix\"><\/div>\n\n\n<h4 class=\"wp-block-heading\">Kurzvita<\/h4>\n\n\n\n<p>1996 Abitur; 1996-2001 Studium der F\u00e4cher Anglistik, Germanistik und Sprachlehrforschung sowie Neugriechisch und Byzantinistik an der Ruhr-Universit\u00e4t Bochum; Abschluss: B.A; 2001-2005 Studium im Masterprogramm \u201eEuropean Culture &amp; Economy\u201c der Ruhr-Universit\u00e4t Bochum. Master-Abschluss im M\u00e4rz 2005. Verschiedene freiberufliche T\u00e4tigkeiten.<br><\/p>\n\n\n\n<p>10.2006-6.2021 an der Professur f\u00fcr Erziehungswissenschaft, insbesondere Historische Bildungsforschung der Helmut-Schmidt-Universit\u00e4t (Prof. Dr. Carola Groppe).<br><\/p>\n\n\n\n<p>2013 Promotion (Dr. phil.) an der Fakult\u00e4t f\u00fcr Geistes- und Sozialwissenschaften der HSU.<\/p>\n\n\n\n<p><br>05.2016-11.2017&nbsp;Zivile&nbsp;Gleichstellungsbeauftragte&nbsp;der&nbsp;HSU.<\/p>\n\n\n\n<p><\/p>\n\n\n\n<h4 class=\"wp-block-heading\">Publikationen<\/h4>\n\n\n\n<p><em>Bildungswege zu &#8218;1968&#8216;. Eine Kollektivbiografie des Sozialistischen Deutschen Studentenbundes<\/em>, Bielefeld: Transcript 2014.<\/p>\n\n\n\n<p>&#8222;<em>40 Jahre &#8218;1968&#8216; &#8211; R\u00fcckblicke, Einblicke, Ausblicke<\/em>&#8220; (zusammen mit Morvarid Dehnavi), in: Jahrbuch f\u00fcr Historische Bildungsforschung, Bd. 15, hgg. von der Sektion Historische Bildungsforschung der Deutschen Gesellschaft f\u00fcr Erziehungswissenschaft, Bad Heilbrunn 2009, S. 307-333.<\/p>\n\n\n\n<p>&#8222;<em>Studierende und Politik &#8218;1968&#8216;. Technokratische Hochschulreform und gesellschaftliche Avantgarde<\/em>&#8222;, in: Dehnavi, Morvarid\/Lauff, Johanna\/Sieh, Isabelle\/Wienhaus, Andrea: Politische Identit\u00e4tsbildung und politische Partizipation von Studierenden &#8218;1968&#8216; und 2008, Hamburg 2011 (=Hamburger Beitr\u00e4ge zur Erziehungswissenschaft, Bd. 12), S. 11-27.<\/p>\n\n\n\n<p>Rezension von: Paulus, Stefan:&nbsp;<em>Vorbild USA? Amerikanisierung von Universit\u00e4t und Wissenschaft in Westdeutschland 1945-1976<\/em>&nbsp;(Studien zur Zeitgeschichte; Bd. 81). M\u00fcnchen: Oldenbourg 2010. In: EWR 10 (2011), Nr. 3 (Ver\u00f6ffentlicht am 22.06.2011) <a href=\"https:\/\/www.klinkhardt.de\/ewr\/978348659642.html\" data-type=\"URL\" data-id=\"https:\/\/www.klinkhardt.de\/ewr\/978348659642.html\" rel='nofollow'>https:\/\/www.klinkhardt.de\/ewr\/978348659642.html<\/a><\/p>\n\n\n\n<p><em>Ged\u00e4chtnispolitik in den Geisteswissenschaften. Wissenspfade und Wissenskonflikte am Beispiel der Geschichtswissenschaft, Erziehungswissenschaft und Germanistik in den 1960er und 1970er Jahren<\/em>, in: Amos, Karin\/Rieger-Ladich, Markus\/Rohstock, Anne (Hrsg.) (2019): Erinnern, Umschreiben, Vergessen. Die Stiftung des disziplin\u00e4ren Ged\u00e4chtnisses als soziale Praxis. Weilerswist, Velbr\u00fcck. (zusammen mit Morvarid Dehnavi, Julia Kurig &amp; Carola Groppe), S. 210-234 .<\/p>\n","protected":false},"excerpt":{"rendered":"<p>Kurzvita 1996 Abitur; 1996-2001 Studium der F\u00e4cher Anglistik, Germanistik und Sprachlehrforschung sowie Neugriechisch und Byzantinistik an der Ruhr-Universit\u00e4t Bochum; Abschluss: B.A; 2001-2005 Studium im Masterprogramm \u201eEuropean Culture &amp; Economy\u201c der [&hellip;]<\/p>\n","protected":false},"author":693,"featured_media":0,"parent":0,"menu_order":0,"comment_status":"closed","ping_status":"closed","template":"","meta":{"footnotes":""},"categories":[4],"tags":[],"class_list":["post-260","page","type-page","status-publish","hentry","category-forschung"],"_links":{"self":[{"href":"https:\/\/www.hsu-hh.de\/paehis\/wp-json\/wp\/v2\/pages\/260","targetHints":{"allow":["GET"]}}],"collection":[{"href":"https:\/\/www.hsu-hh.de\/paehis\/wp-json\/wp\/v2\/pages"}],"about":[{"href":"https:\/\/www.hsu-hh.de\/paehis\/wp-json\/wp\/v2\/types\/page"}],"author":[{"embeddable":true,"href":"https:\/\/www.hsu-hh.de\/paehis\/wp-json\/wp\/v2\/users\/693"}],"replies":[{"embeddable":true,"href":"https:\/\/www.hsu-hh.de\/paehis\/wp-json\/wp\/v2\/comments?post=260"}],"version-history":[{"count":13,"href":"https:\/\/www.hsu-hh.de\/paehis\/wp-json\/wp\/v2\/pages\/260\/revisions"}],"predecessor-version":[{"id":793,"href":"https:\/\/www.hsu-hh.de\/paehis\/wp-json\/wp\/v2\/pages\/260\/revisions\/793"}],"wp:attachment":[{"href":"https:\/\/www.hsu-hh.de\/paehis\/wp-json\/wp\/v2\/media?parent=260"}],"wp:term":[{"taxonomy":"category","embeddable":true,"href":"https:\/\/www.hsu-hh.de\/paehis\/wp-json\/wp\/v2\/categories?post=260"},{"taxonomy":"post_tag","embeddable":true,"href":"https:\/\/www.hsu-hh.de\/paehis\/wp-json\/wp\/v2\/tags?post=260"}],"curies":[{"name":"wp","href":"https:\/\/api.w.org\/{rel}","templated":true}]}}