{"id":258,"date":"2021-03-23T13:17:01","date_gmt":"2021-03-23T12:17:01","guid":{"rendered":"https:\/\/www.hsu-hh.de\/paehis\/?page_id=258"},"modified":"2021-08-13T14:51:19","modified_gmt":"2021-08-13T12:51:19","slug":"johanna-lauff-m-a","status":"publish","type":"page","link":"https:\/\/www.hsu-hh.de\/paehis\/johanna-lauff-m-a\/","title":{"rendered":"Johanna Lauff M.A."},"content":{"rendered":"\n\n<script type=\"application\/ld+json\">[{\"@context\": \"https:\/\/www.schema.org\",\"@type\": \"Person\",\"name\": \"  \",\"worksFor\": [{\t\"@type\": \"Organization\",\t\"name\": \"Helmut-Schmidt-Universit\u00e4t \/ Universit\u00e4t der Bundeswehr Hamburg\",\t\"url\": \"https:\/\/www.hsu-hh.de\"}],\"image\": \"https:\/\/www.hsu-hh.de\/wp-content\/themes\/hsu\/img\/dummy\/dummy_ansprechpartner.png\",\"telephone\": \"\",\"faxNumber\": \"\",\"email\": \"lauff@hsu-hh.de\"}]<\/script><div class=\"clearfix\"><\/div><div class=\"ansprechparter-container \" style=\"margin-top:1em; \"><div class=\"row ansprechpartner-item ansprechparter-header\" ><div class=\"col-xs-8 col-lg-12\" style=\"margin-bottom: 30px;\"><h3 class=\"ansprechparter-headline\">  <\/h3><\/div><\/div><div class=\"col-md-4 col-lg-3 col-xs-4 ansprechpartner-item floatright img-circle center-block\" style=\"margin-bottom: 30px;\"><div class=\"img-responsive-wrapper\"><img decoding=\"async\" src=\"\/wp-content\/themes\/hsu\/img\/dummy\/dummy_ansprechpartner.png\" alt=\"Mitarbeiter Symbol-Icon\" class=\"img-circle img-responsive center-block\" \/><\/div><\/div><div class=\"col-md-12 col-lg-3 col-xs-12 ansprechpartner-item kontakt floatright\" style=\"margin-bottom: 30px; \"><div class=\"row\"><div class=\"col-xs-12 col-sm-6 col-lg-12\"><div class=\"row\"><div class=\"col-xs-4 col-lg-4 row-text bold\">E-Mail:<\/div><div class=\"row-text\" style=\"overflow:hidden; word-break: break-word\"><a href=\"mailto:lauff@hsu-hh.de\" rel=\"nofollow\">lauff@hsu-hh.de<\/a><\/div><\/div><\/div><\/div><\/div><div class=\"col-md-6 col-lg-3 col-xs-12 ansprechpartner-item anschrift floatright\"><div class=\"row-headline\">Postanschrift<\/div><div class=\"dataPostanschrift\" style=\"\"><div class=\"row-text\">Helmut-Schmidt-Universit\u00e4t, UniBw Hamburg<\/div><div class=\"row-text\">Fakult\u00e4t f\u00fcr Geistes- und Sozialwissenschaften<\/div><div class=\"row-text\">Postfach 700822<\/div><div class=\"row-text\">22043 Hamburg<\/div><\/div><\/div><\/div><div class=\"clearfix\"><\/div>\n\n\n<h3 class=\"wp-block-heading\">Kurzvita<\/h3>\n\n\n\n<p>Geboren 1980 in Kiel.<\/p>\n\n\n\n<p>2000 Abitur; 2000-2006 Studium der F\u00e4cher Erziehungswissenschaft, Psychologie und Medizin an der Universit\u00e4t Hamburg, Abschl\u00fcsse: Magister Artium (Uni Hamburg) sowie M.A. der Universit\u00e9 Rouen (F).<\/p>\n\n\n\n<p>2005 Ausbildung am Institut f\u00fcr Neuro-Physiologische Entwicklungsf\u00f6rderung, Laboe.<\/p>\n\n\n\n<p>Seit 2006 freiberufliche T\u00e4tigkeit in der neuro-physiologischen Entwicklungsf\u00f6rderung sowie Lehrbeauftragte am Insitut f\u00fcr Neuro-Physiologische Entwicklungsf\u00f6rderung, Laboe.<\/p>\n\n\n\n<p>Von November 2007 bis April 2021 an der Professur f\u00fcr Erziehungswissenschaft, insbesondere Historische Bildungsforschung der Helmut-Schmidt-Universit\u00e4t besch\u00e4ftigt.<\/p>\n","protected":false},"excerpt":{"rendered":"<p>Kurzvita Geboren 1980 in Kiel. 2000 Abitur; 2000-2006 Studium der F\u00e4cher Erziehungswissenschaft, Psychologie und Medizin an der Universit\u00e4t Hamburg, Abschl\u00fcsse: Magister Artium (Uni Hamburg) sowie M.A. der Universit\u00e9 Rouen (F). [&hellip;]<\/p>\n","protected":false},"author":693,"featured_media":0,"parent":0,"menu_order":0,"comment_status":"closed","ping_status":"closed","template":"","meta":{"footnotes":""},"categories":[4],"tags":[],"class_list":["post-258","page","type-page","status-publish","hentry","category-forschung"],"_links":{"self":[{"href":"https:\/\/www.hsu-hh.de\/paehis\/wp-json\/wp\/v2\/pages\/258","targetHints":{"allow":["GET"]}}],"collection":[{"href":"https:\/\/www.hsu-hh.de\/paehis\/wp-json\/wp\/v2\/pages"}],"about":[{"href":"https:\/\/www.hsu-hh.de\/paehis\/wp-json\/wp\/v2\/types\/page"}],"author":[{"embeddable":true,"href":"https:\/\/www.hsu-hh.de\/paehis\/wp-json\/wp\/v2\/users\/693"}],"replies":[{"embeddable":true,"href":"https:\/\/www.hsu-hh.de\/paehis\/wp-json\/wp\/v2\/comments?post=258"}],"version-history":[{"count":12,"href":"https:\/\/www.hsu-hh.de\/paehis\/wp-json\/wp\/v2\/pages\/258\/revisions"}],"predecessor-version":[{"id":510,"href":"https:\/\/www.hsu-hh.de\/paehis\/wp-json\/wp\/v2\/pages\/258\/revisions\/510"}],"wp:attachment":[{"href":"https:\/\/www.hsu-hh.de\/paehis\/wp-json\/wp\/v2\/media?parent=258"}],"wp:term":[{"taxonomy":"category","embeddable":true,"href":"https:\/\/www.hsu-hh.de\/paehis\/wp-json\/wp\/v2\/categories?post=258"},{"taxonomy":"post_tag","embeddable":true,"href":"https:\/\/www.hsu-hh.de\/paehis\/wp-json\/wp\/v2\/tags?post=258"}],"curies":[{"name":"wp","href":"https:\/\/api.w.org\/{rel}","templated":true}]}}