{"id":242,"date":"2021-02-23T14:34:12","date_gmt":"2021-02-23T13:34:12","guid":{"rendered":"https:\/\/www.hsu-hh.de\/paehis\/?page_id=242"},"modified":"2021-08-14T16:50:24","modified_gmt":"2021-08-14T14:50:24","slug":"hamburger-arbeiten-zur-allgemeinen-erziehungswissenschaft","status":"publish","type":"page","link":"https:\/\/www.hsu-hh.de\/paehis\/hamburger-arbeiten-zur-allgemeinen-erziehungswissenschaft\/","title":{"rendered":"Hamburger Arbeiten zur AEW"},"content":{"rendered":"\n<h2 class=\"wp-block-heading\">Hamburger Arbeiten zur Allgemeinen Erziehungswissenschaft<\/h2>\n\n\n\n<p>Die vorliegende Reihe&nbsp;<em>Hamburger Arbeiten zur Allgemeinen Erziehungswissenschaft<\/em>&nbsp;dient dazu, exzellente Bachelor-, Master- und Diplomarbeiten vorzustellen. Die Herausgeber\/innen m\u00f6chten hiermit nicht nur jene \u2013 mit der Bestnote bewerteten \u2013 Schriften pr\u00e4sentieren, die als Beispiel und Vorbild f\u00fcr zuk\u00fcnftige Qualifikationsarbeiten dienen k\u00f6nnen. Sie sind auch der \u00dcberzeugung, dass eine jede dieser&nbsp;<em>Hamburger Arbeiten zur Allgemeinen Erziehungs\u00adwissenschaft<\/em>&nbsp;einen eigenen, gro\u00dfen oder kleinen, Beitrag zur wissenschaftlichen Diskussion lei\u00adst\u00adet.<\/p>\n\n\n\n<h4 class=\"wp-block-heading\">Herausgeber\/innen<\/h4>\n\n\n\n<p>Prof. Dr. Esther Berner, Prof. Dr. Mechtild Gomolla, Prof. Dr. Carola Groppe, Prof. Dr. Thomas H\u00f6hne, Prof. Dr. Arnd-Michael Nohl, Prof. Dr. Olaf Sanders<\/p>\n\n\n\n<h4 class=\"wp-block-heading\">Abschlussarbeiten<\/h4>\n\n\n\n<p>Flechtner, Eric (2020): Die doppelte Belagerung der demokratischen Gesellschaft<\/p>\n\n\n\n<p><a rel=\"noreferrer noopener\" href=\"https:\/\/openhsu.ub.hsu-hh.de\/handle\/10.24405\/10692\" target=\"_blank\">Schillkowski, Jan Patrick (2020): Der Bedeutungswandel der Inneren F\u00fchrung durch den ISAF-Einsatz der Bundeswehr<\/a><\/p>\n\n\n\n<p><a href=\"https:\/\/openhsu.ub.hsu-hh.de\/handle\/10.24405\/9789\" target=\"_blank\" rel=\"noreferrer noopener\">Bigge, Thomas (2019): Die \u201eNeue Rechte\u201c als Herausforderung f\u00fcr politische Bildungsarbeit in Deutschland<\/a><\/p>\n\n\n\n<p><a href=\"https:\/\/openhsu.ub.hsu-hh.de\/handle\/10.24405\/9642\" target=\"_blank\" rel=\"noreferrer noopener\">Kietzmann, Maximilian (2019): F\u00fchrungsorientierungen im Kontext berufsbiographischer Erfahrungen<\/a><\/p>\n\n\n\n<p><a href=\"http:\/\/edoc.sub.uni-hamburg.de\/hsu\/volltexte\/2019\/3231\/\" target=\"_blank\" rel=\"noreferrer noopener\">Flechtner, Eric (2019): Politische Bildung als Pr\u00e4ventionsma\u00dfnahme gegen rechte Entwicklungen innerhalb der Gesellschaft<\/a><\/p>\n\n\n\n<p><a href=\"http:\/\/edoc.sub.uni-hamburg.de\/hsu\/frontdoor.php?source_opus=3195\" target=\"_blank\" rel=\"noreferrer noopener\">Schucht, Sabrina (2018): Narrative von Jugend in der deutschen Literatur zum Ersten Weltkrieg<\/a><\/p>\n\n\n\n<p><a href=\"http:\/\/edoc.sub.uni-hamburg.de\/hsu\/frontdoor.php?source_opus=3196\" target=\"_blank\" rel=\"noreferrer noopener\">Stiller, Alexander (2017): Die ideologische Instrumentalisierung des Wettkampfes im Nationalsozialismus zur Erziehung der m\u00e4nnlichen Jugend<\/a><\/p>\n\n\n\n<p><a href=\"https:\/\/openhsu.ub.hsu-hh.de\/handle\/10.24405\/10753\" data-type=\"URL\" data-id=\"https:\/\/openhsu.ub.hsu-hh.de\/handle\/10.24405\/10753\" target=\"_blank\" rel=\"noreferrer noopener\">Melchior, Sabrina (2012):&nbsp;Die &#8222;Neuen Frauen&#8220; in der Weimarer Republik<\/a><\/p>\n\n\n\n<p><a href=\"https:\/\/openhsu.ub.hsu-hh.de\/handle\/10.24405\/10752\" data-type=\"URL\" data-id=\"https:\/\/openhsu.ub.hsu-hh.de\/handle\/10.24405\/10752\" target=\"_blank\" rel=\"noreferrer noopener\">Fuchs, Konrad (2012):&nbsp;Der neue Mittelstand im Deutschen Kaiserreich<\/a><\/p>\n\n\n\n<p><a href=\"https:\/\/openhsu.ub.hsu-hh.de\/handle\/10.24405\/10751\" data-type=\"URL\" data-id=\"https:\/\/openhsu.ub.hsu-hh.de\/handle\/10.24405\/10751\" target=\"_blank\" rel=\"noreferrer noopener\">Melchior, Sabrina (2011):&nbsp;Eltern sein ist nicht schwer, Eltern werden dagegen sehr!<\/a><\/p>\n\n\n\n<p><a href=\"https:\/\/openhsu.ub.hsu-hh.de\/handle\/10.24405\/10750\" data-type=\"URL\" data-id=\"https:\/\/openhsu.ub.hsu-hh.de\/handle\/10.24405\/10750\" target=\"_blank\" rel=\"noreferrer noopener\">Hortig, Laura (2010):&nbsp;Externe Zielvereinbarungen als Steuerungsinstrument im Hochschulbereich<\/a><\/p>\n\n\n\n<p><a href=\"https:\/\/openhsu.ub.hsu-hh.de\/handle\/10.24405\/10749\" data-type=\"URL\" data-id=\"https:\/\/openhsu.ub.hsu-hh.de\/handle\/10.24405\/10749\" target=\"_blank\" rel=\"noreferrer noopener\">Wahrig, Iris (2009):&nbsp;Kindliche Zweisprachigkeit und fr\u00fcher Englischunterricht an deutschen Primarschulen<\/a><\/p>\n\n\n\n<p><a href=\"https:\/\/openhsu.ub.hsu-hh.de\/handle\/10.24405\/10745\" data-type=\"URL\" data-id=\"https:\/\/openhsu.ub.hsu-hh.de\/handle\/10.24405\/10745\" target=\"_blank\" rel=\"noreferrer noopener\">Riede, Jens (2008):&nbsp;Offizier im Kaiserreich &#8211; Verk\u00f6rperung der Gesellschaft?<\/a><\/p>\n\n\n\n<p><a href=\"https:\/\/openhsu.ub.hsu-hh.de\/handle\/10.24405\/10747\" data-type=\"URL\" data-id=\"https:\/\/openhsu.ub.hsu-hh.de\/handle\/10.24405\/10747\" target=\"_blank\" rel=\"noreferrer noopener\">Schmidt, Stefanie (2008):&nbsp;P\u00e4dagogische Konstruktion von Nachrichten<\/a><\/p>\n\n\n\n<p><a href=\"https:\/\/openhsu.ub.hsu-hh.de\/handle\/10.24405\/10746\" data-type=\"URL\" data-id=\"https:\/\/openhsu.ub.hsu-hh.de\/handle\/10.24405\/10746\" target=\"_blank\" rel=\"noreferrer noopener\">Seydewitz, Jan (2008):&nbsp;Kommunikation und Lernen im interkulturellen Kontext<\/a><\/p>\n\n\n\n<p><a href=\"https:\/\/openhsu.ub.hsu-hh.de\/handle\/10.24405\/10744\" data-type=\"URL\" data-id=\"https:\/\/openhsu.ub.hsu-hh.de\/handle\/10.24405\/10744\" target=\"_blank\" rel=\"noreferrer noopener\">B\u00f6ldicke, Michael (2008):&nbsp;Erziehung zur M\u00e4nnlichkeit im deutschen Kaiserreich, 1871-1914<\/a><\/p>\n","protected":false},"excerpt":{"rendered":"<p>Hamburger Arbeiten zur Allgemeinen Erziehungswissenschaft Die vorliegende Reihe&nbsp;Hamburger Arbeiten zur Allgemeinen Erziehungswissenschaft&nbsp;dient dazu, exzellente Bachelor-, Master- und Diplomarbeiten vorzustellen. Die Herausgeber\/innen m\u00f6chten hiermit nicht nur jene \u2013 mit der Bestnote [&hellip;]<\/p>\n","protected":false},"author":693,"featured_media":0,"parent":0,"menu_order":0,"comment_status":"closed","ping_status":"closed","template":"","meta":{"footnotes":""},"categories":[4],"tags":[],"class_list":["post-242","page","type-page","status-publish","hentry","category-forschung"],"_links":{"self":[{"href":"https:\/\/www.hsu-hh.de\/paehis\/wp-json\/wp\/v2\/pages\/242","targetHints":{"allow":["GET"]}}],"collection":[{"href":"https:\/\/www.hsu-hh.de\/paehis\/wp-json\/wp\/v2\/pages"}],"about":[{"href":"https:\/\/www.hsu-hh.de\/paehis\/wp-json\/wp\/v2\/types\/page"}],"author":[{"embeddable":true,"href":"https:\/\/www.hsu-hh.de\/paehis\/wp-json\/wp\/v2\/users\/693"}],"replies":[{"embeddable":true,"href":"https:\/\/www.hsu-hh.de\/paehis\/wp-json\/wp\/v2\/comments?post=242"}],"version-history":[{"count":7,"href":"https:\/\/www.hsu-hh.de\/paehis\/wp-json\/wp\/v2\/pages\/242\/revisions"}],"predecessor-version":[{"id":544,"href":"https:\/\/www.hsu-hh.de\/paehis\/wp-json\/wp\/v2\/pages\/242\/revisions\/544"}],"wp:attachment":[{"href":"https:\/\/www.hsu-hh.de\/paehis\/wp-json\/wp\/v2\/media?parent=242"}],"wp:term":[{"taxonomy":"category","embeddable":true,"href":"https:\/\/www.hsu-hh.de\/paehis\/wp-json\/wp\/v2\/categories?post=242"},{"taxonomy":"post_tag","embeddable":true,"href":"https:\/\/www.hsu-hh.de\/paehis\/wp-json\/wp\/v2\/tags?post=242"}],"curies":[{"name":"wp","href":"https:\/\/api.w.org\/{rel}","templated":true}]}}