{"id":234,"date":"2021-02-23T14:24:42","date_gmt":"2021-02-23T13:24:42","guid":{"rendered":"https:\/\/www.hsu-hh.de\/paehis\/?page_id=234"},"modified":"2024-01-19T11:01:08","modified_gmt":"2024-01-19T10:01:08","slug":"hamburger-lehr-und-forschungsnetzwerk-historische-bildungsforschung-2","status":"publish","type":"page","link":"https:\/\/www.hsu-hh.de\/paehis\/hamburger-lehr-und-forschungsnetzwerk-historische-bildungsforschung-2\/","title":{"rendered":"Hamburger Lehr- und Forschungsnetzwerk Historische Bildungsforschung"},"content":{"rendered":"\n<h2 class=\"wp-block-heading\">Hamburger Lehr- und Forschungsnetzwerk Historische Bildungsforschung<\/h2>\n\n\n\n<p><\/p>\n\n\n\n<p class=\"has-text-align-left\">Das Netzwerk Hamburger Bildungshistorikerinnen kooperiert in Lehre und Forschung zu Themen der Erziehung und Bildung sowie der Wissenschaftsgeschichte der P\u00e4dagogik.<br><br>Im Mittelpunkt der Kooperation in der <strong>Forschung<\/strong>\u00a0stehen fachspezifische Aspekte der Nationsbildung und Modernisierung, der Internationalisierung sowie transnationaler Wirtschafts-, Wissenschafts- und Bildungsbeziehungen um 1900.<br><br>In der <strong>Lehre<\/strong> findet ein Verbund von thematisch und organisatorisch abgestimmten Veranstaltungen f\u00fcr Masterstudierende im Hauptfach Erziehungswissenschaft statt.<br><br>Das Kolloquium des Netzwerks dient der <strong>Nachwuchsf\u00f6rderung<\/strong>\u00a0von Post-\/DoktorandInnen und Graduierten. Es bietet einen Rahmen f\u00fcr die gemeinsame Er\u00f6rterung jeweiliger Qualifikationsvorhaben sowie f\u00fcr Gastvortr\u00e4ge und\u00a0erg\u00e4nzt <abbr title=\"gegebenenfalls\">ggf.<\/abbr> regul\u00e4re Studienmodule.<br><br>In der Regel gibt es pro Trimester <abbr title=\"beziehungsweise\">bzw.<\/abbr> Semester ein bis zwei Termine. Daneben gibt es gemeinsame Veranstaltungen des Netzwerks im Rahmen von <strong>Konferenzen<\/strong> oder Ringvorlesungen.<\/p>\n\n\n\n<p><\/p>\n\n\n\n<p>Einblicke in das Forschungsnetzwerk haben <abbr title=\"Professor\">Prof.<\/abbr> <abbr title=\"Doktor\">Dr.<\/abbr> Carola Groppe und <abbr title=\"Professor\">Prof.<\/abbr> <abbr title=\"Doktor\">Dr.<\/abbr> Esther Berner in einem <a href=\"https:\/\/www.hsu-hh.de\/neues-lehr-und-forschungsnetzwerk-zur-historischen-bildungsforschung\" data-type=\"link\" data-id=\"https:\/\/www.hsu-hh.de\/neues-lehr-und-forschungsnetzwerk-zur-historischen-bildungsforschung\">Interview<\/a> im August 2018 gegeben.<\/p>\n\n\n\n<p><\/p>\n\n\n\n<h4 class=\"wp-block-heading\" id=\"toc_0\">Team<\/h4>\n\n\n\n<ul class=\"wp-block-list\">\n<li><a rel=\"noreferrer noopener\" href=\"https:\/\/www.hsu-hh.de\/paehis\/prof-dr-carola-groppe\/\" target=\"_blank\"><abbr title=\"Professor\">Prof.<\/abbr> <abbr title=\"Doktor\">Dr.<\/abbr> Carola Groppe<\/a><\/li>\n\n\n\n<li><a rel=\"noreferrer noopener\" href=\"https:\/\/www.hsu-hh.de\/idgbe\/prof-dr-esther-berner\/\" target=\"_blank\"><abbr title=\"Professor\">Prof.<\/abbr> <abbr title=\"Doktor\">Dr.<\/abbr> Esther Berner<\/a><\/li>\n\n\n\n<li><a rel=\"noreferrer noopener\" href=\"https:\/\/www.ew.uni-hamburg.de\/ueber-die-fakultaet\/personen\/lohmann.html\" target=\"_blank\"><abbr title=\"Professor\">Prof.<\/abbr> <abbr title=\"Doktor\">Dr.<\/abbr> Ingrid Lohmann<\/a><\/li>\n\n\n\n<li><a rel=\"noreferrer noopener\" href=\"https:\/\/www.ew.uni-hamburg.de\/ueber-die-fakultaet\/personen\/kesper-biermann.html\" target=\"_blank\"><abbr title=\"Professor\">Prof.<\/abbr> <abbr title=\"Doktor\">Dr.<\/abbr> Sylvia Kesper-Biermann<\/a><\/li>\n\n\n\n<li><a href=\"https:\/\/www.ew.uni-hamburg.de\/ueber-die-fakultaet\/personen\/mayer.html\" data-type=\"link\" data-id=\"https:\/\/www.ew.uni-hamburg.de\/ueber-die-fakultaet\/personen\/mayer.html\" rel='nofollow'><abbr title=\"Professor\">Prof.<\/abbr> <abbr title=\"Doktor\">Dr.<\/abbr> Christine Mayer<\/a><\/li>\n<\/ul>\n","protected":false},"excerpt":{"rendered":"<p>Hamburger Lehr- und Forschungsnetzwerk Historische Bildungsforschung Das Netzwerk Hamburger Bildungshistorikerinnen kooperiert in Lehre und Forschung zu Themen der Erziehung und Bildung sowie der Wissenschaftsgeschichte der P\u00e4dagogik. Im Mittelpunkt der Kooperation [&hellip;]<\/p>\n","protected":false},"author":693,"featured_media":0,"parent":0,"menu_order":0,"comment_status":"closed","ping_status":"closed","template":"","meta":{"footnotes":""},"categories":[4],"tags":[],"class_list":["post-234","page","type-page","status-publish","hentry","category-forschung"],"_links":{"self":[{"href":"https:\/\/www.hsu-hh.de\/paehis\/wp-json\/wp\/v2\/pages\/234","targetHints":{"allow":["GET"]}}],"collection":[{"href":"https:\/\/www.hsu-hh.de\/paehis\/wp-json\/wp\/v2\/pages"}],"about":[{"href":"https:\/\/www.hsu-hh.de\/paehis\/wp-json\/wp\/v2\/types\/page"}],"author":[{"embeddable":true,"href":"https:\/\/www.hsu-hh.de\/paehis\/wp-json\/wp\/v2\/users\/693"}],"replies":[{"embeddable":true,"href":"https:\/\/www.hsu-hh.de\/paehis\/wp-json\/wp\/v2\/comments?post=234"}],"version-history":[{"count":13,"href":"https:\/\/www.hsu-hh.de\/paehis\/wp-json\/wp\/v2\/pages\/234\/revisions"}],"predecessor-version":[{"id":1216,"href":"https:\/\/www.hsu-hh.de\/paehis\/wp-json\/wp\/v2\/pages\/234\/revisions\/1216"}],"wp:attachment":[{"href":"https:\/\/www.hsu-hh.de\/paehis\/wp-json\/wp\/v2\/media?parent=234"}],"wp:term":[{"taxonomy":"category","embeddable":true,"href":"https:\/\/www.hsu-hh.de\/paehis\/wp-json\/wp\/v2\/categories?post=234"},{"taxonomy":"post_tag","embeddable":true,"href":"https:\/\/www.hsu-hh.de\/paehis\/wp-json\/wp\/v2\/tags?post=234"}],"curies":[{"name":"wp","href":"https:\/\/api.w.org\/{rel}","templated":true}]}}