{"id":229,"date":"2021-02-23T14:18:36","date_gmt":"2021-02-23T13:18:36","guid":{"rendered":"https:\/\/www.hsu-hh.de\/paehis\/?page_id=229"},"modified":"2021-02-23T14:21:34","modified_gmt":"2021-02-23T13:21:34","slug":"hamburger-lehr-und-forschungsnetzwerk-historische-bildungsforschung","status":"publish","type":"page","link":"https:\/\/www.hsu-hh.de\/paehis\/hamburger-lehr-und-forschungsnetzwerk-historische-bildungsforschung\/","title":{"rendered":""},"content":{"rendered":"\n<h2 class=\"wp-block-heading\">Hamburger Lehr- und Forschungsnetzwerk Historische Bildungsforschung<\/h2>\n\n\n\n<p>&#8222;Ein neues Lehr- und Forschungsnetzwerk &#8211; Vier Bildungshistorikerinnen lehren und forschen im Verbund an Hamburger Universit\u00e4ten (UHH, HSU)<\/p>\n\n\n\n<p>Mit Beginn des Jahres 2018 hat sich in Hamburg ein neues Lehr- und Forschungsnetzwerk Historische Bildungsforschung konstituiert. Gemeinsam lehren und forschen Prof. Dr. Ingrid Lohmann (UHH), Prof. Dr. Sylvia Kesper-Biermann (UHH), Prof. Dr. Esther Berner (HSU) und Prof. Dr. Carola Groppe (HSU) an der internationalen Bildungsgeschichte der Jahrhundertwende 1900.<\/p>\n\n\n\n<p>Den Auftakt macht ein neues kooperatives Lehrformat im Wintersemester 2018\/19 bzw. Herbsttrimester 2018 zum Thema &#8222;Jahrhundertwende 1900. Internationale Perspektiven der Bldungsgeschichte&#8220;. Jede der vier Professorinnen bietet ein Seminar zu diesem Themenbereich an, die Studierenden aller vier Seminare, die studierenden Offizieranw\u00e4rter_innen der HSU und die Studierenden der Universit\u00e4t Hamburg, kommen zu zwei l\u00e4ngeren Blockterminen, einmal an der UHH und einmal an der HSU, zusammen und arbeiten gemeinsam an dem Thema weiter. Neben einer vielf\u00e4ltigen und vertieften Diskussion soll damit auch eine universit\u00e4ts\u00fcbergreifende studentische Kooperation er\u00f6ffnet werden.<\/p>\n\n\n\n<p>Die vier Professorinnen werden auch auf der diesj\u00e4hrigen gro\u00dfen internationalen Tagung der &#8222;International Standing Conference for the History of Education (ISCHE)&#8220; in Berlin mit einem eigenen Vortragspanel mit vier Vortr\u00e4gen vertreten sein: &#8222;Learning Dominion over Nature \u2013 Forms of internal and external &#8218;Landnahme&#8216; in the long 19th century&#8220;.<\/p>\n\n\n\n<p>Des weiteren beginnen sie im Sommer 2018 mit einem gemeinsamen Doktorandenkolloquium aller vier Professuren, als Auftakt einer gemeinsamen bildungshistorischen Nachwuchsf\u00f6rderung in Hamburg.&#8220;<\/p>\n\n\n\n<p>Das&nbsp;Lehr-&nbsp;und&nbsp;Forschungsnetzwerk&nbsp;besitzt&nbsp;eine&nbsp;eigene&nbsp;Website:<\/p>\n\n\n\n<p>Prof. Dr. Ingrid Lohmann von der Universit\u00e4t Hamburg hat am 26. April 2018 ein Interview zum neuen Lehr- und Forschungsnetzwerk gegeben:<\/p>\n\n\n\n<p>m August 2018 haben Prof. Dr. Carola Groppe und Prof. Dr. Esther Berner \u00fcber das Lehr- und Forschungsnetzwerk in einem Interview Auskunft gegeben:<\/p>\n\n\n\n<p><\/p>\n","protected":false},"excerpt":{"rendered":"<p>Hamburger Lehr- und Forschungsnetzwerk Historische Bildungsforschung &#8222;Ein neues Lehr- und Forschungsnetzwerk &#8211; Vier Bildungshistorikerinnen lehren und forschen im Verbund an Hamburger Universit\u00e4ten (UHH, HSU) Mit Beginn des Jahres 2018 hat [&hellip;]<\/p>\n","protected":false},"author":693,"featured_media":0,"parent":0,"menu_order":0,"comment_status":"closed","ping_status":"closed","template":"","meta":{"footnotes":""},"categories":[4],"tags":[],"class_list":["post-229","page","type-page","status-publish","hentry","category-forschung"],"_links":{"self":[{"href":"https:\/\/www.hsu-hh.de\/paehis\/wp-json\/wp\/v2\/pages\/229","targetHints":{"allow":["GET"]}}],"collection":[{"href":"https:\/\/www.hsu-hh.de\/paehis\/wp-json\/wp\/v2\/pages"}],"about":[{"href":"https:\/\/www.hsu-hh.de\/paehis\/wp-json\/wp\/v2\/types\/page"}],"author":[{"embeddable":true,"href":"https:\/\/www.hsu-hh.de\/paehis\/wp-json\/wp\/v2\/users\/693"}],"replies":[{"embeddable":true,"href":"https:\/\/www.hsu-hh.de\/paehis\/wp-json\/wp\/v2\/comments?post=229"}],"version-history":[{"count":3,"href":"https:\/\/www.hsu-hh.de\/paehis\/wp-json\/wp\/v2\/pages\/229\/revisions"}],"predecessor-version":[{"id":233,"href":"https:\/\/www.hsu-hh.de\/paehis\/wp-json\/wp\/v2\/pages\/229\/revisions\/233"}],"wp:attachment":[{"href":"https:\/\/www.hsu-hh.de\/paehis\/wp-json\/wp\/v2\/media?parent=229"}],"wp:term":[{"taxonomy":"category","embeddable":true,"href":"https:\/\/www.hsu-hh.de\/paehis\/wp-json\/wp\/v2\/categories?post=229"},{"taxonomy":"post_tag","embeddable":true,"href":"https:\/\/www.hsu-hh.de\/paehis\/wp-json\/wp\/v2\/tags?post=229"}],"curies":[{"name":"wp","href":"https:\/\/api.w.org\/{rel}","templated":true}]}}