{"id":714,"date":"2024-12-06T12:08:40","date_gmt":"2024-12-06T11:08:40","guid":{"rendered":"https:\/\/www.hsu-hh.de\/padigi\/?page_id=714"},"modified":"2025-04-30T16:30:30","modified_gmt":"2025-04-30T14:30:30","slug":"caroline-schellbach","status":"publish","type":"page","link":"https:\/\/www.hsu-hh.de\/padigi\/caroline-schellbach\/","title":{"rendered":"Caroline Schellbach"},"content":{"rendered":"\n<figure class=\"wp-block-image size-large is-resized\"><img loading=\"lazy\" decoding=\"async\" width=\"768\" height=\"1024\" src=\"https:\/\/www.hsu-hh.de\/padigi\/wp-content\/uploads\/sites\/920\/2024\/12\/Bild-768x1024.jpg\" data-credit=\"Schellbach\" alt=\"\" class=\"wp-image-724\" style=\"width:268px;height:auto\" srcset=\"https:\/\/www.hsu-hh.de\/padigi\/wp-content\/uploads\/sites\/920\/2024\/12\/Bild-768x1023.jpg 768w, https:\/\/www.hsu-hh.de\/padigi\/wp-content\/uploads\/sites\/920\/2024\/12\/Bild-225x300.jpg 225w, https:\/\/www.hsu-hh.de\/padigi\/wp-content\/uploads\/sites\/920\/2024\/12\/Bild-1153x1536.jpg 1153w, https:\/\/www.hsu-hh.de\/padigi\/wp-content\/uploads\/sites\/920\/2024\/12\/Bild-1100x1466.jpg 1100w, https:\/\/www.hsu-hh.de\/padigi\/wp-content\/uploads\/sites\/920\/2024\/12\/Bild.jpg 1200w\" sizes=\"auto, (max-width: 768px) 100vw, 768px\" \/><\/figure>\n\n\n\n<div style=\"height:50px\" aria-hidden=\"true\" class=\"wp-block-spacer\"><\/div>\n\n\n\n<div class=\"wp-block-columns is-layout-flex wp-container-core-columns-is-layout-9d6595d7 wp-block-columns-is-layout-flex\">\n<div class=\"wp-block-column is-layout-flow wp-block-column-is-layout-flow\">\n<p>Helmut-Schmidt-Universit\u00e4t<br>Fakult\u00e4t f\u00fcr Wirtschafts- und Sozialwissenschaften<br>Professur f\u00fcr Verwaltungswissenschaft, <abbr title=\"insbesondere\">insb.<\/abbr> Digital Government<br>Friedrich-Ebert-Damm 245<br>22159 Hamburg<\/p>\n<\/div>\n\n\n\n<div class=\"wp-block-column is-layout-flow wp-block-column-is-layout-flow\">\n<p>E-Mail: <a href=\"mailto:schellbc@hsu.hamburg\" rel='nofollow'>schellbc@hsu.hamburg<\/a><\/p>\n<\/div>\n<\/div>\n","protected":false},"excerpt":{"rendered":"<p>Helmut-Schmidt-Universit\u00e4tFakult\u00e4t f\u00fcr Wirtschafts- und SozialwissenschaftenProfessur f\u00fcr Verwaltungswissenschaft, insb. Digital GovernmentFriedrich-Ebert-Damm 24522159 Hamburg E-Mail: schellbc@hsu.hamburg<\/p>\n","protected":false},"author":3932,"featured_media":0,"parent":0,"menu_order":0,"comment_status":"closed","ping_status":"closed","template":"","meta":{"footnotes":""},"categories":[4],"tags":[],"class_list":["post-714","page","type-page","status-publish","hentry","category-forschung"],"_links":{"self":[{"href":"https:\/\/www.hsu-hh.de\/padigi\/wp-json\/wp\/v2\/pages\/714","targetHints":{"allow":["GET"]}}],"collection":[{"href":"https:\/\/www.hsu-hh.de\/padigi\/wp-json\/wp\/v2\/pages"}],"about":[{"href":"https:\/\/www.hsu-hh.de\/padigi\/wp-json\/wp\/v2\/types\/page"}],"author":[{"embeddable":true,"href":"https:\/\/www.hsu-hh.de\/padigi\/wp-json\/wp\/v2\/users\/3932"}],"replies":[{"embeddable":true,"href":"https:\/\/www.hsu-hh.de\/padigi\/wp-json\/wp\/v2\/comments?post=714"}],"version-history":[{"count":6,"href":"https:\/\/www.hsu-hh.de\/padigi\/wp-json\/wp\/v2\/pages\/714\/revisions"}],"predecessor-version":[{"id":1017,"href":"https:\/\/www.hsu-hh.de\/padigi\/wp-json\/wp\/v2\/pages\/714\/revisions\/1017"}],"wp:attachment":[{"href":"https:\/\/www.hsu-hh.de\/padigi\/wp-json\/wp\/v2\/media?parent=714"}],"wp:term":[{"taxonomy":"category","embeddable":true,"href":"https:\/\/www.hsu-hh.de\/padigi\/wp-json\/wp\/v2\/categories?post=714"},{"taxonomy":"post_tag","embeddable":true,"href":"https:\/\/www.hsu-hh.de\/padigi\/wp-json\/wp\/v2\/tags?post=714"}],"curies":[{"name":"wp","href":"https:\/\/api.w.org\/{rel}","templated":true}]}}