{"id":712,"date":"2024-12-06T12:09:20","date_gmt":"2024-12-06T11:09:20","guid":{"rendered":"https:\/\/www.hsu-hh.de\/padigi\/?page_id=712"},"modified":"2025-07-04T15:23:55","modified_gmt":"2025-07-04T13:23:55","slug":"sina-hoess","status":"publish","type":"page","link":"https:\/\/www.hsu-hh.de\/padigi\/sina-hoess\/","title":{"rendered":"Sina H\u00f6\u00df"},"content":{"rendered":"\n<figure class=\"wp-block-image size-large is-resized alignnone\"><img loading=\"lazy\" decoding=\"async\" width=\"845\" height=\"1024\" src=\"https:\/\/www.hsu-hh.de\/padigi\/wp-content\/uploads\/sites\/920\/2024\/12\/IMG_7112-845x1024.jpg\" data-credit=\"H\u00f6\u00df\" alt=\"\" class=\"wp-image-721\" style=\"width:252px;height:auto\" srcset=\"https:\/\/www.hsu-hh.de\/padigi\/wp-content\/uploads\/sites\/920\/2024\/12\/IMG_7112-845x1024.jpg 845w, https:\/\/www.hsu-hh.de\/padigi\/wp-content\/uploads\/sites\/920\/2024\/12\/IMG_7112-248x300.jpg 248w, https:\/\/www.hsu-hh.de\/padigi\/wp-content\/uploads\/sites\/920\/2024\/12\/IMG_7112-768x930.jpg 768w, https:\/\/www.hsu-hh.de\/padigi\/wp-content\/uploads\/sites\/920\/2024\/12\/IMG_7112-1268x1536.jpg 1268w, https:\/\/www.hsu-hh.de\/padigi\/wp-content\/uploads\/sites\/920\/2024\/12\/IMG_7112-1691x2048.jpg 1691w, https:\/\/www.hsu-hh.de\/padigi\/wp-content\/uploads\/sites\/920\/2024\/12\/IMG_7112-1100x1332.jpg 1100w\" sizes=\"auto, (max-width: 845px) 100vw, 845px\" \/><\/figure>\n\n\n\n<div class=\"wp-block-columns is-layout-flex wp-container-core-columns-is-layout-9d6595d7 wp-block-columns-is-layout-flex\">\n<div class=\"wp-block-column is-layout-flow wp-block-column-is-layout-flow\">\n<p>Helmut-Schmidt-Universit\u00e4t <br>Fakult\u00e4t f\u00fcr Wirtschafts- und Sozialwissenschaften<br>Professur f\u00fcr Verwaltungswissenschaft, <abbr title=\"insbesondere\">insb.<\/abbr> Digital Government<br>Friedrich-Ebert-Damm 245<br>22159 Hamburg<\/p>\n<\/div>\n\n\n\n<div class=\"wp-block-column is-layout-flow wp-block-column-is-layout-flow\">\n<p>E-Mail: <a href=\"mailto:hoesss@hsu.hamburg\" rel='nofollow'>hoesss@hsu.hamburg<\/a><\/p>\n<\/div>\n<\/div>\n\n\n\n<div style=\"height:50px\" aria-hidden=\"true\" class=\"wp-block-spacer\"><\/div>\n\n\n\n<p><strong>Akademischer Werdegang<\/strong><\/p>\n\n\n\n<ul class=\"wp-block-list\">\n<li><strong>Seit 10\/22 <\/strong>Studium BA. Politikwissenschaft an der Universit\u00e4t Kassel mit dem Nebenfach Geschichte<\/li>\n\n\n\n<li><strong>10\/20 \u2013 02\/22<\/strong> Studium Marketing Management an der IU Stuttgart<\/li>\n<\/ul>\n","protected":false},"excerpt":{"rendered":"<p>Helmut-Schmidt-Universit\u00e4t Fakult\u00e4t f\u00fcr Wirtschafts- und SozialwissenschaftenProfessur f\u00fcr Verwaltungswissenschaft, insb. Digital GovernmentFriedrich-Ebert-Damm 24522159 Hamburg E-Mail: hoesss@hsu.hamburg Akademischer Werdegang<\/p>\n","protected":false},"author":3932,"featured_media":0,"parent":0,"menu_order":0,"comment_status":"closed","ping_status":"closed","template":"","meta":{"footnotes":""},"categories":[4],"tags":[],"class_list":["post-712","page","type-page","status-publish","hentry","category-forschung"],"_links":{"self":[{"href":"https:\/\/www.hsu-hh.de\/padigi\/wp-json\/wp\/v2\/pages\/712","targetHints":{"allow":["GET"]}}],"collection":[{"href":"https:\/\/www.hsu-hh.de\/padigi\/wp-json\/wp\/v2\/pages"}],"about":[{"href":"https:\/\/www.hsu-hh.de\/padigi\/wp-json\/wp\/v2\/types\/page"}],"author":[{"embeddable":true,"href":"https:\/\/www.hsu-hh.de\/padigi\/wp-json\/wp\/v2\/users\/3932"}],"replies":[{"embeddable":true,"href":"https:\/\/www.hsu-hh.de\/padigi\/wp-json\/wp\/v2\/comments?post=712"}],"version-history":[{"count":11,"href":"https:\/\/www.hsu-hh.de\/padigi\/wp-json\/wp\/v2\/pages\/712\/revisions"}],"predecessor-version":[{"id":1171,"href":"https:\/\/www.hsu-hh.de\/padigi\/wp-json\/wp\/v2\/pages\/712\/revisions\/1171"}],"wp:attachment":[{"href":"https:\/\/www.hsu-hh.de\/padigi\/wp-json\/wp\/v2\/media?parent=712"}],"wp:term":[{"taxonomy":"category","embeddable":true,"href":"https:\/\/www.hsu-hh.de\/padigi\/wp-json\/wp\/v2\/categories?post=712"},{"taxonomy":"post_tag","embeddable":true,"href":"https:\/\/www.hsu-hh.de\/padigi\/wp-json\/wp\/v2\/tags?post=712"}],"curies":[{"name":"wp","href":"https:\/\/api.w.org\/{rel}","templated":true}]}}