{"id":689,"date":"2024-12-06T09:59:01","date_gmt":"2024-12-06T08:59:01","guid":{"rendered":"https:\/\/www.hsu-hh.de\/padigi\/?page_id=689"},"modified":"2025-07-12T15:16:22","modified_gmt":"2025-07-12T13:16:22","slug":"promotionen","status":"publish","type":"page","link":"https:\/\/www.hsu-hh.de\/padigi\/promotionen\/","title":{"rendered":"Promotionen"},"content":{"rendered":"\n<p><strong>Liesa Erlewein<\/strong><\/p>\n\n\n\n<div class=\"wp-block-columns is-layout-flex wp-container-core-columns-is-layout-9d6595d7 wp-block-columns-is-layout-flex\">\n<div class=\"wp-block-column is-layout-flow wp-block-column-is-layout-flow\" style=\"flex-basis:33.33%\">\n<figure class=\"wp-block-image size-large\"><img loading=\"lazy\" decoding=\"async\" width=\"678\" height=\"1024\" src=\"https:\/\/www.hsu-hh.de\/padigi\/wp-content\/uploads\/sites\/920\/2025\/02\/Liesa-Erlewein-678x1024.jpg\" data-credit=\"Liesa Erlewein\" alt=\"\" class=\"wp-image-910\" srcset=\"https:\/\/www.hsu-hh.de\/padigi\/wp-content\/uploads\/sites\/920\/2025\/02\/Liesa-Erlewein-678x1024.jpg 678w, https:\/\/www.hsu-hh.de\/padigi\/wp-content\/uploads\/sites\/920\/2025\/02\/Liesa-Erlewein-199x300.jpg 199w, https:\/\/www.hsu-hh.de\/padigi\/wp-content\/uploads\/sites\/920\/2025\/02\/Liesa-Erlewein-768x1160.jpg 768w, https:\/\/www.hsu-hh.de\/padigi\/wp-content\/uploads\/sites\/920\/2025\/02\/Liesa-Erlewein-1017x1536.jpg 1017w, https:\/\/www.hsu-hh.de\/padigi\/wp-content\/uploads\/sites\/920\/2025\/02\/Liesa-Erlewein-1356x2048.jpg 1356w, https:\/\/www.hsu-hh.de\/padigi\/wp-content\/uploads\/sites\/920\/2025\/02\/Liesa-Erlewein-1100x1661.jpg 1100w, https:\/\/www.hsu-hh.de\/padigi\/wp-content\/uploads\/sites\/920\/2025\/02\/Liesa-Erlewein-scaled.jpg 1695w\" sizes=\"auto, (max-width: 678px) 100vw, 678px\" \/><\/figure>\n<\/div>\n\n\n\n<div class=\"wp-block-column is-layout-flow wp-block-column-is-layout-flow\" style=\"flex-basis:66.66%\">\n<p>In ihrem Promotionsprojekt untersucht Liesa Erlewein die Karrieren, die Politisierung und das Rollenverst\u00e4ndnis von Exekutivpolitiker:innen, Spitzenbeamt:innen sowie Mitarbeiter:innen der Leitungsst\u00e4be (oder funktionaler \u00c4quivalente in anderen europ\u00e4ischen Staaten) in Deutschland und anderen europ\u00e4ischen L\u00e4ndern. Ihre Arbeit ist Teil des Forschungsprojekts CoREx (Comparative Research on the Executive Triangle in Europe), das als COST-Aktion (CA22150) vom Research and Innovation Framework Programme der Europ\u00e4ischen Union gef\u00f6rdert wird.<\/p>\n\n\n\n<p>Im Rahmen von CoREx analysiert Liesa Erlewein international vergleichend die Dynamiken des sogenannten \u201eexecutive triangle\u201c und erforscht, wie sich die Karrieren und die Politisierung der Ministerialverwaltung zwischen europ\u00e4ischen L\u00e4ndern unterscheidet. Ziel ist es, die strukturellen Unterschiede und Gemeinsamkeiten der Karrieren, Aufgabenprofile und Politisierungsprozesse zwischen den untersuchten L\u00e4ndern herauszuarbeiten.<\/p>\n\n\n\n<p>Zudem wirkt Liesa Erlewein im Forschungsprojekt COMPAS (Comparative Political Adviser Survey), das von <abbr title=\"Professor\">Prof.<\/abbr> Kristoffer Kolltveit an der Universit\u00e4t Oslo koordiniert wird, mit. Dieses Projekt widmet sich den Rollen, Aufgaben und der Politisierung politischer Berater:innen in der Gesetzgebung und Verwaltung.<\/p>\n\n\n\n<p>Das Promotionsprojekt von Liesa Erlewein bietet wissenschaftliche Einblicke in die Karrieren und Politisierungsprozesse moderner Ministerialverwaltungen. Diese k\u00f6nnen die Effizienz, Transparenz und Verantwortlichkeit staatlicher Institutionen st\u00e4rken und somit zu einer effektiveren \u00f6ffentlichen Verwaltung in Deutschland und anderen europ\u00e4ischen L\u00e4ndern beitragen.<\/p>\n\n\n\n<p>Mail-Adresse: <a href=\"mailto:erleweinl@hsu-hh.de\" rel='nofollow'>erleweinl@hsu-hh.de<\/a><\/p>\n<\/div>\n<\/div>\n\n\n\n<div style=\"height:30px\" aria-hidden=\"true\" class=\"wp-block-spacer\"><\/div>\n\n\n\n<p><strong>Hendrik Ewens<\/strong><\/p>\n\n\n\n<div class=\"wp-block-columns is-layout-flex wp-container-core-columns-is-layout-9d6595d7 wp-block-columns-is-layout-flex\">\n<div class=\"wp-block-column is-layout-flow wp-block-column-is-layout-flow\" style=\"flex-basis:33.33%\">\n<figure class=\"wp-block-image size-large\"><img loading=\"lazy\" decoding=\"async\" width=\"1024\" height=\"683\" src=\"https:\/\/www.hsu-hh.de\/padigi\/wp-content\/uploads\/sites\/920\/2024\/12\/HendrikEwens_002-1024x683.jpg\" data-credit=\"Hendrik Ewens\" alt=\"\" class=\"wp-image-824\" srcset=\"https:\/\/www.hsu-hh.de\/padigi\/wp-content\/uploads\/sites\/920\/2024\/12\/HendrikEwens_002-1024x683.jpg 1024w, https:\/\/www.hsu-hh.de\/padigi\/wp-content\/uploads\/sites\/920\/2024\/12\/HendrikEwens_002-300x200.jpg 300w, https:\/\/www.hsu-hh.de\/padigi\/wp-content\/uploads\/sites\/920\/2024\/12\/HendrikEwens_002-768x512.jpg 768w, https:\/\/www.hsu-hh.de\/padigi\/wp-content\/uploads\/sites\/920\/2024\/12\/HendrikEwens_002-1100x733.jpg 1100w\" sizes=\"auto, (max-width: 1024px) 100vw, 1024px\" \/><\/figure>\n<\/div>\n\n\n\n<div class=\"wp-block-column is-layout-flow wp-block-column-is-layout-flow\" style=\"flex-basis:66.66%\">\n<p>Hendrik Ewens untersucht in seinem Promotionsprojekt den Einsatz von Agilit\u00e4t als Managementkonzept in der \u00f6ffentlichen Verwaltung. Im Fokus stehen dabei Konflikte bei der Implementierung und m\u00f6gliche L\u00f6sungsstrategien. Besonderes Augenmerk legt er auf die &#8222;\u00dcbersetzung&#8220; dieser Konzepte in den deutschen Kontext und den Einfluss von Agilit\u00e4t als Label und Fachsprache. Zudem erforscht er die Institutionalisierung von Agilit\u00e4t in der Verwaltung. Dabei bedient sich Hendrik Ewens sowohl qualitativer als auch quantitativer Forschungsmethoden.<\/p>\n\n\n\n<p>Mail-Adresse: <a href=\"mailto:hendrik.ewens@kgst.de\" rel='nofollow'>hendrik.ewens@kgst.de<\/a><\/p>\n\n\n\n<p>Publikationen:<\/p>\n\n\n\n<p>Ewens, H. (2024). Safe enough to try? Konflikte und deren Bew\u00e4ltigung bei der Einf\u00fchrung von Agilit\u00e4t in der Verwaltung.\u00a0<em>dms \u2013 der moderne staat \u2013 Zeitschrift f\u00fcr Public Policy, Recht und Management, 17<\/em>(1), 82\u2013101.\u00a0<a class=\"\" href=\"https:\/\/doi.org\/10.3224\/dms.v17i1.05\" rel='nofollow'>https:\/\/doi.org\/10.3224\/dms.v17i1.05<\/a><\/p>\n\n\n\n<p>Ewens, H., &amp; van der Voet, J. (2019). Organizational complexity and participatory innovation: participatory budgeting in local government. <em>Public Management Review, 21(12)<\/em>, 1848\u20131866. <a href=\"https:\/\/doi.org\/10.1080\/14719037.2019.1577908\" target=\"_blank\" rel=\"noreferrer noopener\">https:\/\/doi.org\/10.1080\/14719037.2019.1577908<\/a><\/p>\n<\/div>\n<\/div>\n\n\n\n<div style=\"height:30px\" aria-hidden=\"true\" class=\"wp-block-spacer\"><\/div>\n\n\n\n<p><strong>Bernhard Weidenbach<\/strong><\/p>\n\n\n\n<div class=\"wp-block-columns is-layout-flex wp-container-core-columns-is-layout-9d6595d7 wp-block-columns-is-layout-flex\">\n<div class=\"wp-block-column is-layout-flow wp-block-column-is-layout-flow\" style=\"flex-basis:33.33%\">\n<figure class=\"wp-block-image size-large\"><img loading=\"lazy\" decoding=\"async\" width=\"1024\" height=\"683\" src=\"https:\/\/www.hsu-hh.de\/padigi\/wp-content\/uploads\/sites\/920\/2024\/06\/20240624_HSU_Professur_Veit_Gruppe_Portraits_CG_005-1024x683.jpg\" data-credit=\"HSU\/Gelhausen\" alt=\"\" class=\"wp-image-422\" srcset=\"https:\/\/www.hsu-hh.de\/padigi\/wp-content\/uploads\/sites\/920\/2024\/06\/20240624_HSU_Professur_Veit_Gruppe_Portraits_CG_005-1024x683.jpg 1024w, https:\/\/www.hsu-hh.de\/padigi\/wp-content\/uploads\/sites\/920\/2024\/06\/20240624_HSU_Professur_Veit_Gruppe_Portraits_CG_005-300x200.jpg 300w, https:\/\/www.hsu-hh.de\/padigi\/wp-content\/uploads\/sites\/920\/2024\/06\/20240624_HSU_Professur_Veit_Gruppe_Portraits_CG_005-768x512.jpg 768w, https:\/\/www.hsu-hh.de\/padigi\/wp-content\/uploads\/sites\/920\/2024\/06\/20240624_HSU_Professur_Veit_Gruppe_Portraits_CG_005-1536x1024.jpg 1536w, https:\/\/www.hsu-hh.de\/padigi\/wp-content\/uploads\/sites\/920\/2024\/06\/20240624_HSU_Professur_Veit_Gruppe_Portraits_CG_005-2048x1365.jpg 2048w, https:\/\/www.hsu-hh.de\/padigi\/wp-content\/uploads\/sites\/920\/2024\/06\/20240624_HSU_Professur_Veit_Gruppe_Portraits_CG_005-1100x733.jpg 1100w\" sizes=\"auto, (max-width: 1024px) 100vw, 1024px\" \/><\/figure>\n<\/div>\n\n\n\n<div class=\"wp-block-column is-layout-flow wp-block-column-is-layout-flow\" style=\"flex-basis:66.66%\">\n<p>In seinem Promotionsprojekt untersucht Bernhard Weidenbach die Repr\u00e4sentativit\u00e4t der Politisch-Administrativen Elite (PAE) und Tiefe der Elitenzirkulation in der DDR. Schwerpunkt der Untersuchung liegt dabei auf zentralen Idealen und Mythen der DDR. Wie wirkte sich das Bild einer \u201eklassenlosen Gesellschaft&#8220; auf die PAE aus und waren innerhalb der PAE Frauen gleichberechtigt und -repr\u00e4sentiert? Zudem wird der \u201eGr\u00fcndungmythos\u201c Antifaschismus innerhalb der PAE beleuchtet. So wird untersucht, wie stark Systemgegner:innen und -anh\u00e4nger:innen des NS-Staates innerhalb der DDR F\u00fchrungsaufgaben \u00fcbernahmen, aber auch, ob es innerhalb verschiedener Ministerien und Einrichtungen auch einen unterschiedlichen Grad der Einbindung ehemaliger NSDAP-Mitglieder gab.<\/p>\n\n\n\n<p>Als Datengrundlage dient die Arbeit des Projektes \u201eElitenzirkulation und zeitliche Dynamiken des Elitenwandels in Autokratien \u2013 Prosopographische Analyse politisch-administrativer Eliten der Deutschen Demokratischen Republik (PAE-DDR)\u201c.<\/p>\n\n\n\n<p>Mail-Adresse: <a href=\"mailto:weidenbb@hsu-hh.de\" rel='nofollow'>weidenbb@hsu-hh.de<\/a><\/p>\n<\/div>\n<\/div>\n\n\n\n<div style=\"height:31px\" aria-hidden=\"true\" class=\"wp-block-spacer\"><\/div>\n\n\n\n<p><strong>Anna-Lena Wiegand<\/strong><\/p>\n\n\n\n<div class=\"wp-block-columns is-layout-flex wp-container-core-columns-is-layout-9d6595d7 wp-block-columns-is-layout-flex\">\n<div class=\"wp-block-column is-layout-flow wp-block-column-is-layout-flow\" style=\"flex-basis:33.33%\">\n<figure class=\"wp-block-image size-large\"><img loading=\"lazy\" decoding=\"async\" width=\"691\" height=\"1024\" src=\"https:\/\/www.hsu-hh.de\/padigi\/wp-content\/uploads\/sites\/920\/2024\/12\/Foto_Wiegand-691x1024.jpg\" data-credit=\"Wiegand\" alt=\"\" class=\"wp-image-826\" srcset=\"https:\/\/www.hsu-hh.de\/padigi\/wp-content\/uploads\/sites\/920\/2024\/12\/Foto_Wiegand-691x1024.jpg 691w, https:\/\/www.hsu-hh.de\/padigi\/wp-content\/uploads\/sites\/920\/2024\/12\/Foto_Wiegand-202x300.jpg 202w, https:\/\/www.hsu-hh.de\/padigi\/wp-content\/uploads\/sites\/920\/2024\/12\/Foto_Wiegand-768x1139.jpg 768w, https:\/\/www.hsu-hh.de\/padigi\/wp-content\/uploads\/sites\/920\/2024\/12\/Foto_Wiegand-1036x1536.jpg 1036w, https:\/\/www.hsu-hh.de\/padigi\/wp-content\/uploads\/sites\/920\/2024\/12\/Foto_Wiegand-1100x1631.jpg 1100w, https:\/\/www.hsu-hh.de\/padigi\/wp-content\/uploads\/sites\/920\/2024\/12\/Foto_Wiegand.jpg 1125w\" sizes=\"auto, (max-width: 691px) 100vw, 691px\" \/><\/figure>\n<\/div>\n\n\n\n<div class=\"wp-block-column is-layout-flow wp-block-column-is-layout-flow\" style=\"flex-basis:66.66%\">\n<p>Im f\u00f6deralen System Deutschlands akzentuieren die Bundesl\u00e4nder die Umsetzung bundesgesetzlicher Regelungen unterschiedlich. Das vorliegende Forschungsprojekt fokussiert vor diesem Hintergrund in einer vergleichenden policy-analytischen Untersuchung im kriminalpolitischen Kontext ein einzigartiges Instrument &#8211; die Elektronische Aufenthalts\u00fcberwachung. In den letzten Jahren wurde die elektronische Straft\u00e4ter\u00fcberwachung in Deutschland vielgestaltig diskutiert und ihr Anwendungsrahmen auf Bundes- sowie Landesebene sukzessive ausgeweitet. Die Anwendung der Elektronischen Aufenthalts\u00fcberwachung im Rahmen der F\u00fchrungsaufsicht gem. \u00a7 68b Abs. 1 Satz 1 Zif. 12 StGB stellt in der Bundesrepublik Deutschland seither den Hauptanwendungsfall dar und bildet seit 2011 die erste bundesgesetzliche Regelung.&nbsp;Mit Hilfe von satellitengest\u00fctzter GPS-Technik sollen dabei u. a. die Sicherheit potenzieller Opfer erh\u00f6ht und Straftaten vermieden werden.&nbsp; Hierzulande findet das 1-Track-System Anwendung, wobei der:die Proband:innen ein Band mit GPS-Empf\u00e4nger oberhalb des Kn\u00f6chels tragen. &nbsp;Alle Bundesl\u00e4nder arbeiten auf einheitlicher bundesgesetzlicher Grundlage und greifen auf die gleiche Technik und Infrastruktur zur\u00fcck. Beteiligte Institutionen sowie der Verfahrensgang differieren partiell innerhalb der Bundesl\u00e4nder. Das Promotionsprojekt exploriert die Herangehensweisen in ausgew\u00e4hlten Bundesl\u00e4ndern. Dabei dienen u. a. Expert:inneninterviews mit beteiligten Akteur:innen der Datensammlung, um ein ganzheitliches Tiefenverst\u00e4ndnis des Ph\u00e4nomens der Varianz der Anwendungspraxis zu erhalten.<\/p>\n\n\n\n<p>Mail-Adresse: <a href=\"mailto:wieganda@hsu-hh.de\" rel='nofollow'>wieganda@hsu-hh.de<\/a><\/p>\n\n\n\n<p>Publikation:<\/p>\n\n\n\n<p>Wiegand, A.-L., &amp; Fromm, N. (2022). Die Elektronische Aufenthalts\u00fcberwachung in Deutschland \u2013 Die Fallkonferenzen als entscheidendes Koordinationsinstrument einer progressiven Policy-Ma\u00dfnahme im Strafsystem?\u00a0<em>dms \u2013 der moderne staat \u2013 Zeitschrift f\u00fcr Public Policy, Recht und Management<\/em>,\u00a0<em>Online First<\/em>, 1\u201322.\u00a0<a class=\"\" href=\"https:\/\/doi.org\/10.3224\/dms.vXiX.04\" rel='nofollow'>https:\/\/doi.org\/10.3224\/dms.vXiX.04<\/a><\/p>\n<\/div>\n<\/div>\n\n\n\n<p><\/p>\n","protected":false},"excerpt":{"rendered":"<p>Liesa Erlewein In ihrem Promotionsprojekt untersucht Liesa Erlewein die Karrieren, die Politisierung und das Rollenverst\u00e4ndnis von Exekutivpolitiker:innen, Spitzenbeamt:innen sowie Mitarbeiter:innen der Leitungsst\u00e4be (oder funktionaler \u00c4quivalente in anderen europ\u00e4ischen Staaten) in [&hellip;]<\/p>\n","protected":false},"author":3932,"featured_media":0,"parent":0,"menu_order":0,"comment_status":"closed","ping_status":"closed","template":"","meta":{"footnotes":""},"categories":[4],"tags":[],"class_list":["post-689","page","type-page","status-publish","hentry","category-forschung"],"_links":{"self":[{"href":"https:\/\/www.hsu-hh.de\/padigi\/wp-json\/wp\/v2\/pages\/689","targetHints":{"allow":["GET"]}}],"collection":[{"href":"https:\/\/www.hsu-hh.de\/padigi\/wp-json\/wp\/v2\/pages"}],"about":[{"href":"https:\/\/www.hsu-hh.de\/padigi\/wp-json\/wp\/v2\/types\/page"}],"author":[{"embeddable":true,"href":"https:\/\/www.hsu-hh.de\/padigi\/wp-json\/wp\/v2\/users\/3932"}],"replies":[{"embeddable":true,"href":"https:\/\/www.hsu-hh.de\/padigi\/wp-json\/wp\/v2\/comments?post=689"}],"version-history":[{"count":35,"href":"https:\/\/www.hsu-hh.de\/padigi\/wp-json\/wp\/v2\/pages\/689\/revisions"}],"predecessor-version":[{"id":1196,"href":"https:\/\/www.hsu-hh.de\/padigi\/wp-json\/wp\/v2\/pages\/689\/revisions\/1196"}],"wp:attachment":[{"href":"https:\/\/www.hsu-hh.de\/padigi\/wp-json\/wp\/v2\/media?parent=689"}],"wp:term":[{"taxonomy":"category","embeddable":true,"href":"https:\/\/www.hsu-hh.de\/padigi\/wp-json\/wp\/v2\/categories?post=689"},{"taxonomy":"post_tag","embeddable":true,"href":"https:\/\/www.hsu-hh.de\/padigi\/wp-json\/wp\/v2\/tags?post=689"}],"curies":[{"name":"wp","href":"https:\/\/api.w.org\/{rel}","templated":true}]}}