{"id":687,"date":"2024-12-06T11:22:00","date_gmt":"2024-12-06T10:22:00","guid":{"rendered":"https:\/\/www.hsu-hh.de\/padigi\/?page_id=687"},"modified":"2025-05-19T17:49:08","modified_gmt":"2025-05-19T15:49:08","slug":"pae-ddr","status":"publish","type":"page","link":"https:\/\/www.hsu-hh.de\/padigi\/pae-ddr\/","title":{"rendered":"PAE-DDR"},"content":{"rendered":"\n<h3 class=\"wp-block-heading\">Elitenzirkulation und zeitliche Dynamiken des Elitenwandels in Autokratien \u2013 Prosopographische Analyse politisch-administrativer Eliten der Deutschen Demokratischen Republik (PAE-DDR)<\/h3>\n\n\n\n<div style=\"height:30px\" aria-hidden=\"true\" class=\"wp-block-spacer\"><\/div>\n\n\n\n<p><strong>Kurzinfo<br><\/strong>Das Forschungsprojekt untersucht Fragen der Elitenzirkulation und des Elitenwandels in Autokratien am Beispiel der politisch-administrativen Eliten (PAE) der DDR mit Hilfe einer prosopographischen Analyse. Es befindet sich an der Schnittstelle der politikwissenschaftlichen und soziologischen Forschung zu politischen Eliten und der verwaltungswissenschaftlichen Forschung zu politisch-administrativen Beziehungen und zu Verwaltungseliten. Insgesamt beinhaltet das Projekt die Untersuchung und Codierung der Lebensl\u00e4ufe einer Grundgesamtheit von ca. 3.250 Leitungspersonen aus Ministerien, ministeriums\u00e4hnlichen Organisationen und Organen der Sozialistischen Einheitspartei Deutschlands (SED) in der DDR zwischen 1949 und 1990.<\/p>\n\n\n\n<div style=\"height:30px\" aria-hidden=\"true\" class=\"wp-block-spacer\"><\/div>\n\n\n\n<p><strong>\u00dcber das Projekt<\/strong><br>Die prosopographische Analyse soll insbesondere die eng miteinander verflochtenen politisch-administrativen Eliten der staatlichen Beh\u00f6rden und des Parteiapparates der SED untersuchen. Im Projekt werden die Sozial- und Berufsbiographien sowie die politischen Aktivit\u00e4ten und Systembez\u00fcge dieser Personengruppe untersucht. Die Identifikation der Eliten folgt dem Positionsansatz: zur relevanten Personengruppe geh\u00f6ren demnach die drei obersten hierarchischen Ebenen des politischen und administrativen Leitungspersonals aller Ministerien sowie die Parteieliten der SED (Mitglieder und Kandidat:innen des Politb\u00fcros und des Zentralkomitees der SED).<br>Deren Sozial- und Berufsbiographien werden in einem Datensatz mit Hilfe prosopographischer Methoden erfasst. Dabei wird auf ein breites Spektrum an Quellen zur\u00fcckgegriffen. Als Quellen f\u00fcr die Untersuchung dienen vor allem Personal- und Gerichtsakten im Bundesarchiv sowie Akten der SED und weiterer Massenorganisationen der DDR, \u00f6ffentlich zug\u00e4ngliche Lebensl\u00e4ufe (z. B. CIA Directories of East German Officials, Lebendiges Museum online, Munzinger online), Zeitungsarchive sowie Handb\u00fccher (Wer war wer in der DDR?, Deutsche Kommunisten: Biographisches Handbuch 1918 bis 1945). Die extrahierten Informationen werden f\u00fcr den Datensatz auf Grundlage eines Codebuchs numerisch \u00fcbersetzt. F\u00fcr zeit- und systembedingte Unterschiede, z. B. in der Bezeichnung einer Position oder eines Bildungsabschlusses, werden als Basis f\u00fcr systemvergleichende Analysen funktionale \u00c4quivalente definiert. Als Vorarbeit liegt ein Datensatz zu den politisch-administrativen Eliten der BRD, des Nationalsozialismus, der Weimarer Republik und des Kaiserreichs vor. Die dort verwendete Erhebungssystematik wurde f\u00fcr das Projekt zu den PAE-DDR weiterentwickelt.<br>Das Datenmaterial ist f\u00fcr verschiedene deskriptive und inferenzstatistische Auswertungsverfahren geeignet. Auf Basis derartiger Datenanalysen soll untersucht werden, welche sozialstrukturellen, bildungs- und karrierebezogenen Merkmale f\u00fcr die politisch-administrativen Eliten in der DDR typisch waren und wie sich diese im Laufe der Zeit ver\u00e4ndert haben. Zudem k\u00f6nnen Fragen nach dem Umfang und der Tiefe der Elitenzirkulation in der DDR \u2013 sowohl in der Phase der Systemtransformation als auch im Zuge der weiteren Systementwicklung \u2013 beantwortet werden. Weiterhin sind systemvergleichende Analysen (u. a. BRD\/DDR; DDR\/NS) geplant.<br>Konkrete Fragestellungen, die anhand des Datensatzes und der Datenanalyse beantwortet werden sollen, betreffen z. B. die Politisierung der Verwaltung in der DDR und wie sich diese w\u00e4hrend des Bestehens der DDR ver\u00e4nderte. Auch die Elitenzirkulation und deren Umfang bietet ein gutes Forschungsfeld, da diese mutma\u00dflich in den Gr\u00fcndungsjahren der DDR hoch war und w\u00e4hrend ihres Bestehens verschiedenen internen und externen Faktoren unterworfen war. Weitere Forschungsfragen bieten sich bzgl. der Repr\u00e4sentativit\u00e4t der DDR-Eliten an. Zu erforschen w\u00e4re, ob und inwiefern diese Eliten den Staatsidealen von Klassenlosigkeit, Gleichberechtigung der Geschlechter und Antifaschismus entsprachen.<br><br>Das Projekt wird unter der wissenschaftlichen Leitung von <abbr title=\"Professor\">Prof.<\/abbr> <abbr title=\"Doktor\">Dr.<\/abbr> Sylvia Veit durchgef\u00fchrt. Im wissenschaftlichen Projektteam arbeiten au\u00dferdem <abbr title=\"Doktor\">Dr.<\/abbr> Anna Simstich und Bernhard Weidenbach. Unterst\u00fctzt wird das Projektteam durch studentische Mitarbeitende.<br><br>Das Forschungsprojekt &#8222;Elitenzirkulation und zeitliche Dynamiken des Elitenwandels in Autokratien \u2013 Prosopographische Analyse politisch administrativer Eliten der Deutschen Demokratischen Republik (PAE-DDR)&#8220; wird von 2024 bis 2027 von der Deutschen Forschungsgemeinschaft gef\u00f6rdert.<\/p>\n","protected":false},"excerpt":{"rendered":"<p>Elitenzirkulation und zeitliche Dynamiken des Elitenwandels in Autokratien \u2013 Prosopographische Analyse politisch-administrativer Eliten der Deutschen Demokratischen Republik (PAE-DDR) KurzinfoDas Forschungsprojekt untersucht Fragen der Elitenzirkulation und des Elitenwandels in Autokratien am [&hellip;]<\/p>\n","protected":false},"author":3932,"featured_media":0,"parent":0,"menu_order":0,"comment_status":"closed","ping_status":"closed","template":"","meta":{"footnotes":""},"categories":[4],"tags":[],"class_list":["post-687","page","type-page","status-publish","hentry","category-forschung"],"_links":{"self":[{"href":"https:\/\/www.hsu-hh.de\/padigi\/wp-json\/wp\/v2\/pages\/687","targetHints":{"allow":["GET"]}}],"collection":[{"href":"https:\/\/www.hsu-hh.de\/padigi\/wp-json\/wp\/v2\/pages"}],"about":[{"href":"https:\/\/www.hsu-hh.de\/padigi\/wp-json\/wp\/v2\/types\/page"}],"author":[{"embeddable":true,"href":"https:\/\/www.hsu-hh.de\/padigi\/wp-json\/wp\/v2\/users\/3932"}],"replies":[{"embeddable":true,"href":"https:\/\/www.hsu-hh.de\/padigi\/wp-json\/wp\/v2\/comments?post=687"}],"version-history":[{"count":7,"href":"https:\/\/www.hsu-hh.de\/padigi\/wp-json\/wp\/v2\/pages\/687\/revisions"}],"predecessor-version":[{"id":1109,"href":"https:\/\/www.hsu-hh.de\/padigi\/wp-json\/wp\/v2\/pages\/687\/revisions\/1109"}],"wp:attachment":[{"href":"https:\/\/www.hsu-hh.de\/padigi\/wp-json\/wp\/v2\/media?parent=687"}],"wp:term":[{"taxonomy":"category","embeddable":true,"href":"https:\/\/www.hsu-hh.de\/padigi\/wp-json\/wp\/v2\/categories?post=687"},{"taxonomy":"post_tag","embeddable":true,"href":"https:\/\/www.hsu-hh.de\/padigi\/wp-json\/wp\/v2\/tags?post=687"}],"curies":[{"name":"wp","href":"https:\/\/api.w.org\/{rel}","templated":true}]}}