{"id":596,"date":"2024-11-07T07:18:30","date_gmt":"2024-11-07T06:18:30","guid":{"rendered":"https:\/\/www.hsu-hh.de\/padigi\/?page_id=596"},"modified":"2024-11-07T13:35:08","modified_gmt":"2024-11-07T12:35:08","slug":"newsarchiv-2","status":"publish","type":"page","link":"https:\/\/www.hsu-hh.de\/padigi\/en\/newsarchiv-2\/","title":{"rendered":"Newsarchiv"},"content":{"rendered":"<div id=\"category_content_DzHqY7bH\" class=\"hsu_category archive-page\"><article  id=\"post-1363\" class=\"category-list-item post-1363 post type-post status-publish format-standard hentry \"><a href=\"https:\/\/www.hsu-hh.de\/padigi\/moritz-casper-beel\/\" title=\"Moritz Casper Beel\" >\t<div class=\"article-listitem-datetime\">\t\t<time class=\"updated\" datetime=\"2026-04-15 10:30:28\"><\/time>\t\t<span class=\"article-month\">\t\t\t<time class=\"entry-date published\" datetime=\"2026-04-15 10:30:28\">Apr<\/time>\t\t<\/span>\t\t<span class=\"article-day\">\t\t\t<time class=\"entry-date published\" datetime=\"2026-04-15 10:30:28\">15<\/time>\t\t<\/span>\t\t<span class=\"article-datetime\">\t\t\t<time class=\"entry-date published\" datetime=\"2026-04-15 10:30:28\">2026<\/time>\t\t<\/span>\t<\/div><div class=\"hsu_category_article-content-wrap\"><div class=\"hsu_category_article-content-wrap-inner\"><div>\t<header class=\"entry-header\">\t\t<h3 class=\"entry-title\">Moritz Casper Beel\t\t<\/h3>\t<\/header><div class=\"entry-content-excerpt\">Helmut-Schmidt-Universit\u00e4tFakult\u00e4t f\u00fcr Wirtschafts- und SozialwissenschaftenProfessur f\u00fcr Verwaltungswissenschaft, insb. Digital GovernmentFriedrich-Ebert-Damm 24522159 Hamburg E-Mail: beelm@hsu.hamburg<\/div> <\/div><\/div><\/div><\/a><\/article><article  id=\"post-1348\" class=\"category-list-item post-1348 post type-post status-publish format-standard hentry \"><a href=\"https:\/\/www.hsu-hh.de\/padigi\/1348-2\/\" title=\"Gastvortrag von Prof. Dr. Karl L\u00f6fgren\" >\t<div class=\"article-listitem-datetime\">\t\t<time class=\"updated\" datetime=\"2026-03-18 08:25:45\"><\/time>\t\t<span class=\"article-month\">\t\t\t<time class=\"entry-date published\" datetime=\"2026-03-18 08:24:31\">M\u00e4r<\/time>\t\t<\/span>\t\t<span class=\"article-day\">\t\t\t<time class=\"entry-date published\" datetime=\"2026-03-18 08:24:31\">18<\/time>\t\t<\/span>\t\t<span class=\"article-datetime\">\t\t\t<time class=\"entry-date published\" datetime=\"2026-03-18 08:24:31\">2026<\/time>\t\t<\/span>\t<\/div><div class=\"hsu_category_article-content-wrap\"><div class=\"hsu_category_article-content-wrap-inner\"><div>\t<header class=\"entry-header\">\t\t<h3 class=\"entry-title\">Gastvortrag von Prof. Dr. Karl L\u00f6fgren\t\t<\/h3>\t<\/header><div class=\"entry-content-excerpt\">Am 12.03.2026 findet von 09.45 Uhr bis 11.15 Uhr im Raum RV 1E111 im Campus Nord ein Gastvortrag von Prof. Dr. Karl L\u00f6fgren\u00a0zum Thema \u201e9 Myths about digital government\u201c statt. Interessierte sind herzlich eingeladen.<\/div> <\/div><\/div><\/div><\/a><\/article><article  id=\"post-1327\" class=\"category-list-item post-1327 post type-post status-publish format-standard hentry \"><a href=\"https:\/\/www.hsu-hh.de\/padigi\/gastvortrag-von-dr-falk-ebinger\/\" title=\"Gastvortrag von Dr. Falk Ebinger\u00a0\" >\t<div class=\"article-listitem-datetime\">\t\t<time class=\"updated\" datetime=\"2026-03-18 09:30:29\"><\/time>\t\t<span class=\"article-month\">\t\t\t<time class=\"entry-date published\" datetime=\"2026-01-27 09:18:06\">Jan<\/time>\t\t<\/span>\t\t<span class=\"article-day\">\t\t\t<time class=\"entry-date published\" datetime=\"2026-01-27 09:18:06\">27<\/time>\t\t<\/span>\t\t<span class=\"article-datetime\">\t\t\t<time class=\"entry-date published\" datetime=\"2026-01-27 09:18:06\">2026<\/time>\t\t<\/span>\t<\/div><div class=\"hsu_category_article-content-wrap\"><div class=\"hsu_category_article-content-wrap-inner\"><div>\t<header class=\"entry-header\">\t\t<h3 class=\"entry-title\">Gastvortrag von Dr. Falk Ebinger\u00a0\t\t<\/h3>\t<\/header><div class=\"entry-content-excerpt\">Am 19.02.2026 findet von 09:45 bis 11.15 Uhr im Raum RV 1E111 am Campus Nord ein Gastvortrag von\u00a0 Dr. Falk Ebinger zum Thema \u201eDigitalisierung im Vollzugsf\u00f6deralismus: Schlaglichter auf Herausforderungen, Erfolgsfaktoren und Koordination\u201c statt. Interessierte sind herzlich eingeladen.<\/div> <\/div><\/div><\/div><\/a><\/article><article  id=\"post-1322\" class=\"category-list-item post-1322 post type-post status-publish format-standard hentry \"><a href=\"https:\/\/www.hsu-hh.de\/padigi\/gastvortrag-von-dr-bastian-strobel\/\" title=\"Gastvortrag von Dr. Bastian Strobel\" >\t<div class=\"article-listitem-datetime\">\t\t<time class=\"updated\" datetime=\"2026-01-27 09:18:57\"><\/time>\t\t<span class=\"article-month\">\t\t\t<time class=\"entry-date published\" datetime=\"2026-01-27 09:17:06\">Jan<\/time>\t\t<\/span>\t\t<span class=\"article-day\">\t\t\t<time class=\"entry-date published\" datetime=\"2026-01-27 09:17:06\">27<\/time>\t\t<\/span>\t\t<span class=\"article-datetime\">\t\t\t<time class=\"entry-date published\" datetime=\"2026-01-27 09:17:06\">2026<\/time>\t\t<\/span>\t<\/div><div class=\"hsu_category_article-content-wrap\"><div class=\"hsu_category_article-content-wrap-inner\"><div>\t<header class=\"entry-header\">\t\t<h3 class=\"entry-title\">Gastvortrag von Dr. Bastian Strobel\t\t<\/h3>\t<\/header><div class=\"entry-content-excerpt\">Am 10.02.2026 findet von 14.15 Uhr bis 15.30 Uhr in der Aula ein Gastvortrag von Dr. Bastian Strobel zum Thema \u201eDie Bedeutung von Daten und Statistik im Verwaltungsalltag\u201c statt. Interessierte sind herzlich eingeladen.<\/div> <\/div><\/div><\/div><\/a><\/article><article  id=\"post-1286\" class=\"category-list-item post-1286 post type-post status-publish format-standard hentry \"><a href=\"https:\/\/www.hsu-hh.de\/padigi\/nadin-fromm-wird-einen-gastvortrag-mit-dem-titel-responsivitaet-statt-steuerungsillusion-halten\/\" title=\"Nadin Fromm wird einen Gastvortrag mit dem Titel \u201eResponsivit\u00e4t statt Steuerungsillusion? halten\" >\t<div class=\"article-listitem-datetime\">\t\t<time class=\"updated\" datetime=\"2025-12-04 10:33:46\"><\/time>\t\t<span class=\"article-month\">\t\t\t<time class=\"entry-date published\" datetime=\"2025-12-04 10:27:21\">Dez<\/time>\t\t<\/span>\t\t<span class=\"article-day\">\t\t\t<time class=\"entry-date published\" datetime=\"2025-12-04 10:27:21\">04<\/time>\t\t<\/span>\t\t<span class=\"article-datetime\">\t\t\t<time class=\"entry-date published\" datetime=\"2025-12-04 10:27:21\">2025<\/time>\t\t<\/span>\t<\/div><div class=\"hsu_category_article-content-wrap\"><div class=\"hsu_category_article-content-wrap-inner\"><div>\t<header class=\"entry-header\">\t\t<h3 class=\"entry-title\">Nadin Fromm wird einen Gastvortrag mit dem Titel \u201eResponsivit\u00e4t statt Steuerungsillusion? halten\t\t<\/h3>\t<\/header><div class=\"entry-content-excerpt\">Nadin Fromm wird einen Gastvortrag mit dem Titel \u201eResponsivit\u00e4t statt Steuerungsillusion? Empirische Perspektiven auf Verwaltungshandeln\u201c an der TU Dortmund (FB Migrations- und Bildungssoziologie) am 16.12. um 16 Uhr (Online) halten. Hier geht es zur Vorank\u00fcndigung: https:\/\/mibi.sowi.tu-dortmund.de\/veranstaltungsdetail\/vortragsreihe-steuerungsprozesse-und-strukturen-1-58086\/<\/div> <\/div><\/div><\/div><\/a><\/article><\/div><div class=\"clearfix\"><\/div><div class=\"col-xs-12 col-md-3 col-md-push-4\"><span class=\"link no-arrow\"><button class=\"gcategorymore hsu_btn\" id=\"DzHqY7bH\"  data-postsPerPage=\"5\" data-order=\"DESC\" data-paged=\"2\" data-more_posts=\"1\" data-postexcerpt=\"1\" data-postmeta=\"1\" data-posttitle=\"1\" data-uid=\"DzHqY7bH\" data-ajax=\"true\" >Mehr Beitr\u00e4ge<\/button><\/span><\/div><div class=\"clearfix\"><\/div>","protected":false},"excerpt":{"rendered":"","protected":false},"author":3932,"featured_media":0,"parent":0,"menu_order":0,"comment_status":"closed","ping_status":"closed","template":"newsarchive.php","meta":{"footnotes":""},"categories":[7],"tags":[],"class_list":["post-596","page","type-page","status-publish","hentry","category-research"],"_links":{"self":[{"href":"https:\/\/www.hsu-hh.de\/padigi\/wp-json\/wp\/v2\/pages\/596","targetHints":{"allow":["GET"]}}],"collection":[{"href":"https:\/\/www.hsu-hh.de\/padigi\/wp-json\/wp\/v2\/pages"}],"about":[{"href":"https:\/\/www.hsu-hh.de\/padigi\/wp-json\/wp\/v2\/types\/page"}],"author":[{"embeddable":true,"href":"https:\/\/www.hsu-hh.de\/padigi\/wp-json\/wp\/v2\/users\/3932"}],"replies":[{"embeddable":true,"href":"https:\/\/www.hsu-hh.de\/padigi\/wp-json\/wp\/v2\/comments?post=596"}],"version-history":[{"count":2,"href":"https:\/\/www.hsu-hh.de\/padigi\/wp-json\/wp\/v2\/pages\/596\/revisions"}],"predecessor-version":[{"id":600,"href":"https:\/\/www.hsu-hh.de\/padigi\/wp-json\/wp\/v2\/pages\/596\/revisions\/600"}],"wp:attachment":[{"href":"https:\/\/www.hsu-hh.de\/padigi\/wp-json\/wp\/v2\/media?parent=596"}],"wp:term":[{"taxonomy":"category","embeddable":true,"href":"https:\/\/www.hsu-hh.de\/padigi\/wp-json\/wp\/v2\/categories?post=596"},{"taxonomy":"post_tag","embeddable":true,"href":"https:\/\/www.hsu-hh.de\/padigi\/wp-json\/wp\/v2\/tags?post=596"}],"curies":[{"name":"wp","href":"https:\/\/api.w.org\/{rel}","templated":true}]}}