{"id":459,"date":"2024-08-13T11:37:03","date_gmt":"2024-08-13T09:37:03","guid":{"rendered":"https:\/\/www.hsu-hh.de\/padigi\/?page_id=459"},"modified":"2025-07-04T15:16:48","modified_gmt":"2025-07-04T13:16:48","slug":"anna-simstisch","status":"publish","type":"page","link":"https:\/\/www.hsu-hh.de\/padigi\/anna-simstisch\/","title":{"rendered":"Anna Simstich"},"content":{"rendered":"\n<p><\/p>\n\n\n\n<figure class=\"wp-block-image size-large is-resized alignnone\"><img loading=\"lazy\" decoding=\"async\" width=\"1024\" height=\"683\" src=\"https:\/\/www.hsu-hh.de\/padigi\/wp-content\/uploads\/sites\/920\/2024\/08\/20240624_HSU_Professur_Veit_Gruppe_Portraits_CG_010-1024x683.jpg\" data-credit=\"HSU\/Gelhausen\" alt=\"\" class=\"wp-image-509\" style=\"width:600px\" srcset=\"https:\/\/www.hsu-hh.de\/padigi\/wp-content\/uploads\/sites\/920\/2024\/08\/20240624_HSU_Professur_Veit_Gruppe_Portraits_CG_010-1024x683.jpg 1024w, https:\/\/www.hsu-hh.de\/padigi\/wp-content\/uploads\/sites\/920\/2024\/08\/20240624_HSU_Professur_Veit_Gruppe_Portraits_CG_010-300x200.jpg 300w, https:\/\/www.hsu-hh.de\/padigi\/wp-content\/uploads\/sites\/920\/2024\/08\/20240624_HSU_Professur_Veit_Gruppe_Portraits_CG_010-768x512.jpg 768w, https:\/\/www.hsu-hh.de\/padigi\/wp-content\/uploads\/sites\/920\/2024\/08\/20240624_HSU_Professur_Veit_Gruppe_Portraits_CG_010-1536x1024.jpg 1536w, https:\/\/www.hsu-hh.de\/padigi\/wp-content\/uploads\/sites\/920\/2024\/08\/20240624_HSU_Professur_Veit_Gruppe_Portraits_CG_010-2048x1365.jpg 2048w, https:\/\/www.hsu-hh.de\/padigi\/wp-content\/uploads\/sites\/920\/2024\/08\/20240624_HSU_Professur_Veit_Gruppe_Portraits_CG_010-1100x733.jpg 1100w\" sizes=\"auto, (max-width: 1024px) 100vw, 1024px\" \/><\/figure>\n\n\n\n<div class=\"wp-block-columns is-layout-flex wp-container-core-columns-is-layout-9d6595d7 wp-block-columns-is-layout-flex\">\n<div class=\"wp-block-column is-layout-flow wp-block-column-is-layout-flow\">\n<p>Helmut-Schmidt-Universit\u00e4t \/ Universit\u00e4t der Bundeswehr <br>Fakult\u00e4t f\u00fcr Wirtschafts- und Sozialwissenschaften<br>Professur f\u00fcr Verwaltungswissenschaft,&nbsp;<abbr title=\"insbesondere\">insb.<\/abbr>&nbsp;Digital Government<br>Friedrich-Ebert-Damm 245<br>22159 Hamburg<\/p>\n<\/div>\n\n\n\n<div class=\"wp-block-column is-layout-flow wp-block-column-is-layout-flow\">\n<p>Geb\u00e4ude: Campus Nord<br>Telefon: +49 40 6541 4551<br>E-Mail:&nbsp;<a href=\"mailto:simstich@hsu.hamburg\" rel='nofollow'>simstich@hsu.hamburg<\/a><br>Webseite:&nbsp;<a href=\"https:\/\/www.hsu-hh.de\/padigi\/anna-simstisch\/\" target=\"_blank\" rel=\"noreferrer noopener\">https:\/\/www.hsu-hh.de\/padigi\/simstich<\/a><\/p>\n<\/div>\n<\/div>\n\n\n\n<div style=\"height:41px\" aria-hidden=\"true\" class=\"wp-block-spacer\"><\/div>\n\n\n\n<p><strong>Wissenschaftlicher Werdegang<\/strong><\/p>\n\n\n\n<ul class=\"wp-block-list\">\n<li><strong>04\/2025-10\/2025<\/strong> Elternzeit<\/li>\n\n\n\n<li><strong>Seit 08\/2024<\/strong>&nbsp;&nbsp;Helmut-Schmidt-Universit\u00e4t \/ Universit\u00e4t der Bundeswehr Hamburg: Wissenschaftliche Mitarbeiterin am Lehrstuhl Verwaltungswissenschaft, <abbr title=\"insbesondere\">insb.<\/abbr> Digital Government<\/li>\n\n\n\n<li><strong>Seit 01\/2018<\/strong> dms \u2013 der moderne staat: Redaktionsassistentin der verwaltungswissenschaftlichen Zeitschrift<\/li>\n\n\n\n<li><strong>09\/2023 \u2013 07\/2024<\/strong>&nbsp;Otto-von-Guericke-Universit\u00e4t Magdeburg: Wissenschaftliche Mitarbeiterin am Lehrstuhl f\u00fcr Politikwissenschaft mit Schwerpunkt Nachhaltige Entwicklung<\/li>\n\n\n\n<li><strong>06\/2020- 08\/2023&nbsp;<\/strong>Hertie School<strong>:<\/strong> Wissenschaftliche Mitarbeiterin an der Professur Public Administration und Management<\/li>\n\n\n\n<li><strong>05\/2019 \u2013 06\/2020 <\/strong>Hertie School: Wissenschaftliche Hilfskraft an der Professur Public Administration and Management<\/li>\n\n\n\n<li><strong>10\/2015-02\/2018<\/strong> Freie Universit\u00e4t Berlin: Studentische Hilfskraft am Lehrstuhl \u201cPolitisches System der BRD&#8220;<\/li>\n<\/ul>\n\n\n\n<div style=\"height:40px\" aria-hidden=\"true\" class=\"wp-block-spacer\"><\/div>\n\n\n\n<p><strong>Ausbildung<\/strong><\/p>\n\n\n\n<ul class=\"wp-block-list\">\n<li><strong>09\/2020&nbsp;<\/strong> Hertie School: Doctoral Programme in Governance<br><strong>09\/2017-08&nbsp;\/2020&nbsp;<\/strong>&nbsp;&nbsp;Hertie School: Master of Public Policy (MPP)<\/li>\n\n\n\n<li><strong>08\/2013 &#8211; 06\/2017<\/strong> Sciences Po Paris und Freie Universit\u00e4t Berlin: Deutsch-franz\u00f6sischer Doppelbachelor in Politik- und Sozialwissenschaften<\/li>\n<\/ul>\n\n\n\n<div style=\"height:40px\" aria-hidden=\"true\" class=\"wp-block-spacer\"><\/div>\n\n\n\n<p><strong>Forschungsschwerpunkte<\/strong><\/p>\n\n\n\n<ul class=\"wp-block-list\">\n<li>Vergleichende Verwaltungsforschung<\/li>\n\n\n\n<li>Verh\u00e4ltnis von Politik und Verwaltung<\/li>\n\n\n\n<li>Kreislaufwirtschaftspolitik<\/li>\n\n\n\n<li>EU Policy Implementation<\/li>\n<\/ul>\n\n\n\n<div style=\"height:40px\" aria-hidden=\"true\" class=\"wp-block-spacer\"><\/div>\n\n\n\n<p><strong>\u00c4mter<\/strong><\/p>\n\n\n\n<p><strong>COST Action CA22150 CoREx <\/strong>(Comparative Research on the Executive Triangle in Europe): Vertreterin f\u00fcr Deutschland im Management Committee (seit 2023)<\/p>\n","protected":false},"excerpt":{"rendered":"<p>Helmut-Schmidt-Universit\u00e4t \/ Universit\u00e4t der Bundeswehr Fakult\u00e4t f\u00fcr Wirtschafts- und SozialwissenschaftenProfessur f\u00fcr Verwaltungswissenschaft,&nbsp;insb.&nbsp;Digital GovernmentFriedrich-Ebert-Damm 24522159 Hamburg Geb\u00e4ude: Campus NordTelefon: +49 40 6541 4551E-Mail:&nbsp;simstich@hsu.hamburgWebseite:&nbsp;https:\/\/www.hsu-hh.de\/padigi\/simstich Wissenschaftlicher Werdegang Ausbildung Forschungsschwerpunkte \u00c4mter COST Action CA22150 [&hellip;]<\/p>\n","protected":false},"author":3932,"featured_media":0,"parent":0,"menu_order":0,"comment_status":"closed","ping_status":"closed","template":"","meta":{"footnotes":""},"categories":[4],"tags":[],"class_list":["post-459","page","type-page","status-publish","hentry","category-forschung"],"_links":{"self":[{"href":"https:\/\/www.hsu-hh.de\/padigi\/wp-json\/wp\/v2\/pages\/459","targetHints":{"allow":["GET"]}}],"collection":[{"href":"https:\/\/www.hsu-hh.de\/padigi\/wp-json\/wp\/v2\/pages"}],"about":[{"href":"https:\/\/www.hsu-hh.de\/padigi\/wp-json\/wp\/v2\/types\/page"}],"author":[{"embeddable":true,"href":"https:\/\/www.hsu-hh.de\/padigi\/wp-json\/wp\/v2\/users\/3932"}],"replies":[{"embeddable":true,"href":"https:\/\/www.hsu-hh.de\/padigi\/wp-json\/wp\/v2\/comments?post=459"}],"version-history":[{"count":48,"href":"https:\/\/www.hsu-hh.de\/padigi\/wp-json\/wp\/v2\/pages\/459\/revisions"}],"predecessor-version":[{"id":1168,"href":"https:\/\/www.hsu-hh.de\/padigi\/wp-json\/wp\/v2\/pages\/459\/revisions\/1168"}],"wp:attachment":[{"href":"https:\/\/www.hsu-hh.de\/padigi\/wp-json\/wp\/v2\/media?parent=459"}],"wp:term":[{"taxonomy":"category","embeddable":true,"href":"https:\/\/www.hsu-hh.de\/padigi\/wp-json\/wp\/v2\/categories?post=459"},{"taxonomy":"post_tag","embeddable":true,"href":"https:\/\/www.hsu-hh.de\/padigi\/wp-json\/wp\/v2\/tags?post=459"}],"curies":[{"name":"wp","href":"https:\/\/api.w.org\/{rel}","templated":true}]}}