{"id":426,"date":"2024-06-27T09:50:38","date_gmt":"2024-06-27T07:50:38","guid":{"rendered":"https:\/\/www.hsu-hh.de\/padigi\/?page_id=426"},"modified":"2025-10-21T11:01:01","modified_gmt":"2025-10-21T09:01:01","slug":"bernhard-weidenbach","status":"publish","type":"page","link":"https:\/\/www.hsu-hh.de\/padigi\/bernhard-weidenbach\/","title":{"rendered":"Bernhard Weidenbach"},"content":{"rendered":"\n<figure class=\"wp-block-image size-large is-resized alignnone\"><img loading=\"lazy\" decoding=\"async\" width=\"1024\" height=\"683\" src=\"https:\/\/www.hsu-hh.de\/padigi\/wp-content\/uploads\/sites\/920\/2024\/06\/20240624_HSU_Professur_Veit_Gruppe_Portraits_CG_005-1024x683.jpg\" data-credit=\"HSU\/Gelhausen\" alt=\"\" class=\"wp-image-422\" style=\"width:600px\" srcset=\"https:\/\/www.hsu-hh.de\/padigi\/wp-content\/uploads\/sites\/920\/2024\/06\/20240624_HSU_Professur_Veit_Gruppe_Portraits_CG_005-1024x683.jpg 1024w, https:\/\/www.hsu-hh.de\/padigi\/wp-content\/uploads\/sites\/920\/2024\/06\/20240624_HSU_Professur_Veit_Gruppe_Portraits_CG_005-300x200.jpg 300w, https:\/\/www.hsu-hh.de\/padigi\/wp-content\/uploads\/sites\/920\/2024\/06\/20240624_HSU_Professur_Veit_Gruppe_Portraits_CG_005-768x512.jpg 768w, https:\/\/www.hsu-hh.de\/padigi\/wp-content\/uploads\/sites\/920\/2024\/06\/20240624_HSU_Professur_Veit_Gruppe_Portraits_CG_005-1536x1024.jpg 1536w, https:\/\/www.hsu-hh.de\/padigi\/wp-content\/uploads\/sites\/920\/2024\/06\/20240624_HSU_Professur_Veit_Gruppe_Portraits_CG_005-2048x1365.jpg 2048w, https:\/\/www.hsu-hh.de\/padigi\/wp-content\/uploads\/sites\/920\/2024\/06\/20240624_HSU_Professur_Veit_Gruppe_Portraits_CG_005-1100x733.jpg 1100w\" sizes=\"auto, (max-width: 1024px) 100vw, 1024px\" \/><\/figure>\n\n\n\n<div class=\"wp-block-columns is-layout-flex wp-container-core-columns-is-layout-9d6595d7 wp-block-columns-is-layout-flex\">\n<div class=\"wp-block-column is-layout-flow wp-block-column-is-layout-flow\">\n<div class=\"wp-block-columns is-layout-flex wp-container-core-columns-is-layout-9d6595d7 wp-block-columns-is-layout-flex\">\n<div class=\"wp-block-column is-layout-flow wp-block-column-is-layout-flow\">\n<p>Helmut-Schmidt-Universit\u00e4t                                                        <br>Fakult\u00e4t f\u00fcr Wirtschafts- und Sozialwissenschaften<br>Professur f\u00fcr Verwaltungswissenschaft, <abbr title=\"insbesondere\">insb.<\/abbr> Digital Government<br>Friedrich-Ebert-Damm 245<br>22159 Hamburg<\/p>\n<\/div>\n\n\n\n<div class=\"wp-block-column is-layout-flow wp-block-column-is-layout-flow\">\n<p>Geb\u00e4ude: Campus Nord<br>Raum: 3E 133<br>Telefon: +49 40 6541 4551<br>E-Mail: <a href=\"mailto:weidenbb@hsu.hamburg\" rel='nofollow'>weidenbb@hsu.hamburg<\/a><\/p>\n\n\n\n<p><br><\/p>\n<\/div>\n<\/div>\n<\/div>\n<\/div>\n\n\n\n<div style=\"height:40px\" aria-hidden=\"true\" class=\"wp-block-spacer\"><\/div>\n\n\n\n<p><strong>Beruflicher Werdegang<\/strong><\/p>\n\n\n\n<ul class=\"wp-block-list\">\n<li><strong>seit 07\/2024<\/strong> Wissenschaftlicher Mitarbeiter (PreDoc), Professur f\u00fcr Verwaltungswissenschaft,&nbsp;<abbr title=\"insbesondere\">insb.<\/abbr>&nbsp;Digital Government<\/li>\n\n\n\n<li><strong>12\/2022 \u2013 06\/2024 <\/strong>Wissenschaftlicher Mitarbeiter, Deutsches Maritimes Zentrum<\/li>\n\n\n\n<li><strong>10\/2018 \u2013 11\/2022 <\/strong>(Senior) Researcher, Statista<\/li>\n\n\n\n<li><strong>03\/2015 \u2013 02\/2018<\/strong> Pressereferent und Public Affairs Manager, TEAS Berlin<\/li>\n\n\n\n<li><strong>11\/2012 \u2013 01\/2014<\/strong> Studentischer Mitarbeiter, Seminar f\u00fcr Turkologie und Zentralasienkunde, Georg-August-Universit\u00e4t G\u00f6ttingen<\/li>\n<\/ul>\n\n\n\n<div style=\"height:40px\" aria-hidden=\"true\" class=\"wp-block-spacer\"><\/div>\n\n\n\n<p><strong>Forschungsthemen \/ -schwerpunkte<\/strong><br>Demokratie und Demokratisierung, Autokratien, DDR, T\u00fcrkei<\/p>\n\n\n\n<p>maritime Wirtschaft und Krisenresilienz<\/p>\n\n\n\n<div style=\"height:40px\" aria-hidden=\"true\" class=\"wp-block-spacer\"><\/div>\n\n\n\n<p><strong>Mitgliedschaften:<\/strong><\/p>\n\n\n\n<p>Deutsche Vereinigung f\u00fcr Politikwissenschaft (DVPW)<\/p>\n\n\n\n<p>Deutsche Morgenl\u00e4ndische Gesellschaft (DMG)<\/p>\n\n\n\n<p><\/p>\n","protected":false},"excerpt":{"rendered":"<p>Helmut-Schmidt-Universit\u00e4t Fakult\u00e4t f\u00fcr Wirtschafts- und SozialwissenschaftenProfessur f\u00fcr Verwaltungswissenschaft, insb. Digital GovernmentFriedrich-Ebert-Damm 24522159 Hamburg Geb\u00e4ude: Campus NordRaum: 3E 133Telefon: +49 40 6541 4551E-Mail: weidenbb@hsu.hamburg Beruflicher Werdegang Forschungsthemen \/ -schwerpunkteDemokratie und Demokratisierung, [&hellip;]<\/p>\n","protected":false},"author":3932,"featured_media":0,"parent":0,"menu_order":0,"comment_status":"closed","ping_status":"closed","template":"","meta":{"footnotes":""},"categories":[4],"tags":[],"class_list":["post-426","page","type-page","status-publish","hentry","category-forschung"],"_links":{"self":[{"href":"https:\/\/www.hsu-hh.de\/padigi\/wp-json\/wp\/v2\/pages\/426","targetHints":{"allow":["GET"]}}],"collection":[{"href":"https:\/\/www.hsu-hh.de\/padigi\/wp-json\/wp\/v2\/pages"}],"about":[{"href":"https:\/\/www.hsu-hh.de\/padigi\/wp-json\/wp\/v2\/types\/page"}],"author":[{"embeddable":true,"href":"https:\/\/www.hsu-hh.de\/padigi\/wp-json\/wp\/v2\/users\/3932"}],"replies":[{"embeddable":true,"href":"https:\/\/www.hsu-hh.de\/padigi\/wp-json\/wp\/v2\/comments?post=426"}],"version-history":[{"count":16,"href":"https:\/\/www.hsu-hh.de\/padigi\/wp-json\/wp\/v2\/pages\/426\/revisions"}],"predecessor-version":[{"id":1267,"href":"https:\/\/www.hsu-hh.de\/padigi\/wp-json\/wp\/v2\/pages\/426\/revisions\/1267"}],"wp:attachment":[{"href":"https:\/\/www.hsu-hh.de\/padigi\/wp-json\/wp\/v2\/media?parent=426"}],"wp:term":[{"taxonomy":"category","embeddable":true,"href":"https:\/\/www.hsu-hh.de\/padigi\/wp-json\/wp\/v2\/categories?post=426"},{"taxonomy":"post_tag","embeddable":true,"href":"https:\/\/www.hsu-hh.de\/padigi\/wp-json\/wp\/v2\/tags?post=426"}],"curies":[{"name":"wp","href":"https:\/\/api.w.org\/{rel}","templated":true}]}}