{"id":420,"date":"2024-06-27T09:41:42","date_gmt":"2024-06-27T07:41:42","guid":{"rendered":"https:\/\/www.hsu-hh.de\/padigi\/?page_id=420"},"modified":"2025-04-30T16:08:24","modified_gmt":"2025-04-30T14:08:24","slug":"jonas-tamm","status":"publish","type":"page","link":"https:\/\/www.hsu-hh.de\/padigi\/jonas-tamm\/","title":{"rendered":"Jonas Tamm"},"content":{"rendered":"\n<h3 class=\"wp-block-heading\">Sekretariat<\/h3>\n\n\n\n<figure class=\"wp-block-image size-large is-resized\"><img loading=\"lazy\" decoding=\"async\" width=\"1024\" height=\"683\" src=\"https:\/\/www.hsu-hh.de\/padigi\/wp-content\/uploads\/sites\/920\/2024\/06\/20240624_HSU_Professur_Veit_Gruppe_Portraits_CG_004-1024x683.jpg\" data-credit=\"HSU\/Gelhausen\" alt=\"\" class=\"wp-image-423\" style=\"width:382px;height:auto\" srcset=\"https:\/\/www.hsu-hh.de\/padigi\/wp-content\/uploads\/sites\/920\/2024\/06\/20240624_HSU_Professur_Veit_Gruppe_Portraits_CG_004-1024x683.jpg 1024w, https:\/\/www.hsu-hh.de\/padigi\/wp-content\/uploads\/sites\/920\/2024\/06\/20240624_HSU_Professur_Veit_Gruppe_Portraits_CG_004-300x200.jpg 300w, https:\/\/www.hsu-hh.de\/padigi\/wp-content\/uploads\/sites\/920\/2024\/06\/20240624_HSU_Professur_Veit_Gruppe_Portraits_CG_004-768x512.jpg 768w, https:\/\/www.hsu-hh.de\/padigi\/wp-content\/uploads\/sites\/920\/2024\/06\/20240624_HSU_Professur_Veit_Gruppe_Portraits_CG_004-1536x1024.jpg 1536w, https:\/\/www.hsu-hh.de\/padigi\/wp-content\/uploads\/sites\/920\/2024\/06\/20240624_HSU_Professur_Veit_Gruppe_Portraits_CG_004-2048x1365.jpg 2048w, https:\/\/www.hsu-hh.de\/padigi\/wp-content\/uploads\/sites\/920\/2024\/06\/20240624_HSU_Professur_Veit_Gruppe_Portraits_CG_004-1100x733.jpg 1100w\" sizes=\"auto, (max-width: 1024px) 100vw, 1024px\" \/><\/figure>\n\n\n\n<div class=\"wp-block-columns is-layout-flex wp-container-core-columns-is-layout-9d6595d7 wp-block-columns-is-layout-flex\">\n<div class=\"wp-block-column is-layout-flow wp-block-column-is-layout-flow\">\n<p>Helmut-Schmidt-Universit\u00e4t \/ Universit\u00e4t der Bundeswehr<br>Fakult\u00e4t f\u00fcr Wirtschafts- und Sozialwissenschaften<br>Professur f\u00fcr Verwaltungswissenschaft,\u00a0<abbr title=\"insbesondere\">insb.<\/abbr>\u00a0Digital Government<br>Friedrich-Ebert-Damm 245<br>22159 Hamburg<\/p>\n<\/div>\n\n\n\n<div class=\"wp-block-column is-layout-flow wp-block-column-is-layout-flow\">\n<p>Campus Nord<br>Telefon:\u00a0040 6541 3942<br>E-Mail:\u00a0<a href=\"mailto:tammj@hsu.hamburg\" rel='nofollow'>tammj@hsu.hamburg<\/a><\/p>\n<\/div>\n<\/div>\n\n\n\n<p><\/p>\n","protected":false},"excerpt":{"rendered":"<p>Sekretariat Helmut-Schmidt-Universit\u00e4t \/ Universit\u00e4t der BundeswehrFakult\u00e4t f\u00fcr Wirtschafts- und SozialwissenschaftenProfessur f\u00fcr Verwaltungswissenschaft,\u00a0insb.\u00a0Digital GovernmentFriedrich-Ebert-Damm 24522159 Hamburg Campus NordTelefon:\u00a0040 6541 3942E-Mail:\u00a0tammj@hsu.hamburg<\/p>\n","protected":false},"author":3932,"featured_media":0,"parent":0,"menu_order":0,"comment_status":"closed","ping_status":"closed","template":"","meta":{"footnotes":""},"categories":[4],"tags":[],"class_list":["post-420","page","type-page","status-publish","hentry","category-forschung"],"_links":{"self":[{"href":"https:\/\/www.hsu-hh.de\/padigi\/wp-json\/wp\/v2\/pages\/420","targetHints":{"allow":["GET"]}}],"collection":[{"href":"https:\/\/www.hsu-hh.de\/padigi\/wp-json\/wp\/v2\/pages"}],"about":[{"href":"https:\/\/www.hsu-hh.de\/padigi\/wp-json\/wp\/v2\/types\/page"}],"author":[{"embeddable":true,"href":"https:\/\/www.hsu-hh.de\/padigi\/wp-json\/wp\/v2\/users\/3932"}],"replies":[{"embeddable":true,"href":"https:\/\/www.hsu-hh.de\/padigi\/wp-json\/wp\/v2\/comments?post=420"}],"version-history":[{"count":9,"href":"https:\/\/www.hsu-hh.de\/padigi\/wp-json\/wp\/v2\/pages\/420\/revisions"}],"predecessor-version":[{"id":1002,"href":"https:\/\/www.hsu-hh.de\/padigi\/wp-json\/wp\/v2\/pages\/420\/revisions\/1002"}],"wp:attachment":[{"href":"https:\/\/www.hsu-hh.de\/padigi\/wp-json\/wp\/v2\/media?parent=420"}],"wp:term":[{"taxonomy":"category","embeddable":true,"href":"https:\/\/www.hsu-hh.de\/padigi\/wp-json\/wp\/v2\/categories?post=420"},{"taxonomy":"post_tag","embeddable":true,"href":"https:\/\/www.hsu-hh.de\/padigi\/wp-json\/wp\/v2\/tags?post=420"}],"curies":[{"name":"wp","href":"https:\/\/api.w.org\/{rel}","templated":true}]}}